{"id":2104,"date":"2021-03-23T09:33:48","date_gmt":"2021-03-23T09:33:48","guid":{"rendered":"http:\/\/localhost\/nuss\/?page_id=167"},"modified":"2025-08-29T14:12:25","modified_gmt":"2025-08-29T14:12:25","slug":"unsere-geschichte","status":"publish","type":"page","link":"https:\/\/crescentmoonhotel.com\/de\/unsere-geschichte\/","title":{"rendered":"Unsere Geschichte"},"content":{"rendered":"<div data-elementor-type=\"wp-page\" data-elementor-id=\"2104\" class=\"elementor elementor-2104\">\n\t\t\t\t\t\t<section class=\"elementor-section elementor-top-section elementor-element elementor-element-8f5bb9d elementor-section-boxed elementor-section-gap-beside-yes elementor-section-height-default elementor-section-height-default elementor-section-column-vertical-align-stretch\" data-id=\"8f5bb9d\" data-element_type=\"section\" data-e-type=\"section\">\n\t\t\t\t\t\t<div class=\"elementor-container elementor-column-gap-extended\">\n\t\t\t\t\t<div class=\"elementor-column elementor-col-100 elementor-top-column elementor-element elementor-element-7ec4215\" data-id=\"7ec4215\" data-element_type=\"column\" data-e-type=\"column\">\n\t\t\t<div class=\"elementor-widget-wrap elementor-element-populated\">\n\t\t\t\t\t\t<div class=\"elementor-element elementor-element-edd9d03 elementor-widget__width-initial elementor-invisible elementor-widget elementor-widget-text-editor\" data-id=\"edd9d03\" data-element_type=\"widget\" data-e-type=\"widget\" data-settings=\"{&quot;_animation&quot;:&quot;nussFadeInUp&quot;}\" data-widget_type=\"text-editor.default\">\n\t\t\t\t\t\t\t\t\t<p><strong data-spm-anchor-id=\"a2ty_o01.29997173.0.i66.49d6c921Qs43kP\">Der Aufstieg des Crescent Moon Hotels \u2013 Wo moderne Vision auf zeitlose Gastfreundschaft trifft<\/strong><\/p>\t\t\t\t\t\t\t\t<\/div>\n\t\t\t\t\t<\/div>\n\t\t<\/div>\n\t\t\t\t\t<\/div>\n\t\t<\/section>\n\t\t<div class=\"elementor-element elementor-element-de5f543 e-flex e-con-boxed e-con e-parent\" data-id=\"de5f543\" data-element_type=\"container\" data-e-type=\"container\">\n\t\t\t\t\t<div class=\"e-con-inner\">\n\t\t\t\t<div class=\"elementor-element elementor-element-e23d345 elementor-widget elementor-widget-text-editor\" data-id=\"e23d345\" data-element_type=\"widget\" data-e-type=\"widget\" data-widget_type=\"text-editor.default\">\n\t\t\t\t\t\t\t\t\t<p>Im Herzen von Chengdu \u2013 einer Stadt, die f\u00fcr ihre alte Weisheit, ihre poetischen Landschaften und den sanften Rhythmus des Sichuan-Lebens bekannt ist \u2013 beginnt ein neues Kapitel der Gastfreundschaft. Bei <strong>Nr. 3, Majiahuayuan Road, Bezirk Jinniu<\/strong>, wo Tradition stillschweigend Innovation umarmt, steht <strong>Crescent Moon Hotel<\/strong>, ein Zufluchtsort, der nicht nur aus Ziegeln und Design entstanden ist, sondern aus der tiefen \u00dcberzeugung, dass jede Reise ein gef\u00fchlvolles Zuhause verdient.<\/p><p>Unsere Geschichte beginnt in <strong>2025<\/strong>, nicht mit gro\u00dfem Tamtam, sondern mit stiller Absicht. Konzipiert und zum Leben erweckt von <strong>Chengdu Crescent Selected Hotel Management Co., Ltd.<\/strong>, Crescent Moon Hotel war mehr als nur ein Ort zum Ausruhen \u2013 es war als ein <strong>moderne Oase<\/strong> f\u00fcr den neugierigen Reisenden, den vielbesch\u00e4ftigten Berufst\u00e4tigen, die Familie auf Abenteuerreise und den Tr\u00e4umer, der einen Moment der Ruhe unter den Sternen sucht.<\/p><p>Der Name <em>Halbmond<\/em> ist keine blo\u00dfe \u00e4sthetische Entscheidung. Es symbolisiert <strong>Neuanf\u00e4nge<\/strong>, <strong>sanftes Licht im Dunkeln<\/strong>und die stille Sch\u00f6nheit der Balance \u2013 zwischen Technologie und Ber\u00fchrung, zwischen urbaner Energie und heiterem R\u00fcckzugsort. So wie der Mond sanft \u00fcber den D\u00e4chern von Chengdu aufgeht, m\u00f6chten wir Ihren Aufenthalt mit subtiler Eleganz, aufmerksamem Service und Momenten unerwarteter Freude erhellen.<\/p><p>Schon mit dem ersten Entwurf war unsere Mission klar: die Schaffung eines <strong>4-Sterne-Boutique-Erlebnis<\/strong> das sowohl den Geist von Sichuan als auch die Bed\u00fcrfnisse des modernen Gastes w\u00fcrdigt. Wir haben nicht nur Zimmer gebaut \u2013 wir haben <strong>intelligente, gef\u00fchlvolle R\u00e4ume<\/strong> wo jedes Detail eine Geschichte erz\u00e4hlt. Von der <strong>King Koil Rubyluxe Matratzen<\/strong> die dich in tiefem Trost wiegen, bis hin zum <strong>Nulldruckkissen<\/strong> F\u00fcr eine perfekte Erholung konzipiert, wird jedes Element mit Sorgfalt ausgew\u00e4hlt. Unsere <strong>Gro\u00dfbild-Laser-Kinor\u00e4ume<\/strong> laden Sie ein, vom Bett aus die Sterne zu beobachten, w\u00e4hrend die <strong>privater Dachgarten<\/strong> Und <strong>kostenloser Suppenpool im Freien<\/strong> bieten einen ruhigen R\u00fcckzugsort unter freiem Himmel.<\/p><p>Ein Hotel wird jedoch nicht nur durch seine Annehmlichkeiten definiert \u2013 es wird von seinen Menschen und seinem Zweck gepr\u00e4gt. Im Crescent Moon Hotel glauben wir an <strong>intimer Service<\/strong>\u2013 die Art, die sich an Ihren Namen erinnert, Ihre Bed\u00fcrfnisse vorwegnimmt und die Extrameile geht. Unser Team, inspiriert von der W\u00e4rme der ber\u00fchmten Gastfreundschaft Chengdus, liefert <strong>Pflege wie ein Butler<\/strong> mit einem L\u00e4cheln, ob es nun darum geht, Ihren Morgentee zu arrangieren, Sie zum besten lokalen Hotpot zu f\u00fchren oder Ihnen dabei zu helfen, sich problemlos in der Stadt zurechtzufinden.<\/p><p>Auch wir sind offen f\u00fcr die Zukunft. Als einer der <strong>technologisch fortschrittliche Hotels in Chengdu<\/strong>, haben wir eingef\u00fchrt <strong>Serviceroboter<\/strong> die durch die Hallen gleiten und Wasserflaschen ausliefern, <strong>elektronischer ID-Check-in<\/strong> f\u00fcr eine reibungslose Ankunft und <strong>intelligente W\u00e4schesysteme<\/strong> die Ihre Reise m\u00fchelos machen. Doch trotz all unserer Innovationen verlieren wir nie die menschliche Note \u2013 denn wahrer Luxus liegt nicht in der Automatisierung, sondern in <strong>das Gef\u00fchl, gesehen, willkommen und umsorgt zu werden<\/strong>.<\/p><p>Unser Standort in <strong>Bezirk Jinniu<\/strong> bringt uns an die Schnittstelle von Kultur und Bequemlichkeit. <strong>890 Meter vom U-Bahnhof Huapaifang entfernt<\/strong>bieten wir einfachen Zugang zu <strong>Kuanzhai-Gasse<\/strong>, <strong>Jinli-Stra\u00dfe<\/strong>, <strong>Wenshuyuan-Kloster<\/strong>und die <strong>Panda-Basis in Chengdu<\/strong>\u2013 und doch sind wir ein friedlicher Zufluchtsort, abgeschirmt vom Trubel der Stadt. Ob Sie hier sind, um alte Tempel zu erkunden, Gesch\u00e4fte zu machen oder einfach nur zu entspannen, Sie werden feststellen, dass <strong>Das Crescent Moon Hotel ist sowohl ein Tor als auch ein R\u00fcckzugsort<\/strong>.<\/p><p>Wir \u00f6ffneten unsere T\u00fcren mit einem Versprechen: <strong>blitzblank<\/strong>, <strong>au\u00dfergew\u00f6hnlich komfortabel<\/strong>, Und <strong>zutiefst aufmerksam<\/strong>. Die Reaktion war dem\u00fctigend. Mit \u00fcber <strong>1.559 G\u00e4stebewertungen<\/strong> und ein <strong>9,6\/10 Bewertung<\/strong> Aufgrund unseres Service, unserer Sauberkeit und unseres guten Preis-Leistungs-Verh\u00e4ltnisses haben uns Reisende aus aller Welt als \u201everstecktes Juwel\u201c, \u201eperfekt f\u00fcr Familien\u201c und \u201eeiner der besten Aufenthalte in Chengdu\u201c bezeichnet. Ihre Geschichten \u2013 von Flitterwochenerinnerungen, gesch\u00e4ftlichen Erfolgen und ruhigen Momenten an den hei\u00dfen Quellen \u2013 sind nun Teil unserer eigenen.<\/p><p><strong>Crescent Moon Hotel<\/strong> ist noch jung, aber unsere Geschichte wird bereits im L\u00e4cheln unserer G\u00e4ste, im Dampf unserer Dachb\u00e4der und im sanften Schein unserer Lobbylichter um Mitternacht geschrieben. Wir sind nicht nur ein Hotel \u2013 wir sind ein <strong>Wohnerlebnis<\/strong>, entwickelt sich mit jedem Aufenthalt, jedem Vorschlag und jedem Sonnenaufgang \u00fcber der Majiahuayuan Road weiter.<\/p><p>Das ist unsere Geschichte.<br \/>Und jetzt laden wir Sie ein, ein Teil davon zu werden.<\/p><p data-spm-anchor-id=\"a2ty_o01.29997173.0.i67.49d6c921Qs43kP\"><strong>Willkommen im Crescent Moon Hotel \u2013 wo jeder Aufenthalt mit einem stillen Versprechen von Komfort, F\u00fcrsorge und Verbundenheit beginnt.<\/strong><\/p>\t\t\t\t\t\t\t\t<\/div>\n\t\t\t\t\t<\/div>\n\t\t\t\t<\/div>\n\t\t\t\t<section class=\"elementor-section elementor-top-section elementor-element elementor-element-fb7cf58 elementor-section-stretched elementor-section-boxed elementor-section-gap-beside-yes elementor-section-height-default elementor-section-height-default elementor-section-column-vertical-align-stretch\" data-id=\"fb7cf58\" data-element_type=\"section\" data-e-type=\"section\" data-settings=\"{&quot;background_background&quot;:&quot;classic&quot;,&quot;stretch_section&quot;:&quot;section-stretched&quot;}\">\n\t\t\t\t\t\t<div class=\"elementor-container elementor-column-gap-extended\">\n\t\t\t\t\t<div class=\"elementor-column elementor-col-100 elementor-top-column elementor-element elementor-element-540a472e\" data-id=\"540a472e\" data-element_type=\"column\" data-e-type=\"column\">\n\t\t\t<div class=\"elementor-widget-wrap elementor-element-populated\">\n\t\t\t\t\t\t<div class=\"elementor-element elementor-element-3a46903e elementor-widget elementor-widget-heading\" data-id=\"3a46903e\" data-element_type=\"widget\" data-e-type=\"widget\" data-widget_type=\"heading.default\">\n\t\t\t\t\t<h2 class=\"elementor-heading-title elementor-size-default\">Verf\u00fcgbarkeit pr\u00fcfen <\/h2>\t\t\t\t<\/div>\n\t\t\t\t<div class=\"elementor-element elementor-element-1b18a970 elementor-widget elementor-widget-text-editor\" data-id=\"1b18a970\" data-element_type=\"widget\" data-e-type=\"widget\" data-widget_type=\"text-editor.default\">\n\t\t\t\t\t\t\t\t\t<iframe border=\"0\" src=\"https:\/\/www.trip.com\/partners\/ad\/S5088477?Allianceid=4590391&#038;SID=253731934&#038;trip_sub1=\" style=\"width:900px;height:200px\" frameborder=\"0\" scrolling=\"no\" id=\"S5088477\"><\/iframe>\t\t\t\t\t\t\t\t<\/div>\n\t\t\t\t\t<\/div>\n\t\t<\/div>\n\t\t\t\t\t<\/div>\n\t\t<\/section>\n\t\t\t\t<\/div>","protected":false},"excerpt":{"rendered":"<p>The Rise of Crescent Moon Hotel \u2013 Where Modern Vision Meets Timeless Hospitality In the heart of Chengdu\u2014a city renowned for its ancient wisdom, poetic landscapes, and the gentle rhythm of Sichuan life\u2014there emerges a new chapter in hospitality. At No. 3, Majiahuayuan Road, Jinniu District, where tradition quietly embraces innovation, stands Crescent Moon Hotel, [&hellip;]<\/p>\n","protected":false},"author":1,"featured_media":0,"parent":0,"menu_order":0,"comment_status":"closed","ping_status":"closed","template":"","meta":{"footnotes":""},"class_list":["post-2104","page","type-page","status-publish","hentry","post-no-thumbnail"],"_links":{"self":[{"href":"https:\/\/crescentmoonhotel.com\/de\/wp-json\/wp\/v2\/pages\/2104","targetHints":{"allow":["GET"]}}],"collection":[{"href":"https:\/\/crescentmoonhotel.com\/de\/wp-json\/wp\/v2\/pages"}],"about":[{"href":"https:\/\/crescentmoonhotel.com\/de\/wp-json\/wp\/v2\/types\/page"}],"author":[{"embeddable":true,"href":"https:\/\/crescentmoonhotel.com\/de\/wp-json\/wp\/v2\/users\/1"}],"replies":[{"embeddable":true,"href":"https:\/\/crescentmoonhotel.com\/de\/wp-json\/wp\/v2\/comments?post=2104"}],"version-history":[{"count":0,"href":"https:\/\/crescentmoonhotel.com\/de\/wp-json\/wp\/v2\/pages\/2104\/revisions"}],"wp:attachment":[{"href":"https:\/\/crescentmoonhotel.com\/de\/wp-json\/wp\/v2\/media?parent=2104"}],"curies":[{"name":"wp","href":"https:\/\/api.w.org\/{rel}","templated":true}]}}