{"id":2106,"date":"2021-03-25T04:08:26","date_gmt":"2021-03-25T04:08:26","guid":{"rendered":"http:\/\/localhost\/nuss\/?page_id=298"},"modified":"2025-08-29T12:42:44","modified_gmt":"2025-08-29T12:42:44","slug":"kundenerfahrungsberichte","status":"publish","type":"page","link":"https:\/\/crescentmoonhotel.com\/de\/kundenerfahrungsberichte\/","title":{"rendered":"Kundenerfahrungen und Bewertungen"},"content":{"rendered":"<div data-elementor-type=\"wp-page\" data-elementor-id=\"2106\" class=\"elementor elementor-2106\">\n\t\t\t\t\t\t<section class=\"elementor-section elementor-top-section elementor-element elementor-element-1954ffc elementor-section-boxed elementor-section-gap-beside-yes elementor-section-height-default elementor-section-height-default elementor-section-column-vertical-align-stretch\" data-id=\"1954ffc\" data-element_type=\"section\" data-e-type=\"section\">\n\t\t\t\t\t\t<div class=\"elementor-container elementor-column-gap-extended\">\n\t\t\t\t\t<div class=\"elementor-column elementor-col-100 elementor-top-column elementor-element elementor-element-86aebc5\" data-id=\"86aebc5\" data-element_type=\"column\" data-e-type=\"column\">\n\t\t\t<div class=\"elementor-widget-wrap elementor-element-populated\">\n\t\t\t\t\t\t<div class=\"elementor-element elementor-element-11803d1 elementor-widget__width-initial elementor-invisible elementor-widget elementor-widget-text-editor\" data-id=\"11803d1\" data-element_type=\"widget\" data-e-type=\"widget\" data-settings=\"{&quot;_animation&quot;:&quot;nussFadeInUp&quot;}\" data-widget_type=\"text-editor.default\">\n\t\t\t\t\t\t\t\t\t<p><strong data-spm-anchor-id=\"a2ty_o01.29997173.0.i54.49d6c921Qs43kP\">Echte G\u00e4ste, echtes Lob: Entdecken Sie, warum Reisende das Crescent Moon Hotel in Chengdu lieben<\/strong><\/p>\t\t\t\t\t\t\t\t<\/div>\n\t\t\t\t\t<\/div>\n\t\t<\/div>\n\t\t\t\t\t<\/div>\n\t\t<\/section>\n\t\t<div class=\"elementor-element elementor-element-59bc9ab e-flex e-con-boxed e-con e-parent\" data-id=\"59bc9ab\" data-element_type=\"container\" data-e-type=\"container\">\n\t\t\t\t\t<div class=\"e-con-inner\">\n\t\t\t\t<div class=\"elementor-element elementor-element-6174101 elementor-widget elementor-widget-text-editor\" data-id=\"6174101\" data-element_type=\"widget\" data-e-type=\"widget\" data-widget_type=\"text-editor.default\">\n\t\t\t\t\t\t\t\t\t<p>Bei der Wahl einer Unterkunft in einer pulsierenden Stadt wie <strong>Chengdu<\/strong>sind Bewertungen von Reisenden mehr als nur Feedback \u2013 sie geben einen Einblick in das wahre G\u00e4steerlebnis. Bei <strong>Crescent Moon Hotel<\/strong>, gelegen in <strong>Nr. 3, Majiahuayuan Road, Bezirk Jinniu<\/strong>ist das Urteil eindeutig: Die G\u00e4ste sind nicht nur beeindruckt, sie sind begeistert. Mit einem herausragenden <strong>9,6\/10 G\u00e4stebewertung<\/strong> basierend auf \u00fcber <strong>1.559 gepr\u00fcfte Bewertungen<\/strong> An <strong>Trip.com<\/strong>und begeistertem Feedback auf Online-Reiseplattformen hat sich dieses neu er\u00f6ffnete 4-Sterne-Boutique-Hotel schnell zu einem der meistdiskutierten Aufenthalte in der Stadt entwickelt.<\/p><p>Mit seinem eleganten, modernen Design und der eleganten Ausstattung, seinem au\u00dfergew\u00f6hnlichen Service und der ruhigen Atmosph\u00e4re definiert das Crescent Moon Hotel einen unvergesslichen und komfortablen Aufenthalt in Chengdu neu. Ob Sie als Urlauber die reiche Kultur Sichuans erkunden oder als Gesch\u00e4ftsreisender mit einem engen Zeitplan unterwegs sind, die Stimmen ehemaliger G\u00e4ste erz\u00e4hlen eine einheitliche Geschichte: <strong>Dies ist ein Hotel, das die Erwartungen \u00fcbertrifft<\/strong>.<\/p><h3><strong>Was G\u00e4ste sagen: Eine Symphonie des Lobes<\/strong><\/h3><p>An <strong>Trip.com<\/strong>, eine der f\u00fchrenden Reiseplattformen Chinas, zeichnet sich Crescent Moon Hotel durch seine <strong>ausgezeichnete Sauberkeit (Bewertung 9,6)<\/strong>, <strong>erstklassiger Service (9,7\/10)<\/strong>, Und <strong>durchdachte Annehmlichkeiten<\/strong>Reisende betonen immer wieder die <strong>makellose Zimmer<\/strong>, <strong>hilfsbereites Personal<\/strong>, Und <strong>einzigartige Ausstattung im Zimmer<\/strong> die ihrem Aufenthalt ein luxuri\u00f6ses und pers\u00f6nliches Gef\u00fchl verleihen.<\/p><blockquote><p><em>\u201eWir waren w\u00e4hrend unserer Flitterwochen hier, zum ersten Mal in Chengdu. Das Hotel war super und das Personal war fantastisch, sehr hilfsbereit und freundlich. Das Hotel war super sauber und das Zimmer wurde t\u00e4glich gereinigt. Alles war makellos, das Fr\u00fchst\u00fcck bot eine riesige Auswahl. W\u00fcrde gerne wiederkommen!!!\u201c<\/em><br \/>\u2014 <strong>Lingyi So, 10. August 2025<\/strong><\/p><\/blockquote><p>Dieses Gef\u00fchl spiegelt sich in zahlreichen Bewertungen wider, in denen die G\u00e4ste loben: <strong>t\u00e4gliche Zimmerreinigung<\/strong>, <strong>funkelnde Badezimmer<\/strong>und die <strong>Liebe zum Detail<\/strong>-aus <strong>King Koil Rubyluxe Matratzen<\/strong> Zu <strong>Nulldruckkissen<\/strong> die f\u00fcr einen erholsamen Schlaf sorgen.<\/p><p>Ein anderer Gast, der Chengdu wiederholt besuchte, teilte mit:<\/p><blockquote><p><em>\u201eEin ausgezeichnetes Hotel mit au\u00dfergew\u00f6hnlichem Personal. Gut ausgestattetes Zimmer, komfortabel und sauber. Annehmlichkeiten wie ein Hei\u00dfwasserspender und ein Minik\u00fchlschrank waren sehr praktisch. Die Damen beim Check-in waren besonders freundlich und professionell.\u201c<\/em><br \/>\u2014 <strong>Gastbenutzer, 17. April 2025<\/strong><\/p><\/blockquote><h3><strong>Service, der gl\u00e4nzt: Die menschliche Note in einem Smart Hotel<\/strong><\/h3><p>W\u00e4hrend das Crescent Moon Hotel auf Technologie setzt \u2013 mit <strong>Serviceroboter<\/strong> die Wasserflaschen liefern und <strong>elektronischer ID-Check-in<\/strong>\u2013 es ist die <strong>menschliches Element<\/strong> das gewinnt wirklich Herzen. Mehrere G\u00e4ste haben Mitarbeiter namentlich hervorgehoben, insbesondere <strong>Rezeptionistin Huang<\/strong>, daf\u00fcr, dass Sie \u00fcber sich hinausgewachsen sind.<\/p><blockquote><p><em>\u201eWir m\u00f6chten uns bei Rezeptionist Huang bedanken, der sich wirklich ins Zeug gelegt hat \u2013 er hat uns sehr geholfen, Essen zum Mitnehmen zu bestellen, Orte zu markieren und alle unsere Fragen umgehend zu beantworten. Seine Freundlichkeit hat unsere Reise viel angenehmer gemacht.\u201c<\/em><br \/>\u2014 <strong>Gastbenutzer, 28. April 2025<\/strong><\/p><\/blockquote><p>Dieses Niveau der <strong>pers\u00f6nlicher, aufmerksamer Service<\/strong> ist ein Markenzeichen des Crescent Moon-Erlebnisses. Ob es darum geht, Taxis zu organisieren, lokale Restaurants zu empfehlen oder bei kurzfristigen \u00c4nderungen zu helfen, die <strong>24-Stunden-Rezeption und Concierge-Team<\/strong> werden regelm\u00e4\u00dfig gelobt f\u00fcr ihre <strong>Professionalit\u00e4t, Geduld und Herzlichkeit<\/strong>.<\/p><h3><strong>Ein Hotel, das Innovation und Komfort in Einklang bringt<\/strong><\/h3><p>Einer der einzigartigsten Aspekte des Crescent Moon Hotels ist seine Mischung aus <strong>moderne Technik und traditionelle Gastfreundschaft<\/strong>Die G\u00e4ste sind fasziniert von der <strong>Roboter-Betreuer<\/strong> die durch die G\u00e4nge gleiten und mit einer ruhigen Effizienz Wasser liefern, die dem Aufenthalt ein futuristisches Flair verleiht.<\/p><blockquote><p><em>\u201eWir haben uns \u00fcber den Roboter gefreut, der uns Wasserflaschen brachte. Auch das Fitnessstudio war super! Die Dachterrasse mit den Suppenb\u00e4dern und der h\u00fcbschen Beleuchtung war ein Highlight \u2013 wir haben dort jeden Abend entspannt.\u201c<\/em><br \/>\u2014 <strong>Engelhardt, 4. August 2025<\/strong><\/p><\/blockquote><p>Der <strong>kostenloser Suppenpool im Freien<\/strong> Und <strong>hei\u00dfe Quellen<\/strong> werden h\u00e4ufig als herausragende Merkmale erw\u00e4hnt und bieten ein seltenes und luxuri\u00f6ses Wellness-Erlebnis im Herzen der Stadt. W\u00e4hrend ein Gast den Wunsch \u00e4u\u00dferte, dass die hei\u00dfen Quellen voll funktionsf\u00e4hig sein sollten, ist die allgemeine Stimmung \u00fcberwiegend positiv, wobei viele den Dachbereich als <strong>\u201eversteckte Oase\u201c<\/strong> perfekt zum Entspannen nach einem Tag voller Erkundungen in Chengdu.<\/p><h3><strong>Familienfreundlich, Paar-gepr\u00fcft und bereit f\u00fcr Alleinreisende<\/strong><\/h3><p>Das Hotel ist f\u00fcr alle Arten von Reisenden geeignet. Familien lieben die <strong>Vierbettzimmersuite mit Panda-Thema<\/strong>, komplett mit einem <strong>Kinderzelt und Minik\u00fchlschrank<\/strong>, das bei G\u00e4sten, die mit Kindern reisen, sehr beliebt ist.<\/p><blockquote><p><em>\u201eUnsere Kinder waren begeistert vom Themenzimmer und dem kleinen Zelt. Das Personal gab ihnen Hausschuhe und Zahnb\u00fcrsten \u2013 sie f\u00fchlten sich wie etwas Besonderes. Auch das Kinderbecken war eine nette Geste.\u201c<\/em><br \/>\u2014 <strong>Chloe Lim LiZh, 10. April 2025<\/strong><\/p><\/blockquote><p>Paare auf romantischen Kurzurlauben sch\u00e4tzen die <strong>intime Atmosph\u00e4re<\/strong>, <strong>moderne Zimmer<\/strong>, Und <strong>Blick vom Dach<\/strong>, w\u00e4hrend Alleinreisende und Gesch\u00e4ftsreisende die <strong>ruhige Bibliothek<\/strong>, <strong>24-Stunden-Fitnessstudio<\/strong>, Und <strong>Coworking-freundliche R\u00e4ume<\/strong>.<\/p><h3><strong>Lage und Erreichbarkeit: Nah an allem und doch ruhig<\/strong><\/h3><p>Das Hotel liegt nur <strong>890 Meter vom U-Bahnhof Huapaifang entfernt<\/strong>, Crescent Moon Hotel bietet <strong>hervorragende Konnektivit\u00e4t<\/strong> zu den wichtigsten Sehensw\u00fcrdigkeiten von Chengdu. G\u00e4ste sch\u00e4tzen den einfachen Zugang zu <strong>Kuanzhai-Gasse<\/strong>, <strong>Jinli-Stra\u00dfe<\/strong>, <strong>Chunxi-Stra\u00dfe<\/strong>, <strong>Taikoo Li<\/strong>und die <strong>Panda-Basis<\/strong>, alles nur eine kurze Fahrt mit der U-Bahn oder Didi entfernt.<\/p><blockquote><p><em>\u201eDie Lage war gut, allerdings etwas weit von der U-Bahn-Hauptstation entfernt \u2013 aber Didi ist g\u00fcnstig und praktisch. Wir sind \u00fcberall problemlos hingekommen.\u201c<\/em><br \/>\u2014 <strong>Gastbenutzer, 17. April 2025<\/strong><\/p><\/blockquote><p>Trotz der st\u00e4dtischen Lage bemerken die G\u00e4ste immer wieder die <strong>friedliche Atmosph\u00e4re<\/strong> des Hotels, lobte die <strong>schallisolierte Zimmer<\/strong> Und <strong>ruhiger Dachgarten<\/strong> als willkommene Flucht vor der Hektik der Stadt.<\/p><h3><strong>Fr\u00fchst\u00fcck, Essen und kleine Unvollkommenheiten<\/strong><\/h3><p>Der <strong>t\u00e4gliches Fr\u00fchst\u00fccksbuffet<\/strong>, dient sowohl <strong>Chinesische und westliche Optionen<\/strong> von 7:00 bis 12:00 Uhr, erh\u00e4lt gute Noten f\u00fcr <strong>Vielfalt und Qualit\u00e4t<\/strong>.<\/p><blockquote><p><em>\u201eDas Fr\u00fchst\u00fcck war gut \u2013 tolles Personal, sehr zuvorkommend! Tolle Auswahl an Dim Sum, Eiern, Geb\u00e4ck und frischem Obst.\u201c<\/em><br \/>\u2014 <strong>International Omega Man 1911, 17. August 2025<\/strong><\/p><\/blockquote><p>Einige G\u00e4ste haben kleinere Verbesserungsbereiche erw\u00e4hnt, wie zum Beispiel <strong>Bel\u00fcftung in bestimmten R\u00e4umen<\/strong> oder <strong>gelegentlicher Zigarettengeruch<\/strong> aus angrenzenden Gebieten \u2013 Feedback, das das Hotel wahrscheinlich ber\u00fccksichtigt, w\u00e4hrend es seinen Betrieb weiter verfeinert.<\/p><h3><strong>Warum das Crescent Moon Hotel auf OTA-Plattformen hervorsticht<\/strong><\/h3><p>An <strong>Trip.com<\/strong>, Crescent Moon Hotel gilt als <strong>Top 18 der 4-Sterne-Auswahlhotels in Chengdu<\/strong>, gelobt f\u00fcr seine <strong>\u201eNeu er\u00f6ffnet\u201c<\/strong> Status, <strong>\u201eblitzsauber\u201c<\/strong> Umwelt und <strong>\u201ekostenloses Parken\u201c<\/strong>\u2013 ein seltener und wertvoller Vorteil in der Stadt. Die Kombination aus <strong>Smarte Zimmer<\/strong>, <strong>kostenloser Zugang zum Fitnessstudio<\/strong>, <strong>hei\u00dfe Quellen<\/strong>, Und <strong>Butler-Service<\/strong> schafft ein Wertversprechen, das kaum zu \u00fcbertreffen ist.<\/p><p>Obwohl das Hotel noch nicht weithin auf <strong>TripAdvisor<\/strong>, der schnelle Anstieg der G\u00e4stezufriedenheit und der Wiederholungsbuchungen deutet darauf hin, dass es kurz davor steht, ein <strong>weltweit anerkanntes Juwel<\/strong> in Chengdus Gastfreundschaftsszene. Da immer mehr internationale Reisende seinen Charme entdecken, werden die Bewertungen sicherlich zunehmen \u2013 und die gleichen Themen widerspiegeln wie <strong>Sauberkeit, Komfort, Freundlichkeit und Innovation<\/strong>.<\/p><div class=\"py-2 my-3\"><hr \/><\/div><h3><strong>Erleben Sie den Unterschied von Crescent Moon<\/strong><\/h3><p>Mehr als nur ein Platz zum Schlafen, <strong>Crescent Moon Hotel<\/strong> ist zu einem Reiseziel an sich geworden \u2013 einem Ort, an dem <strong>Technologie trifft Tradition<\/strong>, <strong>Service trifft Aufrichtigkeit<\/strong>, Und <strong>jeder Gast f\u00fchlt sich wie ein VIP<\/strong>.<\/p><p>Unterst\u00fctzt von Hunderten von <strong>verifizierte F\u00fcnf-Sterne-Bewertungen<\/strong>und verbessert sich kontinuierlich auf der Grundlage des G\u00e4stefeedbacks. Dieses Hotel setzt einen neuen Standard f\u00fcr <strong>moderne, aufmerksame Gastfreundschaft in Chengdu<\/strong>.<\/p><p>Ganz gleich, ob Sie wegen der Pandas, des Tees oder des w\u00fcrzigen Eintopfs kommen, sorgen Sie daf\u00fcr, dass Ihr Aufenthalt ebenso unvergesslich wird.<br \/><strong>W\u00e4hlen Sie das Crescent Moon Hotel \u2013 wo jede Bewertung eine Geschichte von Komfort, F\u00fcrsorge und Verbundenheit erz\u00e4hlt.<\/strong><\/p><p data-spm-anchor-id=\"a2ty_o01.29997173.0.i53.49d6c921Qs43kP\"><em>Buchen Sie Ihren Aufenthalt noch heute und werden Sie Teil der wachsenden Zahl von Reisenden, die unter dem sanften Schein der Mondsichel ihren perfekten Zufluchtsort in Chengdu gefunden haben.<\/em><\/p>\t\t\t\t\t\t\t\t<\/div>\n\t\t\t\t\t<\/div>\n\t\t\t\t<\/div>\n\t\t\t\t<section class=\"elementor-section elementor-top-section elementor-element elementor-element-6e6713fb elementor-section-stretched elementor-section-boxed elementor-section-gap-beside-yes elementor-section-height-default elementor-section-height-default elementor-section-column-vertical-align-stretch\" data-id=\"6e6713fb\" data-element_type=\"section\" data-e-type=\"section\" data-settings=\"{&quot;background_background&quot;:&quot;classic&quot;,&quot;stretch_section&quot;:&quot;section-stretched&quot;}\">\n\t\t\t\t\t\t<div class=\"elementor-container elementor-column-gap-extended\">\n\t\t\t\t\t<div class=\"elementor-column elementor-col-100 elementor-top-column elementor-element elementor-element-4c1f27df\" data-id=\"4c1f27df\" data-element_type=\"column\" data-e-type=\"column\">\n\t\t\t<div class=\"elementor-widget-wrap elementor-element-populated\">\n\t\t\t\t\t\t<div class=\"elementor-element elementor-element-7ce39c16 elementor-widget elementor-widget-heading\" data-id=\"7ce39c16\" data-element_type=\"widget\" data-e-type=\"widget\" data-widget_type=\"heading.default\">\n\t\t\t\t\t<h2 class=\"elementor-heading-title elementor-size-default\">Verf\u00fcgbarkeit pr\u00fcfen <\/h2>\t\t\t\t<\/div>\n\t\t\t\t<div class=\"elementor-element elementor-element-6176e4be elementor-widget elementor-widget-text-editor\" data-id=\"6176e4be\" data-element_type=\"widget\" data-e-type=\"widget\" data-widget_type=\"text-editor.default\">\n\t\t\t\t\t\t\t\t\t<iframe border=\"0\" src=\"https:\/\/www.trip.com\/partners\/ad\/S5088477?Allianceid=4590391&#038;SID=253731934&#038;trip_sub1=\" style=\"width:900px;height:200px\" frameborder=\"0\" scrolling=\"no\" id=\"S5088477\"><\/iframe>\t\t\t\t\t\t\t\t<\/div>\n\t\t\t\t\t<\/div>\n\t\t<\/div>\n\t\t\t\t\t<\/div>\n\t\t<\/section>\n\t\t\t\t<\/div>","protected":false},"excerpt":{"rendered":"<p>Real Guests, Real Praise: Discover Why Travelers Love Crescent Moon Hotel in Chengdu When choosing a place to stay in a vibrant city like Chengdu, traveler reviews are more than just feedback\u2014they\u2019re a window into the true guest experience. At Crescent Moon Hotel, located at No. 3, Majiahuayuan Road, Jinniu District, the verdict is clear: [&hellip;]<\/p>\n","protected":false},"author":1,"featured_media":0,"parent":0,"menu_order":0,"comment_status":"closed","ping_status":"closed","template":"","meta":{"footnotes":""},"class_list":["post-2106","page","type-page","status-publish","hentry","post-no-thumbnail"],"_links":{"self":[{"href":"https:\/\/crescentmoonhotel.com\/de\/wp-json\/wp\/v2\/pages\/2106","targetHints":{"allow":["GET"]}}],"collection":[{"href":"https:\/\/crescentmoonhotel.com\/de\/wp-json\/wp\/v2\/pages"}],"about":[{"href":"https:\/\/crescentmoonhotel.com\/de\/wp-json\/wp\/v2\/types\/page"}],"author":[{"embeddable":true,"href":"https:\/\/crescentmoonhotel.com\/de\/wp-json\/wp\/v2\/users\/1"}],"replies":[{"embeddable":true,"href":"https:\/\/crescentmoonhotel.com\/de\/wp-json\/wp\/v2\/comments?post=2106"}],"version-history":[{"count":0,"href":"https:\/\/crescentmoonhotel.com\/de\/wp-json\/wp\/v2\/pages\/2106\/revisions"}],"wp:attachment":[{"href":"https:\/\/crescentmoonhotel.com\/de\/wp-json\/wp\/v2\/media?parent=2106"}],"curies":[{"name":"wp","href":"https:\/\/api.w.org\/{rel}","templated":true}]}}