{"id":2109,"date":"2021-03-26T08:35:58","date_gmt":"2021-03-26T08:35:58","guid":{"rendered":"http:\/\/localhost\/nuss\/?page_id=536"},"modified":"2025-08-29T11:43:40","modified_gmt":"2025-08-29T11:43:40","slug":"business-einrichtungen","status":"publish","type":"page","link":"https:\/\/crescentmoonhotel.com\/de\/business-einrichtungen\/","title":{"rendered":"Business-Einrichtungen"},"content":{"rendered":"<div data-elementor-type=\"wp-page\" data-elementor-id=\"2109\" class=\"elementor elementor-2109\">\n\t\t\t\t\t\t<section class=\"elementor-section elementor-top-section elementor-element elementor-element-bb2901b elementor-section-boxed elementor-section-gap-beside-yes elementor-section-height-default elementor-section-height-default elementor-section-column-vertical-align-stretch\" data-id=\"bb2901b\" data-element_type=\"section\" data-e-type=\"section\">\n\t\t\t\t\t\t<div class=\"elementor-container elementor-column-gap-extended\">\n\t\t\t\t\t<div class=\"elementor-column elementor-col-100 elementor-top-column elementor-element elementor-element-1919db9\" data-id=\"1919db9\" data-element_type=\"column\" data-e-type=\"column\">\n\t\t\t<div class=\"elementor-widget-wrap elementor-element-populated\">\n\t\t\t\t\t\t<div class=\"elementor-element elementor-element-41a7b9c elementor-widget__width-initial elementor-invisible elementor-widget elementor-widget-text-editor\" data-id=\"41a7b9c\" data-element_type=\"widget\" data-e-type=\"widget\" data-settings=\"{&quot;_animation&quot;:&quot;nussFadeInUp&quot;}\" data-widget_type=\"text-editor.default\">\n\t\t\t\t\t\t\t\t\t<p>Unser Hotel-Konferenzraum bietet einen privaten, eleganten Tagungsraum im Herzen von New York f\u00fcr Gruppen von 8 bis 10 Personen. F\u00fcr Ihren Komfort und Ihre Bequemlichkeit sind Kaffeepausenpakete verf\u00fcgbar.<\/p>\t\t\t\t\t\t\t\t<\/div>\n\t\t\t\t\t<\/div>\n\t\t<\/div>\n\t\t\t\t\t<\/div>\n\t\t<\/section>\n\t\t<div class=\"elementor-element elementor-element-cd53bbb e-flex e-con-boxed e-con e-parent\" data-id=\"cd53bbb\" data-element_type=\"container\" data-e-type=\"container\">\n\t\t\t\t\t<div class=\"e-con-inner\">\n\t\t\t\t<div class=\"elementor-element elementor-element-0aec690 elementor-widget elementor-widget-nuss-image-gallery\" data-id=\"0aec690\" data-element_type=\"widget\" data-e-type=\"widget\" data-widget_type=\"nuss-image-gallery.default\">\n\t\t\t\t<div class=\"elementor-widget-container\">\n\t\t\t\t\t\t\t<div class=\"nuss-grid-wrapper\" data-grid=\"{&quot;type&quot;:&quot;grid&quot;,&quot;ratio&quot;:null,&quot;columns&quot;:3,&quot;gutter&quot;:30}\">\r\n\t\t\t<div class=\"nuss-grid lazy-grid\">\r\n\t\t\t\t<div class=\"grid-sizer\"><\/div>\r\n\r\n\t\t\t\t\t\t\t\t\t\t\t\t<div class=\"grid-item\">\r\n\t\t\t\t\t\t<div class=\"nuss-box\">\t\t<div class=\"nuss-image image\">\r\n\t\t\t<img decoding=\"async\"  src=\"https:\/\/crescentmoonhotel.com\/wp-content\/uploads\/2025\/08\/CRESCENT-MOON-HOTEL-57.webp\" alt=\"CRESCENT MOON HOTEL (57)\" \/>\t\t<\/div>\r\n\t\t\t\t<\/div>\t\t\t\t\t<\/div>\r\n\t\t\t\t\t\t<div class=\"grid-item\">\r\n\t\t\t\t\t\t<div class=\"nuss-box\">\t\t<div class=\"nuss-image image\">\r\n\t\t\t<img decoding=\"async\"  src=\"https:\/\/crescentmoonhotel.com\/wp-content\/uploads\/2025\/08\/CRESCENT-MOON-HOTEL-56.webp\" alt=\"CRESCENT MOON HOTEL (56)\" \/>\t\t<\/div>\r\n\t\t\t\t<\/div>\t\t\t\t\t<\/div>\r\n\t\t\t\t\t\t<div class=\"grid-item\">\r\n\t\t\t\t\t\t<div class=\"nuss-box\">\t\t<div class=\"nuss-image image\">\r\n\t\t\t<img decoding=\"async\"  src=\"https:\/\/crescentmoonhotel.com\/wp-content\/uploads\/2025\/08\/CRESCENT-MOON-HOTEL-55.webp\" alt=\"CRESCENT MOON HOTEL (55)\" \/>\t\t<\/div>\r\n\t\t\t\t<\/div>\t\t\t\t\t<\/div>\r\n\t\t\t\t\t\t\t\r\n\t\t\t<\/div>\r\n\t\t<\/div>\r\n\t\t\t\t\t\t<\/div>\n\t\t\t\t<\/div>\n\t\t\t\t\t<\/div>\n\t\t\t\t<\/div>\n\t\t<div class=\"elementor-element elementor-element-3e152a5 e-flex e-con-boxed e-con e-parent\" data-id=\"3e152a5\" data-element_type=\"container\" data-e-type=\"container\">\n\t\t\t\t\t<div class=\"e-con-inner\">\n\t\t\t\t<div class=\"elementor-element elementor-element-cee76f2 elementor-widget elementor-widget-text-editor\" data-id=\"cee76f2\" data-element_type=\"widget\" data-e-type=\"widget\" data-widget_type=\"text-editor.default\">\n\t\t\t\t\t\t\t\t\t<p>Bei <strong>Crescent Moon Hotel<\/strong>, gelegen im dynamischen <strong>Bezirk Jinniu<\/strong> von Chengdu bei <strong>Nr. 3, Majiahuayuan Stra\u00dfe<\/strong>Gesch\u00e4ftsreisen werden als nahtlose Mischung aus Innovation, Komfort und Effizienz neu konzipiert. Unser Hotel wurde f\u00fcr den modernen Berufst\u00e4tigen konzipiert und bietet eine umfassende Palette an <strong>Gesch\u00e4fts- und Tagungseinrichtungen<\/strong> die sich an Unternehmer, Unternehmensteams und Remote-Mitarbeiter richten, die eine produktive und dennoch inspirierende Umgebung suchen \u2013 egal, ob Sie ein wichtiges Meeting abhalten, eine Pr\u00e4sentation vorbereiten oder einfach w\u00e4hrend eines vollen Reiseplans in Verbindung bleiben m\u00f6chten.<\/p><p>Er\u00f6ffnet im Jahr 2025 und betrieben von <strong>Chengdu Crescent Selected Hotel Management Co., Ltd.<\/strong>, Crescent Moon Hotel kombiniert <strong>intelligente Technologie<\/strong> mit eleganter Funktionalit\u00e4t, um ein erstklassiges Gesch\u00e4ftserlebnis im Herzen eines der dynamischsten Technologie- und Kulturzentren Chinas zu bieten. Mit <strong>77 durchdacht gestaltete Zimmer<\/strong> und ein starker Fokus auf Service-Exzellenz (bewertet <strong>9,7\/10 f\u00fcr den Service<\/strong> von G\u00e4sten), stellt das Hotel sicher, dass alle professionellen Bed\u00fcrfnisse mit Pr\u00e4zision und Sorgfalt erf\u00fcllt werden.<\/p><div class=\"my-2\">\u00a0<\/div><h3><strong>Hochmoderne Tagungs- und Konferenzr\u00e4ume<\/strong><\/h3><p>Unser <strong>multifunktionaler Konferenzraum<\/strong> Und <strong>dediziertes Businesscenter<\/strong> sind f\u00fcr ein breites Spektrum an beruflichen Anforderungen konzipiert \u2013 von vertraulichen Vorstandssitzungen und Kundenberatungen bis hin zu gr\u00f6\u00dferen Firmenveranstaltungen und Schulungen. Ausgestattet mit <strong>modernste Multimedia-Anzeigesysteme<\/strong>, hochaufl\u00f6sende Projektoren, drahtlose Pr\u00e4sentationsm\u00f6glichkeiten und <strong>Highspeed-WLAN im gesamten Geb\u00e4ude<\/strong>, diese R\u00e4ume gew\u00e4hrleisten einwandfreie Konnektivit\u00e4t und Pr\u00e4sentationsqualit\u00e4t.<\/p><p>Der <strong>Konferenzraum<\/strong> bietet flexible Sitzgelegenheiten, stimmungsvolle Lichtsteuerung und schallisolierte W\u00e4nde f\u00fcr Privatsph\u00e4re und Konzentration. Egal, ob Sie ein lokales Meeting abhalten oder sich per Videokonferenz mit globalen Teams verbinden, unsere <strong>Sekretariatsdienste<\/strong> und technischer Support vor Ort steht zur Verf\u00fcgung, um bei der Einrichtung, Dokumentation und Echtzeitkoordination zu helfen.<\/p><p>F\u00fcr kleinere Teams oder gemeinsames Brainstorming ist die <strong>Coworking-Bereiche<\/strong> Und <strong>Multifunktionsr\u00e4ume<\/strong> bieten eine entspannte und dennoch professionelle Atmosph\u00e4re, ideal f\u00fcr spontane Diskussionen oder konzentrierte Arbeitssitzungen. Diese Bereiche sind so gestaltet, dass sie die Kreativit\u00e4t anregen und verf\u00fcgen \u00fcber Tageslicht, ergonomische M\u00f6bel sowie Zugang zu Steckdosen und USB-Ladeanschl\u00fcssen.<\/p><div class=\"my-2\">\u00a0<\/div><h3><strong>Intelligente Gesch\u00e4ftsdienste und 24\/7-Support<\/strong><\/h3><p>Das Crescent Moon Hotel versteht die Anforderungen der heutigen schnelllebigen Gesch\u00e4ftswelt und bietet <strong>rund um die Uhr besetzte Rezeption und Concierge-Service<\/strong>, sodass Sie rund um die Uhr Support erhalten. M\u00fcssen Sie in letzter Minute einen Vertrag ausdrucken? Unsere <strong>kostenlose Fax- und Kopierdienste<\/strong> sind vor Ort verf\u00fcgbar. Ben\u00f6tigen Sie Unterst\u00fctzung bei der Reiselogistik? Das Hotel bietet <strong>Taxibuchung und Autovermietung<\/strong> damit Sie sich problemlos in Chengdu zurechtfinden.<\/p><p data-spm-anchor-id=\"a2ty_o01.29997173.0.i39.49d6c921Qs43kP\">G\u00e4ste profitieren au\u00dferdem von <strong>elektronischer ID-Check-in<\/strong>, Express-Check-out und sichere Gep\u00e4ckaufbewahrung \u2013 f\u00fcr maximale Effizienz und minimale Ausfallzeiten. F\u00fcr zus\u00e4tzlichen Komfort: <strong>Schlie\u00dff\u00e4cher<\/strong> und ein <strong>Safe an der Rezeption<\/strong> stehen zur Sicherung wichtiger Dokumente und Ger\u00e4te zur Verf\u00fcgung.<\/p>\t\t\t\t\t\t\t\t<\/div>\n\t\t\t\t\t<\/div>\n\t\t\t\t<\/div>\n\t\t<div class=\"elementor-element elementor-element-85f5857 e-flex e-con-boxed e-con e-parent\" data-id=\"85f5857\" data-element_type=\"container\" data-e-type=\"container\">\n\t\t\t\t\t<div class=\"e-con-inner\">\n\t\t\t\t<div class=\"elementor-element elementor-element-f135a2a elementor-widget elementor-widget-nuss-image-gallery\" data-id=\"f135a2a\" data-element_type=\"widget\" data-e-type=\"widget\" data-widget_type=\"nuss-image-gallery.default\">\n\t\t\t\t<div class=\"elementor-widget-container\">\n\t\t\t\t\t\t\t<div class=\"nuss-grid-wrapper\" data-grid=\"{&quot;type&quot;:&quot;grid&quot;,&quot;ratio&quot;:null,&quot;columns&quot;:3,&quot;gutter&quot;:30}\">\r\n\t\t\t<div class=\"nuss-grid lazy-grid\">\r\n\t\t\t\t<div class=\"grid-sizer\"><\/div>\r\n\r\n\t\t\t\t\t\t\t\t\t\t\t\t<div class=\"grid-item\">\r\n\t\t\t\t\t\t<div class=\"nuss-box\">\t\t<div class=\"nuss-image image\">\r\n\t\t\t<img decoding=\"async\"  src=\"https:\/\/crescentmoonhotel.com\/wp-content\/uploads\/2025\/08\/CRESCENT-MOON-HOTEL-160.webp\" alt=\"CRESCENT MOON HOTEL (160)\" \/>\t\t<\/div>\r\n\t\t\t\t<\/div>\t\t\t\t\t<\/div>\r\n\t\t\t\t\t\t<div class=\"grid-item\">\r\n\t\t\t\t\t\t<div class=\"nuss-box\">\t\t<div class=\"nuss-image image\">\r\n\t\t\t<img decoding=\"async\"  src=\"https:\/\/crescentmoonhotel.com\/wp-content\/uploads\/2025\/08\/CRESCENT-MOON-HOTEL-91.webp\" alt=\"CRESCENT MOON HOTEL (91)\" \/>\t\t<\/div>\r\n\t\t\t\t<\/div>\t\t\t\t\t<\/div>\r\n\t\t\t\t\t\t<div class=\"grid-item\">\r\n\t\t\t\t\t\t<div class=\"nuss-box\">\t\t<div class=\"nuss-image image\">\r\n\t\t\t<img decoding=\"async\"  src=\"https:\/\/crescentmoonhotel.com\/wp-content\/uploads\/2025\/08\/CRESCENT-MOON-HOTEL-78.webp\" alt=\"CRESCENT MOON HOTEL (78)\" \/>\t\t<\/div>\r\n\t\t\t\t<\/div>\t\t\t\t\t<\/div>\r\n\t\t\t\t\t\t\t\r\n\t\t\t<\/div>\r\n\t\t<\/div>\r\n\t\t\t\t\t\t<\/div>\n\t\t\t\t<\/div>\n\t\t\t\t\t<\/div>\n\t\t\t\t<\/div>\n\t\t<div class=\"elementor-element elementor-element-d0cc44b e-flex e-con-boxed e-con e-parent\" data-id=\"d0cc44b\" data-element_type=\"container\" data-e-type=\"container\">\n\t\t\t\t\t<div class=\"e-con-inner\">\n\t\t\t\t<div class=\"elementor-element elementor-element-d16da8a elementor-widget elementor-widget-text-editor\" data-id=\"d16da8a\" data-element_type=\"widget\" data-e-type=\"widget\" data-widget_type=\"text-editor.default\">\n\t\t\t\t\t\t\t\t\t<h3><strong data-spm-anchor-id=\"a2ty_o01.29997173.0.i41.49d6c921Qs43kP\">Produktivit\u00e4tssteigernde Annehmlichkeiten<\/strong><\/h3><p data-spm-anchor-id=\"a2ty_o01.29997173.0.i40.49d6c921Qs43kP\">\u00dcber die formalen Tagungsr\u00e4ume hinaus integriert das Hotel Produktivit\u00e4t in jeden Aspekt des G\u00e4steerlebnisses. Die <strong>24-Stunden-Fitnessstudio<\/strong>, das ist <strong>kostenlos f\u00fcr alle G\u00e4ste<\/strong>, erm\u00f6glicht es Ihnen, Ihre Wellness-Routine beizubehalten und so Energie und geistige Klarheit zu steigern. Entspannen Sie sich nach einem langen Tag voller Meetings im <strong>kostenloser Suppenpool im Freien<\/strong> oder <strong>hei\u00dfe Quellen<\/strong>, bekannt f\u00fcr ihre entspannenden und regenerierenden Eigenschaften \u2013 ideal zum Stressabbau und zur Verbesserung der Konzentration.<\/p><p data-spm-anchor-id=\"a2ty_o01.29997173.0.i38.49d6c921Qs43kP\">F\u00fcr ruhiges Arbeiten oder zum Abarbeiten von E-Mails ist die <strong>Bibliothek<\/strong> Und <strong>Teestube<\/strong> bieten ruhige, ablenkungsfreie Umgebungen mit bequemen Sitzgelegenheiten und stimmungsvoller Beleuchtung. Diese ruhigen R\u00e4ume bieten die perfekte Kulisse zum Lesen, Schreiben oder f\u00fcr ein anregendes Gespr\u00e4ch bei einer Tasse erstklassigen Sichuan-Tees.<\/p><div class=\"my-2\">\u00a0<\/div><h3><strong>Strategischer Standort f\u00fcr Business und Networking<\/strong><\/h3><p>Lage des Crescent Moon Hotels in <strong>Bezirk Jinniu<\/strong> Von hier aus erreichen Sie die wichtigsten Handels-, Kultur- und Verkehrsknotenpunkte Chengdus bequem. <strong>890 Meter vom U-Bahnhof Huapaifang entfernt<\/strong>, Und <strong>8,8 km vom S\u00fcdbahnhof Chengdu<\/strong>Das Hotel bietet eine hervorragende Anbindung an die ganze Stadt. Es ist nur ein <strong>19,6 km (ca. 45 Minuten) Fahrt vom internationalen Flughafen Chengdu Shuangliu<\/strong>, was es ideal f\u00fcr inl\u00e4ndische und internationale Gesch\u00e4ftsreisende macht.<\/p><p>Sehensw\u00fcrdigkeiten in der N\u00e4he wie <strong>Chunxi-Stra\u00dfe<\/strong>, <strong>Taikoo Li<\/strong>, <strong>Tianfu Kunstpark<\/strong>, Und <strong>Gl\u00fcckliches Tal<\/strong> sind nicht nur Touristenattraktionen, sondern auch gesch\u00e4ftige Zentren des Handels, Einzelhandels und der Innovation \u2013 perfekt f\u00fcr Kundentreffen oder After-Work-Networking. Die N\u00e4he zu <strong>Kuanzhai-Gasse<\/strong>, <strong>Wenshuyuan-Kloster<\/strong>und die <strong>Panda-Basis<\/strong> erm\u00f6glicht auch einzigartige kulturelle Erfahrungen, die Gesch\u00e4ftsdiskussionen oder Teambuilding-Aktivit\u00e4ten bereichern k\u00f6nnen.<\/p><div class=\"my-2\">\u00a0<\/div><h3><strong>Technisch fortschrittliche Akzente f\u00fcr den modernen Profi<\/strong><\/h3><p>Das Crescent Moon Hotel ist die Zukunft der Gastfreundschaft und bietet <strong>Serviceroboter<\/strong> die Wasserflaschen und kleine Artikel auf die G\u00e4stezimmer liefern \u2013 das minimiert St\u00f6rungen und unterstreicht gleichzeitig das Engagement des Hotels f\u00fcr Innovation. Intelligente Zimmerfunktionen, darunter <strong>Minik\u00fchlschr\u00e4nke im Zimmer<\/strong>, <strong>K\u00fchlschr\u00e4nke<\/strong>, Und <strong>Klimaanlagensteuerung<\/strong>, sorgen Sie f\u00fcr eine angenehme Arbeitsumgebung, egal ob Sie einen Vorschlag fertigstellen oder einen virtuellen Anruf von Ihrem Zimmer aus durchf\u00fchren.<\/p><p data-spm-anchor-id=\"a2ty_o01.29997173.0.i42.49d6c921Qs43kP\">F\u00fcr G\u00e4ste, die einen filmischen Touch genie\u00dfen, bieten ausgew\u00e4hlte Zimmer eine <strong>Laserkino-Erlebnis auf einer Gro\u00dfleinwand<\/strong>, perfekt zum \u00dcberpr\u00fcfen von Pr\u00e4sentationen oder zum privaten Genie\u00dfen eines hochaufl\u00f6senden visuellen Briefings.<\/p>\t\t\t\t\t\t\t\t<\/div>\n\t\t\t\t\t<\/div>\n\t\t\t\t<\/div>\n\t\t\t\t<section class=\"elementor-section elementor-top-section elementor-element elementor-element-ed1c90a elementor-section-stretched elementor-section-boxed elementor-section-gap-beside-yes elementor-section-height-default elementor-section-height-default elementor-section-column-vertical-align-stretch\" data-id=\"ed1c90a\" data-element_type=\"section\" data-e-type=\"section\" data-settings=\"{&quot;background_background&quot;:&quot;classic&quot;,&quot;stretch_section&quot;:&quot;section-stretched&quot;}\">\n\t\t\t\t\t\t<div class=\"elementor-container elementor-column-gap-extended\">\n\t\t\t\t\t<div class=\"elementor-column elementor-col-100 elementor-top-column elementor-element elementor-element-66eb09ed\" data-id=\"66eb09ed\" data-element_type=\"column\" data-e-type=\"column\">\n\t\t\t<div class=\"elementor-widget-wrap elementor-element-populated\">\n\t\t\t\t\t\t<div class=\"elementor-element elementor-element-689d9934 elementor-widget elementor-widget-heading\" data-id=\"689d9934\" data-element_type=\"widget\" data-e-type=\"widget\" data-widget_type=\"heading.default\">\n\t\t\t\t\t<h2 class=\"elementor-heading-title elementor-size-default\">Verf\u00fcgbarkeit pr\u00fcfen <\/h2>\t\t\t\t<\/div>\n\t\t\t\t<div class=\"elementor-element elementor-element-6068b8ce elementor-widget elementor-widget-text-editor\" data-id=\"6068b8ce\" data-element_type=\"widget\" data-e-type=\"widget\" data-widget_type=\"text-editor.default\">\n\t\t\t\t\t\t\t\t\t<iframe border=\"0\" src=\"https:\/\/www.trip.com\/partners\/ad\/S5088477?Allianceid=4590391&#038;SID=253731934&#038;trip_sub1=\" style=\"width:900px;height:200px\" frameborder=\"0\" scrolling=\"no\" id=\"S5088477\"><\/iframe>\t\t\t\t\t\t\t\t<\/div>\n\t\t\t\t\t<\/div>\n\t\t<\/div>\n\t\t\t\t\t<\/div>\n\t\t<\/section>\n\t\t<div class=\"elementor-element elementor-element-b01fe70 e-flex e-con-boxed e-con e-parent\" data-id=\"b01fe70\" data-element_type=\"container\" data-e-type=\"container\">\n\t\t\t\t\t<div class=\"e-con-inner\">\n\t\t\t\t<div class=\"elementor-element elementor-element-8603dde elementor-widget elementor-widget-text-editor\" data-id=\"8603dde\" data-element_type=\"widget\" data-e-type=\"widget\" data-widget_type=\"text-editor.default\">\n\t\t\t\t\t\t\t\t\t<h3><strong>Ein neuer Standard in der Business-Gastfreundschaft<\/strong><\/h3><p data-spm-anchor-id=\"a2ty_o01.29997173.0.i43.49d6c921Qs43kP\">Wir im Crescent Moon Hotel sind \u00fcberzeugt, dass Gesch\u00e4ftsreisen nicht auf Komfort, Stil und Wohlbefinden verzichten sollten. Unsere Business-Einrichtungen sind nicht nur funktional \u2013 sie sind sorgf\u00e4ltig konzipiert, um Ihren Erfolg, Ihre Kreativit\u00e4t und Ihre innere Ruhe zu unterst\u00fctzen. Erleben Sie vom ersten Moment an einen neuen Standard von <strong>intelligente, intuitive und inspirierende Gastfreundschaft<\/strong>.<\/p><p>Egal, ob Sie f\u00fcr ein eint\u00e4giges Meeting oder einen l\u00e4ngeren Firmeneinsatz in Chengdu sind, <strong>Crescent Moon Hotel<\/strong> ist Ihr strategischer Partner f\u00fcr Produktivit\u00e4t \u2013 bei dem jedes Detail darauf ausgerichtet ist, Ihnen zu helfen, Ihre beste Leistung zu erbringen.<\/p><p data-spm-anchor-id=\"a2ty_o01.29997173.0.i44.49d6c921Qs43kP\"><strong>Arbeiten Sie intelligenter. Bleiben Sie hellwach. Leuchten Sie unter der Mondsichel.<\/strong><\/p>\t\t\t\t\t\t\t\t<\/div>\n\t\t\t\t\t<\/div>\n\t\t\t\t<\/div>\n\t\t\t\t<\/div>","protected":false},"excerpt":{"rendered":"<p>Our Hotel board room offers a private, elegant meeting space in the heart of New York for groups of 8 to 10 persons. For your comfort and convenience, coffee break packages are available. At Crescent Moon Hotel, located in the dynamic Jinniu District of Chengdu at No. 3, Majiahuayuan Road, business travel is reimagined as [&hellip;]<\/p>\n","protected":false},"author":1,"featured_media":0,"parent":0,"menu_order":0,"comment_status":"closed","ping_status":"closed","template":"","meta":{"footnotes":""},"class_list":["post-2109","page","type-page","status-publish","hentry","post-no-thumbnail"],"_links":{"self":[{"href":"https:\/\/crescentmoonhotel.com\/de\/wp-json\/wp\/v2\/pages\/2109","targetHints":{"allow":["GET"]}}],"collection":[{"href":"https:\/\/crescentmoonhotel.com\/de\/wp-json\/wp\/v2\/pages"}],"about":[{"href":"https:\/\/crescentmoonhotel.com\/de\/wp-json\/wp\/v2\/types\/page"}],"author":[{"embeddable":true,"href":"https:\/\/crescentmoonhotel.com\/de\/wp-json\/wp\/v2\/users\/1"}],"replies":[{"embeddable":true,"href":"https:\/\/crescentmoonhotel.com\/de\/wp-json\/wp\/v2\/comments?post=2109"}],"version-history":[{"count":0,"href":"https:\/\/crescentmoonhotel.com\/de\/wp-json\/wp\/v2\/pages\/2109\/revisions"}],"wp:attachment":[{"href":"https:\/\/crescentmoonhotel.com\/de\/wp-json\/wp\/v2\/media?parent=2109"}],"curies":[{"name":"wp","href":"https:\/\/api.w.org\/{rel}","templated":true}]}}