{"id":5266,"date":"2021-07-18T08:03:35","date_gmt":"2021-07-18T08:03:35","guid":{"rendered":"https:\/\/nuss.uxper.co\/luxury-resort\/?page_id=5266"},"modified":"2025-08-29T09:17:56","modified_gmt":"2025-08-29T09:17:56","slug":"uber-uns","status":"publish","type":"page","link":"https:\/\/crescentmoonhotel.com\/de\/uber-uns\/","title":{"rendered":"\u00dcber uns"},"content":{"rendered":"<div data-elementor-type=\"wp-page\" data-elementor-id=\"5266\" class=\"elementor elementor-5266\">\n\t\t\t\t\t\t<section class=\"elementor-section elementor-top-section elementor-element elementor-element-10416953 elementor-section-boxed elementor-section-gap-beside-yes elementor-section-height-default elementor-section-height-default elementor-section-column-vertical-align-stretch\" data-id=\"10416953\" data-element_type=\"section\" data-e-type=\"section\">\n\t\t\t\t\t\t<div class=\"elementor-container elementor-column-gap-extended\">\n\t\t\t\t\t<div class=\"elementor-column elementor-col-100 elementor-top-column elementor-element elementor-element-29c6aa8\" data-id=\"29c6aa8\" data-element_type=\"column\" data-e-type=\"column\">\n\t\t\t<div class=\"elementor-widget-wrap elementor-element-populated\">\n\t\t\t\t\t\t<div class=\"elementor-element elementor-element-7be18fe7 elementor-widget__width-initial elementor-invisible elementor-widget elementor-widget-text-editor\" data-id=\"7be18fe7\" data-element_type=\"widget\" data-e-type=\"widget\" data-settings=\"{&quot;_animation&quot;:&quot;nussFadeInUp&quot;}\" data-widget_type=\"text-editor.default\">\n\t\t\t\t\t\t\t\t\t<p><strong data-spm-anchor-id=\"a2ty_o01.29997173.0.i25.49d6c921Qs43kP\">Entdecken Sie die Ruhe im Herzen von Chengdu<\/strong><\/p>\t\t\t\t\t\t\t\t<\/div>\n\t\t\t\t\t<\/div>\n\t\t<\/div>\n\t\t\t\t\t<\/div>\n\t\t<\/section>\n\t\t\t\t<section class=\"elementor-section elementor-top-section elementor-element elementor-element-7d18327f elementor-section-boxed elementor-section-gap-beside-yes elementor-section-height-default elementor-section-height-default elementor-section-column-vertical-align-stretch\" data-id=\"7d18327f\" data-element_type=\"section\" data-e-type=\"section\">\n\t\t\t\t\t\t<div class=\"elementor-container elementor-column-gap-extended\">\n\t\t\t\t\t<div class=\"elementor-column elementor-col-50 elementor-top-column elementor-element elementor-element-56533670\" data-id=\"56533670\" data-element_type=\"column\" data-e-type=\"column\">\n\t\t\t<div class=\"elementor-widget-wrap elementor-element-populated\">\n\t\t\t\t\t\t<div class=\"elementor-element elementor-element-19c3f543 elementor-invisible elementor-widget elementor-widget-text-editor\" data-id=\"19c3f543\" data-element_type=\"widget\" data-e-type=\"widget\" data-settings=\"{&quot;_animation&quot;:&quot;nussFadeInUp&quot;}\" data-widget_type=\"text-editor.default\">\n\t\t\t\t\t\t\t\t\t<p data-spm-anchor-id=\"a2ty_o01.29997173.0.i28.49d6c921Qs43kP\">Eingebettet in den lebendigen und doch ruhigen Bezirk Jinniu von Chengdu, <strong>Crescent Moon Hotel<\/strong> bietet einen raffinierten R\u00fcckzugsort, wo moderner Luxus auf authentischen Sichuan-Charme trifft. Befindet sich in <strong>Nr. 3, Majiahuayuan Stra\u00dfe<\/strong>Dieses neu er\u00f6ffnete 4-Sterne-Boutique-Hotel definiert urbane Gastfreundschaft mit seinem eleganten Design, intelligenten Annehmlichkeiten und \u00e4u\u00dferst pers\u00f6nlichem Service neu \u2013 und das alles nur wenige Minuten von den beliebtesten kulturellen Sehensw\u00fcrdigkeiten der Stadt entfernt.<\/p>\t\t\t\t\t\t\t\t<\/div>\n\t\t\t\t\t<\/div>\n\t\t<\/div>\n\t\t\t\t<div class=\"elementor-column elementor-col-50 elementor-top-column elementor-element elementor-element-30f14127\" data-id=\"30f14127\" data-element_type=\"column\" data-e-type=\"column\">\n\t\t\t<div class=\"elementor-widget-wrap elementor-element-populated\">\n\t\t\t\t\t\t<div class=\"elementor-element elementor-element-9c2f629 elementor-widget elementor-widget-image\" data-id=\"9c2f629\" data-element_type=\"widget\" data-e-type=\"widget\" data-widget_type=\"image.default\">\n\t\t\t\t\t\t\t\t\t\t\t\t\t\t\t<img fetchpriority=\"high\" decoding=\"async\" width=\"1024\" height=\"768\" src=\"https:\/\/crescentmoonhotel.com\/wp-content\/uploads\/2025\/08\/CRESCENT-MOON-HOTEL-108-1024x768.webp\" class=\"attachment-large size-large wp-image-5655\" alt=\"\" srcset=\"https:\/\/crescentmoonhotel.com\/wp-content\/uploads\/2025\/08\/CRESCENT-MOON-HOTEL-108-1024x768.webp 1024w, https:\/\/crescentmoonhotel.com\/wp-content\/uploads\/2025\/08\/CRESCENT-MOON-HOTEL-108-300x225.webp 300w, https:\/\/crescentmoonhotel.com\/wp-content\/uploads\/2025\/08\/CRESCENT-MOON-HOTEL-108-768x576.webp 768w, https:\/\/crescentmoonhotel.com\/wp-content\/uploads\/2025\/08\/CRESCENT-MOON-HOTEL-108.webp 1137w\" sizes=\"(max-width: 1024px) 100vw, 1024px\" \/>\t\t\t\t\t\t\t\t\t\t\t\t\t\t\t<\/div>\n\t\t\t\t\t<\/div>\n\t\t<\/div>\n\t\t\t\t\t<\/div>\n\t\t<\/section>\n\t\t\t\t<section class=\"elementor-section elementor-top-section elementor-element elementor-element-29fb8578 elementor-section-height-min-height elementor-section-stretched elementor-section-full_width elementor-section-items-stretch elementor-section-height-default elementor-section-column-vertical-align-stretch\" data-id=\"29fb8578\" data-element_type=\"section\" data-e-type=\"section\" data-settings=\"{&quot;stretch_section&quot;:&quot;section-stretched&quot;}\">\n\t\t\t\t\t\t<div class=\"elementor-container elementor-column-gap-no\">\n\t\t\t\t\t<div class=\"elementor-column elementor-col-50 elementor-top-column elementor-element elementor-element-40ac270b\" data-id=\"40ac270b\" data-element_type=\"column\" data-e-type=\"column\">\n\t\t\t<div class=\"elementor-widget-wrap elementor-element-populated\">\n\t\t\t\t\t\t<div class=\"elementor-element elementor-element-20872773 elementor-widget__width-initial elementor-widget-mobile__width-inherit elementor-invisible nuss-elementor-loading nuss-slide-in-right elementor-widget elementor-widget-image\" data-id=\"20872773\" data-element_type=\"widget\" data-e-type=\"widget\" data-settings=\"{&quot;_animation&quot;:&quot;nussSlideInRight&quot;}\" data-widget_type=\"image.default\">\n\t\t\t\t\t\t\t\t\t\t\t\t\t\t\t<img decoding=\"async\" width=\"1280\" height=\"853\" src=\"https:\/\/crescentmoonhotel.com\/wp-content\/uploads\/2025\/08\/CRESCENT-MOON-HOTEL-184.webp\" class=\"attachment-full size-full wp-image-5730\" alt=\"\" srcset=\"https:\/\/crescentmoonhotel.com\/wp-content\/uploads\/2025\/08\/CRESCENT-MOON-HOTEL-184.webp 1280w, https:\/\/crescentmoonhotel.com\/wp-content\/uploads\/2025\/08\/CRESCENT-MOON-HOTEL-184-300x200.webp 300w, https:\/\/crescentmoonhotel.com\/wp-content\/uploads\/2025\/08\/CRESCENT-MOON-HOTEL-184-1024x682.webp 1024w, https:\/\/crescentmoonhotel.com\/wp-content\/uploads\/2025\/08\/CRESCENT-MOON-HOTEL-184-768x512.webp 768w\" sizes=\"(max-width: 1280px) 100vw, 1280px\" \/>\t\t\t\t\t\t\t\t\t\t\t\t\t\t\t<\/div>\n\t\t\t\t\t<\/div>\n\t\t<\/div>\n\t\t\t\t<div class=\"elementor-column elementor-col-50 elementor-top-column elementor-element elementor-element-2dac103\" data-id=\"2dac103\" data-element_type=\"column\" data-e-type=\"column\">\n\t\t\t<div class=\"elementor-widget-wrap elementor-element-populated\">\n\t\t\t\t\t\t<div class=\"elementor-element elementor-element-6f1b8966 elementor-invisible elementor-widget elementor-widget-text-editor\" data-id=\"6f1b8966\" data-element_type=\"widget\" data-e-type=\"widget\" data-settings=\"{&quot;_animation&quot;:&quot;nussFadeInUp&quot;}\" data-widget_type=\"text-editor.default\">\n\t\t\t\t\t\t\t\t\t<p>Das 2025 er\u00f6ffnete und von der Chengdu Crescent Selected Hotel Management Co., Ltd. betriebene Crescent Moon Hotel ist mehr als nur eine Unterkunft \u2013 es bietet ein sorgf\u00e4ltig gestaltetes Erlebnis f\u00fcr anspruchsvolle Reisende, die Komfort, Bequemlichkeit und Ruhe suchen. Ob Sie gesch\u00e4ftlich, privat oder f\u00fcr einen romantischen Kurzurlaub anreisen, unser intimes Refugium mit 77 Zimmern verbindet modernste Technologie mit durchdachten Details, um jeden Moment Ihres Aufenthalts entspannt und unvergesslich zu gestalten.<\/p><div class=\"my-2\">\u00a0<\/div><p>Von Anfang an werden Sie von eleganter, moderner Architektur und einem einladenden Ambiente begr\u00fc\u00dft, das zum Entspannen einl\u00e4dt. Das Hotel bietet eine Reihe elegant gestalteter Zimmer und Suiten, die alle mit erstklassigem Komfort ausgestattet sind, wie zum Beispiel: <strong>King Koil Rubyluxe Matratzen<\/strong>, <strong>Nulldruckkissen<\/strong>, im Zimmer <strong>Minik\u00fchlschr\u00e4nke<\/strong>und sogar <strong>Gro\u00dfbild-Laser-Kinor\u00e4ume<\/strong> f\u00fcr private Filmabende unter den Sternen \u2013 im wahrsten Sinne des Wortes, dank der Aussicht vom Dachgarten.<\/p>\t\t\t\t\t\t\t\t<\/div>\n\t\t\t\t\t<\/div>\n\t\t<\/div>\n\t\t\t\t\t<\/div>\n\t\t<\/section>\n\t\t\t\t<section class=\"elementor-section elementor-top-section elementor-element elementor-element-ebc55ee elementor-section-height-min-height elementor-section-stretched elementor-section-full_width elementor-section-items-stretch elementor-section-height-default elementor-section-column-vertical-align-stretch\" data-id=\"ebc55ee\" data-element_type=\"section\" data-e-type=\"section\" data-settings=\"{&quot;stretch_section&quot;:&quot;section-stretched&quot;}\">\n\t\t\t\t\t\t<div class=\"elementor-container elementor-column-gap-no\">\n\t\t\t\t\t<div class=\"elementor-column elementor-col-50 elementor-top-column elementor-element elementor-element-15b9c66\" data-id=\"15b9c66\" data-element_type=\"column\" data-e-type=\"column\">\n\t\t\t<div class=\"elementor-widget-wrap elementor-element-populated\">\n\t\t\t\t\t\t<div class=\"elementor-element elementor-element-28be336 elementor-invisible elementor-widget elementor-widget-text-editor\" data-id=\"28be336\" data-element_type=\"widget\" data-e-type=\"widget\" data-settings=\"{&quot;_animation&quot;:&quot;nussFadeInUp&quot;}\" data-widget_type=\"text-editor.default\">\n\t\t\t\t\t\t\t\t\t<p data-spm-anchor-id=\"a2ty_o01.29997173.0.i29.49d6c921Qs43kP\">Eines der herausragenden Merkmale des Hotels ist sein Engagement f\u00fcr Wellness und Erholung. Die G\u00e4ste k\u00f6nnen sich im <strong>kostenloser Suppenpool im Freien<\/strong>, genie\u00dfen Sie die wohltuende <strong>hei\u00dfe Quellen<\/strong>oder entspannen Sie sich in der ruhigen <strong>Liegewiese<\/strong> auf dem Dach. Bleiben Sie aktiv in der voll ausgestatteten, <strong data-spm-anchor-id=\"a2ty_o01.29997173.0.i30.49d6c921Qs43kP\">kostenloses Fitnessstudio<\/strong>oder lassen Sie den Tag in Ruhe ausklingen in der friedlichen <strong>Bibliothek<\/strong> oder <strong>Teestube<\/strong>. F\u00fcr Familien und Spa\u00dfsuchende gibt es sogar eine <strong>Kinderbecken<\/strong>, kinderfreundliche Annehmlichkeiten und Themensuiten wie die verspielte <strong>Runaround Panda Vierbettzimmer Suite<\/strong>, komplett mit Kinderzelt und zus\u00e4tzlichem Schlafplatz.<\/p><p data-spm-anchor-id=\"a2ty_o01.29997173.0.i31.49d6c921Qs43kP\">Das Crescent Moon Hotel besticht au\u00dferdem durch die nahtlose Verbindung von Automatisierung und menschlicher Gastfreundschaft. Erleben Sie futuristischen Komfort mit <strong>Serviceroboter<\/strong> Lieferung von Wasserflaschen auf Ihr Zimmer, <strong>elektronischer ID-Check-in<\/strong>, Und <strong>intelligente W\u00e4scheservices<\/strong>, alles erg\u00e4nzt durch herzliches, aufmerksames Personal, das <strong>24-Stunden-Concierge-Support<\/strong>, <strong>Butler-Dienste<\/strong>und lokale Reisetipps, die Ihnen helfen, nahegelegene Sehensw\u00fcrdigkeiten zu erkunden, wie <strong>Kuanzhai-Gasse<\/strong>, <strong>Wenshuyuan-Kloster<\/strong>, <strong>Jinli-Stra\u00dfe<\/strong>, <strong>Chunxi-Stra\u00dfe<\/strong>, <strong>Taikoo Li<\/strong>und die weltber\u00fchmte <strong>Chengdu Forschungsstation f\u00fcr die Zucht von Gro\u00dfen Pandas<\/strong>.<\/p>\t\t\t\t\t\t\t\t<\/div>\n\t\t\t\t\t<\/div>\n\t\t<\/div>\n\t\t\t\t<div class=\"elementor-column elementor-col-50 elementor-top-column elementor-element elementor-element-7e067af\" data-id=\"7e067af\" data-element_type=\"column\" data-e-type=\"column\">\n\t\t\t<div class=\"elementor-widget-wrap elementor-element-populated\">\n\t\t\t\t\t\t<div class=\"elementor-element elementor-element-1514f3c elementor-widget__width-initial elementor-widget-mobile__width-inherit elementor-invisible nuss-elementor-loading nuss-slide-in-right elementor-widget elementor-widget-image\" data-id=\"1514f3c\" data-element_type=\"widget\" data-e-type=\"widget\" data-settings=\"{&quot;_animation&quot;:&quot;nussSlideInRight&quot;}\" data-widget_type=\"image.default\">\n\t\t\t\t\t\t\t\t\t\t\t\t\t\t\t<img decoding=\"async\" width=\"743\" height=\"786\" src=\"https:\/\/crescentmoonhotel.com\/wp-content\/uploads\/2025\/08\/CRESCENT-MOON-HOTEL-103.webp\" class=\"attachment-full size-full wp-image-5650\" alt=\"\" srcset=\"https:\/\/crescentmoonhotel.com\/wp-content\/uploads\/2025\/08\/CRESCENT-MOON-HOTEL-103.webp 743w, https:\/\/crescentmoonhotel.com\/wp-content\/uploads\/2025\/08\/CRESCENT-MOON-HOTEL-103-284x300.webp 284w\" sizes=\"(max-width: 743px) 100vw, 743px\" \/>\t\t\t\t\t\t\t\t\t\t\t\t\t\t\t<\/div>\n\t\t\t\t\t<\/div>\n\t\t<\/div>\n\t\t\t\t\t<\/div>\n\t\t<\/section>\n\t\t\t\t<section class=\"elementor-section elementor-top-section elementor-element elementor-element-fefa2f6 elementor-section-height-min-height elementor-section-stretched elementor-section-full_width elementor-section-items-stretch elementor-section-height-default elementor-section-column-vertical-align-stretch\" data-id=\"fefa2f6\" data-element_type=\"section\" data-e-type=\"section\" data-settings=\"{&quot;stretch_section&quot;:&quot;section-stretched&quot;}\">\n\t\t\t\t\t\t<div class=\"elementor-container elementor-column-gap-no\">\n\t\t\t\t\t<div class=\"elementor-column elementor-col-50 elementor-top-column elementor-element elementor-element-e39cfdb\" data-id=\"e39cfdb\" data-element_type=\"column\" data-e-type=\"column\">\n\t\t\t<div class=\"elementor-widget-wrap elementor-element-populated\">\n\t\t\t\t\t\t<div class=\"elementor-element elementor-element-5fe9844 elementor-widget__width-initial elementor-widget-mobile__width-inherit elementor-invisible nuss-elementor-loading nuss-slide-in-right elementor-widget elementor-widget-image\" data-id=\"5fe9844\" data-element_type=\"widget\" data-e-type=\"widget\" data-settings=\"{&quot;_animation&quot;:&quot;nussSlideInRight&quot;}\" data-widget_type=\"image.default\">\n\t\t\t\t\t\t\t\t\t\t\t\t\t\t\t<img loading=\"lazy\" decoding=\"async\" width=\"1137\" height=\"853\" src=\"https:\/\/crescentmoonhotel.com\/wp-content\/uploads\/2025\/08\/CRESCENT-MOON-HOTEL-35.webp\" class=\"attachment-full size-full wp-image-5582\" alt=\"\" srcset=\"https:\/\/crescentmoonhotel.com\/wp-content\/uploads\/2025\/08\/CRESCENT-MOON-HOTEL-35.webp 1137w, https:\/\/crescentmoonhotel.com\/wp-content\/uploads\/2025\/08\/CRESCENT-MOON-HOTEL-35-300x225.webp 300w, https:\/\/crescentmoonhotel.com\/wp-content\/uploads\/2025\/08\/CRESCENT-MOON-HOTEL-35-1024x768.webp 1024w, https:\/\/crescentmoonhotel.com\/wp-content\/uploads\/2025\/08\/CRESCENT-MOON-HOTEL-35-768x576.webp 768w\" sizes=\"(max-width: 1137px) 100vw, 1137px\" \/>\t\t\t\t\t\t\t\t\t\t\t\t\t\t\t<\/div>\n\t\t\t\t\t<\/div>\n\t\t<\/div>\n\t\t\t\t<div class=\"elementor-column elementor-col-50 elementor-top-column elementor-element elementor-element-4e8aa99\" data-id=\"4e8aa99\" data-element_type=\"column\" data-e-type=\"column\">\n\t\t\t<div class=\"elementor-widget-wrap elementor-element-populated\">\n\t\t\t\t\t\t<div class=\"elementor-element elementor-element-002236f elementor-invisible elementor-widget elementor-widget-text-editor\" data-id=\"002236f\" data-element_type=\"widget\" data-e-type=\"widget\" data-settings=\"{&quot;_animation&quot;:&quot;nussFadeInUp&quot;}\" data-widget_type=\"text-editor.default\">\n\t\t\t\t\t\t\t\t\t<p data-spm-anchor-id=\"a2ty_o01.29997173.0.i33.49d6c921Qs43kP\">Das Essen ist ein Genuss im hoteleigenen <strong>Fr\u00fchst\u00fccksrestaurant<\/strong>, wo ein reichhaltiges Buffet sowohl <strong>Chinesische und westliche Spezialit\u00e4ten<\/strong>\u2013 von dampfenden Dim Sum und Congee bis hin zu frischem Geb\u00e4ck und frisch zubereiteten Eiern. Der Fr\u00fchst\u00fccksraum ist t\u00e4glich von 7:00 bis 12:00 Uhr ge\u00f6ffnet und bietet einen hellen, modernen Raum, um gest\u00e4rkt in den Tag zu starten. G\u00e4ste haben au\u00dferdem Zugang zu einem <strong>Cafe<\/strong>, <strong>Lobbybar<\/strong>, Und <strong>Nachmittagsteeservice<\/strong>, perfekt f\u00fcr ruhige Besinnung oder zwanglose Treffen.<\/p><div class=\"my-2\">\u00a0<\/div><p data-spm-anchor-id=\"a2ty_o01.29997173.0.i32.49d6c921Qs43kP\">G\u00fcnstig gelegen, nur <strong>890 Meter vom U-Bahnhof Huapaifang entfernt<\/strong> und in der N\u00e4he von <strong>Internationaler Flughafen Chengdu Shuangliu (19,6 km)<\/strong> Und <strong>S\u00fcdbahnhof Chengdu (8,8 km)<\/strong>bietet das Hotel eine hervorragende Anbindung, ohne dass Sie auf Ruhe verzichten m\u00fcssen. Kostenlos <strong>\u00f6ffentliche Parkpl\u00e4tze<\/strong> ist vor Ort verf\u00fcgbar und somit ideal f\u00fcr Roadtripper und Gesch\u00e4ftsreisende gleicherma\u00dfen.<\/p>\t\t\t\t\t\t\t\t<\/div>\n\t\t\t\t\t<\/div>\n\t\t<\/div>\n\t\t\t\t\t<\/div>\n\t\t<\/section>\n\t\t\t\t<section class=\"elementor-section elementor-top-section elementor-element elementor-element-2092b7d0 elementor-section-stretched elementor-section-boxed elementor-section-gap-beside-yes elementor-section-height-default elementor-section-height-default elementor-section-column-vertical-align-stretch\" data-id=\"2092b7d0\" data-element_type=\"section\" data-e-type=\"section\" data-settings=\"{&quot;background_background&quot;:&quot;classic&quot;,&quot;stretch_section&quot;:&quot;section-stretched&quot;}\">\n\t\t\t\t\t\t<div class=\"elementor-container elementor-column-gap-extended\">\n\t\t\t\t\t<div class=\"elementor-column elementor-col-100 elementor-top-column elementor-element elementor-element-be69d75\" data-id=\"be69d75\" data-element_type=\"column\" data-e-type=\"column\">\n\t\t\t<div class=\"elementor-widget-wrap elementor-element-populated\">\n\t\t\t\t\t\t<div class=\"elementor-element elementor-element-68bc219 elementor-widget elementor-widget-heading\" data-id=\"68bc219\" data-element_type=\"widget\" data-e-type=\"widget\" data-widget_type=\"heading.default\">\n\t\t\t\t\t<h2 class=\"elementor-heading-title elementor-size-default\">Verf\u00fcgbarkeit pr\u00fcfen <\/h2>\t\t\t\t<\/div>\n\t\t\t\t<div class=\"elementor-element elementor-element-7743765 elementor-widget elementor-widget-text-editor\" data-id=\"7743765\" data-element_type=\"widget\" data-e-type=\"widget\" data-widget_type=\"text-editor.default\">\n\t\t\t\t\t\t\t\t\t<iframe border=\"0\" src=\"https:\/\/www.trip.com\/partners\/ad\/S5088477?Allianceid=4590391&#038;SID=253731934&#038;trip_sub1=\" style=\"width:900px;height:200px\" frameborder=\"0\" scrolling=\"no\" id=\"S5088477\"><\/iframe>\t\t\t\t\t\t\t\t<\/div>\n\t\t\t\t\t<\/div>\n\t\t<\/div>\n\t\t\t\t\t<\/div>\n\t\t<\/section>\n\t\t<div class=\"elementor-element elementor-element-b13ea8c e-flex e-con-boxed e-con e-parent\" data-id=\"b13ea8c\" data-element_type=\"container\" data-e-type=\"container\">\n\t\t\t\t\t<div class=\"e-con-inner\">\n\t\t\t\t<div class=\"elementor-element elementor-element-17e6ad9 elementor-widget elementor-widget-text-editor\" data-id=\"17e6ad9\" data-element_type=\"widget\" data-e-type=\"widget\" data-widget_type=\"text-editor.default\">\n\t\t\t\t\t\t\t\t\t<p data-spm-anchor-id=\"a2ty_o01.29997173.0.i34.49d6c921Qs43kP\">Im Crescent Moon Hotel stehen Sauberkeit, Komfort und Sorgfalt an erster Stelle \u2013 das zeigen die begeisterten G\u00e4stebewertungen, die das Hotel loben. <strong>strahlende Sauberkeit<\/strong>, <strong>au\u00dfergew\u00f6hnlicher Service (Bewertung 9,7\/10)<\/strong>, Und <strong>Preis-Leistungs-Erlebnis<\/strong>. Egal, ob Sie hier sind, um die alten Tempel von Chengdu zu erkunden, die legend\u00e4re w\u00fcrzige K\u00fcche zu genie\u00dfen oder einfach in einem auf Ruhe ausgelegten Raum zu entspannen, das Crescent Moon Hotel hei\u00dft Sie mit offenen Armen und einem stillen Versprechen willkommen: <em>Ihr perfekter Aufenthalt beginnt hier.<\/em><\/p><p><strong>Buchen Sie Ihren Kurzurlaub noch heute und lassen Sie sich auf Ihrer Reise durch das Herz von Sichuan vom sanften Schein der Mondsichel leiten.<\/strong><\/p>\t\t\t\t\t\t\t\t<\/div>\n\t\t\t\t\t<\/div>\n\t\t\t\t<\/div>\n\t\t\t\t<\/div>","protected":false},"excerpt":{"rendered":"<p>Discover Serenity in the Heart of Chengdu Nestled in the vibrant yet tranquil Jinniu District of Chengdu, Crescent Moon Hotel offers a refined escape where modern luxury meets authentic Sichuan charm. Located at No. 3, Majiahuayuan Road, this newly opened 4-star boutique hotel redefines urban hospitality with its elegant design, intelligent amenities, and deeply personalized [&hellip;]<\/p>\n","protected":false},"author":1,"featured_media":0,"parent":0,"menu_order":0,"comment_status":"closed","ping_status":"closed","template":"","meta":{"footnotes":""},"class_list":["post-5266","page","type-page","status-publish","hentry","post-no-thumbnail"],"_links":{"self":[{"href":"https:\/\/crescentmoonhotel.com\/de\/wp-json\/wp\/v2\/pages\/5266","targetHints":{"allow":["GET"]}}],"collection":[{"href":"https:\/\/crescentmoonhotel.com\/de\/wp-json\/wp\/v2\/pages"}],"about":[{"href":"https:\/\/crescentmoonhotel.com\/de\/wp-json\/wp\/v2\/types\/page"}],"author":[{"embeddable":true,"href":"https:\/\/crescentmoonhotel.com\/de\/wp-json\/wp\/v2\/users\/1"}],"replies":[{"embeddable":true,"href":"https:\/\/crescentmoonhotel.com\/de\/wp-json\/wp\/v2\/comments?post=5266"}],"version-history":[{"count":0,"href":"https:\/\/crescentmoonhotel.com\/de\/wp-json\/wp\/v2\/pages\/5266\/revisions"}],"wp:attachment":[{"href":"https:\/\/crescentmoonhotel.com\/de\/wp-json\/wp\/v2\/media?parent=5266"}],"curies":[{"name":"wp","href":"https:\/\/api.w.org\/{rel}","templated":true}]}}