{"id":612,"date":"2021-03-26T10:04:13","date_gmt":"2021-03-26T10:04:13","guid":{"rendered":"http:\/\/localhost\/nuss\/?page_id=612"},"modified":"2025-08-29T14:19:17","modified_gmt":"2025-08-29T14:19:17","slug":"restaurant","status":"publish","type":"page","link":"https:\/\/crescentmoonhotel.com\/de\/restaurant\/","title":{"rendered":"Restaurant"},"content":{"rendered":"<div data-elementor-type=\"wp-page\" data-elementor-id=\"612\" class=\"elementor elementor-612\">\n\t\t\t\t\t\t<section class=\"elementor-section elementor-top-section elementor-element elementor-element-e2effe8 elementor-section-boxed elementor-section-gap-beside-yes elementor-section-height-default elementor-section-height-default elementor-section-column-vertical-align-stretch\" data-id=\"e2effe8\" data-element_type=\"section\" data-e-type=\"section\">\n\t\t\t\t\t\t<div class=\"elementor-container elementor-column-gap-extended\">\n\t\t\t\t\t<div class=\"elementor-column elementor-col-100 elementor-top-column elementor-element elementor-element-e18f688\" data-id=\"e18f688\" data-element_type=\"column\" data-e-type=\"column\">\n\t\t\t<div class=\"elementor-widget-wrap elementor-element-populated\">\n\t\t\t\t\t\t<div class=\"elementor-element elementor-element-6db146d elementor-widget__width-initial elementor-invisible elementor-widget elementor-widget-text-editor\" data-id=\"6db146d\" data-element_type=\"widget\" data-e-type=\"widget\" data-settings=\"{&quot;_animation&quot;:&quot;nussFadeInUp&quot;}\" data-widget_type=\"text-editor.default\">\n\t\t\t\t\t\t\t\t\t<p><strong data-spm-anchor-id=\"a2ty_o01.29997173.0.i70.49d6c921Qs43kP\">Genie\u00dfen Sie den Geschmack von Chengdu: Entdecken Sie das kulinarische Herz des Crescent Moon Hotels<\/strong><\/p>\t\t\t\t\t\t\t\t<\/div>\n\t\t\t\t\t<\/div>\n\t\t<\/div>\n\t\t\t\t\t<\/div>\n\t\t<\/section>\n\t\t<div class=\"elementor-element elementor-element-eab6df5 e-flex e-con-boxed e-con e-parent\" data-id=\"eab6df5\" data-element_type=\"container\" data-e-type=\"container\">\n\t\t\t\t\t<div class=\"e-con-inner\">\n\t\t\t\t<div class=\"elementor-element elementor-element-a9b3d80 elementor-widget elementor-widget-nuss-image-gallery\" data-id=\"a9b3d80\" data-element_type=\"widget\" data-e-type=\"widget\" data-widget_type=\"nuss-image-gallery.default\">\n\t\t\t\t<div class=\"elementor-widget-container\">\n\t\t\t\t\t\t\t<div class=\"nuss-grid-wrapper\" data-grid=\"{&quot;type&quot;:&quot;grid&quot;,&quot;ratio&quot;:null,&quot;columns&quot;:3,&quot;gutter&quot;:30}\">\r\n\t\t\t<div class=\"nuss-grid lazy-grid\">\r\n\t\t\t\t<div class=\"grid-sizer\"><\/div>\r\n\r\n\t\t\t\t\t\t\t\t\t\t\t\t<div class=\"grid-item\">\r\n\t\t\t\t\t\t<div class=\"nuss-box\">\t\t<div class=\"nuss-image image\">\r\n\t\t\t<img decoding=\"async\"  src=\"https:\/\/crescentmoonhotel.com\/wp-content\/uploads\/2025\/08\/CRESCENT-MOON-HOTEL-76.webp\" alt=\"CRESCENT MOON HOTEL (76)\" \/>\t\t<\/div>\r\n\t\t\t\t<\/div>\t\t\t\t\t<\/div>\r\n\t\t\t\t\t\t<div class=\"grid-item\">\r\n\t\t\t\t\t\t<div class=\"nuss-box\">\t\t<div class=\"nuss-image image\">\r\n\t\t\t<img decoding=\"async\"  src=\"https:\/\/crescentmoonhotel.com\/wp-content\/uploads\/2025\/08\/CRESCENT-MOON-HOTEL-75.webp\" alt=\"CRESCENT MOON HOTEL (75)\" \/>\t\t<\/div>\r\n\t\t\t\t<\/div>\t\t\t\t\t<\/div>\r\n\t\t\t\t\t\t<div class=\"grid-item\">\r\n\t\t\t\t\t\t<div class=\"nuss-box\">\t\t<div class=\"nuss-image image\">\r\n\t\t\t<img decoding=\"async\"  src=\"https:\/\/crescentmoonhotel.com\/wp-content\/uploads\/2025\/08\/CRESCENT-MOON-HOTEL-78.webp\" alt=\"CRESCENT MOON HOTEL (78)\" \/>\t\t<\/div>\r\n\t\t\t\t<\/div>\t\t\t\t\t<\/div>\r\n\t\t\t\t\t\t<div class=\"grid-item\">\r\n\t\t\t\t\t\t<div class=\"nuss-box\">\t\t<div class=\"nuss-image image\">\r\n\t\t\t<img decoding=\"async\"  src=\"https:\/\/crescentmoonhotel.com\/wp-content\/uploads\/2025\/08\/CRESCENT-MOON-HOTEL-74.webp\" alt=\"CRESCENT MOON HOTEL (74)\" \/>\t\t<\/div>\r\n\t\t\t\t<\/div>\t\t\t\t\t<\/div>\r\n\t\t\t\t\t\t<div class=\"grid-item\">\r\n\t\t\t\t\t\t<div class=\"nuss-box\">\t\t<div class=\"nuss-image image\">\r\n\t\t\t<img decoding=\"async\"  src=\"https:\/\/crescentmoonhotel.com\/wp-content\/uploads\/2025\/08\/CRESCENT-MOON-HOTEL-73.webp\" alt=\"CRESCENT MOON HOTEL (73)\" \/>\t\t<\/div>\r\n\t\t\t\t<\/div>\t\t\t\t\t<\/div>\r\n\t\t\t\t\t\t<div class=\"grid-item\">\r\n\t\t\t\t\t\t<div class=\"nuss-box\">\t\t<div class=\"nuss-image image\">\r\n\t\t\t<img decoding=\"async\"  src=\"https:\/\/crescentmoonhotel.com\/wp-content\/uploads\/2025\/08\/CRESCENT-MOON-HOTEL-39.webp\" alt=\"CRESCENT MOON HOTEL (39)\" \/>\t\t<\/div>\r\n\t\t\t\t<\/div>\t\t\t\t\t<\/div>\r\n\t\t\t\t\t\t<div class=\"grid-item\">\r\n\t\t\t\t\t\t<div class=\"nuss-box\">\t\t<div class=\"nuss-image image\">\r\n\t\t\t<img decoding=\"async\"  src=\"https:\/\/crescentmoonhotel.com\/wp-content\/uploads\/2025\/08\/CRESCENT-MOON-HOTEL-38.webp\" alt=\"CRESCENT MOON HOTEL (38)\" \/>\t\t<\/div>\r\n\t\t\t\t<\/div>\t\t\t\t\t<\/div>\r\n\t\t\t\t\t\t<div class=\"grid-item\">\r\n\t\t\t\t\t\t<div class=\"nuss-box\">\t\t<div class=\"nuss-image image\">\r\n\t\t\t<img decoding=\"async\"  src=\"https:\/\/crescentmoonhotel.com\/wp-content\/uploads\/2025\/08\/CRESCENT-MOON-HOTEL-37.webp\" alt=\"CRESCENT MOON HOTEL (37)\" \/>\t\t<\/div>\r\n\t\t\t\t<\/div>\t\t\t\t\t<\/div>\r\n\t\t\t\t\t\t<div class=\"grid-item\">\r\n\t\t\t\t\t\t<div class=\"nuss-box\">\t\t<div class=\"nuss-image image\">\r\n\t\t\t<img decoding=\"async\"  src=\"https:\/\/crescentmoonhotel.com\/wp-content\/uploads\/2025\/08\/CRESCENT-MOON-HOTEL-34.webp\" alt=\"CRESCENT MOON HOTEL (34)\" \/>\t\t<\/div>\r\n\t\t\t\t<\/div>\t\t\t\t\t<\/div>\r\n\t\t\t\t\t\t<div class=\"grid-item\">\r\n\t\t\t\t\t\t<div class=\"nuss-box\">\t\t<div class=\"nuss-image image\">\r\n\t\t\t<img decoding=\"async\"  src=\"https:\/\/crescentmoonhotel.com\/wp-content\/uploads\/2025\/08\/CRESCENT-MOON-HOTEL-33.webp\" alt=\"CRESCENT MOON HOTEL (33)\" \/>\t\t<\/div>\r\n\t\t\t\t<\/div>\t\t\t\t\t<\/div>\r\n\t\t\t\t\t\t<div class=\"grid-item\">\r\n\t\t\t\t\t\t<div class=\"nuss-box\">\t\t<div class=\"nuss-image image\">\r\n\t\t\t<img decoding=\"async\"  src=\"https:\/\/crescentmoonhotel.com\/wp-content\/uploads\/2025\/08\/CRESCENT-MOON-HOTEL-32.webp\" alt=\"CRESCENT MOON HOTEL (32)\" \/>\t\t<\/div>\r\n\t\t\t\t<\/div>\t\t\t\t\t<\/div>\r\n\t\t\t\t\t\t<div class=\"grid-item\">\r\n\t\t\t\t\t\t<div class=\"nuss-box\">\t\t<div class=\"nuss-image image\">\r\n\t\t\t<img decoding=\"async\"  src=\"https:\/\/crescentmoonhotel.com\/wp-content\/uploads\/2025\/08\/CRESCENT-MOON-HOTEL-1.webp\" alt=\"CRESCENT MOON HOTEL (1)\" \/>\t\t<\/div>\r\n\t\t\t\t<\/div>\t\t\t\t\t<\/div>\r\n\t\t\t\t\t\t\t\r\n\t\t\t<\/div>\r\n\t\t<\/div>\r\n\t\t\t\t\t\t<\/div>\n\t\t\t\t<\/div>\n\t\t\t\t\t<\/div>\n\t\t\t\t<\/div>\n\t\t<div class=\"elementor-element elementor-element-947deb3 e-flex e-con-boxed e-con e-parent\" data-id=\"947deb3\" data-element_type=\"container\" data-e-type=\"container\">\n\t\t\t\t\t<div class=\"e-con-inner\">\n\t\t\t\t<div class=\"elementor-element elementor-element-4689f26 elementor-widget elementor-widget-text-editor\" data-id=\"4689f26\" data-element_type=\"widget\" data-e-type=\"widget\" data-widget_type=\"text-editor.default\">\n\t\t\t\t\t\t\t\t\t<p data-spm-anchor-id=\"a2ty_o01.29997173.0.i71.49d6c921Qs43kP\">Eingebettet in das ruhige und stilvolle Ambiente von <strong>Crescent Moon Hotel<\/strong> bei <strong>Nr. 3, Majiahuayuan Road, Bezirk Jinniu, Chengdu<\/strong>, bietet ein kulinarisches Erlebnis, das Tradition und moderne Eleganz auf wunderbare Weise verbindet \u2013 das Markenzeichen des Hotels <strong>Fr\u00fchst\u00fccksrestaurant<\/strong>, von den G\u00e4sten liebevoll als das Herzst\u00fcck eines perfekten Morgens in Sichuan bezeichnet.<\/p><p>Unser Restaurant ist mehr als nur ein Ort, an dem Sie eine Mahlzeit genie\u00dfen k\u00f6nnen. Es ist ein Ort, an dem Sie Geschmack, Komfort und lokale Kultur zelebrieren. T\u00e4glich ge\u00f6ffnet von <strong>7:00 bis 12:00 Uhr<\/strong>bietet das Restaurant eine <strong>reichhaltiges Buffet<\/strong> das das Beste pr\u00e4sentiert von <strong>Chinesische und westliche kulinarische Traditionen<\/strong>, sorgf\u00e4ltig zusammengestellt, um jeden Gaumen zufriedenzustellen. Egal, ob Sie Ihren Tag mit dampfenden <strong>Dim Sum nach Sichuan-Art<\/strong>, duftend <strong>Congee mit eingelegtem Gem\u00fcse<\/strong>, flauschig <strong>Mantou-Br\u00f6tchen<\/strong>oder eine westliche Verbreitung von <strong>frisches Geb\u00e4ck, R\u00fchrei, W\u00fcrstchen und saisonale Fr\u00fcchte<\/strong>, jeder Bissen wird mit Sorgfalt und Qualit\u00e4t zubereitet.<\/p><p>Das Ambiente ist ebenso einladend \u2013<strong>modern, hell und romantisch<\/strong>, mit sanfter Beleuchtung, klaren Linien und einem offenen, luftigen Layout, das das Fr\u00fchst\u00fcck wie einen Moment der Ruhe wirken l\u00e4sst, bevor man die pulsierende Stadt Chengdu erkundet. Der exklusiv f\u00fcr Hotelg\u00e4ste konzipierte Speiseraum bietet ein privates, entspanntes Erlebnis \u2013 perfekt f\u00fcr Paare auf einem romantischen Ausflug, Familien, die einen Tag mit Panda-Beobachtung beginnen, oder Gesch\u00e4ftsreisende, die sich auf ein produktives Meeting vorbereiten.<\/p><p>Obwohl das Fr\u00fchst\u00fcck unser Highlight ist, endet die kulinarische Reise hier nicht. G\u00e4ste k\u00f6nnen auch genie\u00dfen <strong>Nachmittagstee<\/strong> serviert in der ruhigen <strong>Teestube<\/strong>, ein ruhiger Ort, an dem die Kunst der Sichuan-Teekultur lebendig wird. Genie\u00dfen Sie lokal bezogene <strong>Mengding Ganlu<\/strong> oder <strong>Jiuding Xueya<\/strong> Gr\u00fcner Tee, w\u00e4hrend Sie sich k\u00f6stliches Geb\u00e4ck und herzhafte Snacks g\u00f6nnen \u2013 eine perfekte Pause in Ihrem Tag.<\/p><p>F\u00fcr diejenigen, die Lust auf einen Geschmack von lokalem Flair haben, <strong>Lobby-Caf\u00e9 und Bar<\/strong> bieten eine gem\u00fctliche Atmosph\u00e4re f\u00fcr Kaffee, kleine Snacks oder einen Drink am Abend. Ob ein warmer Cappuccino zum Start in den Morgen oder ein wohltuender Kr\u00e4utertee nach einem Bad im <strong>kostenloser Suppenpool im Freien<\/strong>, unser Getr\u00e4nkeservice ist darauf ausgelegt, Ihren Aufenthalt mit ruhigem Genuss abzurunden.<\/p><p>Was unser Restaurant wirklich auszeichnet, ist die <strong>Liebe zum Detail und Zufriedenheit der G\u00e4ste<\/strong>Mit einem <strong>9,6\/10 Bewertung f\u00fcr Sauberkeit und Service<\/strong>und begeisterte Kritiken von Reisenden weltweit, das Essen und die Gastfreundschaft hier haben eine treue Anh\u00e4ngerschaft gewonnen. G\u00e4ste loben immer wieder die <strong>tolles Personal<\/strong>, <strong>gro\u00dfz\u00fcgige Sitzgelegenheiten<\/strong>, Und <strong>riesige Auswahl an Speisen<\/strong>, und viele bezeichnen es als eines der besten Hotelfr\u00fchst\u00fccke, die sie in China erlebt haben.<\/p><blockquote><p><em>\u201eDas Fr\u00fchst\u00fcck war gut \u2013 tolles Personal, sehr zuvorkommend! Tolle Auswahl an Dim Sum, Eiern, Geb\u00e4ck und frischem Obst.\u201c<\/em><br \/>\u2014 <strong>International Omega Man 1911, 17. August 2025<\/strong><\/p><\/blockquote><p>Obwohl wir vor Ort keinen kompletten Abendessenservice anbieten, <strong>Concierge- und Rezeptionsteam<\/strong> sind immer bereit, zu empfehlen und zu arrangieren <strong>lokale Take-out-Favoriten<\/strong>, von feurig <strong>Chongqing-Eintopf<\/strong> zu authentisch <strong>Chengdu Dan Dan Nudeln<\/strong>. Das Speisen im Zimmer ist einfach und bequem, mit der M\u00f6glichkeit, \u00fcber <strong>Didi<\/strong> oder lokale Liefer-Apps, oft unterst\u00fctzt von unserem hilfsbereiten Personal.<\/p><p>Liegt nur <strong>890 Meter vom U-Bahnhof Huapaifang entfernt<\/strong>Vom Crescent Moon Hotel aus erreichen Sie bequem die ber\u00fchmtesten kulinarischen Ziele von Chengdu \u2013<strong>Jinli-Stra\u00dfe<\/strong>, <strong>Kuanzhai-Gasse<\/strong>, Und <strong>Chunxi-Stra\u00dfe<\/strong>\u2013 doch viele G\u00e4ste m\u00f6chten die friedliche kulinarische Oase des Hotels gar nicht verlassen.<\/p><p data-spm-anchor-id=\"a2ty_o01.29997173.0.i73.49d6c921Qs43kP\">Bei <strong>Crescent Moon Hotel<\/strong>Wir glauben, dass gutes Essen mehr ist als nur Nahrung \u2013 es ist ein <strong>Tor zu Verbindung, Komfort und Kultur<\/strong>. Ob Sie unter den Lichtern des Dachgartens Tee trinken oder ein herzhaftes Fr\u00fchst\u00fcck genie\u00dfen, bevor Sie die <strong>Panda-Basis<\/strong>, unser Restaurant ist darauf ausgerichtet, K\u00f6rper und Seele zu n\u00e4hren.<\/p><p data-spm-anchor-id=\"a2ty_o01.29997173.0.i74.49d6c921Qs43kP\"><strong>Kommen Sie hungrig. Gehen Sie gl\u00fccklich. Erleben Sie die Aromen von Sichuan im Crescent Moon.<\/strong><\/p>\t\t\t\t\t\t\t\t<\/div>\n\t\t\t\t\t<\/div>\n\t\t\t\t<\/div>\n\t\t\t\t<section class=\"elementor-section elementor-top-section elementor-element elementor-element-306c366f elementor-section-stretched elementor-section-boxed elementor-section-gap-beside-yes elementor-section-height-default elementor-section-height-default elementor-section-column-vertical-align-stretch\" data-id=\"306c366f\" data-element_type=\"section\" data-e-type=\"section\" data-settings=\"{&quot;background_background&quot;:&quot;classic&quot;,&quot;stretch_section&quot;:&quot;section-stretched&quot;}\">\n\t\t\t\t\t\t<div class=\"elementor-container elementor-column-gap-extended\">\n\t\t\t\t\t<div class=\"elementor-column elementor-col-100 elementor-top-column elementor-element elementor-element-5876ff9d\" data-id=\"5876ff9d\" data-element_type=\"column\" data-e-type=\"column\">\n\t\t\t<div class=\"elementor-widget-wrap elementor-element-populated\">\n\t\t\t\t\t\t<div class=\"elementor-element elementor-element-378048b2 elementor-widget elementor-widget-heading\" data-id=\"378048b2\" data-element_type=\"widget\" data-e-type=\"widget\" data-widget_type=\"heading.default\">\n\t\t\t\t\t<h2 class=\"elementor-heading-title elementor-size-default\">Verf\u00fcgbarkeit pr\u00fcfen <\/h2>\t\t\t\t<\/div>\n\t\t\t\t<div class=\"elementor-element elementor-element-215a1089 elementor-widget elementor-widget-text-editor\" data-id=\"215a1089\" data-element_type=\"widget\" data-e-type=\"widget\" data-widget_type=\"text-editor.default\">\n\t\t\t\t\t\t\t\t\t<iframe border=\"0\" src=\"https:\/\/www.trip.com\/partners\/ad\/S5088477?Allianceid=4590391&#038;SID=253731934&#038;trip_sub1=\" style=\"width:900px;height:200px\" frameborder=\"0\" scrolling=\"no\" id=\"S5088477\"><\/iframe>\t\t\t\t\t\t\t\t<\/div>\n\t\t\t\t\t<\/div>\n\t\t<\/div>\n\t\t\t\t\t<\/div>\n\t\t<\/section>\n\t\t\t\t<\/div>","protected":false},"excerpt":{"rendered":"<p>Savor the Flavor of Chengdu: Discover the Culinary Heart of Crescent Moon Hotel Nestled within the serene and stylish ambiance of Crescent Moon Hotel at No. 3, Majiahuayuan Road, Jinniu District, Chengdu, lies a dining experience that beautifully bridges tradition and modern elegance\u2014the hotel\u2019s signature Breakfast Restaurant, affectionately known by guests as the heart of [&hellip;]<\/p>\n","protected":false},"author":1,"featured_media":0,"parent":0,"menu_order":0,"comment_status":"closed","ping_status":"closed","template":"","meta":{"footnotes":""},"class_list":["post-612","page","type-page","status-publish","hentry","post-no-thumbnail"],"_links":{"self":[{"href":"https:\/\/crescentmoonhotel.com\/de\/wp-json\/wp\/v2\/pages\/612","targetHints":{"allow":["GET"]}}],"collection":[{"href":"https:\/\/crescentmoonhotel.com\/de\/wp-json\/wp\/v2\/pages"}],"about":[{"href":"https:\/\/crescentmoonhotel.com\/de\/wp-json\/wp\/v2\/types\/page"}],"author":[{"embeddable":true,"href":"https:\/\/crescentmoonhotel.com\/de\/wp-json\/wp\/v2\/users\/1"}],"replies":[{"embeddable":true,"href":"https:\/\/crescentmoonhotel.com\/de\/wp-json\/wp\/v2\/comments?post=612"}],"version-history":[{"count":0,"href":"https:\/\/crescentmoonhotel.com\/de\/wp-json\/wp\/v2\/pages\/612\/revisions"}],"wp:attachment":[{"href":"https:\/\/crescentmoonhotel.com\/de\/wp-json\/wp\/v2\/media?parent=612"}],"curies":[{"name":"wp","href":"https:\/\/api.w.org\/{rel}","templated":true}]}}