{"id":647,"date":"2021-03-29T02:13:52","date_gmt":"2021-03-29T02:13:52","guid":{"rendered":"http:\/\/localhost\/nuss\/?page_id=647"},"modified":"2025-08-29T14:35:46","modified_gmt":"2025-08-29T14:35:46","slug":"dienstleistungen","status":"publish","type":"page","link":"https:\/\/crescentmoonhotel.com\/de\/dienstleistungen\/","title":{"rendered":"Leistungen"},"content":{"rendered":"<div data-elementor-type=\"wp-page\" data-elementor-id=\"647\" class=\"elementor elementor-647\">\n\t\t\t\t\t\t<section class=\"elementor-section elementor-top-section elementor-element elementor-element-3353bc8 elementor-section-boxed elementor-section-gap-beside-yes elementor-section-height-default elementor-section-height-default elementor-section-column-vertical-align-stretch\" data-id=\"3353bc8\" data-element_type=\"section\" data-e-type=\"section\">\n\t\t\t\t\t\t<div class=\"elementor-container elementor-column-gap-extended\">\n\t\t\t\t\t<div class=\"elementor-column elementor-col-100 elementor-top-column elementor-element elementor-element-0a2bc64\" data-id=\"0a2bc64\" data-element_type=\"column\" data-e-type=\"column\">\n\t\t\t<div class=\"elementor-widget-wrap elementor-element-populated\">\n\t\t\t\t\t\t<div class=\"elementor-element elementor-element-447e3ef elementor-widget__width-initial elementor-invisible elementor-widget elementor-widget-text-editor\" data-id=\"447e3ef\" data-element_type=\"widget\" data-e-type=\"widget\" data-settings=\"{&quot;_animation&quot;:&quot;nussFadeInUp&quot;}\" data-widget_type=\"text-editor.default\">\n\t\t\t\t\t\t\t\t\t<p><strong data-spm-anchor-id=\"a2ty_o01.29997173.0.i77.49d6c921Qs43kP\">Der aufmerksame Service des Crescent Moon Hotels, Chengdu<\/strong><\/p>\t\t\t\t\t\t\t\t<\/div>\n\t\t\t\t\t<\/div>\n\t\t<\/div>\n\t\t\t\t\t<\/div>\n\t\t<\/section>\n\t\t<div class=\"elementor-element elementor-element-d229abf e-flex e-con-boxed e-con e-parent\" data-id=\"d229abf\" data-element_type=\"container\" data-e-type=\"container\">\n\t\t\t\t\t<div class=\"e-con-inner\">\n\t\t\t\t<div class=\"elementor-element elementor-element-06bc860 elementor-widget elementor-widget-text-editor\" data-id=\"06bc860\" data-element_type=\"widget\" data-e-type=\"widget\" data-widget_type=\"text-editor.default\">\n\t\t\t\t\t\t\t\t\t<p>Bei <strong>Crescent Moon Hotel<\/strong>, eingebettet in die pulsierende <strong>Bezirk Jinniu<\/strong> bei <strong>Nr. 3, Majiahuayuan Stra\u00dfe, Chengdu<\/strong>Service ist keine Checkliste, sondern eine Philosophie. Er\u00f6ffnet in <strong>2025<\/strong>Dieses moderne 4-Sterne-Boutique-Hotel hat die Gastfreundschaft in Sichuan schnell neu definiert, indem es nahtlos miteinander verschmolz <strong>Spitzentechnologie<\/strong>, <strong>Sichuan W\u00e4rme<\/strong>, Und <strong>aufmerksame pers\u00f6nliche Betreuung<\/strong> in ein G\u00e4steerlebnis, das sowohl innovativ als auch zutiefst menschlich ist.<\/p><p data-spm-anchor-id=\"a2ty_o01.29997173.0.i79.49d6c921Qs43kP\">Von dem Moment an, in dem Sie ankommen, werden Sie nicht nur begr\u00fc\u00dft \u2013 Sie werden erwartet. Egal, ob Sie per <strong>elektronisches ID-Leseger\u00e4t<\/strong> F\u00fcr eine schnelle, kontaktlose Ankunft oder die Begr\u00fc\u00dfung durch einen l\u00e4chelnden Mitarbeiter, der Ihnen mit dem Gep\u00e4ck und lokalen Tipps behilflich ist, ist jede Interaktion darauf ausgerichtet, Ihren Aufenthalt m\u00fchelos, intuitiv und unvergesslich zu machen.<\/p><h3><strong>Intelligente Dienste f\u00fcr den modernen Reisenden<\/strong><\/h3><p>Crescent Moon Hotel begr\u00fc\u00dft die Zukunft mit <strong>intelligente, technisch erweiterte Dienste<\/strong> die den Komfort erh\u00f6hen, ohne dabei Abstriche beim Komfort zu machen. Eines der am meisten diskutierten Features ist die <strong>Serviceroboterflotte<\/strong> der durch die Flure gleitet und Wasserflaschen direkt auf Ihr Zimmer liefert. Das ist nicht nur eine Neuheit \u2013 es ist ein Symbol f\u00fcr das Engagement des Hotels f\u00fcr Effizienz, Sauberkeit und futuristische Gastfreundschaft.<\/p><p>Der <strong>intelligentes W\u00e4schesystem<\/strong> Angebote <strong>kostenloser W\u00e4scheservice vor Ort<\/strong>, komplett mit Waschmittel, W\u00e4schetrockner und Dampfger\u00e4t \u2013 perfekt f\u00fcr l\u00e4ngere Aufenthalte oder Gesch\u00e4ftsreisende, die frische Kleidung ben\u00f6tigen. F\u00fcr zus\u00e4tzliche Sicherheit und Komfort, <strong>Schlie\u00dff\u00e4cher<\/strong> sind an der Rezeption erh\u00e4ltlich und G\u00e4ste k\u00f6nnen Wertsachen im <strong>Safe an der Rezeption<\/strong>.<\/p><p>Check-in und Check-out sind auf Schnelligkeit und Komfort ausgelegt, mit <strong>Express-Optionen<\/strong> Und <strong>24-Stunden-Support an der Rezeption<\/strong>. Der <strong>Bel\u00fcftungssystem<\/strong> Und <strong>Video\u00fcberwachte \u00f6ffentliche Bereiche<\/strong> Sorgen Sie w\u00e4hrend Ihres gesamten Aufenthalts f\u00fcr eine sichere, saubere und komfortable Umgebung.<\/p><h3><strong>Wellness &amp; Entspannung: Wo K\u00f6rper und Geist zur Ruhe kommen<\/strong><\/h3><p>Im Mittelpunkt der Servicephilosophie des Crescent Moon Hotels steht <strong>Wellness<\/strong>. Wir glauben, dass wahrer Luxus in der Verj\u00fcngung liegt \u2013 und deshalb bieten wir eine Reihe von <strong>kostenlose Wellness-Annehmlichkeiten<\/strong> die weit \u00fcber das Gew\u00f6hnliche hinausgehen.<\/p><p>G\u00e4ste genie\u00dfen kostenlosen Zugang zu einem <strong>kostenloser Suppenpool im Freien<\/strong> Und <strong>hei\u00dfe Quellen<\/strong>, eine seltene und gesch\u00e4tzte Besonderheit im st\u00e4dtischen Chengdu. Diese mineralreichen B\u00e4der, inspiriert von traditionellen chinesischen Wellness-Praktiken, sind perfekt, um m\u00fcde Muskeln nach einem Tag voller Erkundungen der Tempel und Teeh\u00e4user der Stadt zu entspannen. Das angrenzende <strong>Liegewiese<\/strong> Und <strong>Garten<\/strong> bieten einen ruhigen Ort zum Entspannen unter freiem Himmel.<\/p><p>Der <strong>voll ausgestattetes Fitnessstudio<\/strong> ist ge\u00f6ffnet <strong>24\/7 und kostenlos f\u00fcr alle G\u00e4ste<\/strong>, mit modernen Cardio- und Krafttrainingsger\u00e4ten. Egal, ob Sie Fr\u00fchaufsteher oder Nachteule sind, Ihr Fitnessprogramm bleibt ungest\u00f6rt.<\/p><p>F\u00fcr die stille Kontemplation bietet sich die <strong>Bibliothek<\/strong> Und <strong>Teestube<\/strong> bieten friedliche R\u00fcckzugsorte mit B\u00fcchern, beruhigender Musik und erstklassigen Sichuan-Tees \u2013 ideal f\u00fcr Alleinreisende, Telearbeiter oder Paare, die einen Moment der Ruhe suchen.<\/p><h3><strong>Personalisierte Pflege: Die menschliche Note<\/strong><\/h3><p>W\u00e4hrend die Technologie unsere Effizienz steigert, ist es die <strong>menschliches Element<\/strong> das zeichnet unseren Service aus. Unsere <strong>24-Stunden-Concierge- und Rezeptionsteam<\/strong> werden in G\u00e4stebewertungen regelm\u00e4\u00dfig f\u00fcr ihre <strong>Professionalit\u00e4t, Freundlichkeit und Probleml\u00f6sungsf\u00e4higkeiten<\/strong>.<\/p><p>G\u00e4ste haben besonders hervorgehoben <strong>Rezeptionistin Huang<\/strong> daf\u00fcr, dass sie \u201e\u00fcber das \u00dcbliche hinausgehen\u201c und bei allem helfen, von <strong>lokales Essen zum Mitnehmen bestellen<\/strong> Zu <strong>Standorte auf Karten anheften<\/strong> und die Beantwortung von Fragen prompt. Die Damen am Check-in werden auch h\u00e4ufig f\u00fcr ihre <strong>W\u00e4rme und Liebe zum Detail<\/strong>.<\/p><p>Wir bieten <strong>Butler-Service<\/strong>\u2013 nicht als Luxus-Zusatz, sondern als Standard der Pflege. Von <strong>Weckrufe<\/strong> Zu <strong>Gep\u00e4ckaufbewahrung (kostenlos)<\/strong>, <strong>Tour- und Ticketbuchung<\/strong>, Und <strong>Taxi- oder Mietwagenvereinbarungen<\/strong>, unser Team sorgt daf\u00fcr, dass Ihre Anforderungen mit Anmut und Pr\u00e4zision erf\u00fcllt werden.<\/p><h3><strong>Familienfreundliche und kindgerechte Dienstleistungen<\/strong><\/h3><p>Crescent Moon Hotel ist ein Favorit unter Familien, dank seiner durchdachten <strong>kinderfreundliche Dienstleistungen<\/strong>. Der <strong>Vierbettzimmersuite mit Panda-Thema<\/strong> beinhaltet eine <strong>Kinderzelt<\/strong>, <strong>Minik\u00fchlschrank<\/strong>und eine lustige Einrichtung, die die j\u00fcngeren G\u00e4ste begeistert.<\/p><p>Wir bieten <strong>Kinderhausschuhe, Badem\u00e4ntel, Zahnb\u00fcrsten<\/strong>und sogar <strong>B\u00fccher und Videos<\/strong> um die Kleinen zu unterhalten. Die <strong>Kinderbecken<\/strong> bietet sicheres Spielen im flachen Wasser und Kinder unter <strong>1,2 Meter<\/strong> genie\u00dfen <strong>kostenloses Fr\u00fchst\u00fcck<\/strong>\u2013 eine kleine Geste, die f\u00fcr Familien einen gro\u00dfen Unterschied macht.<\/p><h3><strong>Gesch\u00e4fts- und Meeting-Services f\u00fcr Gesch\u00e4ftsreisende<\/strong><\/h3><p>Egal, ob Sie f\u00fcr eine Konferenz, ein Kundentreffen oder f\u00fcr die Fernarbeit in Chengdu sind, unsere <strong>Unternehmensdienstleistungen<\/strong> Stellen Sie sicher, dass Sie produktiv und verbunden bleiben.<\/p><p>Das Hotel verf\u00fcgt \u00fcber eine <strong>Mehrzweckraum<\/strong>, <strong>Konferenzraum (gegen Aufpreis verf\u00fcgbar)<\/strong>, Und <strong>Coworking-Bereiche<\/strong> ausgestattet mit <strong>Multimedia-Anzeigesysteme<\/strong>, <strong>Soundsysteme<\/strong>, Und <strong>Highspeed-WLAN<\/strong>Wir bieten auch <strong>Sekretariatsdienste<\/strong>, <strong>Fax und Fotokopieren (kostenlos)<\/strong>, <strong>Postdienst<\/strong>, Und <strong>Zugang zum Business Center<\/strong>.<\/p><p>F\u00fcr diejenigen, die Veranstaltungen oder Pr\u00e4sentationen veranstalten, unsere <strong>PA- und Soundsystem<\/strong> Und <strong>professionelle Einrichtungsunterst\u00fctzung<\/strong> sorgen f\u00fcr ein nahtloses Erlebnis.<\/p><h3><strong>Speisen und kulinarische Dienstleistungen: Ein Vorgeschmack auf Chengdu<\/strong><\/h3><p>Obwohl wir keinen kompletten Zimmerservice anbieten, <strong>Fr\u00fchst\u00fccksrestaurant<\/strong> ist ein Highlight des Gasterlebnisses. Servieren einer <strong>Buffet mit chinesischen und westlichen Gerichten<\/strong> aus <strong>7:00 bis 12:00 Uhr<\/strong>Es bietet frische Dim Sum, Congee, Eier auf Bestellung, Geb\u00e4ck und Obst der Saison. Erwachsene und Kinder (1,2\u20131,5\u00a0M) k\u00f6nnen gegen eine geringe Geb\u00fchr ein Fr\u00fchst\u00fcck dazubuchen.<\/p><p>Der <strong>Caf\u00e9 und Lobbybar<\/strong> bieten eine gem\u00fctliche Atmosph\u00e4re f\u00fcr Kaffee, Tee oder einen abendlichen Drink. G\u00e4ste genie\u00dfen auch <strong>Nachmittagstee<\/strong> im Teezimmer ein ruhiges Ritual, das die Eleganz der Teekultur von Sichuan widerspiegelt.<\/p><p>Obwohl <strong>Flughafentransfers werden nicht angeboten<\/strong>, unsere Mitarbeiter k\u00f6nnen problemlos arrangieren <strong>Taxibuchungen<\/strong> oder <strong>Mietwagen<\/strong>, Und <strong>Didi<\/strong> (Chinas Ride-Hailing-App) ist erschwinglich und bequem von der nahegelegenen <strong>U-Bahnhof Huapaifang (890 m)<\/strong>.<\/p><h3><strong>Nachhaltigkeit, Sicherheit und Zug\u00e4nglichkeit<\/strong><\/h3><p>Wir priorisieren <strong>Sicherheit und Zug\u00e4nglichkeit<\/strong> mit <strong>Video\u00fcberwachung in \u00f6ffentlichen Bereichen<\/strong>, <strong>Feuermelder<\/strong>, <strong>Rauchmelder<\/strong>, <strong>Sicherheitspersonal<\/strong>, Und <strong>optische Alarmger\u00e4te<\/strong> f\u00fcr G\u00e4ste mit H\u00f6rbehinderung. Die <strong>Haupteingang ist stufenlos<\/strong>, Und <strong>Handl\u00e4ufe<\/strong> und ein <strong>Poolrampe<\/strong> Zug\u00e4nglichkeit f\u00fcr alle gew\u00e4hrleisten.<\/p><p>Unser <strong>Garten<\/strong>, <strong>Grillplatz (gegen Aufpreis)<\/strong>, Und <strong>Gartenm\u00f6bel<\/strong> einladende Gemeinschaftsr\u00e4ume zu schaffen, w\u00e4hrend die <strong>Geschenkeladen<\/strong> Und <strong>Zugang zum Aufzug<\/strong> tragen zum Gesamtkomfort bei.<\/p><div class=\"py-2 my-3\"><hr \/><\/div><h3><strong>Ein neuer Standard in der Gastfreundschaft von Chengdu<\/strong><\/h3><p>Bei <strong>Crescent Moon Hotel<\/strong>, Service bedeutet nicht, mehr zu tun, sondern <strong>es besser machen<\/strong>. Es liegt im leisen Summen eines Roboters, der um Mitternacht Wasser liefert, in der W\u00e4rme eines Mitarbeiters, der sich an Ihren Namen erinnert, und in der Stille eines Bades auf dem Dach unter einem Sternenhimmel.<\/p><p>Mit einem <strong>9,7\/10 Bewertung f\u00fcr den Service<\/strong> von \u00fcber <strong>1.559 verifizierte G\u00e4ste<\/strong>haben wir einen neuen Ma\u00dfstab daf\u00fcr gesetzt, was ein Hotel in Chengdu sein kann: <strong>klug, gelassen und gef\u00fchlvoll<\/strong>.<\/p><p>Dies ist nicht nur ein Ort zum \u00dcbernachten.<br \/>Hier wird Ihre Reise mit Sorgfalt, Neugier und stiller Exzellenz begleitet.<\/p><p data-spm-anchor-id=\"a2ty_o01.29997173.0.i81.49d6c921Qs43kP\"><strong>Willkommen im Crescent Moon Hotel \u2013 wo jeder Service eine Geste des Willkommens ist und sich jeder Aufenthalt wie ein Nachhausekommen anf\u00fchlt.<\/strong><\/p>\t\t\t\t\t\t\t\t<\/div>\n\t\t\t\t\t<\/div>\n\t\t\t\t<\/div>\n\t\t\t\t<section class=\"elementor-section elementor-top-section elementor-element elementor-element-6f4374c4 elementor-section-stretched elementor-section-boxed elementor-section-gap-beside-yes elementor-section-height-default elementor-section-height-default elementor-section-column-vertical-align-stretch\" data-id=\"6f4374c4\" data-element_type=\"section\" data-e-type=\"section\" data-settings=\"{&quot;background_background&quot;:&quot;classic&quot;,&quot;stretch_section&quot;:&quot;section-stretched&quot;}\">\n\t\t\t\t\t\t<div class=\"elementor-container elementor-column-gap-extended\">\n\t\t\t\t\t<div class=\"elementor-column elementor-col-100 elementor-top-column elementor-element elementor-element-4c0e198f\" data-id=\"4c0e198f\" data-element_type=\"column\" data-e-type=\"column\">\n\t\t\t<div class=\"elementor-widget-wrap elementor-element-populated\">\n\t\t\t\t\t\t<div class=\"elementor-element elementor-element-647b2467 elementor-widget elementor-widget-heading\" data-id=\"647b2467\" data-element_type=\"widget\" data-e-type=\"widget\" data-widget_type=\"heading.default\">\n\t\t\t\t\t<h2 class=\"elementor-heading-title elementor-size-default\">Verf\u00fcgbarkeit pr\u00fcfen <\/h2>\t\t\t\t<\/div>\n\t\t\t\t<div class=\"elementor-element elementor-element-4045c282 elementor-widget elementor-widget-text-editor\" data-id=\"4045c282\" data-element_type=\"widget\" data-e-type=\"widget\" data-widget_type=\"text-editor.default\">\n\t\t\t\t\t\t\t\t\t<iframe border=\"0\" src=\"https:\/\/www.trip.com\/partners\/ad\/S5088477?Allianceid=4590391&#038;SID=253731934&#038;trip_sub1=\" style=\"width:900px;height:200px\" frameborder=\"0\" scrolling=\"no\" id=\"S5088477\"><\/iframe>\t\t\t\t\t\t\t\t<\/div>\n\t\t\t\t\t<\/div>\n\t\t<\/div>\n\t\t\t\t\t<\/div>\n\t\t<\/section>\n\t\t\t\t<\/div>","protected":false},"excerpt":{"rendered":"<p>The Thoughtful Services of Crescent Moon Hotel, Chengdu At Crescent Moon Hotel, nestled in the vibrant Jinniu District at No. 3, Majiahuayuan Road, Chengdu, service is not a checklist\u2014it\u2019s a philosophy. Opened in 2025, this modern 4-star boutique hotel has quickly redefined hospitality in Sichuan by seamlessly blending cutting-edge technology, Sichuan warmth, and attentive personal [&hellip;]<\/p>\n","protected":false},"author":1,"featured_media":0,"parent":0,"menu_order":0,"comment_status":"closed","ping_status":"closed","template":"","meta":{"footnotes":""},"class_list":["post-647","page","type-page","status-publish","hentry","post-no-thumbnail"],"_links":{"self":[{"href":"https:\/\/crescentmoonhotel.com\/de\/wp-json\/wp\/v2\/pages\/647","targetHints":{"allow":["GET"]}}],"collection":[{"href":"https:\/\/crescentmoonhotel.com\/de\/wp-json\/wp\/v2\/pages"}],"about":[{"href":"https:\/\/crescentmoonhotel.com\/de\/wp-json\/wp\/v2\/types\/page"}],"author":[{"embeddable":true,"href":"https:\/\/crescentmoonhotel.com\/de\/wp-json\/wp\/v2\/users\/1"}],"replies":[{"embeddable":true,"href":"https:\/\/crescentmoonhotel.com\/de\/wp-json\/wp\/v2\/comments?post=647"}],"version-history":[{"count":0,"href":"https:\/\/crescentmoonhotel.com\/de\/wp-json\/wp\/v2\/pages\/647\/revisions"}],"wp:attachment":[{"href":"https:\/\/crescentmoonhotel.com\/de\/wp-json\/wp\/v2\/media?parent=647"}],"curies":[{"name":"wp","href":"https:\/\/api.w.org\/{rel}","templated":true}]}}