{"id":2104,"date":"2021-03-23T09:33:48","date_gmt":"2021-03-23T09:33:48","guid":{"rendered":"http:\/\/localhost\/nuss\/?page_id=167"},"modified":"2025-08-29T14:12:25","modified_gmt":"2025-08-29T14:12:25","slug":"nuestra-historia","status":"publish","type":"page","link":"https:\/\/crescentmoonhotel.com\/es\/nuestra-historia\/","title":{"rendered":"Nuestra historia"},"content":{"rendered":"<div data-elementor-type=\"wp-page\" data-elementor-id=\"2104\" class=\"elementor elementor-2104\">\n\t\t\t\t\t\t<section class=\"elementor-section elementor-top-section elementor-element elementor-element-8f5bb9d elementor-section-boxed elementor-section-gap-beside-yes elementor-section-height-default elementor-section-height-default elementor-section-column-vertical-align-stretch\" data-id=\"8f5bb9d\" data-element_type=\"section\" data-e-type=\"section\">\n\t\t\t\t\t\t<div class=\"elementor-container elementor-column-gap-extended\">\n\t\t\t\t\t<div class=\"elementor-column elementor-col-100 elementor-top-column elementor-element elementor-element-7ec4215\" data-id=\"7ec4215\" data-element_type=\"column\" data-e-type=\"column\">\n\t\t\t<div class=\"elementor-widget-wrap elementor-element-populated\">\n\t\t\t\t\t\t<div class=\"elementor-element elementor-element-edd9d03 elementor-widget__width-initial elementor-invisible elementor-widget elementor-widget-text-editor\" data-id=\"edd9d03\" data-element_type=\"widget\" data-e-type=\"widget\" data-settings=\"{&quot;_animation&quot;:&quot;nussFadeInUp&quot;}\" data-widget_type=\"text-editor.default\">\n\t\t\t\t\t\t\t\t\t<p><strong data-spm-anchor-id=\"a2ty_o01.29997173.0.i66.49d6c921Qs43kP\">El auge del Hotel Crescent Moon: donde la visi\u00f3n moderna se fusiona con la hospitalidad atemporal<\/strong><\/p>\t\t\t\t\t\t\t\t<\/div>\n\t\t\t\t\t<\/div>\n\t\t<\/div>\n\t\t\t\t\t<\/div>\n\t\t<\/section>\n\t\t<div class=\"elementor-element elementor-element-de5f543 e-flex e-con-boxed e-con e-parent\" data-id=\"de5f543\" data-element_type=\"container\" data-e-type=\"container\">\n\t\t\t\t\t<div class=\"e-con-inner\">\n\t\t\t\t<div class=\"elementor-element elementor-element-e23d345 elementor-widget elementor-widget-text-editor\" data-id=\"e23d345\" data-element_type=\"widget\" data-e-type=\"widget\" data-widget_type=\"text-editor.default\">\n\t\t\t\t\t\t\t\t\t<p>En el coraz\u00f3n de Chengdu, una ciudad famosa por su sabidur\u00eda ancestral, sus paisajes po\u00e9ticos y el apacible ritmo de la vida sichuanista, surge un nuevo cap\u00edtulo en la hospitalidad. <strong>No. 3, carretera Majiahuayuan, distrito de Jinniu<\/strong>, donde la tradici\u00f3n abraza silenciosamente la innovaci\u00f3n, se encuentra <strong>Hotel Crescent Moon<\/strong>, un santuario que nace no s\u00f3lo de ladrillos y dise\u00f1o, sino de una profunda creencia: que cada viaje merece un hogar lleno de alma.<\/p><p>Nuestra historia comienza en <strong>2025<\/strong>, no con gran fanfarria, sino con intenci\u00f3n discreta. Concebido y llevado a la vida por <strong>Chengdu Crescent Selected Hotel Management Co., Ltd.<\/strong>El Crescent Moon Hotel fue concebido como algo m\u00e1s que un lugar para descansar: fue dise\u00f1ado para ser un <strong>oasis moderno<\/strong> Para el viajero curioso, el profesional ocupado, la familia en una aventura y el so\u00f1ador que busca un momento de quietud bajo las estrellas.<\/p><p>El nombre <em>Luna creciente<\/em> no es una mera elecci\u00f3n est\u00e9tica. Simboliza <strong>nuevos comienzos<\/strong>, <strong>luz suave en la oscuridad<\/strong>Y la serena belleza del equilibrio entre la tecnolog\u00eda y el tacto, entre la energ\u00eda urbana y la serenidad del remanso de paz. As\u00ed como la luna se alza suavemente sobre los tejados de Chengdu, nuestro objetivo es iluminar su estancia con sutil elegancia, un servicio atento y momentos de placer inesperado.<\/p><p>Desde el primer plano, nuestra misi\u00f3n fue clara: crear un <strong>Experiencia boutique de 4 estrellas<\/strong> que honra tanto el esp\u00edritu de Sichuan como las necesidades del hu\u00e9sped moderno. No solo construimos habitaciones, sino que las dise\u00f1amos. <strong>espacios inteligentes y conmovedores<\/strong> donde cada detalle cuenta una historia. Desde el <strong>Colchones King Koil Rubyluxe<\/strong> que te acunan en un profundo consuelo, a la <strong>almohadas de presi\u00f3n cero<\/strong> Dise\u00f1ado para un descanso perfecto, cada elemento se elige con cuidado. Nuestro <strong>salas de cine l\u00e1ser con pantalla gigante<\/strong> Te invitamos a contemplar las estrellas desde tu cama, mientras <strong>jard\u00edn privado en la azotea<\/strong> y <strong>Piscina de sopa al aire libre gratuita<\/strong> Ofrecemos una escapada tranquila bajo el cielo abierto.<\/p><p>Pero un hotel no se define solo por sus comodidades, sino por su gente y su prop\u00f3sito. En Crescent Moon Hotel, creemos en <strong>servicio \u00edntimo<\/strong>\u2014el tipo que recuerda tu nombre, se anticipa a tus necesidades y se esfuerza al m\u00e1ximo. Nuestro equipo, inspirado por la calidez de la famosa hospitalidad de Chengdu, ofrece <strong>atenci\u00f3n estilo mayordomo<\/strong> con una sonrisa, ya sea preparando su t\u00e9 de la ma\u00f1ana, gui\u00e1ndolo al mejor hot pot local o ayud\u00e1ndolo a recorrer la ciudad con facilidad.<\/p><p>Nosotros tambi\u00e9n abrazamos el futuro. Como uno de los m\u00e1s <strong>Hoteles tecnol\u00f3gicamente avanzados en Chengdu<\/strong>, presentamos <strong>robots de servicio<\/strong> que se deslizan por los pasillos entregando agua embotellada, <strong>registro de identificaci\u00f3n electr\u00f3nica<\/strong> para una llegada sin problemas y <strong>sistemas de lavander\u00eda inteligentes<\/strong> que hacen que su viaje sea sencillo. Sin embargo, a pesar de toda nuestra innovaci\u00f3n, nunca perdemos el toque humano, porque el verdadero lujo no est\u00e1 en la automatizaci\u00f3n, sino en <strong>El sentimiento de ser visto, bienvenido y cuidado.<\/strong>.<\/p><p>Nuestra ubicaci\u00f3n en <strong>Distrito de Jinniu<\/strong> nos sit\u00faa en la encrucijada de la cultura y la conveniencia. <strong>A 890 metros de la estaci\u00f3n de metro Huapaifang<\/strong>Ofrecemos f\u00e1cil acceso a <strong>Callej\u00f3n Kuanzhai<\/strong>, <strong>Calle Jinli<\/strong>, <strong>Monasterio Wenshuyuan<\/strong>, y el <strong>Base de pandas de Chengdu<\/strong>\u2014sin embargo, seguimos siendo un remanso de paz, protegido del ajetreo de la ciudad. Ya sea que est\u00e9 aqu\u00ed para explorar templos antiguos, hacer negocios o simplemente relajarse, encontrar\u00e1 que... <strong>Crescent Moon Hotel es a la vez una puerta de entrada y un refugio<\/strong>.<\/p><p>Abrimos nuestras puertas con una promesa: ser <strong>relucientemente limpio<\/strong>, <strong>excepcionalmente c\u00f3modo<\/strong>, y <strong>profundamente atento<\/strong>La respuesta ha sido humillante. Con m\u00e1s de <strong>1.559 opiniones de hu\u00e9spedes<\/strong> y un <strong>Calificaci\u00f3n de 9.6\/10<\/strong> Por nuestro servicio, limpieza y precio, viajeros de todo el mundo nos han calificado como &quot;una joya escondida&quot;, &quot;perfectos para familias&quot; y &quot;una de las mejores estancias en Chengdu&quot;. Sus historias \u2014de recuerdos de luna de miel, \u00e9xitos empresariales y momentos de tranquilidad junto a las aguas termales\u2014 ahora forman parte de las nuestras.<\/p><p><strong>Hotel Crescent Moon<\/strong> A\u00fan es joven, pero nuestra historia ya se escribe en las sonrisas de nuestros hu\u00e9spedes, el vapor que sale de nuestros ba\u00f1os en la azotea y el suave resplandor de las luces de nuestro vest\u00edbulo a medianoche. No somos solo un hotel, somos un <strong>experiencia de vida<\/strong>, evolucionando con cada estad\u00eda, cada sugerencia y cada amanecer sobre Majiahuayuan Road.<\/p><p>Esta es nuestra historia.<br \/>Y ahora te invitamos a ser parte de ello.<\/p><p data-spm-anchor-id=\"a2ty_o01.29997173.0.i67.49d6c921Qs43kP\"><strong>Bienvenido a Crescent Moon Hotel, donde cada estad\u00eda comienza con una tranquila promesa de comodidad, atenci\u00f3n y conexi\u00f3n.<\/strong><\/p>\t\t\t\t\t\t\t\t<\/div>\n\t\t\t\t\t<\/div>\n\t\t\t\t<\/div>\n\t\t\t\t<section class=\"elementor-section elementor-top-section elementor-element elementor-element-fb7cf58 elementor-section-stretched elementor-section-boxed elementor-section-gap-beside-yes elementor-section-height-default elementor-section-height-default elementor-section-column-vertical-align-stretch\" data-id=\"fb7cf58\" data-element_type=\"section\" data-e-type=\"section\" data-settings=\"{&quot;background_background&quot;:&quot;classic&quot;,&quot;stretch_section&quot;:&quot;section-stretched&quot;}\">\n\t\t\t\t\t\t<div class=\"elementor-container elementor-column-gap-extended\">\n\t\t\t\t\t<div class=\"elementor-column elementor-col-100 elementor-top-column elementor-element elementor-element-540a472e\" data-id=\"540a472e\" data-element_type=\"column\" data-e-type=\"column\">\n\t\t\t<div class=\"elementor-widget-wrap elementor-element-populated\">\n\t\t\t\t\t\t<div class=\"elementor-element elementor-element-3a46903e elementor-widget elementor-widget-heading\" data-id=\"3a46903e\" data-element_type=\"widget\" data-e-type=\"widget\" data-widget_type=\"heading.default\">\n\t\t\t\t\t<h2 class=\"elementor-heading-title elementor-size-default\">Consultar disponibilidad <\/h2>\t\t\t\t<\/div>\n\t\t\t\t<div class=\"elementor-element elementor-element-1b18a970 elementor-widget elementor-widget-text-editor\" data-id=\"1b18a970\" data-element_type=\"widget\" data-e-type=\"widget\" data-widget_type=\"text-editor.default\">\n\t\t\t\t\t\t\t\t\t<iframe border=\"0\" src=\"https:\/\/www.trip.com\/partners\/ad\/S5088477?Allianceid=4590391&#038;SID=253731934&#038;trip_sub1=\" style=\"width:900px;height:200px\" frameborder=\"0\" scrolling=\"no\" id=\"S5088477\"><\/iframe>\t\t\t\t\t\t\t\t<\/div>\n\t\t\t\t\t<\/div>\n\t\t<\/div>\n\t\t\t\t\t<\/div>\n\t\t<\/section>\n\t\t\t\t<\/div>","protected":false},"excerpt":{"rendered":"<p>The Rise of Crescent Moon Hotel \u2013 Where Modern Vision Meets Timeless Hospitality In the heart of Chengdu\u2014a city renowned for its ancient wisdom, poetic landscapes, and the gentle rhythm of Sichuan life\u2014there emerges a new chapter in hospitality. At No. 3, Majiahuayuan Road, Jinniu District, where tradition quietly embraces innovation, stands Crescent Moon Hotel, [&hellip;]<\/p>\n","protected":false},"author":1,"featured_media":0,"parent":0,"menu_order":0,"comment_status":"closed","ping_status":"closed","template":"","meta":{"footnotes":""},"class_list":["post-2104","page","type-page","status-publish","hentry","post-no-thumbnail"],"_links":{"self":[{"href":"https:\/\/crescentmoonhotel.com\/es\/wp-json\/wp\/v2\/pages\/2104","targetHints":{"allow":["GET"]}}],"collection":[{"href":"https:\/\/crescentmoonhotel.com\/es\/wp-json\/wp\/v2\/pages"}],"about":[{"href":"https:\/\/crescentmoonhotel.com\/es\/wp-json\/wp\/v2\/types\/page"}],"author":[{"embeddable":true,"href":"https:\/\/crescentmoonhotel.com\/es\/wp-json\/wp\/v2\/users\/1"}],"replies":[{"embeddable":true,"href":"https:\/\/crescentmoonhotel.com\/es\/wp-json\/wp\/v2\/comments?post=2104"}],"version-history":[{"count":0,"href":"https:\/\/crescentmoonhotel.com\/es\/wp-json\/wp\/v2\/pages\/2104\/revisions"}],"wp:attachment":[{"href":"https:\/\/crescentmoonhotel.com\/es\/wp-json\/wp\/v2\/media?parent=2104"}],"curies":[{"name":"wp","href":"https:\/\/api.w.org\/{rel}","templated":true}]}}