{"id":2106,"date":"2021-03-25T04:08:26","date_gmt":"2021-03-25T04:08:26","guid":{"rendered":"http:\/\/localhost\/nuss\/?page_id=298"},"modified":"2025-08-29T12:42:44","modified_gmt":"2025-08-29T12:42:44","slug":"resenas-de-la-experiencia-del-cliente","status":"publish","type":"page","link":"https:\/\/crescentmoonhotel.com\/es\/resenas-de-la-experiencia-del-cliente\/","title":{"rendered":"Experiencia y opiniones de clientes"},"content":{"rendered":"<div data-elementor-type=\"wp-page\" data-elementor-id=\"2106\" class=\"elementor elementor-2106\">\n\t\t\t\t\t\t<section class=\"elementor-section elementor-top-section elementor-element elementor-element-1954ffc elementor-section-boxed elementor-section-gap-beside-yes elementor-section-height-default elementor-section-height-default elementor-section-column-vertical-align-stretch\" data-id=\"1954ffc\" data-element_type=\"section\" data-e-type=\"section\">\n\t\t\t\t\t\t<div class=\"elementor-container elementor-column-gap-extended\">\n\t\t\t\t\t<div class=\"elementor-column elementor-col-100 elementor-top-column elementor-element elementor-element-86aebc5\" data-id=\"86aebc5\" data-element_type=\"column\" data-e-type=\"column\">\n\t\t\t<div class=\"elementor-widget-wrap elementor-element-populated\">\n\t\t\t\t\t\t<div class=\"elementor-element elementor-element-11803d1 elementor-widget__width-initial elementor-invisible elementor-widget elementor-widget-text-editor\" data-id=\"11803d1\" data-element_type=\"widget\" data-e-type=\"widget\" data-settings=\"{&quot;_animation&quot;:&quot;nussFadeInUp&quot;}\" data-widget_type=\"text-editor.default\">\n\t\t\t\t\t\t\t\t\t<p><strong data-spm-anchor-id=\"a2ty_o01.29997173.0.i54.49d6c921Qs43kP\">Hu\u00e9spedes reales, elogios reales: descubra por qu\u00e9 a los viajeros les encanta el Crescent Moon Hotel en Chengdu.<\/strong><\/p>\t\t\t\t\t\t\t\t<\/div>\n\t\t\t\t\t<\/div>\n\t\t<\/div>\n\t\t\t\t\t<\/div>\n\t\t<\/section>\n\t\t<div class=\"elementor-element elementor-element-59bc9ab e-flex e-con-boxed e-con e-parent\" data-id=\"59bc9ab\" data-element_type=\"container\" data-e-type=\"container\">\n\t\t\t\t\t<div class=\"e-con-inner\">\n\t\t\t\t<div class=\"elementor-element elementor-element-6174101 elementor-widget elementor-widget-text-editor\" data-id=\"6174101\" data-element_type=\"widget\" data-e-type=\"widget\" data-widget_type=\"text-editor.default\">\n\t\t\t\t\t\t\t\t\t<p>Al elegir un lugar para alojarse en una ciudad vibrante como <strong>Chengdu<\/strong>Las rese\u00f1as de los viajeros son m\u00e1s que simples comentarios: son una ventana a la verdadera experiencia del hu\u00e9sped. En <strong>Hotel Crescent Moon<\/strong>, ubicado en <strong>No. 3, carretera Majiahuayuan, distrito de Jinniu<\/strong>El veredicto es claro: los hu\u00e9spedes no solo quedan impresionados, sino encantados. Con un servicio estelar <strong>Calificaci\u00f3n de los hu\u00e9spedes: 9,6\/10<\/strong> basado en m\u00e1s de <strong>1.559 rese\u00f1as verificadas<\/strong> en <strong>Trip.com<\/strong>y excelentes comentarios en las plataformas de viajes en l\u00ednea, este hotel boutique de 4 estrellas recientemente inaugurado se ha convertido r\u00e1pidamente en uno de los alojamientos m\u00e1s comentados de la ciudad.<\/p><p>Desde su dise\u00f1o elegante y moderno y sus comodidades inteligentes hasta su excepcional servicio y ambiente sereno, el Crescent Moon Hotel redefine lo que significa disfrutar de una estancia memorable y c\u00f3moda en Chengdu. Tanto si viaja por placer explorando la rica cultura de Sichuan como si viaja por negocios con una agenda apretada, las opiniones de antiguos hu\u00e9spedes cuentan una historia coherente: <strong>Este es un hotel que supera las expectativas.<\/strong>.<\/p><h3><strong>Lo que dicen los invitados: Una sinfon\u00eda de elogios<\/strong><\/h3><p>En <strong>Trip.com<\/strong>, una de las principales plataformas de viajes de China, Crescent Moon Hotel destaca por su <strong>Excelente limpieza (puntuaci\u00f3n 9,6)<\/strong>, <strong>servicio de primer nivel (9,7\/10)<\/strong>, y <strong>Servicios cuidadosamente dise\u00f1ados<\/strong>Los viajeros destacan constantemente la <strong>habitaciones impecables<\/strong>, <strong>personal servicial<\/strong>, y <strong>Caracter\u00edsticas \u00fanicas en la habitaci\u00f3n<\/strong> que hacen que su estad\u00eda se sienta lujosa y personalizada.<\/p><blockquote><p><em>Fuimos aqu\u00ed durante nuestra luna de miel, nuestra primera vez en Chengdu. Nos encant\u00f3 el hotel y el personal fue incre\u00edble, muy servicial y amable. El hotel estaba impecable y limpiaban la habitaci\u00f3n todos los d\u00edas. Todo estaba impecable, el desayuno era muy variado. \u00a1Nos encantar\u00eda volver!<\/em><br \/>\u2014 <strong>Lingyi Sun, 10 de agosto de 2025<\/strong><\/p><\/blockquote><p>Este sentimiento se refleja en m\u00faltiples rese\u00f1as, donde los hu\u00e9spedes elogian el <strong>limpieza diaria<\/strong>, <strong>ba\u00f1os relucientes<\/strong>, y el <strong>atenci\u00f3n al detalle<\/strong>-de <strong>Colchones King Koil Rubyluxe<\/strong> a <strong>almohadas de presi\u00f3n cero<\/strong> que garantizan una noche de sue\u00f1o reparador.<\/p><p>Otro invitado, un visitante habitual de Chengdu, comparti\u00f3:<\/p><blockquote><p><em>Excelente hotel con un personal excepcional. Habitaci\u00f3n bien equipada, c\u00f3moda y limpia. Las comodidades de la habitaci\u00f3n, como el dispensador de agua caliente y la mininevera, fueron muy pr\u00e1cticas. Las recepcionistas fueron especialmente amables y profesionales.<\/em><br \/>\u2014 <strong>Usuario invitado, 17 de abril de 2025<\/strong><\/p><\/blockquote><h3><strong>Un servicio que brilla: el toque humano en un hotel inteligente<\/strong><\/h3><p>Mientras que Crescent Moon Hotel adopta la tecnolog\u00eda, presentando <strong>robots de servicio<\/strong> que entregan agua embotellada y <strong>registro de identificaci\u00f3n electr\u00f3nica<\/strong>\u2014es el <strong>elemento humano<\/strong> Eso realmente conquista corazones. Muchos hu\u00e9spedes han mencionado a miembros del personal por su nombre, particularmente <strong>Recepcionista Huang<\/strong>, por ir m\u00e1s all\u00e1.<\/p><blockquote><p><em>Queremos agradecer al recepcionista Huang por su gran dedicaci\u00f3n. Nos ayud\u00f3 much\u00edsimo con los pedidos para llevar, la localizaci\u00f3n de las ubicaciones y respondi\u00f3 a todas nuestras preguntas con prontitud. Su amabilidad hizo que nuestro viaje fuera mucho m\u00e1s llevadero.<\/em><br \/>\u2014 <strong>Usuario invitado, 28 de abril de 2025<\/strong><\/p><\/blockquote><p>Este nivel de <strong>servicio personalizado y atento<\/strong> es un sello distintivo de la experiencia Crescent Moon. Ya sea organizando taxis, recomendando restaurantes locales o ayudando con cambios de \u00faltima hora, el <strong>Recepci\u00f3n 24 horas y equipo de conserjer\u00eda<\/strong> Son constantemente elogiados por su <strong>profesionalismo, paciencia y calidez<\/strong>.<\/p><h3><strong>Un hotel que equilibra innovaci\u00f3n y comodidad<\/strong><\/h3><p>Uno de los aspectos m\u00e1s singulares del Crescent Moon Hotel es su combinaci\u00f3n de <strong>Tecnolog\u00eda moderna y hospitalidad tradicional<\/strong>Los hu\u00e9spedes quedan fascinados por la <strong>asistentes robot<\/strong> que se deslizan por los pasillos, suministrando agua con una eficiencia silenciosa que a\u00f1ade un toque futurista a la estancia.<\/p><blockquote><p><em>Disfrutamos mucho del robot que sub\u00eda a traernos botellas de agua. \u00a1El gimnasio tambi\u00e9n estuvo genial! La azotea con los ba\u00f1os de sopa y las bonitas luces fue lo mejor; nos relaj\u00e1bamos all\u00ed todas las noches.<\/em><br \/>\u2014 <strong>Engelhardt, 4 de agosto de 2025<\/strong><\/p><\/blockquote><p>El <strong>Piscina de sopa al aire libre gratuita<\/strong> y <strong>aguas termales<\/strong> se mencionan con frecuencia como caracter\u00edsticas destacadas, ofreciendo una experiencia de bienestar \u00fanica y lujosa en el coraz\u00f3n de la ciudad. Si bien un hu\u00e9sped expres\u00f3 su deseo de que las aguas termales est\u00e9n completamente operativas, la opini\u00f3n general es abrumadoramente positiva, y muchos consideran que la zona de la azotea es... <strong>\u201coasis escondido\u201d<\/strong> Perfecto para relajarse despu\u00e9s de un d\u00eda explorando Chengdu.<\/p><h3><strong>Ideal para familias, parejas y viajeros solitarios<\/strong><\/h3><p>El hotel se adapta a todo tipo de viajeros. A las familias les encanta... <strong>Suite cu\u00e1druple tem\u00e1tica Runaround Panda<\/strong>, completo con un <strong>Tienda de campa\u00f1a para ni\u00f1os y mininevera<\/strong>, que se ha convertido en uno de los favoritos entre los hu\u00e9spedes que viajan con ni\u00f1os.<\/p><blockquote><p><em>Nuestros hijos quedaron encantados con la habitaci\u00f3n tem\u00e1tica y la peque\u00f1a carpa. El personal les dio pantuflas y cepillos de dientes; se sintieron muy especiales. La piscina infantil tambi\u00e9n fue un detalle muy agradable.<\/em><br \/>\u2014 <strong>Chloe Lim LiZh, 10 de abril de 2025<\/strong><\/p><\/blockquote><p>Las parejas en escapadas rom\u00e1nticas aprecian la <strong>ambiente \u00edntimo<\/strong>, <strong>habitaciones modernas<\/strong>, y <strong>vistas desde la azotea<\/strong>, mientras que los viajeros solitarios y los hu\u00e9spedes de negocios valoran la <strong>biblioteca tranquila<\/strong>, <strong>Gimnasio abierto las 24 horas<\/strong>, y <strong>espacios favorables para el coworking<\/strong>.<\/p><h3><strong>Ubicaci\u00f3n y accesibilidad: Cerca de todo, pero tranquilo.<\/strong><\/h3><p>Situado justo <strong>A 890 metros de la estaci\u00f3n de metro Huapaifang<\/strong>El Crescent Moon Hotel ofrece <strong>excelente conectividad<\/strong> a las principales atracciones de Chengdu. Los hu\u00e9spedes aprecian la facilidad de acceso a <strong>Callej\u00f3n Kuanzhai<\/strong>, <strong>Calle Jinli<\/strong>, <strong>Carretera Chunxi<\/strong>, <strong>Taikoo Li<\/strong>, y el <strong>Base Panda<\/strong>, todo a un corto viaje en metro o Didi.<\/p><blockquote><p><em>La ubicaci\u00f3n era buena, aunque un poco lejos de la estaci\u00f3n principal de metro, pero Didi es barato y pr\u00e1ctico. Llegamos a todas partes f\u00e1cilmente.<\/em><br \/>\u2014 <strong>Usuario invitado, 17 de abril de 2025<\/strong><\/p><\/blockquote><p>A pesar de su entorno urbano, los hu\u00e9spedes destacan constantemente la <strong>atm\u00f3sfera pac\u00edfica<\/strong> del hotel, elogiando la <strong>habitaciones insonorizadas<\/strong> y <strong>tranquilo jard\u00edn en la azotea<\/strong> como un escape bienvenido del ajetreo de la ciudad.<\/p><h3><strong>Desayuno, cena y peque\u00f1as imperfecciones<\/strong><\/h3><p>El <strong>desayuno buffet diario<\/strong>, sirviendo tanto <strong>Opciones chinas y occidentales<\/strong> de 7:00 AM a 12:00 PM, recibe altas calificaciones por <strong>variedad y calidad<\/strong>.<\/p><blockquote><p><em>El desayuno estuvo bueno. El personal fue incre\u00edble y muy atento. Gran variedad de dim sum, huevos, pasteles y fruta fresca.<\/em><br \/>\u2014 <strong>Hombre Omega Internacional 1911, 17 de agosto de 2025<\/strong><\/p><\/blockquote><p>Algunos hu\u00e9spedes han mencionado \u00e1reas menores de mejora, como <strong>ventilaci\u00f3n en ciertas habitaciones<\/strong> o <strong>olores ocasionales a cigarrillos<\/strong> de \u00e1reas adyacentes, comentarios que probablemente el hotel est\u00e9 abordando a medida que contin\u00faa refinando sus operaciones.<\/p><h3><strong>\u00bfPor qu\u00e9 Crescent Moon Hotel destaca en las plataformas OTA?<\/strong><\/h3><p>En <strong>Trip.com<\/strong>El Crescent Moon Hotel se clasifica como un <strong>Los 18 mejores hoteles de 4 estrellas de Chengdu<\/strong>, elogiado por su <strong>\u201creci\u00e9n inaugurado\u201d<\/strong> estado, <strong>\u201crelucientemente limpio\u201d<\/strong> medio ambiente y <strong>\u201cestacionamiento gratuito\u201d<\/strong>\u2014una ventaja rara y valiosa en la ciudad. La combinaci\u00f3n de <strong>habitaciones inteligentes<\/strong>, <strong>acceso gratuito al gimnasio<\/strong>, <strong>aguas termales<\/strong>, y <strong>servicio estilo mayordomo<\/strong> crea una propuesta de valor dif\u00edcil de superar.<\/p><p>Si bien el hotel a\u00fan no figura ampliamente en el listado, <strong>TripAdvisor<\/strong>Su r\u00e1pido aumento en la satisfacci\u00f3n de los hu\u00e9spedes y las reservas repetidas sugiere que est\u00e1 a punto de convertirse en un <strong>joya reconocida mundialmente<\/strong> En la escena hotelera de Chengdu. A medida que m\u00e1s viajeros internacionales descubran sus encantos, las rese\u00f1as seguramente aumentar\u00e1n, reflejando los mismos temas de <strong>limpieza, comodidad, amabilidad e innovaci\u00f3n<\/strong>.<\/p><div class=\"py-2 my-3\"><hr \/><\/div><h3><strong>Experimente la diferencia de la luna creciente<\/strong><\/h3><p>M\u00e1s que un lugar para dormir, <strong>Hotel Crescent Moon<\/strong> se ha convertido en un destino en s\u00ed mismo, un lugar donde <strong>La tecnolog\u00eda se une a la tradici\u00f3n<\/strong>, <strong>El servicio se une a la sinceridad<\/strong>, y <strong>Cada hu\u00e9sped se siente como un VIP<\/strong>.<\/p><p>Con el respaldo de cientos de <strong>Rese\u00f1as verificadas de cinco estrellas<\/strong>y mejorando continuamente en funci\u00f3n de los comentarios de los hu\u00e9spedes, este hotel est\u00e1 estableciendo un nuevo est\u00e1ndar para <strong>Hospitalidad moderna y consciente en Chengdu<\/strong>.<\/p><p>Ya sea que vengas por los pandas, el t\u00e9 o la olla picante, aseg\u00farate de que tu estad\u00eda sea igualmente inolvidable.<br \/><strong>Elija Crescent Moon Hotel, donde cada rese\u00f1a cuenta una historia de comodidad, atenci\u00f3n y conexi\u00f3n.<\/strong><\/p><p data-spm-anchor-id=\"a2ty_o01.29997173.0.i53.49d6c921Qs43kP\"><em>Reserve su estad\u00eda hoy y forme parte del creciente coro de viajeros que han encontrado su escapada perfecta a Chengdu bajo el suave resplandor de la luna creciente.<\/em><\/p>\t\t\t\t\t\t\t\t<\/div>\n\t\t\t\t\t<\/div>\n\t\t\t\t<\/div>\n\t\t\t\t<section class=\"elementor-section elementor-top-section elementor-element elementor-element-6e6713fb elementor-section-stretched elementor-section-boxed elementor-section-gap-beside-yes elementor-section-height-default elementor-section-height-default elementor-section-column-vertical-align-stretch\" data-id=\"6e6713fb\" data-element_type=\"section\" data-e-type=\"section\" data-settings=\"{&quot;background_background&quot;:&quot;classic&quot;,&quot;stretch_section&quot;:&quot;section-stretched&quot;}\">\n\t\t\t\t\t\t<div class=\"elementor-container elementor-column-gap-extended\">\n\t\t\t\t\t<div class=\"elementor-column elementor-col-100 elementor-top-column elementor-element elementor-element-4c1f27df\" data-id=\"4c1f27df\" data-element_type=\"column\" data-e-type=\"column\">\n\t\t\t<div class=\"elementor-widget-wrap elementor-element-populated\">\n\t\t\t\t\t\t<div class=\"elementor-element elementor-element-7ce39c16 elementor-widget elementor-widget-heading\" data-id=\"7ce39c16\" data-element_type=\"widget\" data-e-type=\"widget\" data-widget_type=\"heading.default\">\n\t\t\t\t\t<h2 class=\"elementor-heading-title elementor-size-default\">Consultar disponibilidad <\/h2>\t\t\t\t<\/div>\n\t\t\t\t<div class=\"elementor-element elementor-element-6176e4be elementor-widget elementor-widget-text-editor\" data-id=\"6176e4be\" data-element_type=\"widget\" data-e-type=\"widget\" data-widget_type=\"text-editor.default\">\n\t\t\t\t\t\t\t\t\t<iframe border=\"0\" src=\"https:\/\/www.trip.com\/partners\/ad\/S5088477?Allianceid=4590391&#038;SID=253731934&#038;trip_sub1=\" style=\"width:900px;height:200px\" frameborder=\"0\" scrolling=\"no\" id=\"S5088477\"><\/iframe>\t\t\t\t\t\t\t\t<\/div>\n\t\t\t\t\t<\/div>\n\t\t<\/div>\n\t\t\t\t\t<\/div>\n\t\t<\/section>\n\t\t\t\t<\/div>","protected":false},"excerpt":{"rendered":"<p>Real Guests, Real Praise: Discover Why Travelers Love Crescent Moon Hotel in Chengdu When choosing a place to stay in a vibrant city like Chengdu, traveler reviews are more than just feedback\u2014they\u2019re a window into the true guest experience. At Crescent Moon Hotel, located at No. 3, Majiahuayuan Road, Jinniu District, the verdict is clear: [&hellip;]<\/p>\n","protected":false},"author":1,"featured_media":0,"parent":0,"menu_order":0,"comment_status":"closed","ping_status":"closed","template":"","meta":{"footnotes":""},"class_list":["post-2106","page","type-page","status-publish","hentry","post-no-thumbnail"],"_links":{"self":[{"href":"https:\/\/crescentmoonhotel.com\/es\/wp-json\/wp\/v2\/pages\/2106","targetHints":{"allow":["GET"]}}],"collection":[{"href":"https:\/\/crescentmoonhotel.com\/es\/wp-json\/wp\/v2\/pages"}],"about":[{"href":"https:\/\/crescentmoonhotel.com\/es\/wp-json\/wp\/v2\/types\/page"}],"author":[{"embeddable":true,"href":"https:\/\/crescentmoonhotel.com\/es\/wp-json\/wp\/v2\/users\/1"}],"replies":[{"embeddable":true,"href":"https:\/\/crescentmoonhotel.com\/es\/wp-json\/wp\/v2\/comments?post=2106"}],"version-history":[{"count":0,"href":"https:\/\/crescentmoonhotel.com\/es\/wp-json\/wp\/v2\/pages\/2106\/revisions"}],"wp:attachment":[{"href":"https:\/\/crescentmoonhotel.com\/es\/wp-json\/wp\/v2\/media?parent=2106"}],"curies":[{"name":"wp","href":"https:\/\/api.w.org\/{rel}","templated":true}]}}