{"id":2109,"date":"2021-03-26T08:35:58","date_gmt":"2021-03-26T08:35:58","guid":{"rendered":"http:\/\/localhost\/nuss\/?page_id=536"},"modified":"2025-08-29T11:43:40","modified_gmt":"2025-08-29T11:43:40","slug":"instalaciones-comerciales","status":"publish","type":"page","link":"https:\/\/crescentmoonhotel.com\/es\/instalaciones-comerciales\/","title":{"rendered":"Instalaciones comerciales"},"content":{"rendered":"<div data-elementor-type=\"wp-page\" data-elementor-id=\"2109\" class=\"elementor elementor-2109\">\n\t\t\t\t\t\t<section class=\"elementor-section elementor-top-section elementor-element elementor-element-bb2901b elementor-section-boxed elementor-section-gap-beside-yes elementor-section-height-default elementor-section-height-default elementor-section-column-vertical-align-stretch\" data-id=\"bb2901b\" data-element_type=\"section\" data-e-type=\"section\">\n\t\t\t\t\t\t<div class=\"elementor-container elementor-column-gap-extended\">\n\t\t\t\t\t<div class=\"elementor-column elementor-col-100 elementor-top-column elementor-element elementor-element-1919db9\" data-id=\"1919db9\" data-element_type=\"column\" data-e-type=\"column\">\n\t\t\t<div class=\"elementor-widget-wrap elementor-element-populated\">\n\t\t\t\t\t\t<div class=\"elementor-element elementor-element-41a7b9c elementor-widget__width-initial elementor-invisible elementor-widget elementor-widget-text-editor\" data-id=\"41a7b9c\" data-element_type=\"widget\" data-e-type=\"widget\" data-settings=\"{&quot;_animation&quot;:&quot;nussFadeInUp&quot;}\" data-widget_type=\"text-editor.default\">\n\t\t\t\t\t\t\t\t\t<p>La sala de juntas de nuestro hotel ofrece un espacio de reuniones privado y elegante en el coraz\u00f3n de Nueva York para grupos de 8 a 10 personas. Para su comodidad, ofrecemos paquetes de coffee break.<\/p>\t\t\t\t\t\t\t\t<\/div>\n\t\t\t\t\t<\/div>\n\t\t<\/div>\n\t\t\t\t\t<\/div>\n\t\t<\/section>\n\t\t<div class=\"elementor-element elementor-element-cd53bbb e-flex e-con-boxed e-con e-parent\" data-id=\"cd53bbb\" data-element_type=\"container\" data-e-type=\"container\">\n\t\t\t\t\t<div class=\"e-con-inner\">\n\t\t\t\t<div class=\"elementor-element elementor-element-0aec690 elementor-widget elementor-widget-nuss-image-gallery\" data-id=\"0aec690\" data-element_type=\"widget\" data-e-type=\"widget\" data-widget_type=\"nuss-image-gallery.default\">\n\t\t\t\t<div class=\"elementor-widget-container\">\n\t\t\t\t\t\t\t<div class=\"nuss-grid-wrapper\" data-grid=\"{&quot;type&quot;:&quot;grid&quot;,&quot;ratio&quot;:null,&quot;columns&quot;:3,&quot;gutter&quot;:30}\">\r\n\t\t\t<div class=\"nuss-grid lazy-grid\">\r\n\t\t\t\t<div class=\"grid-sizer\"><\/div>\r\n\r\n\t\t\t\t\t\t\t\t\t\t\t\t<div class=\"grid-item\">\r\n\t\t\t\t\t\t<div class=\"nuss-box\">\t\t<div class=\"nuss-image image\">\r\n\t\t\t<img decoding=\"async\"  src=\"https:\/\/crescentmoonhotel.com\/wp-content\/uploads\/2025\/08\/CRESCENT-MOON-HOTEL-57.webp\" alt=\"HOTEL LUNA CRECIENTE (57)\" \/>\t\t<\/div>\r\n\t\t\t\t<\/div>\t\t\t\t\t<\/div>\r\n\t\t\t\t\t\t<div class=\"grid-item\">\r\n\t\t\t\t\t\t<div class=\"nuss-box\">\t\t<div class=\"nuss-image image\">\r\n\t\t\t<img decoding=\"async\"  src=\"https:\/\/crescentmoonhotel.com\/wp-content\/uploads\/2025\/08\/CRESCENT-MOON-HOTEL-56.webp\" alt=\"HOTEL LUNA CRECIENTE (56)\" \/>\t\t<\/div>\r\n\t\t\t\t<\/div>\t\t\t\t\t<\/div>\r\n\t\t\t\t\t\t<div class=\"grid-item\">\r\n\t\t\t\t\t\t<div class=\"nuss-box\">\t\t<div class=\"nuss-image image\">\r\n\t\t\t<img decoding=\"async\"  src=\"https:\/\/crescentmoonhotel.com\/wp-content\/uploads\/2025\/08\/CRESCENT-MOON-HOTEL-55.webp\" alt=\"HOTEL LUNA CRECIENTE (55)\" \/>\t\t<\/div>\r\n\t\t\t\t<\/div>\t\t\t\t\t<\/div>\r\n\t\t\t\t\t\t\t\r\n\t\t\t<\/div>\r\n\t\t<\/div>\r\n\t\t\t\t\t\t<\/div>\n\t\t\t\t<\/div>\n\t\t\t\t\t<\/div>\n\t\t\t\t<\/div>\n\t\t<div class=\"elementor-element elementor-element-3e152a5 e-flex e-con-boxed e-con e-parent\" data-id=\"3e152a5\" data-element_type=\"container\" data-e-type=\"container\">\n\t\t\t\t\t<div class=\"e-con-inner\">\n\t\t\t\t<div class=\"elementor-element elementor-element-cee76f2 elementor-widget elementor-widget-text-editor\" data-id=\"cee76f2\" data-element_type=\"widget\" data-e-type=\"widget\" data-widget_type=\"text-editor.default\">\n\t\t\t\t\t\t\t\t\t<p>En <strong>Hotel Crescent Moon<\/strong>, ubicado en el din\u00e1mico <strong>Distrito de Jinniu<\/strong> de Chengdu en <strong>No. 3, Carretera Majiahuayuan<\/strong>Los viajes de negocios se reinventan como una combinaci\u00f3n perfecta de innovaci\u00f3n, comodidad y eficiencia. Dise\u00f1ado pensando en el profesional moderno, nuestro hotel ofrece una completa gama de... <strong>Instalaciones para negocios y reuniones<\/strong> que atienden a emprendedores, equipos corporativos y trabajadores remotos que buscan un entorno productivo pero inspirador, ya sea que est\u00e9n organizando una reuni\u00f3n de alto riesgo, prepar\u00e1ndose para una presentaci\u00f3n o simplemente manteni\u00e9ndose conectados durante una apretada agenda de viaje.<\/p><p>Inaugurado en 2025 y operado por <strong>Chengdu Crescent Selected Hotel Management Co., Ltd.<\/strong>, Crescent Moon Hotel combina <strong>tecnolog\u00eda inteligente<\/strong> con una funcionalidad elegante para brindar una experiencia empresarial premium en el coraz\u00f3n de uno de los centros tecnol\u00f3gicos y culturales m\u00e1s vibrantes de China. Con <strong>77 habitaciones cuidadosamente dise\u00f1adas<\/strong> y un fuerte enfoque en la excelencia del servicio (clasificado <strong>9,7\/10 por el servicio<\/strong> Por parte de los hu\u00e9spedes), el hotel garantiza que cada necesidad profesional se satisfaga con precisi\u00f3n y cuidado.<\/p><div class=\"my-2\">\u00a0<\/div><h3><strong>Espacios de \u00faltima generaci\u00f3n para reuniones y conferencias<\/strong><\/h3><p>Nuestro <strong>sala de conferencias multifunci\u00f3n<\/strong> y <strong>centro de negocios dedicado<\/strong> Est\u00e1n dise\u00f1ados para satisfacer una amplia gama de necesidades profesionales, desde reuniones privadas de directorio y consultas con clientes hasta reuniones corporativas m\u00e1s grandes y sesiones de capacitaci\u00f3n. Equipados con <strong>sistemas de visualizaci\u00f3n multimedia de vanguardia<\/strong>, proyectores de alta definici\u00f3n, capacidades de presentaci\u00f3n inal\u00e1mbrica y <strong>Wi-Fi de alta velocidad en todo el establecimiento<\/strong>Estos espacios garantizan una conectividad y calidad de presentaci\u00f3n impecables.<\/p><p>El <strong>sala de conferencias<\/strong> Cuenta con una distribuci\u00f3n flexible de asientos, controles de iluminaci\u00f3n ambiental y paredes insonorizadas para mantener la privacidad y la concentraci\u00f3n. Ya sea que est\u00e9 realizando una reuni\u00f3n local o conectando con equipos globales por videoconferencia, nuestro <strong>servicios de secretar\u00eda<\/strong> Y hay soporte t\u00e9cnico en el sitio disponible para ayudar con la configuraci\u00f3n, la documentaci\u00f3n y la coordinaci\u00f3n en tiempo real.<\/p><p>Para equipos m\u00e1s peque\u00f1os o para lluvias de ideas colaborativas, el <strong>espacios de coworking<\/strong> y <strong>salas multifunci\u00f3n<\/strong> Ofrecen un ambiente relajado y profesional, ideal para conversaciones espont\u00e1neas o sesiones de trabajo concentradas. Estas \u00e1reas est\u00e1n dise\u00f1adas para inspirar la creatividad, con luz natural, mobiliario ergon\u00f3mico y acceso a enchufes y puertos de carga USB.<\/p><div class=\"my-2\">\u00a0<\/div><h3><strong>Servicios empresariales inteligentes y soporte 24\/7<\/strong><\/h3><p>Al comprender las demandas del acelerado mundo empresarial actual, Crescent Moon Hotel ofrece <strong>Recepci\u00f3n las 24 horas y servicio de conserjer\u00eda<\/strong>, lo que le garantiza acceso a soporte a cualquier hora. \u00bfNecesita imprimir un contrato de \u00faltima hora? Nuestro <strong>servicios gratuitos de fax y fotocopias<\/strong> Est\u00e1n disponibles en el hotel. \u00bfNecesita ayuda con la log\u00edstica del viaje? El hotel ofrece <strong>Servicios de reserva de taxis y alquiler de coches<\/strong> para ayudarle a navegar por Chengdu con facilidad.<\/p><p data-spm-anchor-id=\"a2ty_o01.29997173.0.i39.49d6c921Qs43kP\">Los hu\u00e9spedes tambi\u00e9n se benefician de <strong>registro de identificaci\u00f3n electr\u00f3nica<\/strong>, check-out expr\u00e9s y consigna de equipaje segura: maximiza la eficiencia y minimiza el tiempo de inactividad. Para mayor comodidad, <strong>casilleros<\/strong> y un <strong>caja fuerte en la recepci\u00f3n<\/strong> Est\u00e1n disponibles para proteger documentos y dispositivos importantes.<\/p>\t\t\t\t\t\t\t\t<\/div>\n\t\t\t\t\t<\/div>\n\t\t\t\t<\/div>\n\t\t<div class=\"elementor-element elementor-element-85f5857 e-flex e-con-boxed e-con e-parent\" data-id=\"85f5857\" data-element_type=\"container\" data-e-type=\"container\">\n\t\t\t\t\t<div class=\"e-con-inner\">\n\t\t\t\t<div class=\"elementor-element elementor-element-f135a2a elementor-widget elementor-widget-nuss-image-gallery\" data-id=\"f135a2a\" data-element_type=\"widget\" data-e-type=\"widget\" data-widget_type=\"nuss-image-gallery.default\">\n\t\t\t\t<div class=\"elementor-widget-container\">\n\t\t\t\t\t\t\t<div class=\"nuss-grid-wrapper\" data-grid=\"{&quot;type&quot;:&quot;grid&quot;,&quot;ratio&quot;:null,&quot;columns&quot;:3,&quot;gutter&quot;:30}\">\r\n\t\t\t<div class=\"nuss-grid lazy-grid\">\r\n\t\t\t\t<div class=\"grid-sizer\"><\/div>\r\n\r\n\t\t\t\t\t\t\t\t\t\t\t\t<div class=\"grid-item\">\r\n\t\t\t\t\t\t<div class=\"nuss-box\">\t\t<div class=\"nuss-image image\">\r\n\t\t\t<img decoding=\"async\"  src=\"https:\/\/crescentmoonhotel.com\/wp-content\/uploads\/2025\/08\/CRESCENT-MOON-HOTEL-160.webp\" alt=\"HOTEL LUNA CRECIENTE (160)\" \/>\t\t<\/div>\r\n\t\t\t\t<\/div>\t\t\t\t\t<\/div>\r\n\t\t\t\t\t\t<div class=\"grid-item\">\r\n\t\t\t\t\t\t<div class=\"nuss-box\">\t\t<div class=\"nuss-image image\">\r\n\t\t\t<img decoding=\"async\"  src=\"https:\/\/crescentmoonhotel.com\/wp-content\/uploads\/2025\/08\/CRESCENT-MOON-HOTEL-91.webp\" alt=\"HOTEL LUNA CRECIENTE (91)\" \/>\t\t<\/div>\r\n\t\t\t\t<\/div>\t\t\t\t\t<\/div>\r\n\t\t\t\t\t\t<div class=\"grid-item\">\r\n\t\t\t\t\t\t<div class=\"nuss-box\">\t\t<div class=\"nuss-image image\">\r\n\t\t\t<img decoding=\"async\"  src=\"https:\/\/crescentmoonhotel.com\/wp-content\/uploads\/2025\/08\/CRESCENT-MOON-HOTEL-78.webp\" alt=\"HOTEL LUNA CRECIENTE (78)\" \/>\t\t<\/div>\r\n\t\t\t\t<\/div>\t\t\t\t\t<\/div>\r\n\t\t\t\t\t\t\t\r\n\t\t\t<\/div>\r\n\t\t<\/div>\r\n\t\t\t\t\t\t<\/div>\n\t\t\t\t<\/div>\n\t\t\t\t\t<\/div>\n\t\t\t\t<\/div>\n\t\t<div class=\"elementor-element elementor-element-d0cc44b e-flex e-con-boxed e-con e-parent\" data-id=\"d0cc44b\" data-element_type=\"container\" data-e-type=\"container\">\n\t\t\t\t\t<div class=\"e-con-inner\">\n\t\t\t\t<div class=\"elementor-element elementor-element-d16da8a elementor-widget elementor-widget-text-editor\" data-id=\"d16da8a\" data-element_type=\"widget\" data-e-type=\"widget\" data-widget_type=\"text-editor.default\">\n\t\t\t\t\t\t\t\t\t<h3><strong data-spm-anchor-id=\"a2ty_o01.29997173.0.i41.49d6c921Qs43kP\">Servicios que mejoran la productividad<\/strong><\/h3><p data-spm-anchor-id=\"a2ty_o01.29997173.0.i40.49d6c921Qs43kP\">M\u00e1s all\u00e1 de los espacios formales para reuniones, el hotel integra la productividad en cada aspecto de la experiencia del hu\u00e9sped. <strong>Gimnasio abierto las 24 horas<\/strong>, que es <strong>Gratuito para todos los hu\u00e9spedes<\/strong>, te permite mantener tu rutina de bienestar, aumentando la energ\u00eda y la claridad mental. Despu\u00e9s de un largo d\u00eda de reuniones, rel\u00e1jate en el <strong>Piscina de sopa al aire libre gratuita<\/strong> o <strong>aguas termales<\/strong>, conocidos por sus propiedades relajantes y rejuvenecedoras, ideales para reducir el estr\u00e9s y mejorar la concentraci\u00f3n.<\/p><p data-spm-anchor-id=\"a2ty_o01.29997173.0.i38.49d6c921Qs43kP\">Para trabajos tranquilos o para ponerse al d\u00eda con el correo electr\u00f3nico, el <strong>biblioteca<\/strong> y <strong>sal\u00f3n de t\u00e9<\/strong> Ofrecen ambientes serenos y sin distracciones, con c\u00f3modos asientos e iluminaci\u00f3n ambiental. Estos espacios tranquilos son el escenario perfecto para leer, escribir o disfrutar de una conversaci\u00f3n profunda con una taza de t\u00e9 Sichuan premium.<\/p><div class=\"my-2\">\u00a0<\/div><h3><strong>Ubicaci\u00f3n estrat\u00e9gica para negocios y networking<\/strong><\/h3><p>Ubicaci\u00f3n del Crescent Moon Hotel en <strong>Distrito de Jinniu<\/strong> Te sit\u00faa a poca distancia de los principales centros comerciales, culturales y de transporte de Chengdu. <strong>A 890 metros de la estaci\u00f3n de metro Huapaifang<\/strong>, y <strong>A 8,8 km de la estaci\u00f3n de tren sur de Chengdu<\/strong>El hotel ofrece una excelente conectividad con toda la ciudad. Est\u00e1 a solo un... <strong>19,6 km (aproximadamente 45 minutos) en coche desde el Aeropuerto Internacional de Chengdu Shuangliu<\/strong>, lo que lo hace ideal tanto para viajeros de negocios nacionales como internacionales.<\/p><p>Lugares de inter\u00e9s cercanos como <strong>Carretera Chunxi<\/strong>, <strong>Taikoo Li<\/strong>, <strong>Parque de Arte de Tianfu<\/strong>, y <strong>Valle Feliz<\/strong> No solo son atracciones tur\u00edsticas, sino tambi\u00e9n centros din\u00e1micos de comercio, venta minorista e innovaci\u00f3n, ideales para reuniones con clientes o networking despu\u00e9s del trabajo. La proximidad a <strong>Callej\u00f3n Kuanzhai<\/strong>, <strong>Monasterio Wenshuyuan<\/strong>, y el <strong>Base Panda<\/strong> Tambi\u00e9n permite experiencias culturales \u00fanicas que pueden enriquecer las discusiones de negocios o las actividades de formaci\u00f3n de equipos.<\/p><div class=\"my-2\">\u00a0<\/div><h3><strong>Toques tecnol\u00f3gicos de vanguardia para el profesional moderno<\/strong><\/h3><p>Abrazando el futuro de la hospitalidad, Crescent Moon Hotel cuenta con <strong>robots de servicio<\/strong> que entregan agua embotellada y art\u00edculos peque\u00f1os a las habitaciones, minimizando las interrupciones y demostrando el compromiso del hotel con la innovaci\u00f3n. Las habitaciones cuentan con caracter\u00edsticas inteligentes, como <strong>minineveras en la habitaci\u00f3n<\/strong>, <strong>refrigeradores<\/strong>, y <strong>controles del aire acondicionado<\/strong>Aseg\u00farese de tener un entorno de trabajo c\u00f3modo, ya sea que est\u00e9 finalizando una propuesta o realizando una llamada virtual desde su habitaci\u00f3n.<\/p><p data-spm-anchor-id=\"a2ty_o01.29997173.0.i42.49d6c921Qs43kP\">Para los hu\u00e9spedes que disfrutan de un toque cinematogr\u00e1fico, algunas habitaciones ofrecen un <strong>Experiencia de cine l\u00e1ser en pantalla gigante<\/strong>, perfecto para revisar presentaciones o disfrutar de una sesi\u00f3n informativa visual de alta resoluci\u00f3n en privado.<\/p>\t\t\t\t\t\t\t\t<\/div>\n\t\t\t\t\t<\/div>\n\t\t\t\t<\/div>\n\t\t\t\t<section class=\"elementor-section elementor-top-section elementor-element elementor-element-ed1c90a elementor-section-stretched elementor-section-boxed elementor-section-gap-beside-yes elementor-section-height-default elementor-section-height-default elementor-section-column-vertical-align-stretch\" data-id=\"ed1c90a\" data-element_type=\"section\" data-e-type=\"section\" data-settings=\"{&quot;background_background&quot;:&quot;classic&quot;,&quot;stretch_section&quot;:&quot;section-stretched&quot;}\">\n\t\t\t\t\t\t<div class=\"elementor-container elementor-column-gap-extended\">\n\t\t\t\t\t<div class=\"elementor-column elementor-col-100 elementor-top-column elementor-element elementor-element-66eb09ed\" data-id=\"66eb09ed\" data-element_type=\"column\" data-e-type=\"column\">\n\t\t\t<div class=\"elementor-widget-wrap elementor-element-populated\">\n\t\t\t\t\t\t<div class=\"elementor-element elementor-element-689d9934 elementor-widget elementor-widget-heading\" data-id=\"689d9934\" data-element_type=\"widget\" data-e-type=\"widget\" data-widget_type=\"heading.default\">\n\t\t\t\t\t<h2 class=\"elementor-heading-title elementor-size-default\">Consultar disponibilidad <\/h2>\t\t\t\t<\/div>\n\t\t\t\t<div class=\"elementor-element elementor-element-6068b8ce elementor-widget elementor-widget-text-editor\" data-id=\"6068b8ce\" data-element_type=\"widget\" data-e-type=\"widget\" data-widget_type=\"text-editor.default\">\n\t\t\t\t\t\t\t\t\t<iframe border=\"0\" src=\"https:\/\/www.trip.com\/partners\/ad\/S5088477?Allianceid=4590391&#038;SID=253731934&#038;trip_sub1=\" style=\"width:900px;height:200px\" frameborder=\"0\" scrolling=\"no\" id=\"S5088477\"><\/iframe>\t\t\t\t\t\t\t\t<\/div>\n\t\t\t\t\t<\/div>\n\t\t<\/div>\n\t\t\t\t\t<\/div>\n\t\t<\/section>\n\t\t<div class=\"elementor-element elementor-element-b01fe70 e-flex e-con-boxed e-con e-parent\" data-id=\"b01fe70\" data-element_type=\"container\" data-e-type=\"container\">\n\t\t\t\t\t<div class=\"e-con-inner\">\n\t\t\t\t<div class=\"elementor-element elementor-element-8603dde elementor-widget elementor-widget-text-editor\" data-id=\"8603dde\" data-element_type=\"widget\" data-e-type=\"widget\" data-widget_type=\"text-editor.default\">\n\t\t\t\t\t\t\t\t\t<h3><strong>Un nuevo est\u00e1ndar en la hospitalidad empresarial<\/strong><\/h3><p data-spm-anchor-id=\"a2ty_o01.29997173.0.i43.49d6c921Qs43kP\">En el Hotel Crescent Moon, creemos que los viajes de negocios no deben implicar sacrificar la comodidad, el estilo ni el bienestar. Nuestras instalaciones de negocios no solo son funcionales, sino que est\u00e1n cuidadosamente dise\u00f1adas para impulsar su \u00e9xito, creatividad y tranquilidad. Desde su llegada, experimentar\u00e1 un nuevo nivel de... <strong>Hospitalidad inteligente, intuitiva e inspiradora<\/strong>.<\/p><p>Ya sea que se encuentre en Chengdu para una reuni\u00f3n de un solo d\u00eda o para una misi\u00f3n corporativa prolongada, <strong>Hotel Crescent Moon<\/strong> Es su socio estrat\u00e9gico en productividad, donde cada detalle est\u00e1 dise\u00f1ado para ayudarle a desempe\u00f1arse de la mejor manera.<\/p><p data-spm-anchor-id=\"a2ty_o01.29997173.0.i44.49d6c921Qs43kP\"><strong>Trabaja con m\u00e1s inteligencia. Luce m\u00e1s brillante. Brilla bajo la luna creciente.<\/strong><\/p>\t\t\t\t\t\t\t\t<\/div>\n\t\t\t\t\t<\/div>\n\t\t\t\t<\/div>\n\t\t\t\t<\/div>","protected":false},"excerpt":{"rendered":"<p>Our Hotel board room offers a private, elegant meeting space in the heart of New York for groups of 8 to 10 persons. For your comfort and convenience, coffee break packages are available. At Crescent Moon Hotel, located in the dynamic Jinniu District of Chengdu at No. 3, Majiahuayuan Road, business travel is reimagined as [&hellip;]<\/p>\n","protected":false},"author":1,"featured_media":0,"parent":0,"menu_order":0,"comment_status":"closed","ping_status":"closed","template":"","meta":{"footnotes":""},"class_list":["post-2109","page","type-page","status-publish","hentry","post-no-thumbnail"],"_links":{"self":[{"href":"https:\/\/crescentmoonhotel.com\/es\/wp-json\/wp\/v2\/pages\/2109","targetHints":{"allow":["GET"]}}],"collection":[{"href":"https:\/\/crescentmoonhotel.com\/es\/wp-json\/wp\/v2\/pages"}],"about":[{"href":"https:\/\/crescentmoonhotel.com\/es\/wp-json\/wp\/v2\/types\/page"}],"author":[{"embeddable":true,"href":"https:\/\/crescentmoonhotel.com\/es\/wp-json\/wp\/v2\/users\/1"}],"replies":[{"embeddable":true,"href":"https:\/\/crescentmoonhotel.com\/es\/wp-json\/wp\/v2\/comments?post=2109"}],"version-history":[{"count":0,"href":"https:\/\/crescentmoonhotel.com\/es\/wp-json\/wp\/v2\/pages\/2109\/revisions"}],"wp:attachment":[{"href":"https:\/\/crescentmoonhotel.com\/es\/wp-json\/wp\/v2\/media?parent=2109"}],"curies":[{"name":"wp","href":"https:\/\/api.w.org\/{rel}","templated":true}]}}