{"id":5266,"date":"2021-07-18T08:03:35","date_gmt":"2021-07-18T08:03:35","guid":{"rendered":"https:\/\/nuss.uxper.co\/luxury-resort\/?page_id=5266"},"modified":"2025-08-29T09:17:56","modified_gmt":"2025-08-29T09:17:56","slug":"sobre-nosotros","status":"publish","type":"page","link":"https:\/\/crescentmoonhotel.com\/es\/sobre-nosotros\/","title":{"rendered":"Sobre nosotros"},"content":{"rendered":"<div data-elementor-type=\"wp-page\" data-elementor-id=\"5266\" class=\"elementor elementor-5266\">\n\t\t\t\t\t\t<section class=\"elementor-section elementor-top-section elementor-element elementor-element-10416953 elementor-section-boxed elementor-section-gap-beside-yes elementor-section-height-default elementor-section-height-default elementor-section-column-vertical-align-stretch\" data-id=\"10416953\" data-element_type=\"section\" data-e-type=\"section\">\n\t\t\t\t\t\t<div class=\"elementor-container elementor-column-gap-extended\">\n\t\t\t\t\t<div class=\"elementor-column elementor-col-100 elementor-top-column elementor-element elementor-element-29c6aa8\" data-id=\"29c6aa8\" data-element_type=\"column\" data-e-type=\"column\">\n\t\t\t<div class=\"elementor-widget-wrap elementor-element-populated\">\n\t\t\t\t\t\t<div class=\"elementor-element elementor-element-7be18fe7 elementor-widget__width-initial elementor-invisible elementor-widget elementor-widget-text-editor\" data-id=\"7be18fe7\" data-element_type=\"widget\" data-e-type=\"widget\" data-settings=\"{&quot;_animation&quot;:&quot;nussFadeInUp&quot;}\" data-widget_type=\"text-editor.default\">\n\t\t\t\t\t\t\t\t\t<p><strong data-spm-anchor-id=\"a2ty_o01.29997173.0.i25.49d6c921Qs43kP\">Descubra la serenidad en el coraz\u00f3n de Chengdu<\/strong><\/p>\t\t\t\t\t\t\t\t<\/div>\n\t\t\t\t\t<\/div>\n\t\t<\/div>\n\t\t\t\t\t<\/div>\n\t\t<\/section>\n\t\t\t\t<section class=\"elementor-section elementor-top-section elementor-element elementor-element-7d18327f elementor-section-boxed elementor-section-gap-beside-yes elementor-section-height-default elementor-section-height-default elementor-section-column-vertical-align-stretch\" data-id=\"7d18327f\" data-element_type=\"section\" data-e-type=\"section\">\n\t\t\t\t\t\t<div class=\"elementor-container elementor-column-gap-extended\">\n\t\t\t\t\t<div class=\"elementor-column elementor-col-50 elementor-top-column elementor-element elementor-element-56533670\" data-id=\"56533670\" data-element_type=\"column\" data-e-type=\"column\">\n\t\t\t<div class=\"elementor-widget-wrap elementor-element-populated\">\n\t\t\t\t\t\t<div class=\"elementor-element elementor-element-19c3f543 elementor-invisible elementor-widget elementor-widget-text-editor\" data-id=\"19c3f543\" data-element_type=\"widget\" data-e-type=\"widget\" data-settings=\"{&quot;_animation&quot;:&quot;nussFadeInUp&quot;}\" data-widget_type=\"text-editor.default\">\n\t\t\t\t\t\t\t\t\t<p data-spm-anchor-id=\"a2ty_o01.29997173.0.i28.49d6c921Qs43kP\">Ubicado en el vibrante y tranquilo distrito Jinniu de Chengdu, <strong>Hotel Crescent Moon<\/strong> Ofrece una escapada refinada donde el lujo moderno se fusiona con el aut\u00e9ntico encanto de Sichuan. Ubicado en <strong>No. 3, Carretera Majiahuayuan<\/strong>Este hotel boutique de 4 estrellas recientemente inaugurado redefine la hospitalidad urbana con su dise\u00f1o elegante, comodidades inteligentes y un servicio profundamente personalizado, todo a solo unos minutos de los lugares culturales m\u00e1s queridos de la ciudad.<\/p>\t\t\t\t\t\t\t\t<\/div>\n\t\t\t\t\t<\/div>\n\t\t<\/div>\n\t\t\t\t<div class=\"elementor-column elementor-col-50 elementor-top-column elementor-element elementor-element-30f14127\" data-id=\"30f14127\" data-element_type=\"column\" data-e-type=\"column\">\n\t\t\t<div class=\"elementor-widget-wrap elementor-element-populated\">\n\t\t\t\t\t\t<div class=\"elementor-element elementor-element-9c2f629 elementor-widget elementor-widget-image\" data-id=\"9c2f629\" data-element_type=\"widget\" data-e-type=\"widget\" data-widget_type=\"image.default\">\n\t\t\t\t\t\t\t\t\t\t\t\t\t\t\t<img fetchpriority=\"high\" decoding=\"async\" width=\"1024\" height=\"768\" src=\"https:\/\/crescentmoonhotel.com\/wp-content\/uploads\/2025\/08\/CRESCENT-MOON-HOTEL-108-1024x768.webp\" class=\"attachment-large size-large wp-image-5655\" alt=\"\" srcset=\"https:\/\/crescentmoonhotel.com\/wp-content\/uploads\/2025\/08\/CRESCENT-MOON-HOTEL-108-1024x768.webp 1024w, https:\/\/crescentmoonhotel.com\/wp-content\/uploads\/2025\/08\/CRESCENT-MOON-HOTEL-108-300x225.webp 300w, https:\/\/crescentmoonhotel.com\/wp-content\/uploads\/2025\/08\/CRESCENT-MOON-HOTEL-108-768x576.webp 768w, https:\/\/crescentmoonhotel.com\/wp-content\/uploads\/2025\/08\/CRESCENT-MOON-HOTEL-108.webp 1137w\" sizes=\"(max-width: 1024px) 100vw, 1024px\" \/>\t\t\t\t\t\t\t\t\t\t\t\t\t\t\t<\/div>\n\t\t\t\t\t<\/div>\n\t\t<\/div>\n\t\t\t\t\t<\/div>\n\t\t<\/section>\n\t\t\t\t<section class=\"elementor-section elementor-top-section elementor-element elementor-element-29fb8578 elementor-section-height-min-height elementor-section-stretched elementor-section-full_width elementor-section-items-stretch elementor-section-height-default elementor-section-column-vertical-align-stretch\" data-id=\"29fb8578\" data-element_type=\"section\" data-e-type=\"section\" data-settings=\"{&quot;stretch_section&quot;:&quot;section-stretched&quot;}\">\n\t\t\t\t\t\t<div class=\"elementor-container elementor-column-gap-no\">\n\t\t\t\t\t<div class=\"elementor-column elementor-col-50 elementor-top-column elementor-element elementor-element-40ac270b\" data-id=\"40ac270b\" data-element_type=\"column\" data-e-type=\"column\">\n\t\t\t<div class=\"elementor-widget-wrap elementor-element-populated\">\n\t\t\t\t\t\t<div class=\"elementor-element elementor-element-20872773 elementor-widget__width-initial elementor-widget-mobile__width-inherit elementor-invisible nuss-elementor-loading nuss-slide-in-right elementor-widget elementor-widget-image\" data-id=\"20872773\" data-element_type=\"widget\" data-e-type=\"widget\" data-settings=\"{&quot;_animation&quot;:&quot;nussSlideInRight&quot;}\" data-widget_type=\"image.default\">\n\t\t\t\t\t\t\t\t\t\t\t\t\t\t\t<img decoding=\"async\" width=\"1280\" height=\"853\" src=\"https:\/\/crescentmoonhotel.com\/wp-content\/uploads\/2025\/08\/CRESCENT-MOON-HOTEL-184.webp\" class=\"attachment-full size-full wp-image-5730\" alt=\"\" srcset=\"https:\/\/crescentmoonhotel.com\/wp-content\/uploads\/2025\/08\/CRESCENT-MOON-HOTEL-184.webp 1280w, https:\/\/crescentmoonhotel.com\/wp-content\/uploads\/2025\/08\/CRESCENT-MOON-HOTEL-184-300x200.webp 300w, https:\/\/crescentmoonhotel.com\/wp-content\/uploads\/2025\/08\/CRESCENT-MOON-HOTEL-184-1024x682.webp 1024w, https:\/\/crescentmoonhotel.com\/wp-content\/uploads\/2025\/08\/CRESCENT-MOON-HOTEL-184-768x512.webp 768w\" sizes=\"(max-width: 1280px) 100vw, 1280px\" \/>\t\t\t\t\t\t\t\t\t\t\t\t\t\t\t<\/div>\n\t\t\t\t\t<\/div>\n\t\t<\/div>\n\t\t\t\t<div class=\"elementor-column elementor-col-50 elementor-top-column elementor-element elementor-element-2dac103\" data-id=\"2dac103\" data-element_type=\"column\" data-e-type=\"column\">\n\t\t\t<div class=\"elementor-widget-wrap elementor-element-populated\">\n\t\t\t\t\t\t<div class=\"elementor-element elementor-element-6f1b8966 elementor-invisible elementor-widget elementor-widget-text-editor\" data-id=\"6f1b8966\" data-element_type=\"widget\" data-e-type=\"widget\" data-settings=\"{&quot;_animation&quot;:&quot;nussFadeInUp&quot;}\" data-widget_type=\"text-editor.default\">\n\t\t\t\t\t\t\t\t\t<p>Inaugurado en 2025 y operado por Chengdu Crescent Selected Hotel Management Co., Ltd., el Crescent Moon Hotel es m\u00e1s que un simple alojamiento: es una experiencia cuidadosamente dise\u00f1ada para viajeros exigentes que buscan comodidad, conveniencia y tranquilidad. Ya sea que viaje por negocios, placer o una escapada rom\u00e1ntica, nuestro \u00edntimo santuario de 77 habitaciones combina tecnolog\u00eda de vanguardia con detalles detallistas para garantizar que cada momento de su estancia sea inolvidable y sin complicaciones.<\/p><div class=\"my-2\">\u00a0<\/div><p>Desde su llegada, le recibir\u00e1 una elegante arquitectura contempor\u00e1nea y un ambiente acogedor que invita a la relajaci\u00f3n. El hotel cuenta con una gama de habitaciones y suites de dise\u00f1o elegante, cada una cuidadosamente equipada con comodidades premium, como... <strong>Colchones King Koil Rubyluxe<\/strong>, <strong>almohadas de presi\u00f3n cero<\/strong>, en la habitaci\u00f3n <strong>mini-neveras<\/strong>, y a\u00fan <strong>salas de cine l\u00e1ser con pantalla gigante<\/strong> para noches de cine privadas bajo las estrellas, literalmente, gracias a las vistas al jard\u00edn de la azotea.<\/p>\t\t\t\t\t\t\t\t<\/div>\n\t\t\t\t\t<\/div>\n\t\t<\/div>\n\t\t\t\t\t<\/div>\n\t\t<\/section>\n\t\t\t\t<section class=\"elementor-section elementor-top-section elementor-element elementor-element-ebc55ee elementor-section-height-min-height elementor-section-stretched elementor-section-full_width elementor-section-items-stretch elementor-section-height-default elementor-section-column-vertical-align-stretch\" data-id=\"ebc55ee\" data-element_type=\"section\" data-e-type=\"section\" data-settings=\"{&quot;stretch_section&quot;:&quot;section-stretched&quot;}\">\n\t\t\t\t\t\t<div class=\"elementor-container elementor-column-gap-no\">\n\t\t\t\t\t<div class=\"elementor-column elementor-col-50 elementor-top-column elementor-element elementor-element-15b9c66\" data-id=\"15b9c66\" data-element_type=\"column\" data-e-type=\"column\">\n\t\t\t<div class=\"elementor-widget-wrap elementor-element-populated\">\n\t\t\t\t\t\t<div class=\"elementor-element elementor-element-28be336 elementor-invisible elementor-widget elementor-widget-text-editor\" data-id=\"28be336\" data-element_type=\"widget\" data-e-type=\"widget\" data-settings=\"{&quot;_animation&quot;:&quot;nussFadeInUp&quot;}\" data-widget_type=\"text-editor.default\">\n\t\t\t\t\t\t\t\t\t<p data-spm-anchor-id=\"a2ty_o01.29997173.0.i29.49d6c921Qs43kP\">Una de las caracter\u00edsticas m\u00e1s destacadas del hotel es su dedicaci\u00f3n al bienestar y al rejuvenecimiento. Los hu\u00e9spedes pueden relajarse en el <strong>Piscina de sopa al aire libre gratuita<\/strong>Sum\u00e9rgete en la relajaci\u00f3n <strong>aguas termales<\/strong>, o relajarse en la serenidad <strong>zona para tomar el sol<\/strong> en la azotea. Mant\u00e9ngase activo en el totalmente equipado, <strong data-spm-anchor-id=\"a2ty_o01.29997173.0.i30.49d6c921Qs43kP\">gimnasio gratuito<\/strong>, o dejar que el d\u00eda se desvanezca con un momento de tranquilidad en la paz <strong>biblioteca<\/strong> o <strong>sal\u00f3n de t\u00e9<\/strong>Para familias y amantes de la diversi\u00f3n, incluso hay un <strong>piscina infantil<\/strong>, comodidades para ni\u00f1os y suites tem\u00e1ticas como la divertida <strong>Suite Cu\u00e1druple Runaround Panda<\/strong>, completo con tienda de campa\u00f1a para ni\u00f1os y espacio adicional para dormir.<\/p><p data-spm-anchor-id=\"a2ty_o01.29997173.0.i31.49d6c921Qs43kP\">El Hotel Crescent Moon tambi\u00e9n destaca por su perfecta combinaci\u00f3n de automatizaci\u00f3n y hospitalidad. Experimente la comodidad del futuro con <strong>robots de servicio<\/strong> Entrega de agua embotellada a tu habitaci\u00f3n, <strong>registro de identificaci\u00f3n electr\u00f3nica<\/strong>, y <strong>servicios de lavander\u00eda inteligentes<\/strong>, todo ello complementado por un personal c\u00e1lido y atento que ofrece <strong>Asistencia de conserjer\u00eda las 24 horas<\/strong>, <strong>servicios de mayordomo<\/strong>y consejos de viaje locales para ayudarlo a explorar atracciones cercanas como <strong>Callej\u00f3n Kuanzhai<\/strong>, <strong>Monasterio Wenshuyuan<\/strong>, <strong>Calle Jinli<\/strong>, <strong>Carretera Chunxi<\/strong>, <strong>Taikoo Li<\/strong>, y el mundialmente famoso <strong>Base de investigaci\u00f3n de cr\u00eda de pandas gigantes de Chengdu<\/strong>.<\/p>\t\t\t\t\t\t\t\t<\/div>\n\t\t\t\t\t<\/div>\n\t\t<\/div>\n\t\t\t\t<div class=\"elementor-column elementor-col-50 elementor-top-column elementor-element elementor-element-7e067af\" data-id=\"7e067af\" data-element_type=\"column\" data-e-type=\"column\">\n\t\t\t<div class=\"elementor-widget-wrap elementor-element-populated\">\n\t\t\t\t\t\t<div class=\"elementor-element elementor-element-1514f3c elementor-widget__width-initial elementor-widget-mobile__width-inherit elementor-invisible nuss-elementor-loading nuss-slide-in-right elementor-widget elementor-widget-image\" data-id=\"1514f3c\" data-element_type=\"widget\" data-e-type=\"widget\" data-settings=\"{&quot;_animation&quot;:&quot;nussSlideInRight&quot;}\" data-widget_type=\"image.default\">\n\t\t\t\t\t\t\t\t\t\t\t\t\t\t\t<img decoding=\"async\" width=\"743\" height=\"786\" src=\"https:\/\/crescentmoonhotel.com\/wp-content\/uploads\/2025\/08\/CRESCENT-MOON-HOTEL-103.webp\" class=\"attachment-full size-full wp-image-5650\" alt=\"\" srcset=\"https:\/\/crescentmoonhotel.com\/wp-content\/uploads\/2025\/08\/CRESCENT-MOON-HOTEL-103.webp 743w, https:\/\/crescentmoonhotel.com\/wp-content\/uploads\/2025\/08\/CRESCENT-MOON-HOTEL-103-284x300.webp 284w\" sizes=\"(max-width: 743px) 100vw, 743px\" \/>\t\t\t\t\t\t\t\t\t\t\t\t\t\t\t<\/div>\n\t\t\t\t\t<\/div>\n\t\t<\/div>\n\t\t\t\t\t<\/div>\n\t\t<\/section>\n\t\t\t\t<section class=\"elementor-section elementor-top-section elementor-element elementor-element-fefa2f6 elementor-section-height-min-height elementor-section-stretched elementor-section-full_width elementor-section-items-stretch elementor-section-height-default elementor-section-column-vertical-align-stretch\" data-id=\"fefa2f6\" data-element_type=\"section\" data-e-type=\"section\" data-settings=\"{&quot;stretch_section&quot;:&quot;section-stretched&quot;}\">\n\t\t\t\t\t\t<div class=\"elementor-container elementor-column-gap-no\">\n\t\t\t\t\t<div class=\"elementor-column elementor-col-50 elementor-top-column elementor-element elementor-element-e39cfdb\" data-id=\"e39cfdb\" data-element_type=\"column\" data-e-type=\"column\">\n\t\t\t<div class=\"elementor-widget-wrap elementor-element-populated\">\n\t\t\t\t\t\t<div class=\"elementor-element elementor-element-5fe9844 elementor-widget__width-initial elementor-widget-mobile__width-inherit elementor-invisible nuss-elementor-loading nuss-slide-in-right elementor-widget elementor-widget-image\" data-id=\"5fe9844\" data-element_type=\"widget\" data-e-type=\"widget\" data-settings=\"{&quot;_animation&quot;:&quot;nussSlideInRight&quot;}\" data-widget_type=\"image.default\">\n\t\t\t\t\t\t\t\t\t\t\t\t\t\t\t<img loading=\"lazy\" decoding=\"async\" width=\"1137\" height=\"853\" src=\"https:\/\/crescentmoonhotel.com\/wp-content\/uploads\/2025\/08\/CRESCENT-MOON-HOTEL-35.webp\" class=\"attachment-full size-full wp-image-5582\" alt=\"\" srcset=\"https:\/\/crescentmoonhotel.com\/wp-content\/uploads\/2025\/08\/CRESCENT-MOON-HOTEL-35.webp 1137w, https:\/\/crescentmoonhotel.com\/wp-content\/uploads\/2025\/08\/CRESCENT-MOON-HOTEL-35-300x225.webp 300w, https:\/\/crescentmoonhotel.com\/wp-content\/uploads\/2025\/08\/CRESCENT-MOON-HOTEL-35-1024x768.webp 1024w, https:\/\/crescentmoonhotel.com\/wp-content\/uploads\/2025\/08\/CRESCENT-MOON-HOTEL-35-768x576.webp 768w\" sizes=\"(max-width: 1137px) 100vw, 1137px\" \/>\t\t\t\t\t\t\t\t\t\t\t\t\t\t\t<\/div>\n\t\t\t\t\t<\/div>\n\t\t<\/div>\n\t\t\t\t<div class=\"elementor-column elementor-col-50 elementor-top-column elementor-element elementor-element-4e8aa99\" data-id=\"4e8aa99\" data-element_type=\"column\" data-e-type=\"column\">\n\t\t\t<div class=\"elementor-widget-wrap elementor-element-populated\">\n\t\t\t\t\t\t<div class=\"elementor-element elementor-element-002236f elementor-invisible elementor-widget elementor-widget-text-editor\" data-id=\"002236f\" data-element_type=\"widget\" data-e-type=\"widget\" data-settings=\"{&quot;_animation&quot;:&quot;nussFadeInUp&quot;}\" data-widget_type=\"text-editor.default\">\n\t\t\t\t\t\t\t\t\t<p data-spm-anchor-id=\"a2ty_o01.29997173.0.i33.49d6c921Qs43kP\">Cenar en el restaurante del hotel es un placer. <strong>restaurante de desayuno<\/strong>, donde un rico buffet incluye tanto <strong>Especialidades chinas y occidentales<\/strong>Desde humeantes dim sum y congee hasta pasteles frescos y huevos preparados al momento. Abierto todos los d\u00edas de 7:00 a. m. a 12:00 p. m., el sal\u00f3n de desayuno ofrece un espacio luminoso y moderno para comenzar el d\u00eda con energ\u00eda. Los hu\u00e9spedes tambi\u00e9n tienen acceso a un <strong>cafeter\u00eda<\/strong>, <strong>bar del vest\u00edbulo<\/strong>, y <strong>servicio de t\u00e9 de la tarde<\/strong>, perfecto para una reflexi\u00f3n tranquila o reuniones informales.<\/p><div class=\"my-2\">\u00a0<\/div><p data-spm-anchor-id=\"a2ty_o01.29997173.0.i32.49d6c921Qs43kP\">Convenientemente ubicado a solo <strong>A 890 metros de la estaci\u00f3n de metro Huapaifang<\/strong> y al alcance de la mano <strong>Aeropuerto Internacional Chengdu Shuangliu (19,6 km)<\/strong> y <strong>Estaci\u00f3n de tren sur de Chengdu (8,8 km)<\/strong>El hotel ofrece excelente conectividad sin sacrificar la tranquilidad. Gratis. <strong>estacionamiento p\u00fablico<\/strong> Est\u00e1 disponible en el lugar, por lo que es ideal tanto para viajeros por carretera como para viajeros de negocios.<\/p>\t\t\t\t\t\t\t\t<\/div>\n\t\t\t\t\t<\/div>\n\t\t<\/div>\n\t\t\t\t\t<\/div>\n\t\t<\/section>\n\t\t\t\t<section class=\"elementor-section elementor-top-section elementor-element elementor-element-2092b7d0 elementor-section-stretched elementor-section-boxed elementor-section-gap-beside-yes elementor-section-height-default elementor-section-height-default elementor-section-column-vertical-align-stretch\" data-id=\"2092b7d0\" data-element_type=\"section\" data-e-type=\"section\" data-settings=\"{&quot;background_background&quot;:&quot;classic&quot;,&quot;stretch_section&quot;:&quot;section-stretched&quot;}\">\n\t\t\t\t\t\t<div class=\"elementor-container elementor-column-gap-extended\">\n\t\t\t\t\t<div class=\"elementor-column elementor-col-100 elementor-top-column elementor-element elementor-element-be69d75\" data-id=\"be69d75\" data-element_type=\"column\" data-e-type=\"column\">\n\t\t\t<div class=\"elementor-widget-wrap elementor-element-populated\">\n\t\t\t\t\t\t<div class=\"elementor-element elementor-element-68bc219 elementor-widget elementor-widget-heading\" data-id=\"68bc219\" data-element_type=\"widget\" data-e-type=\"widget\" data-widget_type=\"heading.default\">\n\t\t\t\t\t<h2 class=\"elementor-heading-title elementor-size-default\">Consultar disponibilidad <\/h2>\t\t\t\t<\/div>\n\t\t\t\t<div class=\"elementor-element elementor-element-7743765 elementor-widget elementor-widget-text-editor\" data-id=\"7743765\" data-element_type=\"widget\" data-e-type=\"widget\" data-widget_type=\"text-editor.default\">\n\t\t\t\t\t\t\t\t\t<iframe border=\"0\" src=\"https:\/\/www.trip.com\/partners\/ad\/S5088477?Allianceid=4590391&#038;SID=253731934&#038;trip_sub1=\" style=\"width:900px;height:200px\" frameborder=\"0\" scrolling=\"no\" id=\"S5088477\"><\/iframe>\t\t\t\t\t\t\t\t<\/div>\n\t\t\t\t\t<\/div>\n\t\t<\/div>\n\t\t\t\t\t<\/div>\n\t\t<\/section>\n\t\t<div class=\"elementor-element elementor-element-b13ea8c e-flex e-con-boxed e-con e-parent\" data-id=\"b13ea8c\" data-element_type=\"container\" data-e-type=\"container\">\n\t\t\t\t\t<div class=\"e-con-inner\">\n\t\t\t\t<div class=\"elementor-element elementor-element-17e6ad9 elementor-widget elementor-widget-text-editor\" data-id=\"17e6ad9\" data-element_type=\"widget\" data-e-type=\"widget\" data-widget_type=\"text-editor.default\">\n\t\t\t\t\t\t\t\t\t<p data-spm-anchor-id=\"a2ty_o01.29997173.0.i34.49d6c921Qs43kP\">En Crescent Moon Hotel, la limpieza, la comodidad y el cuidado son lo primero, como lo demuestran las excelentes cr\u00edticas de los hu\u00e9spedes que elogian su <strong>limpieza reluciente<\/strong>, <strong>servicio excepcional (calificaci\u00f3n 9.7\/10)<\/strong>, y <strong>experiencia de buena relaci\u00f3n calidad-precio<\/strong>Ya sea que est\u00e9 aqu\u00ed para explorar los antiguos templos de Chengdu, saborear su legendaria cocina picante o simplemente relajarse en un espacio dise\u00f1ado para la tranquilidad, el Hotel Crescent Moon le da la bienvenida con los brazos abiertos y una promesa de tranquilidad: <em>Tu estancia perfecta comienza aqu\u00ed.<\/em><\/p><p><strong>Reserve su escapada hoy y deje que el suave resplandor de la luna creciente gu\u00ede su viaje a trav\u00e9s del coraz\u00f3n de Sichuan.<\/strong><\/p>\t\t\t\t\t\t\t\t<\/div>\n\t\t\t\t\t<\/div>\n\t\t\t\t<\/div>\n\t\t\t\t<\/div>","protected":false},"excerpt":{"rendered":"<p>Discover Serenity in the Heart of Chengdu Nestled in the vibrant yet tranquil Jinniu District of Chengdu, Crescent Moon Hotel offers a refined escape where modern luxury meets authentic Sichuan charm. Located at No. 3, Majiahuayuan Road, this newly opened 4-star boutique hotel redefines urban hospitality with its elegant design, intelligent amenities, and deeply personalized [&hellip;]<\/p>\n","protected":false},"author":1,"featured_media":0,"parent":0,"menu_order":0,"comment_status":"closed","ping_status":"closed","template":"","meta":{"footnotes":""},"class_list":["post-5266","page","type-page","status-publish","hentry","post-no-thumbnail"],"_links":{"self":[{"href":"https:\/\/crescentmoonhotel.com\/es\/wp-json\/wp\/v2\/pages\/5266","targetHints":{"allow":["GET"]}}],"collection":[{"href":"https:\/\/crescentmoonhotel.com\/es\/wp-json\/wp\/v2\/pages"}],"about":[{"href":"https:\/\/crescentmoonhotel.com\/es\/wp-json\/wp\/v2\/types\/page"}],"author":[{"embeddable":true,"href":"https:\/\/crescentmoonhotel.com\/es\/wp-json\/wp\/v2\/users\/1"}],"replies":[{"embeddable":true,"href":"https:\/\/crescentmoonhotel.com\/es\/wp-json\/wp\/v2\/comments?post=5266"}],"version-history":[{"count":0,"href":"https:\/\/crescentmoonhotel.com\/es\/wp-json\/wp\/v2\/pages\/5266\/revisions"}],"wp:attachment":[{"href":"https:\/\/crescentmoonhotel.com\/es\/wp-json\/wp\/v2\/media?parent=5266"}],"curies":[{"name":"wp","href":"https:\/\/api.w.org\/{rel}","templated":true}]}}