{"id":612,"date":"2021-03-26T10:04:13","date_gmt":"2021-03-26T10:04:13","guid":{"rendered":"http:\/\/localhost\/nuss\/?page_id=612"},"modified":"2025-08-29T14:19:17","modified_gmt":"2025-08-29T14:19:17","slug":"restaurante","status":"publish","type":"page","link":"https:\/\/crescentmoonhotel.com\/es\/restaurante\/","title":{"rendered":"Restaurante"},"content":{"rendered":"<div data-elementor-type=\"wp-page\" data-elementor-id=\"612\" class=\"elementor elementor-612\">\n\t\t\t\t\t\t<section class=\"elementor-section elementor-top-section elementor-element elementor-element-e2effe8 elementor-section-boxed elementor-section-gap-beside-yes elementor-section-height-default elementor-section-height-default elementor-section-column-vertical-align-stretch\" data-id=\"e2effe8\" data-element_type=\"section\" data-e-type=\"section\">\n\t\t\t\t\t\t<div class=\"elementor-container elementor-column-gap-extended\">\n\t\t\t\t\t<div class=\"elementor-column elementor-col-100 elementor-top-column elementor-element elementor-element-e18f688\" data-id=\"e18f688\" data-element_type=\"column\" data-e-type=\"column\">\n\t\t\t<div class=\"elementor-widget-wrap elementor-element-populated\">\n\t\t\t\t\t\t<div class=\"elementor-element elementor-element-6db146d elementor-widget__width-initial elementor-invisible elementor-widget elementor-widget-text-editor\" data-id=\"6db146d\" data-element_type=\"widget\" data-e-type=\"widget\" data-settings=\"{&quot;_animation&quot;:&quot;nussFadeInUp&quot;}\" data-widget_type=\"text-editor.default\">\n\t\t\t\t\t\t\t\t\t<p><strong data-spm-anchor-id=\"a2ty_o01.29997173.0.i70.49d6c921Qs43kP\">Disfrute del sabor de Chengdu: descubra el coraz\u00f3n culinario del Crescent Moon Hotel<\/strong><\/p>\t\t\t\t\t\t\t\t<\/div>\n\t\t\t\t\t<\/div>\n\t\t<\/div>\n\t\t\t\t\t<\/div>\n\t\t<\/section>\n\t\t<div class=\"elementor-element elementor-element-eab6df5 e-flex e-con-boxed e-con e-parent\" data-id=\"eab6df5\" data-element_type=\"container\" data-e-type=\"container\">\n\t\t\t\t\t<div class=\"e-con-inner\">\n\t\t\t\t<div class=\"elementor-element elementor-element-a9b3d80 elementor-widget elementor-widget-nuss-image-gallery\" data-id=\"a9b3d80\" data-element_type=\"widget\" data-e-type=\"widget\" data-widget_type=\"nuss-image-gallery.default\">\n\t\t\t\t<div class=\"elementor-widget-container\">\n\t\t\t\t\t\t\t<div class=\"nuss-grid-wrapper\" data-grid=\"{&quot;type&quot;:&quot;grid&quot;,&quot;ratio&quot;:null,&quot;columns&quot;:3,&quot;gutter&quot;:30}\">\r\n\t\t\t<div class=\"nuss-grid lazy-grid\">\r\n\t\t\t\t<div class=\"grid-sizer\"><\/div>\r\n\r\n\t\t\t\t\t\t\t\t\t\t\t\t<div class=\"grid-item\">\r\n\t\t\t\t\t\t<div class=\"nuss-box\">\t\t<div class=\"nuss-image image\">\r\n\t\t\t<img decoding=\"async\"  src=\"https:\/\/crescentmoonhotel.com\/wp-content\/uploads\/2025\/08\/CRESCENT-MOON-HOTEL-76.webp\" alt=\"HOTEL LUNA CRECIENTE (76)\" \/>\t\t<\/div>\r\n\t\t\t\t<\/div>\t\t\t\t\t<\/div>\r\n\t\t\t\t\t\t<div class=\"grid-item\">\r\n\t\t\t\t\t\t<div class=\"nuss-box\">\t\t<div class=\"nuss-image image\">\r\n\t\t\t<img decoding=\"async\"  src=\"https:\/\/crescentmoonhotel.com\/wp-content\/uploads\/2025\/08\/CRESCENT-MOON-HOTEL-75.webp\" alt=\"HOTEL LUNA CRECIENTE (75)\" \/>\t\t<\/div>\r\n\t\t\t\t<\/div>\t\t\t\t\t<\/div>\r\n\t\t\t\t\t\t<div class=\"grid-item\">\r\n\t\t\t\t\t\t<div class=\"nuss-box\">\t\t<div class=\"nuss-image image\">\r\n\t\t\t<img decoding=\"async\"  src=\"https:\/\/crescentmoonhotel.com\/wp-content\/uploads\/2025\/08\/CRESCENT-MOON-HOTEL-78.webp\" alt=\"HOTEL LUNA CRECIENTE (78)\" \/>\t\t<\/div>\r\n\t\t\t\t<\/div>\t\t\t\t\t<\/div>\r\n\t\t\t\t\t\t<div class=\"grid-item\">\r\n\t\t\t\t\t\t<div class=\"nuss-box\">\t\t<div class=\"nuss-image image\">\r\n\t\t\t<img decoding=\"async\"  src=\"https:\/\/crescentmoonhotel.com\/wp-content\/uploads\/2025\/08\/CRESCENT-MOON-HOTEL-74.webp\" alt=\"HOTEL LUNA CRECIENTE (74)\" \/>\t\t<\/div>\r\n\t\t\t\t<\/div>\t\t\t\t\t<\/div>\r\n\t\t\t\t\t\t<div class=\"grid-item\">\r\n\t\t\t\t\t\t<div class=\"nuss-box\">\t\t<div class=\"nuss-image image\">\r\n\t\t\t<img decoding=\"async\"  src=\"https:\/\/crescentmoonhotel.com\/wp-content\/uploads\/2025\/08\/CRESCENT-MOON-HOTEL-73.webp\" alt=\"HOTEL LUNA CRECIENTE (73)\" \/>\t\t<\/div>\r\n\t\t\t\t<\/div>\t\t\t\t\t<\/div>\r\n\t\t\t\t\t\t<div class=\"grid-item\">\r\n\t\t\t\t\t\t<div class=\"nuss-box\">\t\t<div class=\"nuss-image image\">\r\n\t\t\t<img decoding=\"async\"  src=\"https:\/\/crescentmoonhotel.com\/wp-content\/uploads\/2025\/08\/CRESCENT-MOON-HOTEL-39.webp\" alt=\"HOTEL LUNA CRECIENTE (39)\" \/>\t\t<\/div>\r\n\t\t\t\t<\/div>\t\t\t\t\t<\/div>\r\n\t\t\t\t\t\t<div class=\"grid-item\">\r\n\t\t\t\t\t\t<div class=\"nuss-box\">\t\t<div class=\"nuss-image image\">\r\n\t\t\t<img decoding=\"async\"  src=\"https:\/\/crescentmoonhotel.com\/wp-content\/uploads\/2025\/08\/CRESCENT-MOON-HOTEL-38.webp\" alt=\"HOTEL LUNA CRECIENTE (38)\" \/>\t\t<\/div>\r\n\t\t\t\t<\/div>\t\t\t\t\t<\/div>\r\n\t\t\t\t\t\t<div class=\"grid-item\">\r\n\t\t\t\t\t\t<div class=\"nuss-box\">\t\t<div class=\"nuss-image image\">\r\n\t\t\t<img decoding=\"async\"  src=\"https:\/\/crescentmoonhotel.com\/wp-content\/uploads\/2025\/08\/CRESCENT-MOON-HOTEL-37.webp\" alt=\"HOTEL LUNA CRECIENTE (37)\" \/>\t\t<\/div>\r\n\t\t\t\t<\/div>\t\t\t\t\t<\/div>\r\n\t\t\t\t\t\t<div class=\"grid-item\">\r\n\t\t\t\t\t\t<div class=\"nuss-box\">\t\t<div class=\"nuss-image image\">\r\n\t\t\t<img decoding=\"async\"  src=\"https:\/\/crescentmoonhotel.com\/wp-content\/uploads\/2025\/08\/CRESCENT-MOON-HOTEL-34.webp\" alt=\"HOTEL LUNA CRECIENTE (34)\" \/>\t\t<\/div>\r\n\t\t\t\t<\/div>\t\t\t\t\t<\/div>\r\n\t\t\t\t\t\t<div class=\"grid-item\">\r\n\t\t\t\t\t\t<div class=\"nuss-box\">\t\t<div class=\"nuss-image image\">\r\n\t\t\t<img decoding=\"async\"  src=\"https:\/\/crescentmoonhotel.com\/wp-content\/uploads\/2025\/08\/CRESCENT-MOON-HOTEL-33.webp\" alt=\"HOTEL LUNA CRECIENTE (33)\" \/>\t\t<\/div>\r\n\t\t\t\t<\/div>\t\t\t\t\t<\/div>\r\n\t\t\t\t\t\t<div class=\"grid-item\">\r\n\t\t\t\t\t\t<div class=\"nuss-box\">\t\t<div class=\"nuss-image image\">\r\n\t\t\t<img decoding=\"async\"  src=\"https:\/\/crescentmoonhotel.com\/wp-content\/uploads\/2025\/08\/CRESCENT-MOON-HOTEL-32.webp\" alt=\"HOTEL LUNA CRECIENTE (32)\" \/>\t\t<\/div>\r\n\t\t\t\t<\/div>\t\t\t\t\t<\/div>\r\n\t\t\t\t\t\t<div class=\"grid-item\">\r\n\t\t\t\t\t\t<div class=\"nuss-box\">\t\t<div class=\"nuss-image image\">\r\n\t\t\t<img decoding=\"async\"  src=\"https:\/\/crescentmoonhotel.com\/wp-content\/uploads\/2025\/08\/CRESCENT-MOON-HOTEL-1.webp\" alt=\"HOTEL LUNA CRECIENTE (1)\" \/>\t\t<\/div>\r\n\t\t\t\t<\/div>\t\t\t\t\t<\/div>\r\n\t\t\t\t\t\t\t\r\n\t\t\t<\/div>\r\n\t\t<\/div>\r\n\t\t\t\t\t\t<\/div>\n\t\t\t\t<\/div>\n\t\t\t\t\t<\/div>\n\t\t\t\t<\/div>\n\t\t<div class=\"elementor-element elementor-element-947deb3 e-flex e-con-boxed e-con e-parent\" data-id=\"947deb3\" data-element_type=\"container\" data-e-type=\"container\">\n\t\t\t\t\t<div class=\"e-con-inner\">\n\t\t\t\t<div class=\"elementor-element elementor-element-4689f26 elementor-widget elementor-widget-text-editor\" data-id=\"4689f26\" data-element_type=\"widget\" data-e-type=\"widget\" data-widget_type=\"text-editor.default\">\n\t\t\t\t\t\t\t\t\t<p data-spm-anchor-id=\"a2ty_o01.29997173.0.i71.49d6c921Qs43kP\">Ubicado en el ambiente sereno y elegante de <strong>Hotel Crescent Moon<\/strong> en <strong>No. 3, Majiahuayuan Road, distrito de Jinniu, Chengdu<\/strong>, se encuentra una experiencia gastron\u00f3mica que combina maravillosamente la tradici\u00f3n y la elegancia moderna, el sello distintivo del hotel. <strong>Restaurante de desayuno<\/strong>, conocido cari\u00f1osamente por los hu\u00e9spedes como el coraz\u00f3n de una ma\u00f1ana perfecta en Sichuan.<\/p><p>M\u00e1s que un simple lugar para disfrutar de una comida, nuestro restaurante es una celebraci\u00f3n del sabor, la comodidad y la cultura local. Abierto todos los d\u00edas de <strong>De 7:00 a. m. a 12:00 p. m.<\/strong>, el restaurante ofrece una <strong>un buffet muy variado<\/strong> que muestra lo mejor de <strong>Tradiciones culinarias chinas y occidentales<\/strong>, cuidadosamente seleccionados para satisfacer todos los paladares. Ya sea que comience el d\u00eda con un plato humeante <strong>Dim sum al estilo Sichuan<\/strong>fragante <strong>gachas de avena con verduras encurtidas<\/strong>, esponjoso <strong>bollos mantou<\/strong>, o una extensi\u00f3n occidental de <strong>pasteles frescos, huevos revueltos, salchichas y frutas de temporada<\/strong>, cada bocado est\u00e1 preparado con cuidado y calidad.<\/p><p>El ambiente es igualmente acogedor.<strong>Moderno, luminoso y rom\u00e1ntico.<\/strong>Con una iluminaci\u00f3n tenue, l\u00edneas limpias y un dise\u00f1o abierto y espacioso, el desayuno se convierte en un momento de calma antes de explorar la vibrante ciudad de Chengdu. Dise\u00f1ado exclusivamente para los hu\u00e9spedes del hotel, el comedor ofrece una experiencia privada y tranquila, ideal para parejas en una escapada rom\u00e1ntica, familias que comienzan un d\u00eda de avistamiento de pandas o viajeros de negocios que se preparan para una reuni\u00f3n productiva.<\/p><p>Si bien el desayuno es nuestro plato fuerte, la experiencia culinaria no termina ah\u00ed. Los hu\u00e9spedes tambi\u00e9n pueden disfrutar <strong>t\u00e9 de la tarde<\/strong> Servido en el tranquilo <strong>sal\u00f3n de t\u00e9<\/strong>Un espacio sereno donde cobra vida el arte de la cultura del t\u00e9 de Sichuan. Disfrute de t\u00e9 de origen local. <strong>Mengding Ganlu<\/strong> o <strong>Jiuding Xueya<\/strong> T\u00e9 verde mientras disfruta de delicados pasteles y bocadillos salados: una pausa perfecta en su d\u00eda.<\/p><p>Para aquellos que anhelan probar el sabor local, nuestro <strong>cafeter\u00eda y bar del vest\u00edbulo<\/strong> Ofrecen un ambiente acogedor para tomar un caf\u00e9, un aperitivo o una copa por la noche. Ya sea un capuchino caliente para empezar el d\u00eda o una infusi\u00f3n relajante despu\u00e9s de un ba\u00f1o en el... <strong>Piscina de sopa al aire libre gratuita<\/strong>Nuestro servicio de bebidas est\u00e1 dise\u00f1ado para complementar su estad\u00eda con un placer tranquilo.<\/p><p>Lo que realmente distingue a nuestro restaurante es la <strong>Atenci\u00f3n al detalle y satisfacci\u00f3n del hu\u00e9sped<\/strong>. Con un <strong>Calificaci\u00f3n de 9,6\/10 por limpieza y servicio<\/strong>Y gracias a las excelentes cr\u00edticas de viajeros de todo el mundo, la comida y la hospitalidad del lugar se han ganado una clientela fiel. Los hu\u00e9spedes elogian constantemente el <strong>personal incre\u00edble<\/strong>, <strong>asientos espaciosos<\/strong>, y <strong>gran variedad de comida<\/strong>y muchos lo consideran uno de los mejores desayunos de hotel que han experimentado en China.<\/p><blockquote><p><em>El desayuno estuvo bueno. El personal fue incre\u00edble y muy atento. Gran variedad de dim sum, huevos, pasteles y fruta fresca.<\/em><br \/>\u2014 <strong>Hombre Omega Internacional 1911, 17 de agosto de 2025<\/strong><\/p><\/blockquote><p>Aunque no ofrecemos servicio de cena completo en el lugar, nuestro <strong>equipo de conserjer\u00eda y recepci\u00f3n<\/strong> Siempre estamos dispuestos a recomendar y organizar <strong>favoritos locales para llevar<\/strong>, de ardiente <strong>Olla caliente de Chongqing<\/strong> a lo aut\u00e9ntico <strong>Fideos dan dan de Chengdu<\/strong>El servicio de comidas en la habitaci\u00f3n es f\u00e1cil y c\u00f3modo, con opciones para realizar pedidos a trav\u00e9s de <strong>Didi<\/strong> o aplicaciones de entrega local, a menudo asistidas por nuestro servicial personal.<\/p><p>Ubicado justo <strong>A 890 metros de la estaci\u00f3n de metro Huapaifang<\/strong>El Crescent Moon Hotel te sit\u00faa a poca distancia de los destinos gastron\u00f3micos m\u00e1s emblem\u00e1ticos de Chengdu.<strong>Calle Jinli<\/strong>, <strong>Callej\u00f3n Kuanzhai<\/strong>, y <strong>Carretera Chunxi<\/strong>\u2014pero muchos hu\u00e9spedes descubren que no quieren abandonar el tranquilo para\u00edso culinario del hotel.<\/p><p data-spm-anchor-id=\"a2ty_o01.29997173.0.i73.49d6c921Qs43kP\">En <strong>Hotel Crescent Moon<\/strong>Creemos que la buena comida es m\u00e1s que un sustento: es una <strong>puerta de entrada a la conexi\u00f3n, la comodidad y la cultura<\/strong>Ya sea que est\u00e9 tomando un t\u00e9 bajo las luces del jard\u00edn de la azotea o disfrutando de un abundante desayuno antes de visitar el <strong>Base Panda<\/strong>Nuestro restaurante est\u00e1 dise\u00f1ado para nutrir tanto el cuerpo como el alma.<\/p><p data-spm-anchor-id=\"a2ty_o01.29997173.0.i74.49d6c921Qs43kP\"><strong>Ven con hambre. Vete feliz. Que los sabores de Sichuan te acompa\u00f1en en Crescent Moon.<\/strong><\/p>\t\t\t\t\t\t\t\t<\/div>\n\t\t\t\t\t<\/div>\n\t\t\t\t<\/div>\n\t\t\t\t<section class=\"elementor-section elementor-top-section elementor-element elementor-element-306c366f elementor-section-stretched elementor-section-boxed elementor-section-gap-beside-yes elementor-section-height-default elementor-section-height-default elementor-section-column-vertical-align-stretch\" data-id=\"306c366f\" data-element_type=\"section\" data-e-type=\"section\" data-settings=\"{&quot;background_background&quot;:&quot;classic&quot;,&quot;stretch_section&quot;:&quot;section-stretched&quot;}\">\n\t\t\t\t\t\t<div class=\"elementor-container elementor-column-gap-extended\">\n\t\t\t\t\t<div class=\"elementor-column elementor-col-100 elementor-top-column elementor-element elementor-element-5876ff9d\" data-id=\"5876ff9d\" data-element_type=\"column\" data-e-type=\"column\">\n\t\t\t<div class=\"elementor-widget-wrap elementor-element-populated\">\n\t\t\t\t\t\t<div class=\"elementor-element elementor-element-378048b2 elementor-widget elementor-widget-heading\" data-id=\"378048b2\" data-element_type=\"widget\" data-e-type=\"widget\" data-widget_type=\"heading.default\">\n\t\t\t\t\t<h2 class=\"elementor-heading-title elementor-size-default\">Consultar disponibilidad <\/h2>\t\t\t\t<\/div>\n\t\t\t\t<div class=\"elementor-element elementor-element-215a1089 elementor-widget elementor-widget-text-editor\" data-id=\"215a1089\" data-element_type=\"widget\" data-e-type=\"widget\" data-widget_type=\"text-editor.default\">\n\t\t\t\t\t\t\t\t\t<iframe border=\"0\" src=\"https:\/\/www.trip.com\/partners\/ad\/S5088477?Allianceid=4590391&#038;SID=253731934&#038;trip_sub1=\" style=\"width:900px;height:200px\" frameborder=\"0\" scrolling=\"no\" id=\"S5088477\"><\/iframe>\t\t\t\t\t\t\t\t<\/div>\n\t\t\t\t\t<\/div>\n\t\t<\/div>\n\t\t\t\t\t<\/div>\n\t\t<\/section>\n\t\t\t\t<\/div>","protected":false},"excerpt":{"rendered":"<p>Savor the Flavor of Chengdu: Discover the Culinary Heart of Crescent Moon Hotel Nestled within the serene and stylish ambiance of Crescent Moon Hotel at No. 3, Majiahuayuan Road, Jinniu District, Chengdu, lies a dining experience that beautifully bridges tradition and modern elegance\u2014the hotel\u2019s signature Breakfast Restaurant, affectionately known by guests as the heart of [&hellip;]<\/p>\n","protected":false},"author":1,"featured_media":0,"parent":0,"menu_order":0,"comment_status":"closed","ping_status":"closed","template":"","meta":{"footnotes":""},"class_list":["post-612","page","type-page","status-publish","hentry","post-no-thumbnail"],"_links":{"self":[{"href":"https:\/\/crescentmoonhotel.com\/es\/wp-json\/wp\/v2\/pages\/612","targetHints":{"allow":["GET"]}}],"collection":[{"href":"https:\/\/crescentmoonhotel.com\/es\/wp-json\/wp\/v2\/pages"}],"about":[{"href":"https:\/\/crescentmoonhotel.com\/es\/wp-json\/wp\/v2\/types\/page"}],"author":[{"embeddable":true,"href":"https:\/\/crescentmoonhotel.com\/es\/wp-json\/wp\/v2\/users\/1"}],"replies":[{"embeddable":true,"href":"https:\/\/crescentmoonhotel.com\/es\/wp-json\/wp\/v2\/comments?post=612"}],"version-history":[{"count":0,"href":"https:\/\/crescentmoonhotel.com\/es\/wp-json\/wp\/v2\/pages\/612\/revisions"}],"wp:attachment":[{"href":"https:\/\/crescentmoonhotel.com\/es\/wp-json\/wp\/v2\/media?parent=612"}],"curies":[{"name":"wp","href":"https:\/\/api.w.org\/{rel}","templated":true}]}}