{"id":647,"date":"2021-03-29T02:13:52","date_gmt":"2021-03-29T02:13:52","guid":{"rendered":"http:\/\/localhost\/nuss\/?page_id=647"},"modified":"2025-08-29T14:35:46","modified_gmt":"2025-08-29T14:35:46","slug":"servicios","status":"publish","type":"page","link":"https:\/\/crescentmoonhotel.com\/es\/servicios\/","title":{"rendered":"Servicios"},"content":{"rendered":"<div data-elementor-type=\"wp-page\" data-elementor-id=\"647\" class=\"elementor elementor-647\">\n\t\t\t\t\t\t<section class=\"elementor-section elementor-top-section elementor-element elementor-element-3353bc8 elementor-section-boxed elementor-section-gap-beside-yes elementor-section-height-default elementor-section-height-default elementor-section-column-vertical-align-stretch\" data-id=\"3353bc8\" data-element_type=\"section\" data-e-type=\"section\">\n\t\t\t\t\t\t<div class=\"elementor-container elementor-column-gap-extended\">\n\t\t\t\t\t<div class=\"elementor-column elementor-col-100 elementor-top-column elementor-element elementor-element-0a2bc64\" data-id=\"0a2bc64\" data-element_type=\"column\" data-e-type=\"column\">\n\t\t\t<div class=\"elementor-widget-wrap elementor-element-populated\">\n\t\t\t\t\t\t<div class=\"elementor-element elementor-element-447e3ef elementor-widget__width-initial elementor-invisible elementor-widget elementor-widget-text-editor\" data-id=\"447e3ef\" data-element_type=\"widget\" data-e-type=\"widget\" data-settings=\"{&quot;_animation&quot;:&quot;nussFadeInUp&quot;}\" data-widget_type=\"text-editor.default\">\n\t\t\t\t\t\t\t\t\t<p><strong data-spm-anchor-id=\"a2ty_o01.29997173.0.i77.49d6c921Qs43kP\">Los atentos servicios del Crescent Moon Hotel, Chengdu<\/strong><\/p>\t\t\t\t\t\t\t\t<\/div>\n\t\t\t\t\t<\/div>\n\t\t<\/div>\n\t\t\t\t\t<\/div>\n\t\t<\/section>\n\t\t<div class=\"elementor-element elementor-element-d229abf e-flex e-con-boxed e-con e-parent\" data-id=\"d229abf\" data-element_type=\"container\" data-e-type=\"container\">\n\t\t\t\t\t<div class=\"e-con-inner\">\n\t\t\t\t<div class=\"elementor-element elementor-element-06bc860 elementor-widget elementor-widget-text-editor\" data-id=\"06bc860\" data-element_type=\"widget\" data-e-type=\"widget\" data-widget_type=\"text-editor.default\">\n\t\t\t\t\t\t\t\t\t<p>En <strong>Hotel Crescent Moon<\/strong>, enclavado en el vibrante <strong>Distrito de Jinniu<\/strong> en <strong>N.\u00b0 3, calle Majiahuayuan, Chengdu<\/strong>El servicio no es una lista de verificaci\u00f3n, es una filosof\u00eda. Inaugurado en <strong>2025<\/strong>Este moderno hotel boutique de 4 estrellas ha redefinido r\u00e1pidamente la hospitalidad en Sichuan al combinar a la perfecci\u00f3n <strong>tecnolog\u00eda de vanguardia<\/strong>, <strong>Calidez de Sichuan<\/strong>, y <strong>atenci\u00f3n personal atenta<\/strong> en una experiencia para el hu\u00e9sped que sea a la vez innovadora y profundamente humana.<\/p><p data-spm-anchor-id=\"a2ty_o01.29997173.0.i79.49d6c921Qs43kP\">Desde el momento en que llegas, no solo eres bienvenido, sino que te esperan. Ya sea que te registres a trav\u00e9s de <strong>lector de identificaci\u00f3n electr\u00f3nica<\/strong> Para una llegada r\u00e1pida y sin contacto, o ser recibido por un miembro del personal sonriente listo para ayudarlo con el equipaje y los consejos locales, cada interacci\u00f3n est\u00e1 dise\u00f1ada para que su estad\u00eda sea sencilla, intuitiva y memorable.<\/p><h3><strong>Servicios inteligentes para el viajero moderno<\/strong><\/h3><p>Crescent Moon Hotel abraza el futuro con <strong>Servicios inteligentes y mejorados con tecnolog\u00eda<\/strong> que elevan la comodidad sin sacrificar la comodidad. Una de las caracter\u00edsticas m\u00e1s comentadas es la <strong>flota de robots de servicio<\/strong> Que se desliza por los pasillos, entregando agua embotellada directamente a la habitaci\u00f3n. No es solo una novedad, sino un s\u00edmbolo del compromiso del hotel con la eficiencia, la limpieza y la hospitalidad futurista.<\/p><p>El <strong>sistema de lavander\u00eda inteligente<\/strong> ofertas <strong>servicio de lavander\u00eda gratuito en el establecimiento<\/strong>Incluye detergente, secadora y vaporizador, perfecto para estancias prolongadas o viajeros de negocios que necesitan ropa limpia. Para mayor seguridad y comodidad, <strong>casilleros<\/strong> Est\u00e1n disponibles en la recepci\u00f3n y los hu\u00e9spedes pueden guardar objetos de valor en el <strong>caja fuerte en recepci\u00f3n<\/strong>.<\/p><p>El check-in y el check-out est\u00e1n dise\u00f1ados para ser r\u00e1pidos y f\u00e1ciles, con <strong>opciones expresas<\/strong> y <strong>Soporte de recepci\u00f3n las 24 horas<\/strong>. El <strong>sistema de ventilaci\u00f3n<\/strong> y <strong>\u00c1reas p\u00fablicas vigiladas por CCTV<\/strong> Garantizamos un ambiente seguro, limpio y c\u00f3modo durante toda su estancia.<\/p><h3><strong>Bienestar y relajaci\u00f3n: donde el cuerpo y la mente se relajan<\/strong><\/h3><p>En el coraz\u00f3n de la filosof\u00eda de servicio del Crescent Moon Hotel se encuentra <strong>bienestar<\/strong>Creemos que el verdadero lujo reside en el rejuvenecimiento, y por eso ofrecemos una gama de <strong>Servicios de bienestar gratuitos<\/strong> que van mucho m\u00e1s all\u00e1 de lo ordinario.<\/p><p>Los hu\u00e9spedes disfrutan de acceso gratuito a un <strong>Piscina de sopa al aire libre gratuita<\/strong> y <strong>aguas termales<\/strong>, una caracter\u00edstica poco com\u00fan y apreciada en la zona urbana de Chengdu. Estos ba\u00f1os ricos en minerales, inspirados en las pr\u00e1cticas tradicionales de bienestar chinas, son perfectos para relajar los m\u00fasculos cansados despu\u00e9s de un d\u00eda explorando los templos y salones de t\u00e9 de la ciudad. El adyacente <strong>zona para tomar el sol<\/strong> y <strong>jard\u00edn<\/strong> Proporcionar un espacio sereno para relajarse bajo el cielo abierto.<\/p><p>El <strong>gimnasio totalmente equipado<\/strong> est\u00e1 abierto <strong>24\/7 y gratuito para todos los hu\u00e9spedes.<\/strong>Con modernos equipos de cardio y entrenamiento de fuerza. Tanto si te levantas temprano como si eres trasnochador, tu rutina de ejercicios no tendr\u00e1 interrupciones.<\/p><p>Para la contemplaci\u00f3n tranquila, el <strong>biblioteca<\/strong> y <strong>sal\u00f3n de t\u00e9<\/strong> Ofrecemos retiros tranquilos con libros, m\u00fasica relajante y t\u00e9s premium de Sichuan, ideales para viajeros solitarios, trabajadores remotos o parejas que buscan un momento de calma.<\/p><h3><strong>Atenci\u00f3n personalizada: el toque humano<\/strong><\/h3><p>Si bien la tecnolog\u00eda mejora nuestra eficiencia, es la <strong>elemento humano<\/strong> que define nuestro servicio. Nuestro <strong>Equipo de conserjer\u00eda y recepci\u00f3n las 24 horas<\/strong> Son constantemente elogiados en las rese\u00f1as de los hu\u00e9spedes por su <strong>profesionalismo, amabilidad y habilidades para resolver problemas<\/strong>.<\/p><p>Los invitados han destacado espec\u00edficamente <strong>Recepcionista Huang<\/strong> por ir \u201cm\u00e1s all\u00e1\u201d y ayudar con todo, desde <strong>pedir comida local para llevar<\/strong> a <strong>fijar ubicaciones en los mapas<\/strong> y responder preguntas con prontitud. Las mujeres en el check-in tambi\u00e9n son frecuentemente elogiadas por su <strong>Calidez y atenci\u00f3n al detalle<\/strong>.<\/p><p>Ofrecemos <strong>servicios estilo mayordomo<\/strong>\u2014no como un complemento de lujo, sino como un est\u00e1ndar de atenci\u00f3n. Desde <strong>llamadas de atenci\u00f3n<\/strong> a <strong>Consigna de equipaje (gratuita)<\/strong>, <strong>reserva de tours y entradas<\/strong>, y <strong>arreglos de taxi o alquiler de coche<\/strong>Nuestro equipo garantiza que sus necesidades se satisfagan con gracia y precisi\u00f3n.<\/p><h3><strong>Servicios para familias y centrados en los ni\u00f1os<\/strong><\/h3><p>El Crescent Moon Hotel es uno de los favoritos entre las familias, gracias a su atento servicio. <strong>servicios adaptados a los ni\u00f1os<\/strong>. El <strong>Suite cu\u00e1druple tem\u00e1tica Runaround Panda<\/strong> incluye un <strong>tienda de campa\u00f1a para ni\u00f1os<\/strong>, <strong>mini-nevera<\/strong>y una decoraci\u00f3n divertida que har\u00e1 las delicias de los m\u00e1s peque\u00f1os.<\/p><p>Nosotros proporcionamos <strong>zapatillas de ni\u00f1os, albornoces, cepillos de dientes<\/strong>, y a\u00fan <strong>libros y v\u00eddeos<\/strong> Para mantener a los peque\u00f1os entretenidos. El <strong>piscina infantil<\/strong> Ofrece juegos seguros en aguas poco profundas, y para ni\u00f1os menores de <strong>1,2 metros<\/strong> disfrutar <strong>desayuno gratis<\/strong>\u2014un peque\u00f1o toque que hace una gran diferencia para las familias.<\/p><h3><strong>Servicios de negocios y reuniones para el viajero profesional<\/strong><\/h3><p>Ya sea que se encuentre en Chengdu para una conferencia, una reuni\u00f3n con un cliente o un trabajo remoto, nuestro <strong>servicios empresariales<\/strong> Aseg\u00farese de mantenerse productivo y conectado.<\/p><p>El hotel dispone de un <strong>sala multifunci\u00f3n<\/strong>, <strong>Sala de conferencias (disponible por un cargo adicional)<\/strong>, y <strong>espacios de coworking<\/strong> equipado con <strong>sistemas de visualizaci\u00f3n multimedia<\/strong>, <strong>sistemas de sonido<\/strong>, y <strong>Wi-Fi de alta velocidad<\/strong>Tambi\u00e9n ofrecemos <strong>servicios de secretar\u00eda<\/strong>, <strong>fax y fotocopias (gratis)<\/strong>, <strong>servicio postal<\/strong>, y <strong>acceso al centro de negocios<\/strong>.<\/p><p>Para quienes organizan eventos o presentaciones, nuestro <strong>Sistema de sonido y PA<\/strong> y <strong>soporte de configuraci\u00f3n profesional<\/strong> garantizar una experiencia perfecta.<\/p><h3><strong>Servicios culinarios y gastron\u00f3micos: una muestra de Chengdu<\/strong><\/h3><p>Si bien no ofrecemos servicio de habitaci\u00f3n completo, nuestro <strong>restaurante de desayuno<\/strong> es un punto culminante de la experiencia del hu\u00e9sped. Servir un <strong>buffet de platos chinos y occidentales<\/strong> de <strong>De 7:00 a. m. a 12:00 p. m.<\/strong>Ofrece dim sum fresco, gachas de avena, huevos al gusto, reposter\u00eda y fruta de temporada. Adultos y ni\u00f1os (1,2-1,5 m) pueden a\u00f1adir el desayuno por una peque\u00f1a tarifa.<\/p><p>El <strong>cafeter\u00eda y bar del vest\u00edbulo<\/strong> Ofrecen un ambiente acogedor para tomar un caf\u00e9, un t\u00e9 o una copa por la noche. Los hu\u00e9spedes tambi\u00e9n disfrutan <strong>t\u00e9 de la tarde<\/strong> En el sal\u00f3n de t\u00e9, un ritual tranquilo que refleja la elegancia de la cultura del t\u00e9 de Sichuan.<\/p><p>Aunque <strong>No se proporcionan traslados al aeropuerto<\/strong>Nuestro personal puede organizarlo f\u00e1cilmente <strong>reservas de taxis<\/strong> o <strong>alquiler de coches<\/strong>, y <strong>Didi<\/strong> (La aplicaci\u00f3n de viajes compartidos de China) es asequible y conveniente desde la cercana <strong>Estaci\u00f3n de metro Huapaifang (890 m)<\/strong>.<\/p><h3><strong>Sostenibilidad, seguridad y accesibilidad<\/strong><\/h3><p>Priorizamos <strong>seguridad y accesibilidad<\/strong> con <strong>CCTV en \u00e1reas p\u00fablicas<\/strong>, <strong>alarmas contra incendios<\/strong>, <strong>detectores de humo<\/strong>, <strong>personal de seguridad<\/strong>, y <strong>dispositivos de alarma visual<\/strong> para hu\u00e9spedes con necesidades auditivas. El <strong>La entrada principal no tiene escaleras.<\/strong>, y <strong>pasamanos<\/strong> y un <strong>rampa de piscina<\/strong> Garantizar la accesibilidad para todos.<\/p><p>Nuestro <strong>jard\u00edn<\/strong>, <strong>Zona de barbacoa (con cargo adicional)<\/strong>, y <strong>muebles de exterior<\/strong> crear espacios comunes acogedores, mientras que <strong>tienda de regalos<\/strong> y <strong>acceso al ascensor<\/strong> Aumenta la comodidad general.<\/p><div class=\"py-2 my-3\"><hr \/><\/div><h3><strong>Un nuevo est\u00e1ndar en la hospitalidad de Chengdu<\/strong><\/h3><p>En <strong>Hotel Crescent Moon<\/strong>El servicio no se trata de hacer m\u00e1s, se trata de... <strong>haci\u00e9ndolo mejor<\/strong>Est\u00e1 en el silencioso zumbido de un robot que reparte agua a medianoche, la calidez de un miembro del personal que recuerda tu nombre y la quietud de un ba\u00f1o en la azotea bajo un cielo estrellado.<\/p><p>Con un <strong>Calificaci\u00f3n de 9,7\/10 para el servicio<\/strong> Desde m\u00e1s de <strong>1.559 hu\u00e9spedes verificados<\/strong>Hemos establecido un nuevo punto de referencia para lo que puede ser un hotel en Chengdu: <strong>inteligente, serena y conmovedora<\/strong>.<\/p><p>Este no es solo un lugar para quedarse.<br \/>Aqu\u00ed es donde su viaje es recibido con cuidado, curiosidad y excelencia silenciosa.<\/p><p data-spm-anchor-id=\"a2ty_o01.29997173.0.i81.49d6c921Qs43kP\"><strong>Bienvenido a Crescent Moon Hotel, donde cada servicio es un gesto de bienvenida y cada estad\u00eda se siente como volver a casa.<\/strong><\/p>\t\t\t\t\t\t\t\t<\/div>\n\t\t\t\t\t<\/div>\n\t\t\t\t<\/div>\n\t\t\t\t<section class=\"elementor-section elementor-top-section elementor-element elementor-element-6f4374c4 elementor-section-stretched elementor-section-boxed elementor-section-gap-beside-yes elementor-section-height-default elementor-section-height-default elementor-section-column-vertical-align-stretch\" data-id=\"6f4374c4\" data-element_type=\"section\" data-e-type=\"section\" data-settings=\"{&quot;background_background&quot;:&quot;classic&quot;,&quot;stretch_section&quot;:&quot;section-stretched&quot;}\">\n\t\t\t\t\t\t<div class=\"elementor-container elementor-column-gap-extended\">\n\t\t\t\t\t<div class=\"elementor-column elementor-col-100 elementor-top-column elementor-element elementor-element-4c0e198f\" data-id=\"4c0e198f\" data-element_type=\"column\" data-e-type=\"column\">\n\t\t\t<div class=\"elementor-widget-wrap elementor-element-populated\">\n\t\t\t\t\t\t<div class=\"elementor-element elementor-element-647b2467 elementor-widget elementor-widget-heading\" data-id=\"647b2467\" data-element_type=\"widget\" data-e-type=\"widget\" data-widget_type=\"heading.default\">\n\t\t\t\t\t<h2 class=\"elementor-heading-title elementor-size-default\">Consultar disponibilidad <\/h2>\t\t\t\t<\/div>\n\t\t\t\t<div class=\"elementor-element elementor-element-4045c282 elementor-widget elementor-widget-text-editor\" data-id=\"4045c282\" data-element_type=\"widget\" data-e-type=\"widget\" data-widget_type=\"text-editor.default\">\n\t\t\t\t\t\t\t\t\t<iframe border=\"0\" src=\"https:\/\/www.trip.com\/partners\/ad\/S5088477?Allianceid=4590391&#038;SID=253731934&#038;trip_sub1=\" style=\"width:900px;height:200px\" frameborder=\"0\" scrolling=\"no\" id=\"S5088477\"><\/iframe>\t\t\t\t\t\t\t\t<\/div>\n\t\t\t\t\t<\/div>\n\t\t<\/div>\n\t\t\t\t\t<\/div>\n\t\t<\/section>\n\t\t\t\t<\/div>","protected":false},"excerpt":{"rendered":"<p>The Thoughtful Services of Crescent Moon Hotel, Chengdu At Crescent Moon Hotel, nestled in the vibrant Jinniu District at No. 3, Majiahuayuan Road, Chengdu, service is not a checklist\u2014it\u2019s a philosophy. Opened in 2025, this modern 4-star boutique hotel has quickly redefined hospitality in Sichuan by seamlessly blending cutting-edge technology, Sichuan warmth, and attentive personal [&hellip;]<\/p>\n","protected":false},"author":1,"featured_media":0,"parent":0,"menu_order":0,"comment_status":"closed","ping_status":"closed","template":"","meta":{"footnotes":""},"class_list":["post-647","page","type-page","status-publish","hentry","post-no-thumbnail"],"_links":{"self":[{"href":"https:\/\/crescentmoonhotel.com\/es\/wp-json\/wp\/v2\/pages\/647","targetHints":{"allow":["GET"]}}],"collection":[{"href":"https:\/\/crescentmoonhotel.com\/es\/wp-json\/wp\/v2\/pages"}],"about":[{"href":"https:\/\/crescentmoonhotel.com\/es\/wp-json\/wp\/v2\/types\/page"}],"author":[{"embeddable":true,"href":"https:\/\/crescentmoonhotel.com\/es\/wp-json\/wp\/v2\/users\/1"}],"replies":[{"embeddable":true,"href":"https:\/\/crescentmoonhotel.com\/es\/wp-json\/wp\/v2\/comments?post=647"}],"version-history":[{"count":0,"href":"https:\/\/crescentmoonhotel.com\/es\/wp-json\/wp\/v2\/pages\/647\/revisions"}],"wp:attachment":[{"href":"https:\/\/crescentmoonhotel.com\/es\/wp-json\/wp\/v2\/media?parent=647"}],"curies":[{"name":"wp","href":"https:\/\/api.w.org\/{rel}","templated":true}]}}