{"id":2105,"date":"2021-03-24T07:25:45","date_gmt":"2021-03-24T07:25:45","guid":{"rendered":"http:\/\/localhost\/nuss\/?page_id=235"},"modified":"2025-08-29T13:53:00","modified_gmt":"2025-08-29T13:53:00","slug":"faq","status":"publish","type":"page","link":"https:\/\/crescentmoonhotel.com\/fr\/faq\/","title":{"rendered":"FAQ"},"content":{"rendered":"<div data-elementor-type=\"wp-page\" data-elementor-id=\"2105\" class=\"elementor elementor-2105\">\n\t\t\t\t\t\t<section class=\"elementor-section elementor-top-section elementor-element elementor-element-2a96a73 elementor-section-boxed elementor-section-gap-beside-yes elementor-section-height-default elementor-section-height-default elementor-section-column-vertical-align-stretch\" data-id=\"2a96a73\" data-element_type=\"section\" data-e-type=\"section\">\n\t\t\t\t\t\t<div class=\"elementor-container elementor-column-gap-extended\">\n\t\t\t\t\t<div class=\"elementor-column elementor-col-100 elementor-top-column elementor-element elementor-element-98ef20c\" data-id=\"98ef20c\" data-element_type=\"column\" data-e-type=\"column\">\n\t\t\t<div class=\"elementor-widget-wrap elementor-element-populated\">\n\t\t\t\t\t\t<div class=\"elementor-element elementor-element-97088c0 elementor-widget__width-initial elementor-invisible elementor-widget elementor-widget-text-editor\" data-id=\"97088c0\" data-element_type=\"widget\" data-e-type=\"widget\" data-settings=\"{&quot;_animation&quot;:&quot;nussFadeInUp&quot;}\" data-widget_type=\"text-editor.default\">\n\t\t\t\t\t\t\t\t\t<p>Ci-dessous, vous trouverez une liste des questions les plus fr\u00e9quemment pos\u00e9es par nos clients.<\/p>\t\t\t\t\t\t\t\t<\/div>\n\t\t\t\t\t<\/div>\n\t\t<\/div>\n\t\t\t\t\t<\/div>\n\t\t<\/section>\n\t\t\t\t<section class=\"elementor-section elementor-top-section elementor-element elementor-element-b184647 elementor-section-gap-beside-no elementor-section-boxed elementor-section-height-default elementor-section-height-default elementor-section-column-vertical-align-stretch\" data-id=\"b184647\" data-element_type=\"section\" data-e-type=\"section\">\n\t\t\t\t\t\t<div class=\"elementor-container elementor-column-gap-extended\">\n\t\t\t\t\t<div class=\"elementor-column elementor-col-100 elementor-top-column elementor-element elementor-element-1d49749\" data-id=\"1d49749\" data-element_type=\"column\" data-e-type=\"column\">\n\t\t\t<div class=\"elementor-widget-wrap elementor-element-populated\">\n\t\t\t\t\t\t<div class=\"elementor-element elementor-element-b986a9e elementor-invisible elementor-widget elementor-widget-nuss-heading\" data-id=\"b986a9e\" data-element_type=\"widget\" data-e-type=\"widget\" data-settings=\"{&quot;_animation&quot;:&quot;nussFadeInUp&quot;}\" data-widget_type=\"nuss-heading.default\">\n\t\t\t\t<div class=\"elementor-widget-container\">\n\t\t\t\t\t\t\t<div class=\"nuss-modern-heading\">\r\n\t\t\t\r\n\t\t\t\t\t\t<div class=\"heading-primary-wrap\">\r\n\t\t\t\t<h4 class=\"heading-primary elementor-heading-title\">FAQ<\/h4>\t\t\t<\/div>\r\n\t\t\r\n\t\t\t\t\t\t<div class=\"heading-divider-wrap\">\r\n\t\t\t\t<div class=\"heading-divider\" style=\"left: 0px;top: 6px\"><\/div>\r\n\t\t\t<\/div>\r\n\t\r\n\t\t\t\t\t<\/div>\r\n\t\t\t\t\t<\/div>\n\t\t\t\t<\/div>\n\t\t\t\t<div class=\"elementor-element elementor-element-50f0733 elementor-invisible elementor-widget elementor-widget-heading\" data-id=\"50f0733\" data-element_type=\"widget\" data-e-type=\"widget\" data-settings=\"{&quot;_animation&quot;:&quot;nussFadeInUp&quot;}\" data-widget_type=\"heading.default\">\n\t\t\t\t\t<h2 class=\"elementor-heading-title elementor-size-default\">Questions et r\u00e9ponses<\/h2>\t\t\t\t<\/div>\n\t\t\t\t<div class=\"elementor-element elementor-element-77990c1 elementor-widget elementor-widget-text-editor\" data-id=\"77990c1\" data-element_type=\"widget\" data-e-type=\"widget\" data-widget_type=\"text-editor.default\">\n\t\t\t\t\t\t\t\t\t<h3><strong data-spm-anchor-id=\"a2ty_o01.29997173.0.i57.49d6c921Qs43kP\">1. Quelles sont les heures d&#039;arriv\u00e9e et de d\u00e9part au Crescent Moon Hotel ?<\/strong><\/h3><p><strong>Enregistrement:<\/strong> Depuis <strong>12h00 (midi)<\/strong><br \/><strong>V\u00e9rifier:<\/strong> Par <strong>12h00 (midi)<\/strong><br \/>La r\u00e9ception est ouverte <strong>24 heures<\/strong>, et l&#039;enregistrement \u00e9lectronique des pi\u00e8ces d&#039;identit\u00e9 est disponible pour plus de commodit\u00e9.<\/p><div class=\"py-2 my-3\"><hr \/><\/div><h3><strong>2. L&#039;h\u00f4tel Crescent Moon propose-t-il une connexion Wi-Fi gratuite ?<\/strong><\/h3><p>Oui, <strong>Wi-Fi gratuit<\/strong> est disponible dans toutes les chambres et les espaces publics.<\/p><div class=\"py-2 my-3\"><hr \/><\/div><h3><strong>3. Le petit-d\u00e9jeuner est-il inclus au Crescent Moon Hotel ?<\/strong><\/h3><p>Le petit d\u00e9jeuner est <strong>pas automatiquement inclus<\/strong> mais peut \u00eatre achet\u00e9 sur place.<\/p><ul><li><strong>Taper:<\/strong> Buffet (options chinoises et occidentales)<\/li><li><strong>Prix:<\/strong> 48 CNY par adulte, 29 CNY pour les enfants (1,2 \u00e0 1,5 m)<\/li><li><strong>Gratuit pour les enfants de moins de 1,2 m<\/strong><\/li><li><strong>Servi tous les jours de 7h00 \u00e0 12h00<\/strong><\/li><\/ul><div class=\"py-2 my-3\"><hr \/><\/div><h3><strong>4. L&#039;h\u00f4tel dispose-t-il d&#039;une piscine ?<\/strong><\/h3><p>Oui, l&#039;h\u00f4tel dispose d&#039;un <strong>piscine ext\u00e9rieure gratuite<\/strong> et un <strong>piscine pour enfants<\/strong>La piscine sur le toit est populaire pour la d\u00e9tente et les vues en soir\u00e9e.<\/p><div class=\"py-2 my-3\"><hr \/><\/div><h3><strong>5. Y a-t-il une source chaude ou un spa ?<\/strong><\/h3><p>Oui, les invit\u00e9s peuvent profiter <strong>acc\u00e8s gratuit aux sources chaudes<\/strong> et un <strong>bain public<\/strong> dans le cadre des prestations de bien-\u00eatre.<\/p><div class=\"py-2 my-3\"><hr \/><\/div><h3><strong>6. Un parking est-il disponible \u00e0 l&#039;h\u00f4tel ?<\/strong><\/h3><p>Oui, <strong>parking public gratuit<\/strong> Des places sont disponibles sur place. Les places sont limit\u00e9es et attribu\u00e9es selon le principe du premier arriv\u00e9, premier servi. Aucune r\u00e9servation n&#039;est requise.<\/p><div class=\"py-2 my-3\"><hr \/><\/div><h3><strong>7. \u00c0 quelle distance se trouve l&#039;h\u00f4tel de la station de m\u00e9tro la plus proche ?<\/strong><\/h3><p>L&#039;h\u00f4tel est <strong>890 m\u00e8tres (environ 10 \u00e0 12 minutes de marche)<\/strong> depuis <strong>Station de m\u00e9tro Huapaifang (ligne 5)<\/strong>. <strong>Gare du pont Xibei<\/strong> se trouve \u00e0 environ 1 km.<\/p><div class=\"py-2 my-3\"><hr \/><\/div><h3><strong>8. \u00c0 quelle distance se trouve l&#039;h\u00f4tel Crescent Moon de l&#039;a\u00e9roport international de Chengdu Shuangliu ?<\/strong><\/h3><p>L&#039;h\u00f4tel est <strong>19,6 km (environ 45 minutes en voiture)<\/strong> depuis <strong>A\u00e9roport international de Chengdu-Shuangliu<\/strong>Il est recommand\u00e9 de prendre un taxi \u00e0 l&#039;a\u00e9roport ou un service de VTC (VTC).<\/p><div class=\"py-2 my-3\"><hr \/><\/div><h3><strong>9. L&#039;h\u00f4tel propose-t-il des services de transfert a\u00e9roport ?<\/strong><\/h3><p>Non, <strong>les services de navette ou de transfert a\u00e9roportuaire ne sont pas fournis<\/strong> pr\u00e8s de l&#039;h\u00f4tel. Cependant, des taxis et des services de transport sont facilement accessibles.<\/p><div class=\"py-2 my-3\"><hr \/><\/div><h3><strong>10. Les animaux de compagnie sont-ils autoris\u00e9s au Crescent Moon Hotel ?<\/strong><\/h3><p>Non, <strong>les animaux ne sont pas admis<\/strong>Les animaux d\u2019assistance ne sont pas non plus autoris\u00e9s.<\/p><div class=\"py-2 my-3\"><hr \/><\/div><h3><strong>11. Puis-je apporter un berceau ou un lit d\u2019appoint pour un enfant ?<\/strong><\/h3><ul><li><strong>Berceaux (lits b\u00e9b\u00e9) :<\/strong> Non disponible dans aucun type de chambre.<\/li><li><strong>Lits suppl\u00e9mentaires :<\/strong> Les conditions varient selon les chambres\u00a0; veuillez v\u00e9rifier lors de la r\u00e9servation. Toutes les chambres ne peuvent pas accueillir de lit d&#039;appoint.<\/li><\/ul><div class=\"py-2 my-3\"><hr \/><\/div><h3><strong>12. Quels \u00e9quipements adapt\u00e9s aux familles l&#039;h\u00f4tel propose-t-il ?<\/strong><\/h3><p>Oui ! L&#039;h\u00f4tel est adapt\u00e9 aux familles avec\u00a0:<\/p><ul><li><strong>Suite quadruple \u00e0 th\u00e8me Runaround Panda<\/strong> (comprend une tente pour enfants et un mini-r\u00e9frig\u00e9rateur)<\/li><li><strong>Piscine pour enfants<\/strong><\/li><li>Chaussons pour enfants, brosses \u00e0 dents, peignoirs<\/li><li>Livres et vid\u00e9os pour enfants<\/li><li>Chambres familiales avec canap\u00e9s-lits<\/li><\/ul><div class=\"py-2 my-3\"><hr \/><\/div><h3><strong>13. Y a-t-il une salle de sport \u00e0 l&#039;h\u00f4tel ?<\/strong><\/h3><p>Oui, un <strong>une salle de sport enti\u00e8rement \u00e9quip\u00e9e est disponible gratuitement<\/strong> \u00e0 tous les invit\u00e9s, ouvert 24h\/24 et 7j\/7.<\/p><div class=\"py-2 my-3\"><hr \/><\/div><h3><strong>14. Y a-t-il des restaurants ou des options de restauration sur place ?<\/strong><\/h3><p>Oui, l&#039;h\u00f4tel dispose de :<\/p><ul><li><strong>Restaurant de petit-d\u00e9jeuner<\/strong> (buffet, 7h00\u201312h00)<\/li><li><strong>Caf\u00e9<\/strong> et <strong>Bar du hall<\/strong><\/li><li><strong>Th\u00e9 de l&#039;apr\u00e8s-midi<\/strong> service<\/li><li><strong>Salon de th\u00e9<\/strong> pour une d\u00e9tente tranquille<\/li><\/ul><div class=\"py-2 my-3\"><hr \/><\/div><h3><strong>15. De quelles fonctionnalit\u00e9s intelligentes ou de haute technologie l&#039;h\u00f4tel dispose-t-il ?<\/strong><\/h3><p>L&#039;h\u00f4tel Crescent Moon adopte la technologie moderne avec :<\/p><ul><li><strong>Robots de service<\/strong> qui livrent de l&#039;eau en bouteille dans les chambres<\/li><li><strong>Enregistrement d&#039;identit\u00e9 \u00e9lectronique<\/strong><\/li><li><strong>Services de blanchisserie intelligents<\/strong><\/li><li><strong>Salles de cin\u00e9ma laser \u00e0 \u00e9cran g\u00e9ant<\/strong><\/li><li>En chambre <strong>r\u00e9frig\u00e9rateurs<\/strong>, <strong>distributeurs d&#039;eau chaude<\/strong>, et <strong>syst\u00e8mes multim\u00e9dias<\/strong><\/li><\/ul><div class=\"py-2 my-3\"><hr \/><\/div><h3><strong>16. Y a-t-il un centre d\u2019affaires ou une salle de r\u00e9union ?<\/strong><\/h3><p>Oui, l&#039;h\u00f4tel propose :<\/p><ul><li><strong>Salle de conf\u00e9rence<\/strong> (disponible pour les \u00e9v\u00e9nements)<\/li><li><strong>Centre d&#039;affaires<\/strong><\/li><li><strong>Espaces multifonctionnels et de coworking<\/strong><\/li><li><strong>Services de secr\u00e9tariat, de t\u00e9l\u00e9copie et de photocopie<\/strong> (gratuit)<\/li><\/ul><div class=\"py-2 my-3\"><hr \/><\/div><h3><strong>17. Quelles attractions se trouvent \u00e0 proximit\u00e9 du Crescent Moon Hotel ?<\/strong><\/h3><p>Les attractions populaires \u00e0 proximit\u00e9 comprennent :<\/p><ul><li><strong>Ruelle Kuanzhai (ruelles larges et \u00e9troites)<\/strong> \u2013 ~3 km<\/li><li><strong>Rue Jinli<\/strong> \u2013 ~3,5 km<\/li><li><strong>Monast\u00e8re de Wenshuyuan<\/strong> \u2013 ~2,8 km<\/li><li><strong>Chunxi Road et Taikoo Li<\/strong> \u2013 ~4 km<\/li><li><strong>Base des pandas de Chengdu<\/strong> \u2013 ~10 km<\/li><li><strong>Parc artistique de Tianfu et Happy Valley<\/strong> \u2013 ~5 km<\/li><\/ul><div class=\"py-2 my-3\"><hr \/><\/div><h3><strong>18. L&#039;h\u00f4tel est-il adapt\u00e9 aux voyageurs d&#039;affaires ?<\/strong><\/h3><p>Absolument. Avec <strong>R\u00e9ception ouverte 24h\/24 et 7j\/7<\/strong>, <strong>salle de sport gratuite<\/strong>, <strong>espaces de coworking<\/strong>, <strong>Wi-Fi haut d\u00e9bit<\/strong>, <strong>centre d&#039;affaires<\/strong>, et <strong>service assist\u00e9 par robot<\/strong>Id\u00e9al pour les professionnels, il b\u00e9n\u00e9ficie d&#039;une excellente connectivit\u00e9 gr\u00e2ce \u00e0 son emplacement dans le district de Jinniu.<\/p><div class=\"py-2 my-3\"><hr \/><\/div><h3><strong>19. Quelles langues parle le personnel ?<\/strong><\/h3><p>Le personnel de la r\u00e9ception parle principalement <strong>mandarin<\/strong>Bien que le service en anglais puisse \u00eatre limit\u00e9, de nombreux clients signalent que le personnel est <strong>applications de traduction conviviales et utiles<\/strong> pour aider les voyageurs internationaux.<\/p><div class=\"py-2 my-3\"><hr \/><\/div><h3><strong>20. L&#039;h\u00f4tel est-il r\u00e9cemment ouvert ou r\u00e9cemment r\u00e9nov\u00e9 ?<\/strong><\/h3><p>Oui, <strong>L&#039;h\u00f4tel Crescent Moon ouvrira ses portes en 2025<\/strong> et est consid\u00e9r\u00e9 comme un <strong>propri\u00e9t\u00e9 nouvellement construite et r\u00e9nov\u00e9e<\/strong>, refl\u00e9t\u00e9e dans son design moderne, ses syst\u00e8mes intelligents et ses notes de propret\u00e9 constamment \u00e9lev\u00e9es (9,6\/10).<\/p>\t\t\t\t\t\t\t\t<\/div>\n\t\t\t\t\t<\/div>\n\t\t<\/div>\n\t\t\t\t\t<\/div>\n\t\t<\/section>\n\t\t\t\t<section class=\"elementor-section elementor-top-section elementor-element elementor-element-5a7c8cdc elementor-section-stretched elementor-section-boxed elementor-section-gap-beside-yes elementor-section-height-default elementor-section-height-default elementor-section-column-vertical-align-stretch\" data-id=\"5a7c8cdc\" data-element_type=\"section\" data-e-type=\"section\" data-settings=\"{&quot;background_background&quot;:&quot;classic&quot;,&quot;stretch_section&quot;:&quot;section-stretched&quot;}\">\n\t\t\t\t\t\t<div class=\"elementor-container elementor-column-gap-extended\">\n\t\t\t\t\t<div class=\"elementor-column elementor-col-100 elementor-top-column elementor-element elementor-element-62b1ecd9\" data-id=\"62b1ecd9\" data-element_type=\"column\" data-e-type=\"column\">\n\t\t\t<div class=\"elementor-widget-wrap elementor-element-populated\">\n\t\t\t\t\t\t<div class=\"elementor-element elementor-element-2f158672 elementor-widget elementor-widget-heading\" data-id=\"2f158672\" data-element_type=\"widget\" data-e-type=\"widget\" data-widget_type=\"heading.default\">\n\t\t\t\t\t<h2 class=\"elementor-heading-title elementor-size-default\">Ch\u00e8que disponible <\/h2>\t\t\t\t<\/div>\n\t\t\t\t<div class=\"elementor-element elementor-element-3ed03c31 elementor-widget elementor-widget-text-editor\" data-id=\"3ed03c31\" data-element_type=\"widget\" data-e-type=\"widget\" data-widget_type=\"text-editor.default\">\n\t\t\t\t\t\t\t\t\t<iframe border=\"0\" src=\"https:\/\/www.trip.com\/partners\/ad\/S5088477?Allianceid=4590391&#038;SID=253731934&#038;trip_sub1=\" style=\"width:900px;height:200px\" frameborder=\"0\" scrolling=\"no\" id=\"S5088477\"><\/iframe>\t\t\t\t\t\t\t\t<\/div>\n\t\t\t\t\t<\/div>\n\t\t<\/div>\n\t\t\t\t\t<\/div>\n\t\t<\/section>\n\t\t\t\t<\/div>","protected":false},"excerpt":{"rendered":"<p>Below, you will find a list of the questions most frequently asked by our guests. FAQ&#8217;S Questions &amp; Answers 1. What are the check-in and check-out times at Crescent Moon Hotel? Check-in: From 12:00 PM (noon)Check-out: By 12:00 PM (noon)The front desk is open 24 hours, and electronic ID check-in is available for convenience. 2. [&hellip;]<\/p>\n","protected":false},"author":1,"featured_media":0,"parent":0,"menu_order":0,"comment_status":"closed","ping_status":"closed","template":"","meta":{"footnotes":""},"class_list":["post-2105","page","type-page","status-publish","hentry","post-no-thumbnail"],"_links":{"self":[{"href":"https:\/\/crescentmoonhotel.com\/fr\/wp-json\/wp\/v2\/pages\/2105","targetHints":{"allow":["GET"]}}],"collection":[{"href":"https:\/\/crescentmoonhotel.com\/fr\/wp-json\/wp\/v2\/pages"}],"about":[{"href":"https:\/\/crescentmoonhotel.com\/fr\/wp-json\/wp\/v2\/types\/page"}],"author":[{"embeddable":true,"href":"https:\/\/crescentmoonhotel.com\/fr\/wp-json\/wp\/v2\/users\/1"}],"replies":[{"embeddable":true,"href":"https:\/\/crescentmoonhotel.com\/fr\/wp-json\/wp\/v2\/comments?post=2105"}],"version-history":[{"count":0,"href":"https:\/\/crescentmoonhotel.com\/fr\/wp-json\/wp\/v2\/pages\/2105\/revisions"}],"wp:attachment":[{"href":"https:\/\/crescentmoonhotel.com\/fr\/wp-json\/wp\/v2\/media?parent=2105"}],"curies":[{"name":"wp","href":"https:\/\/api.w.org\/{rel}","templated":true}]}}