{"id":2109,"date":"2021-03-26T08:35:58","date_gmt":"2021-03-26T08:35:58","guid":{"rendered":"http:\/\/localhost\/nuss\/?page_id=536"},"modified":"2025-08-29T11:43:40","modified_gmt":"2025-08-29T11:43:40","slug":"installations-commerciales","status":"publish","type":"page","link":"https:\/\/crescentmoonhotel.com\/fr\/installations-commerciales\/","title":{"rendered":"Installations commerciales"},"content":{"rendered":"<div data-elementor-type=\"wp-page\" data-elementor-id=\"2109\" class=\"elementor elementor-2109\">\n\t\t\t\t\t\t<section class=\"elementor-section elementor-top-section elementor-element elementor-element-bb2901b elementor-section-boxed elementor-section-gap-beside-yes elementor-section-height-default elementor-section-height-default elementor-section-column-vertical-align-stretch\" data-id=\"bb2901b\" data-element_type=\"section\" data-e-type=\"section\">\n\t\t\t\t\t\t<div class=\"elementor-container elementor-column-gap-extended\">\n\t\t\t\t\t<div class=\"elementor-column elementor-col-100 elementor-top-column elementor-element elementor-element-1919db9\" data-id=\"1919db9\" data-element_type=\"column\" data-e-type=\"column\">\n\t\t\t<div class=\"elementor-widget-wrap elementor-element-populated\">\n\t\t\t\t\t\t<div class=\"elementor-element elementor-element-41a7b9c elementor-widget__width-initial elementor-invisible elementor-widget elementor-widget-text-editor\" data-id=\"41a7b9c\" data-element_type=\"widget\" data-e-type=\"widget\" data-settings=\"{&quot;_animation&quot;:&quot;nussFadeInUp&quot;}\" data-widget_type=\"text-editor.default\">\n\t\t\t\t\t\t\t\t\t<p>Notre salle de r\u00e9union offre un espace de r\u00e9union priv\u00e9 et \u00e9l\u00e9gant au c\u0153ur de New York, pour des groupes de 8 \u00e0 10 personnes. Pour votre confort, des forfaits pause-caf\u00e9 sont disponibles.<\/p>\t\t\t\t\t\t\t\t<\/div>\n\t\t\t\t\t<\/div>\n\t\t<\/div>\n\t\t\t\t\t<\/div>\n\t\t<\/section>\n\t\t<div class=\"elementor-element elementor-element-cd53bbb e-flex e-con-boxed e-con e-parent\" data-id=\"cd53bbb\" data-element_type=\"container\" data-e-type=\"container\">\n\t\t\t\t\t<div class=\"e-con-inner\">\n\t\t\t\t<div class=\"elementor-element elementor-element-0aec690 elementor-widget elementor-widget-nuss-image-gallery\" data-id=\"0aec690\" data-element_type=\"widget\" data-e-type=\"widget\" data-widget_type=\"nuss-image-gallery.default\">\n\t\t\t\t<div class=\"elementor-widget-container\">\n\t\t\t\t\t\t\t<div class=\"nuss-grid-wrapper\" data-grid=\"{&quot;type&quot;:&quot;grid&quot;,&quot;ratio&quot;:null,&quot;columns&quot;:3,&quot;gutter&quot;:30}\">\r\n\t\t\t<div class=\"nuss-grid lazy-grid\">\r\n\t\t\t\t<div class=\"grid-sizer\"><\/div>\r\n\r\n\t\t\t\t\t\t\t\t\t\t\t\t<div class=\"grid-item\">\r\n\t\t\t\t\t\t<div class=\"nuss-box\">\t\t<div class=\"nuss-image image\">\r\n\t\t\t<img decoding=\"async\"  src=\"https:\/\/crescentmoonhotel.com\/wp-content\/uploads\/2025\/08\/CRESCENT-MOON-HOTEL-57.webp\" alt=\"H\u00d4TEL CRESCENT MOON (57)\" \/>\t\t<\/div>\r\n\t\t\t\t<\/div>\t\t\t\t\t<\/div>\r\n\t\t\t\t\t\t<div class=\"grid-item\">\r\n\t\t\t\t\t\t<div class=\"nuss-box\">\t\t<div class=\"nuss-image image\">\r\n\t\t\t<img decoding=\"async\"  src=\"https:\/\/crescentmoonhotel.com\/wp-content\/uploads\/2025\/08\/CRESCENT-MOON-HOTEL-56.webp\" alt=\"H\u00d4TEL CRESCENT MOON (56)\" \/>\t\t<\/div>\r\n\t\t\t\t<\/div>\t\t\t\t\t<\/div>\r\n\t\t\t\t\t\t<div class=\"grid-item\">\r\n\t\t\t\t\t\t<div class=\"nuss-box\">\t\t<div class=\"nuss-image image\">\r\n\t\t\t<img decoding=\"async\"  src=\"https:\/\/crescentmoonhotel.com\/wp-content\/uploads\/2025\/08\/CRESCENT-MOON-HOTEL-55.webp\" alt=\"H\u00d4TEL CRESCENT MOON (55)\" \/>\t\t<\/div>\r\n\t\t\t\t<\/div>\t\t\t\t\t<\/div>\r\n\t\t\t\t\t\t\t\r\n\t\t\t<\/div>\r\n\t\t<\/div>\r\n\t\t\t\t\t\t<\/div>\n\t\t\t\t<\/div>\n\t\t\t\t\t<\/div>\n\t\t\t\t<\/div>\n\t\t<div class=\"elementor-element elementor-element-3e152a5 e-flex e-con-boxed e-con e-parent\" data-id=\"3e152a5\" data-element_type=\"container\" data-e-type=\"container\">\n\t\t\t\t\t<div class=\"e-con-inner\">\n\t\t\t\t<div class=\"elementor-element elementor-element-cee76f2 elementor-widget elementor-widget-text-editor\" data-id=\"cee76f2\" data-element_type=\"widget\" data-e-type=\"widget\" data-widget_type=\"text-editor.default\">\n\t\t\t\t\t\t\t\t\t<p>\u00c0 <strong>H\u00f4tel Crescent Moon<\/strong>, situ\u00e9 dans la dynamique <strong>District de Jinniu<\/strong> de Chengdu \u00e0 <strong>N\u00b0 3, route Majiahuayuan<\/strong>Le voyage d&#039;affaires est r\u00e9invent\u00e9 pour allier innovation, confort et efficacit\u00e9. Con\u00e7u pour les professionnels modernes, notre h\u00f4tel propose une gamme compl\u00e8te de services. <strong>installations d&#039;affaires et de r\u00e9union<\/strong> qui s&#039;adressent aux entrepreneurs, aux \u00e9quipes d&#039;entreprise et aux travailleurs \u00e0 distance \u00e0 la recherche d&#039;un environnement productif mais inspirant, que vous organisiez une r\u00e9union \u00e0 enjeux \u00e9lev\u00e9s, que vous pr\u00e9pariez une pr\u00e9sentation ou que vous restiez simplement connect\u00e9 pendant un programme de voyage charg\u00e9.<\/p><p>Ouvert en 2025 et exploit\u00e9 par <strong>Chengdu Crescent Selected Hotel Management Co., Ltd.<\/strong>, L&#039;h\u00f4tel Crescent Moon combine <strong>technologie intelligente<\/strong> avec des fonctionnalit\u00e9s \u00e9l\u00e9gantes pour offrir une exp\u00e9rience professionnelle haut de gamme au c\u0153ur de l&#039;un des p\u00f4les technologiques et culturels les plus dynamiques de Chine. <strong>77 chambres soigneusement con\u00e7ues<\/strong> et une forte concentration sur l&#039;excellence du service (not\u00e9e <strong>9,7\/10 pour le service<\/strong> (par les clients), l&#039;h\u00f4tel veille \u00e0 ce que chaque besoin professionnel soit satisfait avec pr\u00e9cision et soin.<\/p><div class=\"my-2\">\u00a0<\/div><h3><strong>Espaces de r\u00e9union et de conf\u00e9rence \u00e0 la pointe de la technologie<\/strong><\/h3><p>Notre <strong>salle de conf\u00e9rence multifonctionnelle<\/strong> et <strong>centre d&#039;affaires d\u00e9di\u00e9<\/strong> sont con\u00e7us pour r\u00e9pondre \u00e0 un large \u00e9ventail de besoins professionnels, des r\u00e9unions de conseil d&#039;administration et consultations clients en petit comit\u00e9 aux grands rassemblements d&#039;entreprise et sessions de formation. <strong>syst\u00e8mes d&#039;affichage multim\u00e9dia de pointe<\/strong>, projecteurs haute d\u00e9finition, capacit\u00e9s de pr\u00e9sentation sans fil et <strong>Wi-Fi haut d\u00e9bit partout<\/strong>, ces espaces assurent une connectivit\u00e9 et une qualit\u00e9 de pr\u00e9sentation irr\u00e9prochables.<\/p><p>Le <strong>salle de conf\u00e9rence<\/strong> Dispose d&#039;une disposition flexible des si\u00e8ges, d&#039;un \u00e9clairage d&#039;ambiance et de cloisons insonoris\u00e9es pour pr\u00e9server l&#039;intimit\u00e9 et la concentration. Que vous organisiez une r\u00e9union locale ou que vous communiquiez avec des \u00e9quipes internationales par visioconf\u00e9rence, notre <strong>services de secr\u00e9tariat<\/strong> et un support technique sur site sont disponibles pour aider \u00e0 la configuration, \u00e0 la documentation et \u00e0 la coordination en temps r\u00e9el.<\/p><p>Pour les petites \u00e9quipes ou les brainstormings collaboratifs, le <strong>espaces de coworking<\/strong> et <strong>salles multifonctionnelles<\/strong> Offrent une atmosph\u00e8re \u00e0 la fois d\u00e9contract\u00e9e et professionnelle, id\u00e9ale pour les discussions improvis\u00e9es ou les s\u00e9ances de travail cibl\u00e9es. Ces espaces sont con\u00e7us pour stimuler la cr\u00e9ativit\u00e9, avec lumi\u00e8re naturelle, mobilier ergonomique et acc\u00e8s \u00e0 des prises \u00e9lectriques et des ports USB.<\/p><div class=\"my-2\">\u00a0<\/div><h3><strong>Services commerciaux intelligents et assistance 24h\/24 et 7j\/7<\/strong><\/h3><p>Comprenant les exigences du monde des affaires en \u00e9volution rapide d&#039;aujourd&#039;hui, le Crescent Moon Hotel propose <strong>r\u00e9ception et services de conciergerie ouverts 24h\/24<\/strong>, vous garantissant un acc\u00e8s \u00e0 l&#039;assistance \u00e0 toute heure. Besoin d&#039;imprimer un contrat de derni\u00e8re minute\u00a0? Notre <strong>services gratuits de fax et de photocopie<\/strong> sont disponibles sur place. Besoin d&#039;aide pour vos d\u00e9placements\u00a0? L&#039;h\u00f4tel propose <strong>services de r\u00e9servation de taxi et de location de voitures<\/strong> pour vous aider \u00e0 naviguer facilement \u00e0 Chengdu.<\/p><p data-spm-anchor-id=\"a2ty_o01.29997173.0.i39.49d6c921Qs43kP\">Les clients b\u00e9n\u00e9ficient \u00e9galement de <strong>enregistrement d&#039;identit\u00e9 \u00e9lectronique<\/strong>, un d\u00e9part express et une consigne \u00e0 bagages s\u00e9curis\u00e9e, optimisant ainsi l&#039;efficacit\u00e9 et minimisant les temps d&#039;arr\u00eat. Pour plus de commodit\u00e9, <strong>casiers<\/strong> et un <strong>coffre-fort \u00e0 la r\u00e9ception<\/strong> sont disponibles pour s\u00e9curiser les documents et appareils importants.<\/p>\t\t\t\t\t\t\t\t<\/div>\n\t\t\t\t\t<\/div>\n\t\t\t\t<\/div>\n\t\t<div class=\"elementor-element elementor-element-85f5857 e-flex e-con-boxed e-con e-parent\" data-id=\"85f5857\" data-element_type=\"container\" data-e-type=\"container\">\n\t\t\t\t\t<div class=\"e-con-inner\">\n\t\t\t\t<div class=\"elementor-element elementor-element-f135a2a elementor-widget elementor-widget-nuss-image-gallery\" data-id=\"f135a2a\" data-element_type=\"widget\" data-e-type=\"widget\" data-widget_type=\"nuss-image-gallery.default\">\n\t\t\t\t<div class=\"elementor-widget-container\">\n\t\t\t\t\t\t\t<div class=\"nuss-grid-wrapper\" data-grid=\"{&quot;type&quot;:&quot;grid&quot;,&quot;ratio&quot;:null,&quot;columns&quot;:3,&quot;gutter&quot;:30}\">\r\n\t\t\t<div class=\"nuss-grid lazy-grid\">\r\n\t\t\t\t<div class=\"grid-sizer\"><\/div>\r\n\r\n\t\t\t\t\t\t\t\t\t\t\t\t<div class=\"grid-item\">\r\n\t\t\t\t\t\t<div class=\"nuss-box\">\t\t<div class=\"nuss-image image\">\r\n\t\t\t<img decoding=\"async\"  src=\"https:\/\/crescentmoonhotel.com\/wp-content\/uploads\/2025\/08\/CRESCENT-MOON-HOTEL-160.webp\" alt=\"H\u00d4TEL CRESCENT MOON (160)\" \/>\t\t<\/div>\r\n\t\t\t\t<\/div>\t\t\t\t\t<\/div>\r\n\t\t\t\t\t\t<div class=\"grid-item\">\r\n\t\t\t\t\t\t<div class=\"nuss-box\">\t\t<div class=\"nuss-image image\">\r\n\t\t\t<img decoding=\"async\"  src=\"https:\/\/crescentmoonhotel.com\/wp-content\/uploads\/2025\/08\/CRESCENT-MOON-HOTEL-91.webp\" alt=\"H\u00d4TEL CRESCENT MOON (91)\" \/>\t\t<\/div>\r\n\t\t\t\t<\/div>\t\t\t\t\t<\/div>\r\n\t\t\t\t\t\t<div class=\"grid-item\">\r\n\t\t\t\t\t\t<div class=\"nuss-box\">\t\t<div class=\"nuss-image image\">\r\n\t\t\t<img decoding=\"async\"  src=\"https:\/\/crescentmoonhotel.com\/wp-content\/uploads\/2025\/08\/CRESCENT-MOON-HOTEL-78.webp\" alt=\"H\u00d4TEL CRESCENT MOON (78)\" \/>\t\t<\/div>\r\n\t\t\t\t<\/div>\t\t\t\t\t<\/div>\r\n\t\t\t\t\t\t\t\r\n\t\t\t<\/div>\r\n\t\t<\/div>\r\n\t\t\t\t\t\t<\/div>\n\t\t\t\t<\/div>\n\t\t\t\t\t<\/div>\n\t\t\t\t<\/div>\n\t\t<div class=\"elementor-element elementor-element-d0cc44b e-flex e-con-boxed e-con e-parent\" data-id=\"d0cc44b\" data-element_type=\"container\" data-e-type=\"container\">\n\t\t\t\t\t<div class=\"e-con-inner\">\n\t\t\t\t<div class=\"elementor-element elementor-element-d16da8a elementor-widget elementor-widget-text-editor\" data-id=\"d16da8a\" data-element_type=\"widget\" data-e-type=\"widget\" data-widget_type=\"text-editor.default\">\n\t\t\t\t\t\t\t\t\t<h3><strong data-spm-anchor-id=\"a2ty_o01.29997173.0.i41.49d6c921Qs43kP\">\u00c9quipements am\u00e9liorant la productivit\u00e9<\/strong><\/h3><p data-spm-anchor-id=\"a2ty_o01.29997173.0.i40.49d6c921Qs43kP\">Au-del\u00e0 des espaces de r\u00e9union formels, l&#039;h\u00f4tel int\u00e8gre la productivit\u00e9 dans chaque aspect de l&#039;exp\u00e9rience client. <strong>salle de sport ouverte 24h\/24<\/strong>, qui est <strong>gratuit pour tous les invit\u00e9s<\/strong>, vous permet de maintenir votre routine bien-\u00eatre, en boostant votre \u00e9nergie et votre clart\u00e9 mentale. Apr\u00e8s une longue journ\u00e9e de r\u00e9unions, d\u00e9tendez-vous dans le <strong>piscine ext\u00e9rieure gratuite<\/strong> ou <strong>sources chaudes<\/strong>, connus pour leurs propri\u00e9t\u00e9s relaxantes et rajeunissantes, id\u00e9ales pour r\u00e9duire le stress et am\u00e9liorer la concentration.<\/p><p data-spm-anchor-id=\"a2ty_o01.29997173.0.i38.49d6c921Qs43kP\">Pour travailler au calme ou consulter vos e-mails, le <strong>biblioth\u00e8que<\/strong> et <strong>salon de th\u00e9<\/strong> Ils offrent un environnement serein et sans distraction, avec des si\u00e8ges confortables et un \u00e9clairage d&#039;ambiance. Ces espaces paisibles offrent un cadre id\u00e9al pour lire, \u00e9crire ou discuter autour d&#039;une tasse de th\u00e9 du Sichuan de qualit\u00e9 sup\u00e9rieure.<\/p><div class=\"my-2\">\u00a0<\/div><h3><strong>Emplacement strat\u00e9gique pour les affaires et le r\u00e9seautage<\/strong><\/h3><p>Emplacement du Crescent Moon Hotel \u00e0 <strong>District de Jinniu<\/strong> vous permet d&#039;acc\u00e9der facilement aux principaux centres commerciaux, culturels et de transport de Chengdu. <strong>\u00c0 890 m\u00e8tres de la station de m\u00e9tro Huapaifang<\/strong>, et <strong>\u00c0 8,8 km de la gare de Chengdu Sud<\/strong>, l&#039;h\u00f4tel offre une excellente connectivit\u00e9 \u00e0 travers la ville. Il est \u00e0 seulement quelques <strong>19,6 km (environ 45 minutes) en voiture de l&#039;a\u00e9roport international de Chengdu Shuangliu<\/strong>, ce qui le rend id\u00e9al pour les voyageurs d&#039;affaires nationaux et internationaux.<\/p><p>Points de rep\u00e8re \u00e0 proximit\u00e9 tels que <strong>Route de Chunxi<\/strong>, <strong>Taikoo Li<\/strong>, <strong>Parc artistique de Tianfu<\/strong>, et <strong>Vall\u00e9e heureuse<\/strong> ne sont pas seulement des attractions touristiques, mais aussi des p\u00f4les dynamiques de commerce, de vente au d\u00e9tail et d&#039;innovation, parfaits pour les rencontres clients ou les rencontres de r\u00e9seautage apr\u00e8s le travail. La proximit\u00e9 <strong>Ruelle Kuanzhai<\/strong>, <strong>Monast\u00e8re de Wenshuyuan<\/strong>, et le <strong>Base Panda<\/strong> permet \u00e9galement de vivre des exp\u00e9riences culturelles uniques qui peuvent enrichir les discussions d\u2019affaires ou les activit\u00e9s de team building.<\/p><div class=\"my-2\">\u00a0<\/div><h3><strong>Des touches de technologie de pointe pour le professionnel moderne<\/strong><\/h3><p>Embrassant l&#039;avenir de l&#039;hospitalit\u00e9, le Crescent Moon Hotel propose <strong>robots de service<\/strong> Des bouteilles d&#039;eau et des petits articles sont livr\u00e9s directement dans les chambres, minimisant ainsi les perturbations tout en illustrant l&#039;engagement de l&#039;h\u00f4tel en mati\u00e8re d&#039;innovation. Des \u00e9quipements de chambre intelligents, notamment <strong>mini-r\u00e9frig\u00e9rateurs dans les chambres<\/strong>, <strong>r\u00e9frig\u00e9rateurs<\/strong>, et <strong>commandes de climatisation<\/strong>, assurez-vous d&#039;un environnement de travail confortable, que vous finalisiez une proposition ou que vous organisiez un appel virtuel depuis votre chambre.<\/p><p data-spm-anchor-id=\"a2ty_o01.29997173.0.i42.49d6c921Qs43kP\">Pour les clients qui appr\u00e9cient une touche cin\u00e9matographique, certaines chambres offrent un <strong>exp\u00e9rience de cin\u00e9ma laser sur \u00e9cran g\u00e9ant<\/strong>, parfait pour revoir des pr\u00e9sentations ou profiter d&#039;un briefing visuel haute r\u00e9solution en priv\u00e9.<\/p>\t\t\t\t\t\t\t\t<\/div>\n\t\t\t\t\t<\/div>\n\t\t\t\t<\/div>\n\t\t\t\t<section class=\"elementor-section elementor-top-section elementor-element elementor-element-ed1c90a elementor-section-stretched elementor-section-boxed elementor-section-gap-beside-yes elementor-section-height-default elementor-section-height-default elementor-section-column-vertical-align-stretch\" data-id=\"ed1c90a\" data-element_type=\"section\" data-e-type=\"section\" data-settings=\"{&quot;background_background&quot;:&quot;classic&quot;,&quot;stretch_section&quot;:&quot;section-stretched&quot;}\">\n\t\t\t\t\t\t<div class=\"elementor-container elementor-column-gap-extended\">\n\t\t\t\t\t<div class=\"elementor-column elementor-col-100 elementor-top-column elementor-element elementor-element-66eb09ed\" data-id=\"66eb09ed\" data-element_type=\"column\" data-e-type=\"column\">\n\t\t\t<div class=\"elementor-widget-wrap elementor-element-populated\">\n\t\t\t\t\t\t<div class=\"elementor-element elementor-element-689d9934 elementor-widget elementor-widget-heading\" data-id=\"689d9934\" data-element_type=\"widget\" data-e-type=\"widget\" data-widget_type=\"heading.default\">\n\t\t\t\t\t<h2 class=\"elementor-heading-title elementor-size-default\">Ch\u00e8que disponible <\/h2>\t\t\t\t<\/div>\n\t\t\t\t<div class=\"elementor-element elementor-element-6068b8ce elementor-widget elementor-widget-text-editor\" data-id=\"6068b8ce\" data-element_type=\"widget\" data-e-type=\"widget\" data-widget_type=\"text-editor.default\">\n\t\t\t\t\t\t\t\t\t<iframe border=\"0\" src=\"https:\/\/www.trip.com\/partners\/ad\/S5088477?Allianceid=4590391&#038;SID=253731934&#038;trip_sub1=\" style=\"width:900px;height:200px\" frameborder=\"0\" scrolling=\"no\" id=\"S5088477\"><\/iframe>\t\t\t\t\t\t\t\t<\/div>\n\t\t\t\t\t<\/div>\n\t\t<\/div>\n\t\t\t\t\t<\/div>\n\t\t<\/section>\n\t\t<div class=\"elementor-element elementor-element-b01fe70 e-flex e-con-boxed e-con e-parent\" data-id=\"b01fe70\" data-element_type=\"container\" data-e-type=\"container\">\n\t\t\t\t\t<div class=\"e-con-inner\">\n\t\t\t\t<div class=\"elementor-element elementor-element-8603dde elementor-widget elementor-widget-text-editor\" data-id=\"8603dde\" data-element_type=\"widget\" data-e-type=\"widget\" data-widget_type=\"text-editor.default\">\n\t\t\t\t\t\t\t\t\t<h3><strong>Une nouvelle norme dans l&#039;h\u00f4tellerie d&#039;affaires<\/strong><\/h3><p data-spm-anchor-id=\"a2ty_o01.29997173.0.i43.49d6c921Qs43kP\">Au Crescent Moon Hotel, nous pensons que les voyages d&#039;affaires ne doivent pas sacrifier le confort, le style ou le bien-\u00eatre. Nos installations d&#039;affaires ne sont pas seulement fonctionnelles\u00a0: elles sont soigneusement con\u00e7ues pour favoriser votre r\u00e9ussite, votre cr\u00e9ativit\u00e9 et votre tranquillit\u00e9 d&#039;esprit. D\u00e8s votre arriv\u00e9e, vous d\u00e9couvrirez un nouveau niveau de service. <strong>une hospitalit\u00e9 intelligente, intuitive et inspirante<\/strong>.<\/p><p>Que vous soyez \u00e0 Chengdu pour une r\u00e9union d&#039;une journ\u00e9e ou pour une mission d&#039;entreprise prolong\u00e9e, <strong>H\u00f4tel Crescent Moon<\/strong> est votre partenaire strat\u00e9gique en mati\u00e8re de productivit\u00e9, o\u00f9 chaque d\u00e9tail est con\u00e7u pour vous aider \u00e0 donner le meilleur de vous-m\u00eame.<\/p><p data-spm-anchor-id=\"a2ty_o01.29997173.0.i44.49d6c921Qs43kP\"><strong>Travaillez plus intelligemment. Restez plus brillant. Brillez sous le croissant de lune.<\/strong><\/p>\t\t\t\t\t\t\t\t<\/div>\n\t\t\t\t\t<\/div>\n\t\t\t\t<\/div>\n\t\t\t\t<\/div>","protected":false},"excerpt":{"rendered":"<p>Our Hotel board room offers a private, elegant meeting space in the heart of New York for groups of 8 to 10 persons. For your comfort and convenience, coffee break packages are available. At Crescent Moon Hotel, located in the dynamic Jinniu District of Chengdu at No. 3, Majiahuayuan Road, business travel is reimagined as [&hellip;]<\/p>\n","protected":false},"author":1,"featured_media":0,"parent":0,"menu_order":0,"comment_status":"closed","ping_status":"closed","template":"","meta":{"footnotes":""},"class_list":["post-2109","page","type-page","status-publish","hentry","post-no-thumbnail"],"_links":{"self":[{"href":"https:\/\/crescentmoonhotel.com\/fr\/wp-json\/wp\/v2\/pages\/2109","targetHints":{"allow":["GET"]}}],"collection":[{"href":"https:\/\/crescentmoonhotel.com\/fr\/wp-json\/wp\/v2\/pages"}],"about":[{"href":"https:\/\/crescentmoonhotel.com\/fr\/wp-json\/wp\/v2\/types\/page"}],"author":[{"embeddable":true,"href":"https:\/\/crescentmoonhotel.com\/fr\/wp-json\/wp\/v2\/users\/1"}],"replies":[{"embeddable":true,"href":"https:\/\/crescentmoonhotel.com\/fr\/wp-json\/wp\/v2\/comments?post=2109"}],"version-history":[{"count":0,"href":"https:\/\/crescentmoonhotel.com\/fr\/wp-json\/wp\/v2\/pages\/2109\/revisions"}],"wp:attachment":[{"href":"https:\/\/crescentmoonhotel.com\/fr\/wp-json\/wp\/v2\/media?parent=2109"}],"curies":[{"name":"wp","href":"https:\/\/api.w.org\/{rel}","templated":true}]}}