{"id":5266,"date":"2021-07-18T08:03:35","date_gmt":"2021-07-18T08:03:35","guid":{"rendered":"https:\/\/nuss.uxper.co\/luxury-resort\/?page_id=5266"},"modified":"2025-08-29T09:17:56","modified_gmt":"2025-08-29T09:17:56","slug":"a-propos-de-nous","status":"publish","type":"page","link":"https:\/\/crescentmoonhotel.com\/fr\/a-propos-de-nous\/","title":{"rendered":"\u00c0 propos de nous"},"content":{"rendered":"<div data-elementor-type=\"wp-page\" data-elementor-id=\"5266\" class=\"elementor elementor-5266\">\n\t\t\t\t\t\t<section class=\"elementor-section elementor-top-section elementor-element elementor-element-10416953 elementor-section-boxed elementor-section-gap-beside-yes elementor-section-height-default elementor-section-height-default elementor-section-column-vertical-align-stretch\" data-id=\"10416953\" data-element_type=\"section\" data-e-type=\"section\">\n\t\t\t\t\t\t<div class=\"elementor-container elementor-column-gap-extended\">\n\t\t\t\t\t<div class=\"elementor-column elementor-col-100 elementor-top-column elementor-element elementor-element-29c6aa8\" data-id=\"29c6aa8\" data-element_type=\"column\" data-e-type=\"column\">\n\t\t\t<div class=\"elementor-widget-wrap elementor-element-populated\">\n\t\t\t\t\t\t<div class=\"elementor-element elementor-element-7be18fe7 elementor-widget__width-initial elementor-invisible elementor-widget elementor-widget-text-editor\" data-id=\"7be18fe7\" data-element_type=\"widget\" data-e-type=\"widget\" data-settings=\"{&quot;_animation&quot;:&quot;nussFadeInUp&quot;}\" data-widget_type=\"text-editor.default\">\n\t\t\t\t\t\t\t\t\t<p><strong data-spm-anchor-id=\"a2ty_o01.29997173.0.i25.49d6c921Qs43kP\">D\u00e9couvrez la s\u00e9r\u00e9nit\u00e9 au c\u0153ur de Chengdu<\/strong><\/p>\t\t\t\t\t\t\t\t<\/div>\n\t\t\t\t\t<\/div>\n\t\t<\/div>\n\t\t\t\t\t<\/div>\n\t\t<\/section>\n\t\t\t\t<section class=\"elementor-section elementor-top-section elementor-element elementor-element-7d18327f elementor-section-boxed elementor-section-gap-beside-yes elementor-section-height-default elementor-section-height-default elementor-section-column-vertical-align-stretch\" data-id=\"7d18327f\" data-element_type=\"section\" data-e-type=\"section\">\n\t\t\t\t\t\t<div class=\"elementor-container elementor-column-gap-extended\">\n\t\t\t\t\t<div class=\"elementor-column elementor-col-50 elementor-top-column elementor-element elementor-element-56533670\" data-id=\"56533670\" data-element_type=\"column\" data-e-type=\"column\">\n\t\t\t<div class=\"elementor-widget-wrap elementor-element-populated\">\n\t\t\t\t\t\t<div class=\"elementor-element elementor-element-19c3f543 elementor-invisible elementor-widget elementor-widget-text-editor\" data-id=\"19c3f543\" data-element_type=\"widget\" data-e-type=\"widget\" data-settings=\"{&quot;_animation&quot;:&quot;nussFadeInUp&quot;}\" data-widget_type=\"text-editor.default\">\n\t\t\t\t\t\t\t\t\t<p data-spm-anchor-id=\"a2ty_o01.29997173.0.i28.49d6c921Qs43kP\">Nich\u00e9 dans le quartier anim\u00e9 mais tranquille de Jinniu \u00e0 Chengdu, <strong>H\u00f4tel Crescent Moon<\/strong> offre une escapade raffin\u00e9e o\u00f9 le luxe moderne rencontre le charme authentique du Sichuan. Situ\u00e9 \u00e0 <strong>N\u00b0 3, route Majiahuayuan<\/strong>, cet h\u00f4tel-boutique 4 \u00e9toiles r\u00e9cemment ouvert red\u00e9finit l&#039;hospitalit\u00e9 urbaine avec son design \u00e9l\u00e9gant, ses \u00e9quipements intelligents et son service profond\u00e9ment personnalis\u00e9, le tout \u00e0 quelques minutes des monuments culturels les plus appr\u00e9ci\u00e9s de la ville.<\/p>\t\t\t\t\t\t\t\t<\/div>\n\t\t\t\t\t<\/div>\n\t\t<\/div>\n\t\t\t\t<div class=\"elementor-column elementor-col-50 elementor-top-column elementor-element elementor-element-30f14127\" data-id=\"30f14127\" data-element_type=\"column\" data-e-type=\"column\">\n\t\t\t<div class=\"elementor-widget-wrap elementor-element-populated\">\n\t\t\t\t\t\t<div class=\"elementor-element elementor-element-9c2f629 elementor-widget elementor-widget-image\" data-id=\"9c2f629\" data-element_type=\"widget\" data-e-type=\"widget\" data-widget_type=\"image.default\">\n\t\t\t\t\t\t\t\t\t\t\t\t\t\t\t<img fetchpriority=\"high\" decoding=\"async\" width=\"1024\" height=\"768\" src=\"https:\/\/crescentmoonhotel.com\/wp-content\/uploads\/2025\/08\/CRESCENT-MOON-HOTEL-108-1024x768.webp\" class=\"attachment-large size-large wp-image-5655\" alt=\"\" srcset=\"https:\/\/crescentmoonhotel.com\/wp-content\/uploads\/2025\/08\/CRESCENT-MOON-HOTEL-108-1024x768.webp 1024w, https:\/\/crescentmoonhotel.com\/wp-content\/uploads\/2025\/08\/CRESCENT-MOON-HOTEL-108-300x225.webp 300w, https:\/\/crescentmoonhotel.com\/wp-content\/uploads\/2025\/08\/CRESCENT-MOON-HOTEL-108-768x576.webp 768w, https:\/\/crescentmoonhotel.com\/wp-content\/uploads\/2025\/08\/CRESCENT-MOON-HOTEL-108.webp 1137w\" sizes=\"(max-width: 1024px) 100vw, 1024px\" \/>\t\t\t\t\t\t\t\t\t\t\t\t\t\t\t<\/div>\n\t\t\t\t\t<\/div>\n\t\t<\/div>\n\t\t\t\t\t<\/div>\n\t\t<\/section>\n\t\t\t\t<section class=\"elementor-section elementor-top-section elementor-element elementor-element-29fb8578 elementor-section-height-min-height elementor-section-stretched elementor-section-full_width elementor-section-items-stretch elementor-section-height-default elementor-section-column-vertical-align-stretch\" data-id=\"29fb8578\" data-element_type=\"section\" data-e-type=\"section\" data-settings=\"{&quot;stretch_section&quot;:&quot;section-stretched&quot;}\">\n\t\t\t\t\t\t<div class=\"elementor-container elementor-column-gap-no\">\n\t\t\t\t\t<div class=\"elementor-column elementor-col-50 elementor-top-column elementor-element elementor-element-40ac270b\" data-id=\"40ac270b\" data-element_type=\"column\" data-e-type=\"column\">\n\t\t\t<div class=\"elementor-widget-wrap elementor-element-populated\">\n\t\t\t\t\t\t<div class=\"elementor-element elementor-element-20872773 elementor-widget__width-initial elementor-widget-mobile__width-inherit elementor-invisible nuss-elementor-loading nuss-slide-in-right elementor-widget elementor-widget-image\" data-id=\"20872773\" data-element_type=\"widget\" data-e-type=\"widget\" data-settings=\"{&quot;_animation&quot;:&quot;nussSlideInRight&quot;}\" data-widget_type=\"image.default\">\n\t\t\t\t\t\t\t\t\t\t\t\t\t\t\t<img decoding=\"async\" width=\"1280\" height=\"853\" src=\"https:\/\/crescentmoonhotel.com\/wp-content\/uploads\/2025\/08\/CRESCENT-MOON-HOTEL-184.webp\" class=\"attachment-full size-full wp-image-5730\" alt=\"\" srcset=\"https:\/\/crescentmoonhotel.com\/wp-content\/uploads\/2025\/08\/CRESCENT-MOON-HOTEL-184.webp 1280w, https:\/\/crescentmoonhotel.com\/wp-content\/uploads\/2025\/08\/CRESCENT-MOON-HOTEL-184-300x200.webp 300w, https:\/\/crescentmoonhotel.com\/wp-content\/uploads\/2025\/08\/CRESCENT-MOON-HOTEL-184-1024x682.webp 1024w, https:\/\/crescentmoonhotel.com\/wp-content\/uploads\/2025\/08\/CRESCENT-MOON-HOTEL-184-768x512.webp 768w\" sizes=\"(max-width: 1280px) 100vw, 1280px\" \/>\t\t\t\t\t\t\t\t\t\t\t\t\t\t\t<\/div>\n\t\t\t\t\t<\/div>\n\t\t<\/div>\n\t\t\t\t<div class=\"elementor-column elementor-col-50 elementor-top-column elementor-element elementor-element-2dac103\" data-id=\"2dac103\" data-element_type=\"column\" data-e-type=\"column\">\n\t\t\t<div class=\"elementor-widget-wrap elementor-element-populated\">\n\t\t\t\t\t\t<div class=\"elementor-element elementor-element-6f1b8966 elementor-invisible elementor-widget elementor-widget-text-editor\" data-id=\"6f1b8966\" data-element_type=\"widget\" data-e-type=\"widget\" data-settings=\"{&quot;_animation&quot;:&quot;nussFadeInUp&quot;}\" data-widget_type=\"text-editor.default\">\n\t\t\t\t\t\t\t\t\t<p>Ouvert en 2025 et exploit\u00e9 par Chengdu Crescent Selected Hotel Management Co., Ltd., le Crescent Moon Hotel est bien plus qu&#039;un simple lieu de s\u00e9jour\u00a0: c&#039;est une exp\u00e9rience soigneusement con\u00e7ue pour les voyageurs exigeants en qu\u00eate de confort, de commodit\u00e9 et de calme. Que vous soyez en voyage d&#039;affaires, de loisirs ou pour une escapade romantique, notre havre de paix intime de 77\u00a0chambres allie technologie de pointe et attentions particuli\u00e8res pour que chaque instant de votre s\u00e9jour soit simple et m\u00e9morable.<\/p><div class=\"my-2\">\u00a0<\/div><p>D\u00e8s votre arriv\u00e9e, vous serez accueilli par une architecture contemporaine et \u00e9pur\u00e9e et une ambiance chaleureuse propice \u00e0 la d\u00e9tente. L&#039;h\u00f4tel propose une gamme de chambres et de suites au design \u00e9l\u00e9gant, chacune soigneusement am\u00e9nag\u00e9e et dot\u00e9e d&#039;un confort haut de gamme, comme <strong>Matelas King Koil Rubyluxe<\/strong>, <strong>oreillers \u00e0 pression z\u00e9ro<\/strong>, dans la chambre <strong>mini-r\u00e9frig\u00e9rateurs<\/strong>, et m\u00eame <strong>salles de cin\u00e9ma laser \u00e0 \u00e9cran g\u00e9ant<\/strong> pour des soir\u00e9es cin\u00e9ma priv\u00e9es sous les \u00e9toiles, litt\u00e9ralement, gr\u00e2ce \u00e0 la vue sur le jardin sur le toit.<\/p>\t\t\t\t\t\t\t\t<\/div>\n\t\t\t\t\t<\/div>\n\t\t<\/div>\n\t\t\t\t\t<\/div>\n\t\t<\/section>\n\t\t\t\t<section class=\"elementor-section elementor-top-section elementor-element elementor-element-ebc55ee elementor-section-height-min-height elementor-section-stretched elementor-section-full_width elementor-section-items-stretch elementor-section-height-default elementor-section-column-vertical-align-stretch\" data-id=\"ebc55ee\" data-element_type=\"section\" data-e-type=\"section\" data-settings=\"{&quot;stretch_section&quot;:&quot;section-stretched&quot;}\">\n\t\t\t\t\t\t<div class=\"elementor-container elementor-column-gap-no\">\n\t\t\t\t\t<div class=\"elementor-column elementor-col-50 elementor-top-column elementor-element elementor-element-15b9c66\" data-id=\"15b9c66\" data-element_type=\"column\" data-e-type=\"column\">\n\t\t\t<div class=\"elementor-widget-wrap elementor-element-populated\">\n\t\t\t\t\t\t<div class=\"elementor-element elementor-element-28be336 elementor-invisible elementor-widget elementor-widget-text-editor\" data-id=\"28be336\" data-element_type=\"widget\" data-e-type=\"widget\" data-settings=\"{&quot;_animation&quot;:&quot;nussFadeInUp&quot;}\" data-widget_type=\"text-editor.default\">\n\t\t\t\t\t\t\t\t\t<p data-spm-anchor-id=\"a2ty_o01.29997173.0.i29.49d6c921Qs43kP\">L&#039;un des atouts majeurs de l&#039;h\u00f4tel est son engagement envers le bien-\u00eatre et le ressourcement. Les clients peuvent se d\u00e9tendre dans le <strong>piscine ext\u00e9rieure gratuite<\/strong>, impr\u00e9gnez-vous de l&#039;apaisant <strong>sources chaudes<\/strong>, ou d\u00e9tendez-vous dans la s\u00e9r\u00e9nit\u00e9 <strong>espace bronzage<\/strong> sur le toit. Restez actif dans le chalet enti\u00e8rement \u00e9quip\u00e9, <strong data-spm-anchor-id=\"a2ty_o01.29997173.0.i30.49d6c921Qs43kP\">salle de sport gratuite<\/strong>, ou laissez la journ\u00e9e s&#039;\u00e9couler dans un moment de calme dans la paix <strong>biblioth\u00e8que<\/strong> ou <strong>salon de th\u00e9<\/strong>Pour les familles et les amateurs de divertissement, il y a m\u00eame un <strong>piscine pour enfants<\/strong>, des \u00e9quipements adapt\u00e9s aux enfants et des suites \u00e0 th\u00e8me comme la suite ludique <strong>Suite quadruple Runaround Panda<\/strong>, avec une tente pour enfants et un espace de couchage suppl\u00e9mentaire.<\/p><p data-spm-anchor-id=\"a2ty_o01.29997173.0.i31.49d6c921Qs43kP\">L&#039;h\u00f4tel Crescent Moon se distingue \u00e9galement par son alliance harmonieuse d&#039;automatisation et d&#039;hospitalit\u00e9 humaine. D\u00e9couvrez un confort futuriste avec <strong>robots de service<\/strong> livraison d&#039;eau en bouteille dans votre chambre, <strong>enregistrement d&#039;identit\u00e9 \u00e9lectronique<\/strong>, et <strong>services de blanchisserie intelligents<\/strong>, le tout compl\u00e9t\u00e9 par un personnel chaleureux et attentionn\u00e9 qui offre <strong>Assistance conciergerie 24h\/24<\/strong>, <strong>services de majordome<\/strong>, et des conseils de voyage locaux pour vous aider \u00e0 explorer les attractions \u00e0 proximit\u00e9 comme <strong>Ruelle Kuanzhai<\/strong>, <strong>Monast\u00e8re de Wenshuyuan<\/strong>, <strong>Rue Jinli<\/strong>, <strong>Route de Chunxi<\/strong>, <strong>Taikoo Li<\/strong>, et le c\u00e9l\u00e8bre <strong>Centre de recherche sur l&#039;\u00e9levage du panda g\u00e9ant de Chengdu<\/strong>.<\/p>\t\t\t\t\t\t\t\t<\/div>\n\t\t\t\t\t<\/div>\n\t\t<\/div>\n\t\t\t\t<div class=\"elementor-column elementor-col-50 elementor-top-column elementor-element elementor-element-7e067af\" data-id=\"7e067af\" data-element_type=\"column\" data-e-type=\"column\">\n\t\t\t<div class=\"elementor-widget-wrap elementor-element-populated\">\n\t\t\t\t\t\t<div class=\"elementor-element elementor-element-1514f3c elementor-widget__width-initial elementor-widget-mobile__width-inherit elementor-invisible nuss-elementor-loading nuss-slide-in-right elementor-widget elementor-widget-image\" data-id=\"1514f3c\" data-element_type=\"widget\" data-e-type=\"widget\" data-settings=\"{&quot;_animation&quot;:&quot;nussSlideInRight&quot;}\" data-widget_type=\"image.default\">\n\t\t\t\t\t\t\t\t\t\t\t\t\t\t\t<img decoding=\"async\" width=\"743\" height=\"786\" src=\"https:\/\/crescentmoonhotel.com\/wp-content\/uploads\/2025\/08\/CRESCENT-MOON-HOTEL-103.webp\" class=\"attachment-full size-full wp-image-5650\" alt=\"\" srcset=\"https:\/\/crescentmoonhotel.com\/wp-content\/uploads\/2025\/08\/CRESCENT-MOON-HOTEL-103.webp 743w, https:\/\/crescentmoonhotel.com\/wp-content\/uploads\/2025\/08\/CRESCENT-MOON-HOTEL-103-284x300.webp 284w\" sizes=\"(max-width: 743px) 100vw, 743px\" \/>\t\t\t\t\t\t\t\t\t\t\t\t\t\t\t<\/div>\n\t\t\t\t\t<\/div>\n\t\t<\/div>\n\t\t\t\t\t<\/div>\n\t\t<\/section>\n\t\t\t\t<section class=\"elementor-section elementor-top-section elementor-element elementor-element-fefa2f6 elementor-section-height-min-height elementor-section-stretched elementor-section-full_width elementor-section-items-stretch elementor-section-height-default elementor-section-column-vertical-align-stretch\" data-id=\"fefa2f6\" data-element_type=\"section\" data-e-type=\"section\" data-settings=\"{&quot;stretch_section&quot;:&quot;section-stretched&quot;}\">\n\t\t\t\t\t\t<div class=\"elementor-container elementor-column-gap-no\">\n\t\t\t\t\t<div class=\"elementor-column elementor-col-50 elementor-top-column elementor-element elementor-element-e39cfdb\" data-id=\"e39cfdb\" data-element_type=\"column\" data-e-type=\"column\">\n\t\t\t<div class=\"elementor-widget-wrap elementor-element-populated\">\n\t\t\t\t\t\t<div class=\"elementor-element elementor-element-5fe9844 elementor-widget__width-initial elementor-widget-mobile__width-inherit elementor-invisible nuss-elementor-loading nuss-slide-in-right elementor-widget elementor-widget-image\" data-id=\"5fe9844\" data-element_type=\"widget\" data-e-type=\"widget\" data-settings=\"{&quot;_animation&quot;:&quot;nussSlideInRight&quot;}\" data-widget_type=\"image.default\">\n\t\t\t\t\t\t\t\t\t\t\t\t\t\t\t<img loading=\"lazy\" decoding=\"async\" width=\"1137\" height=\"853\" src=\"https:\/\/crescentmoonhotel.com\/wp-content\/uploads\/2025\/08\/CRESCENT-MOON-HOTEL-35.webp\" class=\"attachment-full size-full wp-image-5582\" alt=\"\" srcset=\"https:\/\/crescentmoonhotel.com\/wp-content\/uploads\/2025\/08\/CRESCENT-MOON-HOTEL-35.webp 1137w, https:\/\/crescentmoonhotel.com\/wp-content\/uploads\/2025\/08\/CRESCENT-MOON-HOTEL-35-300x225.webp 300w, https:\/\/crescentmoonhotel.com\/wp-content\/uploads\/2025\/08\/CRESCENT-MOON-HOTEL-35-1024x768.webp 1024w, https:\/\/crescentmoonhotel.com\/wp-content\/uploads\/2025\/08\/CRESCENT-MOON-HOTEL-35-768x576.webp 768w\" sizes=\"(max-width: 1137px) 100vw, 1137px\" \/>\t\t\t\t\t\t\t\t\t\t\t\t\t\t\t<\/div>\n\t\t\t\t\t<\/div>\n\t\t<\/div>\n\t\t\t\t<div class=\"elementor-column elementor-col-50 elementor-top-column elementor-element elementor-element-4e8aa99\" data-id=\"4e8aa99\" data-element_type=\"column\" data-e-type=\"column\">\n\t\t\t<div class=\"elementor-widget-wrap elementor-element-populated\">\n\t\t\t\t\t\t<div class=\"elementor-element elementor-element-002236f elementor-invisible elementor-widget elementor-widget-text-editor\" data-id=\"002236f\" data-element_type=\"widget\" data-e-type=\"widget\" data-settings=\"{&quot;_animation&quot;:&quot;nussFadeInUp&quot;}\" data-widget_type=\"text-editor.default\">\n\t\t\t\t\t\t\t\t\t<p data-spm-anchor-id=\"a2ty_o01.29997173.0.i33.49d6c921Qs43kP\">Manger sur place est un d\u00e9lice <strong>restaurant de petit-d\u00e9jeuner<\/strong>, o\u00f9 un riche buffet propose \u00e0 la fois <strong>Sp\u00e9cialit\u00e9s chinoises et occidentales<\/strong>\u2014 des dim sum et congee fumants aux viennoiseries fra\u00eeches et aux \u0153ufs pr\u00e9par\u00e9s \u00e0 la commande. Ouverte tous les jours de 7h \u00e0 12h, la salle de petit-d\u00e9jeuner offre un espace lumineux et moderne pour bien commencer la journ\u00e9e. Vous b\u00e9n\u00e9ficierez \u00e9galement d&#039;un acc\u00e8s \u00e0 un <strong>caf\u00e9<\/strong>, <strong>bar du hall<\/strong>, et <strong>service de th\u00e9 de l&#039;apr\u00e8s-midi<\/strong>, parfait pour une r\u00e9flexion tranquille ou des r\u00e9unions informelles.<\/p><div class=\"my-2\">\u00a0<\/div><p data-spm-anchor-id=\"a2ty_o01.29997173.0.i32.49d6c921Qs43kP\">Id\u00e9alement situ\u00e9 \u00e0 seulement <strong>\u00c0 890 m\u00e8tres de la station de m\u00e9tro Huapaifang<\/strong> et \u00e0 proximit\u00e9 de <strong>A\u00e9roport international de Chengdu-Shuangliu (19,6 km)<\/strong> et <strong>Gare de Chengdu Sud (8,8 km)<\/strong>, l&#039;h\u00f4tel offre une excellente connectivit\u00e9 sans sacrifier la tranquillit\u00e9. Gratuit <strong>parking public<\/strong> est disponible sur place, ce qui le rend id\u00e9al pour les voyageurs en voiture et les voyageurs d&#039;affaires.<\/p>\t\t\t\t\t\t\t\t<\/div>\n\t\t\t\t\t<\/div>\n\t\t<\/div>\n\t\t\t\t\t<\/div>\n\t\t<\/section>\n\t\t\t\t<section class=\"elementor-section elementor-top-section elementor-element elementor-element-2092b7d0 elementor-section-stretched elementor-section-boxed elementor-section-gap-beside-yes elementor-section-height-default elementor-section-height-default elementor-section-column-vertical-align-stretch\" data-id=\"2092b7d0\" data-element_type=\"section\" data-e-type=\"section\" data-settings=\"{&quot;background_background&quot;:&quot;classic&quot;,&quot;stretch_section&quot;:&quot;section-stretched&quot;}\">\n\t\t\t\t\t\t<div class=\"elementor-container elementor-column-gap-extended\">\n\t\t\t\t\t<div class=\"elementor-column elementor-col-100 elementor-top-column elementor-element elementor-element-be69d75\" data-id=\"be69d75\" data-element_type=\"column\" data-e-type=\"column\">\n\t\t\t<div class=\"elementor-widget-wrap elementor-element-populated\">\n\t\t\t\t\t\t<div class=\"elementor-element elementor-element-68bc219 elementor-widget elementor-widget-heading\" data-id=\"68bc219\" data-element_type=\"widget\" data-e-type=\"widget\" data-widget_type=\"heading.default\">\n\t\t\t\t\t<h2 class=\"elementor-heading-title elementor-size-default\">Ch\u00e8que disponible <\/h2>\t\t\t\t<\/div>\n\t\t\t\t<div class=\"elementor-element elementor-element-7743765 elementor-widget elementor-widget-text-editor\" data-id=\"7743765\" data-element_type=\"widget\" data-e-type=\"widget\" data-widget_type=\"text-editor.default\">\n\t\t\t\t\t\t\t\t\t<iframe border=\"0\" src=\"https:\/\/www.trip.com\/partners\/ad\/S5088477?Allianceid=4590391&#038;SID=253731934&#038;trip_sub1=\" style=\"width:900px;height:200px\" frameborder=\"0\" scrolling=\"no\" id=\"S5088477\"><\/iframe>\t\t\t\t\t\t\t\t<\/div>\n\t\t\t\t\t<\/div>\n\t\t<\/div>\n\t\t\t\t\t<\/div>\n\t\t<\/section>\n\t\t<div class=\"elementor-element elementor-element-b13ea8c e-flex e-con-boxed e-con e-parent\" data-id=\"b13ea8c\" data-element_type=\"container\" data-e-type=\"container\">\n\t\t\t\t\t<div class=\"e-con-inner\">\n\t\t\t\t<div class=\"elementor-element elementor-element-17e6ad9 elementor-widget elementor-widget-text-editor\" data-id=\"17e6ad9\" data-element_type=\"widget\" data-e-type=\"widget\" data-widget_type=\"text-editor.default\">\n\t\t\t\t\t\t\t\t\t<p data-spm-anchor-id=\"a2ty_o01.29997173.0.i34.49d6c921Qs43kP\">Au Crescent Moon Hotel, la propret\u00e9, le confort et l&#039;attention sont notre priorit\u00e9, comme en t\u00e9moignent les commentaires \u00e9logieux des clients qui font l&#039;\u00e9loge de son service. <strong>propret\u00e9 \u00e9tincelante<\/strong>, <strong>service exceptionnel (not\u00e9 9,7\/10)<\/strong>, et <strong>exp\u00e9rience avec un bon rapport qualit\u00e9-prix<\/strong>Que vous soyez ici pour explorer les anciens temples de Chengdu, savourer sa l\u00e9gendaire cuisine \u00e9pic\u00e9e ou simplement vous d\u00e9tendre dans un espace con\u00e7u pour la tranquillit\u00e9, le Crescent Moon Hotel vous accueille \u00e0 bras ouverts et avec une promesse de tranquillit\u00e9 : <em>votre s\u00e9jour parfait commence ici.<\/em><\/p><p><strong>R\u00e9servez votre escapade d\u00e8s aujourd&#039;hui et laissez la douce lueur du croissant de lune guider votre voyage au c\u0153ur du Sichuan.<\/strong><\/p>\t\t\t\t\t\t\t\t<\/div>\n\t\t\t\t\t<\/div>\n\t\t\t\t<\/div>\n\t\t\t\t<\/div>","protected":false},"excerpt":{"rendered":"<p>Discover Serenity in the Heart of Chengdu Nestled in the vibrant yet tranquil Jinniu District of Chengdu, Crescent Moon Hotel offers a refined escape where modern luxury meets authentic Sichuan charm. Located at No. 3, Majiahuayuan Road, this newly opened 4-star boutique hotel redefines urban hospitality with its elegant design, intelligent amenities, and deeply personalized [&hellip;]<\/p>\n","protected":false},"author":1,"featured_media":0,"parent":0,"menu_order":0,"comment_status":"closed","ping_status":"closed","template":"","meta":{"footnotes":""},"class_list":["post-5266","page","type-page","status-publish","hentry","post-no-thumbnail"],"_links":{"self":[{"href":"https:\/\/crescentmoonhotel.com\/fr\/wp-json\/wp\/v2\/pages\/5266","targetHints":{"allow":["GET"]}}],"collection":[{"href":"https:\/\/crescentmoonhotel.com\/fr\/wp-json\/wp\/v2\/pages"}],"about":[{"href":"https:\/\/crescentmoonhotel.com\/fr\/wp-json\/wp\/v2\/types\/page"}],"author":[{"embeddable":true,"href":"https:\/\/crescentmoonhotel.com\/fr\/wp-json\/wp\/v2\/users\/1"}],"replies":[{"embeddable":true,"href":"https:\/\/crescentmoonhotel.com\/fr\/wp-json\/wp\/v2\/comments?post=5266"}],"version-history":[{"count":0,"href":"https:\/\/crescentmoonhotel.com\/fr\/wp-json\/wp\/v2\/pages\/5266\/revisions"}],"wp:attachment":[{"href":"https:\/\/crescentmoonhotel.com\/fr\/wp-json\/wp\/v2\/media?parent=5266"}],"curies":[{"name":"wp","href":"https:\/\/api.w.org\/{rel}","templated":true}]}}