{"id":612,"date":"2021-03-26T10:04:13","date_gmt":"2021-03-26T10:04:13","guid":{"rendered":"http:\/\/localhost\/nuss\/?page_id=612"},"modified":"2025-08-29T14:19:17","modified_gmt":"2025-08-29T14:19:17","slug":"restaurant","status":"publish","type":"page","link":"https:\/\/crescentmoonhotel.com\/fr\/restaurant\/","title":{"rendered":"Restaurant"},"content":{"rendered":"<div data-elementor-type=\"wp-page\" data-elementor-id=\"612\" class=\"elementor elementor-612\">\n\t\t\t\t\t\t<section class=\"elementor-section elementor-top-section elementor-element elementor-element-e2effe8 elementor-section-boxed elementor-section-gap-beside-yes elementor-section-height-default elementor-section-height-default elementor-section-column-vertical-align-stretch\" data-id=\"e2effe8\" data-element_type=\"section\" data-e-type=\"section\">\n\t\t\t\t\t\t<div class=\"elementor-container elementor-column-gap-extended\">\n\t\t\t\t\t<div class=\"elementor-column elementor-col-100 elementor-top-column elementor-element elementor-element-e18f688\" data-id=\"e18f688\" data-element_type=\"column\" data-e-type=\"column\">\n\t\t\t<div class=\"elementor-widget-wrap elementor-element-populated\">\n\t\t\t\t\t\t<div class=\"elementor-element elementor-element-6db146d elementor-widget__width-initial elementor-invisible elementor-widget elementor-widget-text-editor\" data-id=\"6db146d\" data-element_type=\"widget\" data-e-type=\"widget\" data-settings=\"{&quot;_animation&quot;:&quot;nussFadeInUp&quot;}\" data-widget_type=\"text-editor.default\">\n\t\t\t\t\t\t\t\t\t<p><strong data-spm-anchor-id=\"a2ty_o01.29997173.0.i70.49d6c921Qs43kP\">Savourez la saveur de Chengdu\u00a0: d\u00e9couvrez le c\u0153ur culinaire du Crescent Moon Hotel<\/strong><\/p>\t\t\t\t\t\t\t\t<\/div>\n\t\t\t\t\t<\/div>\n\t\t<\/div>\n\t\t\t\t\t<\/div>\n\t\t<\/section>\n\t\t<div class=\"elementor-element elementor-element-eab6df5 e-flex e-con-boxed e-con e-parent\" data-id=\"eab6df5\" data-element_type=\"container\" data-e-type=\"container\">\n\t\t\t\t\t<div class=\"e-con-inner\">\n\t\t\t\t<div class=\"elementor-element elementor-element-a9b3d80 elementor-widget elementor-widget-nuss-image-gallery\" data-id=\"a9b3d80\" data-element_type=\"widget\" data-e-type=\"widget\" data-widget_type=\"nuss-image-gallery.default\">\n\t\t\t\t<div class=\"elementor-widget-container\">\n\t\t\t\t\t\t\t<div class=\"nuss-grid-wrapper\" data-grid=\"{&quot;type&quot;:&quot;grid&quot;,&quot;ratio&quot;:null,&quot;columns&quot;:3,&quot;gutter&quot;:30}\">\r\n\t\t\t<div class=\"nuss-grid lazy-grid\">\r\n\t\t\t\t<div class=\"grid-sizer\"><\/div>\r\n\r\n\t\t\t\t\t\t\t\t\t\t\t\t<div class=\"grid-item\">\r\n\t\t\t\t\t\t<div class=\"nuss-box\">\t\t<div class=\"nuss-image image\">\r\n\t\t\t<img decoding=\"async\"  src=\"https:\/\/crescentmoonhotel.com\/wp-content\/uploads\/2025\/08\/CRESCENT-MOON-HOTEL-76.webp\" alt=\"H\u00d4TEL CRESCENT MOON (76)\" \/>\t\t<\/div>\r\n\t\t\t\t<\/div>\t\t\t\t\t<\/div>\r\n\t\t\t\t\t\t<div class=\"grid-item\">\r\n\t\t\t\t\t\t<div class=\"nuss-box\">\t\t<div class=\"nuss-image image\">\r\n\t\t\t<img decoding=\"async\"  src=\"https:\/\/crescentmoonhotel.com\/wp-content\/uploads\/2025\/08\/CRESCENT-MOON-HOTEL-75.webp\" alt=\"H\u00d4TEL CRESCENT MOON (75)\" \/>\t\t<\/div>\r\n\t\t\t\t<\/div>\t\t\t\t\t<\/div>\r\n\t\t\t\t\t\t<div class=\"grid-item\">\r\n\t\t\t\t\t\t<div class=\"nuss-box\">\t\t<div class=\"nuss-image image\">\r\n\t\t\t<img decoding=\"async\"  src=\"https:\/\/crescentmoonhotel.com\/wp-content\/uploads\/2025\/08\/CRESCENT-MOON-HOTEL-78.webp\" alt=\"H\u00d4TEL CRESCENT MOON (78)\" \/>\t\t<\/div>\r\n\t\t\t\t<\/div>\t\t\t\t\t<\/div>\r\n\t\t\t\t\t\t<div class=\"grid-item\">\r\n\t\t\t\t\t\t<div class=\"nuss-box\">\t\t<div class=\"nuss-image image\">\r\n\t\t\t<img decoding=\"async\"  src=\"https:\/\/crescentmoonhotel.com\/wp-content\/uploads\/2025\/08\/CRESCENT-MOON-HOTEL-74.webp\" alt=\"H\u00d4TEL CRESCENT MOON (74)\" \/>\t\t<\/div>\r\n\t\t\t\t<\/div>\t\t\t\t\t<\/div>\r\n\t\t\t\t\t\t<div class=\"grid-item\">\r\n\t\t\t\t\t\t<div class=\"nuss-box\">\t\t<div class=\"nuss-image image\">\r\n\t\t\t<img decoding=\"async\"  src=\"https:\/\/crescentmoonhotel.com\/wp-content\/uploads\/2025\/08\/CRESCENT-MOON-HOTEL-73.webp\" alt=\"H\u00d4TEL CRESCENT MOON (73)\" \/>\t\t<\/div>\r\n\t\t\t\t<\/div>\t\t\t\t\t<\/div>\r\n\t\t\t\t\t\t<div class=\"grid-item\">\r\n\t\t\t\t\t\t<div class=\"nuss-box\">\t\t<div class=\"nuss-image image\">\r\n\t\t\t<img decoding=\"async\"  src=\"https:\/\/crescentmoonhotel.com\/wp-content\/uploads\/2025\/08\/CRESCENT-MOON-HOTEL-39.webp\" alt=\"H\u00d4TEL CRESCENT MOON (39)\" \/>\t\t<\/div>\r\n\t\t\t\t<\/div>\t\t\t\t\t<\/div>\r\n\t\t\t\t\t\t<div class=\"grid-item\">\r\n\t\t\t\t\t\t<div class=\"nuss-box\">\t\t<div class=\"nuss-image image\">\r\n\t\t\t<img decoding=\"async\"  src=\"https:\/\/crescentmoonhotel.com\/wp-content\/uploads\/2025\/08\/CRESCENT-MOON-HOTEL-38.webp\" alt=\"H\u00d4TEL CRESCENT MOON (38)\" \/>\t\t<\/div>\r\n\t\t\t\t<\/div>\t\t\t\t\t<\/div>\r\n\t\t\t\t\t\t<div class=\"grid-item\">\r\n\t\t\t\t\t\t<div class=\"nuss-box\">\t\t<div class=\"nuss-image image\">\r\n\t\t\t<img decoding=\"async\"  src=\"https:\/\/crescentmoonhotel.com\/wp-content\/uploads\/2025\/08\/CRESCENT-MOON-HOTEL-37.webp\" alt=\"H\u00d4TEL CRESCENT MOON (37)\" \/>\t\t<\/div>\r\n\t\t\t\t<\/div>\t\t\t\t\t<\/div>\r\n\t\t\t\t\t\t<div class=\"grid-item\">\r\n\t\t\t\t\t\t<div class=\"nuss-box\">\t\t<div class=\"nuss-image image\">\r\n\t\t\t<img decoding=\"async\"  src=\"https:\/\/crescentmoonhotel.com\/wp-content\/uploads\/2025\/08\/CRESCENT-MOON-HOTEL-34.webp\" alt=\"H\u00d4TEL CRESCENT MOON (34)\" \/>\t\t<\/div>\r\n\t\t\t\t<\/div>\t\t\t\t\t<\/div>\r\n\t\t\t\t\t\t<div class=\"grid-item\">\r\n\t\t\t\t\t\t<div class=\"nuss-box\">\t\t<div class=\"nuss-image image\">\r\n\t\t\t<img decoding=\"async\"  src=\"https:\/\/crescentmoonhotel.com\/wp-content\/uploads\/2025\/08\/CRESCENT-MOON-HOTEL-33.webp\" alt=\"H\u00d4TEL CRESCENT MOON (33)\" \/>\t\t<\/div>\r\n\t\t\t\t<\/div>\t\t\t\t\t<\/div>\r\n\t\t\t\t\t\t<div class=\"grid-item\">\r\n\t\t\t\t\t\t<div class=\"nuss-box\">\t\t<div class=\"nuss-image image\">\r\n\t\t\t<img decoding=\"async\"  src=\"https:\/\/crescentmoonhotel.com\/wp-content\/uploads\/2025\/08\/CRESCENT-MOON-HOTEL-32.webp\" alt=\"H\u00d4TEL CRESCENT MOON (32)\" \/>\t\t<\/div>\r\n\t\t\t\t<\/div>\t\t\t\t\t<\/div>\r\n\t\t\t\t\t\t<div class=\"grid-item\">\r\n\t\t\t\t\t\t<div class=\"nuss-box\">\t\t<div class=\"nuss-image image\">\r\n\t\t\t<img decoding=\"async\"  src=\"https:\/\/crescentmoonhotel.com\/wp-content\/uploads\/2025\/08\/CRESCENT-MOON-HOTEL-1.webp\" alt=\"H\u00d4TEL CRESCENT MOON (1)\" \/>\t\t<\/div>\r\n\t\t\t\t<\/div>\t\t\t\t\t<\/div>\r\n\t\t\t\t\t\t\t\r\n\t\t\t<\/div>\r\n\t\t<\/div>\r\n\t\t\t\t\t\t<\/div>\n\t\t\t\t<\/div>\n\t\t\t\t\t<\/div>\n\t\t\t\t<\/div>\n\t\t<div class=\"elementor-element elementor-element-947deb3 e-flex e-con-boxed e-con e-parent\" data-id=\"947deb3\" data-element_type=\"container\" data-e-type=\"container\">\n\t\t\t\t\t<div class=\"e-con-inner\">\n\t\t\t\t<div class=\"elementor-element elementor-element-4689f26 elementor-widget elementor-widget-text-editor\" data-id=\"4689f26\" data-element_type=\"widget\" data-e-type=\"widget\" data-widget_type=\"text-editor.default\">\n\t\t\t\t\t\t\t\t\t<p data-spm-anchor-id=\"a2ty_o01.29997173.0.i71.49d6c921Qs43kP\">Nich\u00e9 dans l&#039;ambiance sereine et \u00e9l\u00e9gante de <strong>H\u00f4tel Crescent Moon<\/strong> \u00e0 <strong>N\u00b0 3, route Majiahuayuan, district de Jinniu, Chengdu<\/strong>, se trouve une exp\u00e9rience culinaire qui allie magnifiquement tradition et \u00e9l\u00e9gance moderne, la signature de l&#039;h\u00f4tel <strong>Restaurant de petit-d\u00e9jeuner<\/strong>, affectueusement connu par les clients comme le c\u0153ur d&#039;une matin\u00e9e parfaite au Sichuan.<\/p><p>Plus qu&#039;un simple lieu o\u00f9 d\u00e9guster un repas, notre restaurant est une c\u00e9l\u00e9bration des saveurs, du r\u00e9confort et de la culture locale. Ouvert tous les jours de <strong>7h00 \u00e0 12h00<\/strong>, le restaurant propose une <strong>buffet richement vari\u00e9<\/strong> qui met en valeur le meilleur de <strong>Traditions culinaires chinoises et occidentales<\/strong>, soigneusement s\u00e9lectionn\u00e9s pour satisfaire tous les palais. Que vous commenciez votre journ\u00e9e par une cuisson vapeur <strong>Dim sum \u00e0 la sichuanaise<\/strong>, parfum\u00e9 <strong>congee aux l\u00e9gumes marin\u00e9s<\/strong>, duveteux <strong>petits pains mantous<\/strong>, ou une propagation occidentale de <strong>viennoiseries fra\u00eeches, \u0153ufs brouill\u00e9s, saucisses et fruits de saison<\/strong>, chaque bouch\u00e9e est pr\u00e9par\u00e9e avec soin et qualit\u00e9.<\/p><p>L\u2019ambiance est tout aussi accueillante\u2014<strong>moderne, lumineux et romantique<\/strong>Avec son \u00e9clairage tamis\u00e9, ses lignes \u00e9pur\u00e9es et son agencement ouvert et a\u00e9r\u00e9, le petit-d\u00e9jeuner est un moment de d\u00e9tente avant de d\u00e9couvrir la ville anim\u00e9e de Chengdu. Con\u00e7u exclusivement pour les clients de l&#039;h\u00f4tel, cet espace de restauration offre une exp\u00e9rience intime et sereine, id\u00e9ale pour les couples en escapade romantique, les familles commen\u00e7ant une journ\u00e9e d&#039;observation des pandas ou les voyageurs d&#039;affaires se pr\u00e9parant \u00e0 une r\u00e9union productive.<\/p><p>Si le petit-d\u00e9jeuner est notre point fort, le voyage culinaire ne s&#039;arr\u00eate pas l\u00e0. Nos clients peuvent \u00e9galement profiter <strong>th\u00e9 de l&#039;apr\u00e8s-midi<\/strong> servi dans le calme <strong>salon de th\u00e9<\/strong>, un espace serein o\u00f9 l&#039;art du th\u00e9 du Sichuan prend vie. D\u00e9gustez des produits locaux <strong>Mengding Ganlu<\/strong> ou <strong>Jiuding Xueya<\/strong> du th\u00e9 vert tout en savourant des p\u00e2tisseries d\u00e9licates et des collations sal\u00e9es : une pause parfaite dans votre journ\u00e9e.<\/p><p>Pour ceux qui ont envie de go\u00fbter aux saveurs locales, notre <strong>caf\u00e9 et bar du hall<\/strong> Offrez-vous un cadre chaleureux pour un caf\u00e9, des en-cas l\u00e9gers ou un verre en soir\u00e9e. Que ce soit un cappuccino chaud pour bien commencer la journ\u00e9e ou une infusion apaisante apr\u00e8s un bain <strong>piscine ext\u00e9rieure gratuite<\/strong>, notre service de boissons est con\u00e7u pour compl\u00e9ter votre s\u00e9jour avec un moment de d\u00e9tente tranquille.<\/p><p>Ce qui distingue vraiment notre restaurant, c&#039;est le <strong>attention aux d\u00e9tails et satisfaction des clients<\/strong>. Avec un <strong>Note de 9,6\/10 pour la propret\u00e9 et le service<\/strong>, et les avis \u00e9logieux des voyageurs du monde entier, la cuisine et l&#039;hospitalit\u00e9 de l&#039;\u00e9tablissement lui ont valu une client\u00e8le fid\u00e8le. Les clients louent sans cesse <strong>personnel incroyable<\/strong>, <strong>si\u00e8ges spacieux<\/strong>, et <strong>grande vari\u00e9t\u00e9 de nourriture<\/strong>, beaucoup le qualifiant d&#039;un des meilleurs petits-d\u00e9jeuners d&#039;h\u00f4tel qu&#039;ils aient go\u00fbt\u00e9s en Chine.<\/p><blockquote><p><em>\u00ab Le petit d\u00e9jeuner \u00e9tait bon \u2013 le personnel \u00e9tait formidable et tr\u00e8s serviable ! Grand choix de dim sum, d&#039;\u0153ufs, de viennoiseries et de fruits frais. \u00bb<\/em><br \/>\u2014 <strong>International Omega Man 1911, 17 ao\u00fbt 2025<\/strong><\/p><\/blockquote><p>Bien que nous n&#039;offrions pas de service de d\u00eener complet sur place, notre <strong>\u00e9quipe de conciergerie et de r\u00e9ception<\/strong> sont toujours pr\u00eats \u00e0 recommander et \u00e0 organiser <strong>plats \u00e0 emporter locaux pr\u00e9f\u00e9r\u00e9s<\/strong>, de fougueux <strong>fondue de Chongqing<\/strong> \u00e0 authentique <strong>Nouilles dan dan de Chengdu<\/strong>. Le service en chambre est simple et pratique, avec des options de commande via <strong>Didi<\/strong> ou des applications de livraison locales, souvent assist\u00e9es par notre personnel serviable.<\/p><p>Situ\u00e9 juste <strong>\u00c0 890 m\u00e8tres de la station de m\u00e9tro Huapaifang<\/strong>Le Crescent Moon Hotel vous permet d&#039;acc\u00e9der facilement aux destinations gastronomiques les plus embl\u00e9matiques de Chengdu.<strong>Rue Jinli<\/strong>, <strong>Ruelle Kuanzhai<\/strong>, et <strong>Route de Chunxi<\/strong>\u2014mais de nombreux clients ne souhaitent pas quitter le havre de paix culinaire de l&#039;h\u00f4tel.<\/p><p data-spm-anchor-id=\"a2ty_o01.29997173.0.i73.49d6c921Qs43kP\">\u00c0 <strong>H\u00f4tel Crescent Moon<\/strong>, nous croyons qu&#039;une bonne cuisine est plus qu&#039;un simple moyen de subsistance, c&#039;est un <strong>passerelle vers la connexion, le confort et la culture<\/strong>. Que vous sirotiez du th\u00e9 sous les lumi\u00e8res du jardin sur le toit ou que vous profitiez d&#039;un copieux petit-d\u00e9jeuner avant de visiter le <strong>Base Panda<\/strong>, notre restaurant est con\u00e7u pour nourrir \u00e0 la fois le corps et l&#039;\u00e2me.<\/p><p data-spm-anchor-id=\"a2ty_o01.29997173.0.i74.49d6c921Qs43kP\"><strong>Venez affam\u00e9. Repartez satisfait. D\u00e9couvrez les saveurs du Sichuan chez Crescent Moon.<\/strong><\/p>\t\t\t\t\t\t\t\t<\/div>\n\t\t\t\t\t<\/div>\n\t\t\t\t<\/div>\n\t\t\t\t<section class=\"elementor-section elementor-top-section elementor-element elementor-element-306c366f elementor-section-stretched elementor-section-boxed elementor-section-gap-beside-yes elementor-section-height-default elementor-section-height-default elementor-section-column-vertical-align-stretch\" data-id=\"306c366f\" data-element_type=\"section\" data-e-type=\"section\" data-settings=\"{&quot;background_background&quot;:&quot;classic&quot;,&quot;stretch_section&quot;:&quot;section-stretched&quot;}\">\n\t\t\t\t\t\t<div class=\"elementor-container elementor-column-gap-extended\">\n\t\t\t\t\t<div class=\"elementor-column elementor-col-100 elementor-top-column elementor-element elementor-element-5876ff9d\" data-id=\"5876ff9d\" data-element_type=\"column\" data-e-type=\"column\">\n\t\t\t<div class=\"elementor-widget-wrap elementor-element-populated\">\n\t\t\t\t\t\t<div class=\"elementor-element elementor-element-378048b2 elementor-widget elementor-widget-heading\" data-id=\"378048b2\" data-element_type=\"widget\" data-e-type=\"widget\" data-widget_type=\"heading.default\">\n\t\t\t\t\t<h2 class=\"elementor-heading-title elementor-size-default\">Ch\u00e8que disponible <\/h2>\t\t\t\t<\/div>\n\t\t\t\t<div class=\"elementor-element elementor-element-215a1089 elementor-widget elementor-widget-text-editor\" data-id=\"215a1089\" data-element_type=\"widget\" data-e-type=\"widget\" data-widget_type=\"text-editor.default\">\n\t\t\t\t\t\t\t\t\t<iframe border=\"0\" src=\"https:\/\/www.trip.com\/partners\/ad\/S5088477?Allianceid=4590391&#038;SID=253731934&#038;trip_sub1=\" style=\"width:900px;height:200px\" frameborder=\"0\" scrolling=\"no\" id=\"S5088477\"><\/iframe>\t\t\t\t\t\t\t\t<\/div>\n\t\t\t\t\t<\/div>\n\t\t<\/div>\n\t\t\t\t\t<\/div>\n\t\t<\/section>\n\t\t\t\t<\/div>","protected":false},"excerpt":{"rendered":"<p>Savor the Flavor of Chengdu: Discover the Culinary Heart of Crescent Moon Hotel Nestled within the serene and stylish ambiance of Crescent Moon Hotel at No. 3, Majiahuayuan Road, Jinniu District, Chengdu, lies a dining experience that beautifully bridges tradition and modern elegance\u2014the hotel\u2019s signature Breakfast Restaurant, affectionately known by guests as the heart of [&hellip;]<\/p>\n","protected":false},"author":1,"featured_media":0,"parent":0,"menu_order":0,"comment_status":"closed","ping_status":"closed","template":"","meta":{"footnotes":""},"class_list":["post-612","page","type-page","status-publish","hentry","post-no-thumbnail"],"_links":{"self":[{"href":"https:\/\/crescentmoonhotel.com\/fr\/wp-json\/wp\/v2\/pages\/612","targetHints":{"allow":["GET"]}}],"collection":[{"href":"https:\/\/crescentmoonhotel.com\/fr\/wp-json\/wp\/v2\/pages"}],"about":[{"href":"https:\/\/crescentmoonhotel.com\/fr\/wp-json\/wp\/v2\/types\/page"}],"author":[{"embeddable":true,"href":"https:\/\/crescentmoonhotel.com\/fr\/wp-json\/wp\/v2\/users\/1"}],"replies":[{"embeddable":true,"href":"https:\/\/crescentmoonhotel.com\/fr\/wp-json\/wp\/v2\/comments?post=612"}],"version-history":[{"count":0,"href":"https:\/\/crescentmoonhotel.com\/fr\/wp-json\/wp\/v2\/pages\/612\/revisions"}],"wp:attachment":[{"href":"https:\/\/crescentmoonhotel.com\/fr\/wp-json\/wp\/v2\/media?parent=612"}],"curies":[{"name":"wp","href":"https:\/\/api.w.org\/{rel}","templated":true}]}}