{"id":647,"date":"2021-03-29T02:13:52","date_gmt":"2021-03-29T02:13:52","guid":{"rendered":"http:\/\/localhost\/nuss\/?page_id=647"},"modified":"2025-08-29T14:35:46","modified_gmt":"2025-08-29T14:35:46","slug":"services","status":"publish","type":"page","link":"https:\/\/crescentmoonhotel.com\/fr\/services\/","title":{"rendered":"Services"},"content":{"rendered":"<div data-elementor-type=\"wp-page\" data-elementor-id=\"647\" class=\"elementor elementor-647\">\n\t\t\t\t\t\t<section class=\"elementor-section elementor-top-section elementor-element elementor-element-3353bc8 elementor-section-boxed elementor-section-gap-beside-yes elementor-section-height-default elementor-section-height-default elementor-section-column-vertical-align-stretch\" data-id=\"3353bc8\" data-element_type=\"section\" data-e-type=\"section\">\n\t\t\t\t\t\t<div class=\"elementor-container elementor-column-gap-extended\">\n\t\t\t\t\t<div class=\"elementor-column elementor-col-100 elementor-top-column elementor-element elementor-element-0a2bc64\" data-id=\"0a2bc64\" data-element_type=\"column\" data-e-type=\"column\">\n\t\t\t<div class=\"elementor-widget-wrap elementor-element-populated\">\n\t\t\t\t\t\t<div class=\"elementor-element elementor-element-447e3ef elementor-widget__width-initial elementor-invisible elementor-widget elementor-widget-text-editor\" data-id=\"447e3ef\" data-element_type=\"widget\" data-e-type=\"widget\" data-settings=\"{&quot;_animation&quot;:&quot;nussFadeInUp&quot;}\" data-widget_type=\"text-editor.default\">\n\t\t\t\t\t\t\t\t\t<p><strong data-spm-anchor-id=\"a2ty_o01.29997173.0.i77.49d6c921Qs43kP\">Les services attentionn\u00e9s du Crescent Moon Hotel, Chengdu<\/strong><\/p>\t\t\t\t\t\t\t\t<\/div>\n\t\t\t\t\t<\/div>\n\t\t<\/div>\n\t\t\t\t\t<\/div>\n\t\t<\/section>\n\t\t<div class=\"elementor-element elementor-element-d229abf e-flex e-con-boxed e-con e-parent\" data-id=\"d229abf\" data-element_type=\"container\" data-e-type=\"container\">\n\t\t\t\t\t<div class=\"e-con-inner\">\n\t\t\t\t<div class=\"elementor-element elementor-element-06bc860 elementor-widget elementor-widget-text-editor\" data-id=\"06bc860\" data-element_type=\"widget\" data-e-type=\"widget\" data-widget_type=\"text-editor.default\">\n\t\t\t\t\t\t\t\t\t<p>\u00c0 <strong>H\u00f4tel Crescent Moon<\/strong>, nich\u00e9 dans le quartier anim\u00e9 <strong>District de Jinniu<\/strong> \u00e0 <strong>N\u00b0 3, route Majiahuayuan, Chengdu<\/strong>Le service n&#039;est pas une liste de contr\u00f4le, c&#039;est une philosophie. Ouvert en <strong>2025<\/strong>, cet h\u00f4tel-boutique 4 \u00e9toiles moderne a rapidement red\u00e9fini l&#039;hospitalit\u00e9 au Sichuan en m\u00e9langeant harmonieusement <strong>technologie de pointe<\/strong>, <strong>La chaleur du Sichuan<\/strong>, et <strong>soins personnels attentifs<\/strong> dans une exp\u00e9rience client \u00e0 la fois innovante et profond\u00e9ment humaine.<\/p><p data-spm-anchor-id=\"a2ty_o01.29997173.0.i79.49d6c921Qs43kP\">D\u00e8s votre arriv\u00e9e, vous n&#039;\u00eates pas seulement accueilli, vous \u00eates attendu. Que vous vous enregistriez via <strong>lecteur d&#039;identit\u00e9 \u00e9lectronique<\/strong> pour une arriv\u00e9e rapide et sans contact, ou accueilli par un membre du personnel souriant pr\u00eat \u00e0 vous aider avec vos bagages et des conseils locaux, chaque interaction est con\u00e7ue pour rendre votre s\u00e9jour sans effort, intuitif et m\u00e9morable.<\/p><h3><strong>Services intelligents pour le voyageur moderne<\/strong><\/h3><p>L&#039;h\u00f4tel Crescent Moon embrasse l&#039;avenir avec <strong>services intelligents et am\u00e9lior\u00e9s par la technologie<\/strong> qui am\u00e9liorent la commodit\u00e9 sans sacrifier le confort. L&#039;une des caract\u00e9ristiques les plus populaires est <strong>flotte de robots de service<\/strong> Ce syst\u00e8me circule dans les couloirs et livre des bouteilles d&#039;eau directement dans votre chambre. Plus qu&#039;une simple nouveaut\u00e9, il symbolise l&#039;engagement de l&#039;h\u00f4tel en mati\u00e8re d&#039;efficacit\u00e9, de propret\u00e9 et d&#039;hospitalit\u00e9 futuriste.<\/p><p>Le <strong>syst\u00e8me de blanchisserie intelligent<\/strong> offres <strong>services de blanchisserie gratuits sur place<\/strong>, avec lessive, s\u00e8che-linge et d\u00e9froisseur vapeur, id\u00e9al pour les s\u00e9jours prolong\u00e9s ou les voyageurs d&#039;affaires ayant besoin de v\u00eatements propres. Pour plus de s\u00e9curit\u00e9 et de confort, <strong>casiers<\/strong> sont disponibles \u00e0 la r\u00e9ception et les clients peuvent stocker leurs objets de valeur dans le <strong>coffre-fort \u00e0 la r\u00e9ception<\/strong>.<\/p><p>L&#039;enregistrement et le d\u00e9part sont con\u00e7us pour \u00eatre rapides et faciles, avec <strong>options express<\/strong> et <strong>Assistance \u00e0 la r\u00e9ception 24h\/24<\/strong>. Le <strong>syst\u00e8me de ventilation<\/strong> et <strong>Espaces publics surveill\u00e9s par vid\u00e9osurveillance<\/strong> assurer un environnement s\u00fbr, propre et confortable tout au long de votre s\u00e9jour.<\/p><h3><strong>Bien-\u00eatre et d\u00e9tente : o\u00f9 le corps et l&#039;esprit se d\u00e9tendent<\/strong><\/h3><p>Au c\u0153ur de la philosophie de service du Crescent Moon Hotel se trouve <strong>bien-\u00eatre<\/strong>Nous pensons que le v\u00e9ritable luxe r\u00e9side dans le rajeunissement, et c&#039;est pourquoi nous proposons une gamme de <strong>\u00e9quipements de bien-\u00eatre gratuits<\/strong> qui vont bien au-del\u00e0 de l&#039;ordinaire.<\/p><p>Les clients b\u00e9n\u00e9ficient d&#039;un acc\u00e8s gratuit \u00e0 un <strong>piscine ext\u00e9rieure gratuite<\/strong> et <strong>sources chaudes<\/strong>, un atout rare et pr\u00e9cieux dans la ville de Chengdu. Ces bains riches en min\u00e9raux, inspir\u00e9s des pratiques de bien-\u00eatre traditionnelles chinoises, sont parfaits pour apaiser les muscles fatigu\u00e9s apr\u00e8s une journ\u00e9e pass\u00e9e \u00e0 explorer les temples et les salons de th\u00e9 de la ville. <strong>espace bronzage<\/strong> et <strong>jardin<\/strong> offrir un espace serein pour se d\u00e9tendre \u00e0 ciel ouvert.<\/p><p>Le <strong>salle de sport enti\u00e8rement \u00e9quip\u00e9e<\/strong> est ouvert <strong>24h\/24 et 7j\/7 et gratuit pour tous les clients<\/strong>, dot\u00e9 d&#039;\u00e9quipements modernes de cardio et de musculation. Que vous soyez l\u00e8ve-t\u00f4t ou couche-tard, votre programme de remise en forme reste ininterrompu.<\/p><p>Pour une contemplation tranquille, le <strong>biblioth\u00e8que<\/strong> et <strong>salon de th\u00e9<\/strong> propose des retraites paisibles avec des livres, de la musique apaisante et des th\u00e9s du Sichuan de qualit\u00e9 sup\u00e9rieure, id\u00e9ales pour les voyageurs en solo, les travailleurs \u00e0 distance ou les couples \u00e0 la recherche d&#039;un moment de calme.<\/p><h3><strong>Soins personnalis\u00e9s : la touche humaine<\/strong><\/h3><p>Bien que la technologie am\u00e9liore notre efficacit\u00e9, c&#039;est la <strong>\u00e9l\u00e9ment humain<\/strong> qui d\u00e9finit notre service. Notre <strong>Conciergerie et \u00e9quipe de r\u00e9ception 24h\/24<\/strong> sont r\u00e9guli\u00e8rement salu\u00e9s dans les commentaires des clients pour leur <strong>professionnalisme, gentillesse et capacit\u00e9 de r\u00e9solution de probl\u00e8mes<\/strong>.<\/p><p>Les invit\u00e9s ont particuli\u00e8rement soulign\u00e9 <strong>R\u00e9ceptionniste Huang<\/strong> pour aller \u00ab au-del\u00e0 des attentes \u00bb, en aidant avec tout, depuis <strong>commander des plats \u00e0 emporter locaux<\/strong> \u00e0 <strong>\u00e9pingler des emplacements sur des cartes<\/strong> et r\u00e9pond rapidement aux questions. Les femmes \u00e0 l&#039;enregistrement sont \u00e9galement souvent f\u00e9licit\u00e9es pour leur <strong>chaleur et souci du d\u00e9tail<\/strong>.<\/p><p>Nous offrons <strong>services de type majordome<\/strong>\u2014non pas comme un luxe suppl\u00e9mentaire, mais comme une norme de soins. <strong>appels au r\u00e9veil<\/strong> \u00e0 <strong>consigne \u00e0 bagages (gratuite)<\/strong>, <strong>r\u00e9servation de visites et de billets<\/strong>, et <strong>arrangements de taxi ou de location de voiture<\/strong>, notre \u00e9quipe s&#039;assure que vos besoins soient satisfaits avec gr\u00e2ce et pr\u00e9cision.<\/p><h3><strong>Services adapt\u00e9s aux familles et aux enfants<\/strong><\/h3><p>Le Crescent Moon Hotel est un favori parmi les familles, gr\u00e2ce \u00e0 son service attentionn\u00e9 <strong>services adapt\u00e9s aux enfants<\/strong>. Le <strong>Suite quadruple \u00e0 th\u00e8me Runaround Panda<\/strong> comprend un <strong>tente pour enfants<\/strong>, <strong>mini-r\u00e9frig\u00e9rateur<\/strong>, et une d\u00e9coration amusante qui ravit les plus jeunes.<\/p><p>Nous fournissons <strong>chaussons pour enfants, peignoirs, brosses \u00e0 dents<\/strong>, et m\u00eame <strong>livres et vid\u00e9os<\/strong> pour divertir les petits. <strong>piscine pour enfants<\/strong> offre des jeux d&#039;eau s\u00fbrs et peu profonds, et des enfants de moins de <strong>1,2 m\u00e8tre<\/strong> appr\u00e9cier <strong>petit-d\u00e9jeuner gratuit<\/strong>\u2014une petite touche qui fait une grande diff\u00e9rence pour les familles.<\/p><h3><strong>Services d&#039;affaires et de r\u00e9union pour le voyageur professionnel<\/strong><\/h3><p>Que vous soyez \u00e0 Chengdu pour une conf\u00e9rence, une r\u00e9union client ou un travail \u00e0 distance, notre <strong>services aux entreprises<\/strong> assurez-vous de rester productif et connect\u00e9.<\/p><p>L&#039;h\u00f4tel dispose d&#039;un <strong>salle multifonctionnelle<\/strong>, <strong>salle de conf\u00e9rence (disponible moyennant un suppl\u00e9ment)<\/strong>, et <strong>espaces de coworking<\/strong> \u00e9quip\u00e9 de <strong>syst\u00e8mes d&#039;affichage multim\u00e9dia<\/strong>, <strong>syst\u00e8mes sonores<\/strong>, et <strong>Wi-Fi haut d\u00e9bit<\/strong>Nous proposons \u00e9galement <strong>services de secr\u00e9tariat<\/strong>, <strong>fax et photocopie (gratuit)<\/strong>, <strong>service postal<\/strong>, et <strong>acc\u00e8s au centre d&#039;affaires<\/strong>.<\/p><p>Pour ceux qui organisent des \u00e9v\u00e9nements ou des pr\u00e9sentations, notre <strong>Syst\u00e8me de sonorisation et de sonorisation<\/strong> et <strong>support de configuration professionnel<\/strong> garantir une exp\u00e9rience fluide.<\/p><h3><strong>Restauration et services culinaires\u00a0: un avant-go\u00fbt de Chengdu<\/strong><\/h3><p>Bien que nous n&#039;offrions pas de service d&#039;\u00e9tage complet, notre <strong>restaurant de petit-d\u00e9jeuner<\/strong> est un moment fort de l&#039;exp\u00e9rience client. Servir un <strong>buffet de plats chinois et occidentaux<\/strong> depuis <strong>7h00 \u00e0 12h00<\/strong>Il propose des dim sum frais, du congee, des \u0153ufs \u00e0 la carte, des viennoiseries et des fruits de saison. Les adultes et les enfants (1,2 \u00e0 1,5 m) peuvent ajouter le petit-d\u00e9jeuner moyennant un petit suppl\u00e9ment.<\/p><p>Le <strong>caf\u00e9 et bar du hall<\/strong> Offrez-vous une ambiance chaleureuse pour prendre un caf\u00e9, un th\u00e9 ou un verre en soir\u00e9e. Vous pourrez \u00e9galement profiter <strong>th\u00e9 de l&#039;apr\u00e8s-midi<\/strong> dans le salon de th\u00e9, un rituel tranquille qui refl\u00e8te l&#039;\u00e9l\u00e9gance de la culture du th\u00e9 du Sichuan.<\/p><p>Cependant <strong>les transferts a\u00e9roport ne sont pas fournis<\/strong>, notre personnel peut facilement organiser <strong>r\u00e9servations de taxi<\/strong> ou <strong>location de voitures<\/strong>, et <strong>Didi<\/strong> (L&#039;application chinoise de covoiturage) est abordable et pratique depuis les environs <strong>Station de m\u00e9tro Huapaifang (890m)<\/strong>.<\/p><h3><strong>Durabilit\u00e9, s\u00e9curit\u00e9 et accessibilit\u00e9<\/strong><\/h3><p>Nous priorisons <strong>s\u00e9curit\u00e9 et accessibilit\u00e9<\/strong> avec <strong>Vid\u00e9osurveillance dans les espaces publics<\/strong>, <strong>alarmes incendie<\/strong>, <strong>d\u00e9tecteurs de fum\u00e9e<\/strong>, <strong>personnel de s\u00e9curit\u00e9<\/strong>, et <strong>dispositifs d&#039;alarme visuelle<\/strong> pour les clients malentendants. <strong>l&#039;entr\u00e9e principale est sans escalier<\/strong>, et <strong>rampes<\/strong> et un <strong>rampe de piscine<\/strong> assurer l\u2019accessibilit\u00e9 pour tous.<\/p><p>Notre <strong>jardin<\/strong>, <strong>Espace barbecue (en suppl\u00e9ment)<\/strong>, et <strong>mobilier d&#039;ext\u00e9rieur<\/strong> cr\u00e9er des espaces communs accueillants, tandis que <strong>boutique de cadeaux<\/strong> et <strong>acc\u00e8s par ascenseur<\/strong> ajouter au confort g\u00e9n\u00e9ral.<\/p><div class=\"py-2 my-3\"><hr \/><\/div><h3><strong>Une nouvelle norme dans l&#039;hospitalit\u00e9 \u00e0 Chengdu<\/strong><\/h3><p>\u00c0 <strong>H\u00f4tel Crescent Moon<\/strong>Le service ne consiste pas \u00e0 faire plus, mais \u00e0 <strong>faire mieux<\/strong>C&#039;est dans le bourdonnement silencieux d&#039;un robot qui livre de l&#039;eau \u00e0 minuit, la chaleur d&#039;un membre du personnel qui se souvient de votre nom et le calme d&#039;un bain sur le toit sous un ciel \u00e9toil\u00e9.<\/p><p>Avec un <strong>Note de 9,7\/10 pour le service<\/strong> de plus de <strong>1 559 invit\u00e9s v\u00e9rifi\u00e9s<\/strong>, nous avons \u00e9tabli une nouvelle r\u00e9f\u00e9rence pour ce que peut \u00eatre un h\u00f4tel \u00e0 Chengdu : <strong>intelligent, serein et plein d&#039;\u00e2me<\/strong>.<\/p><p>Ce n\u2019est pas seulement un endroit o\u00f9 s\u00e9journer.<br \/>C&#039;est ici que votre voyage est accueilli avec soin, curiosit\u00e9 et excellence tranquille.<\/p><p data-spm-anchor-id=\"a2ty_o01.29997173.0.i81.49d6c921Qs43kP\"><strong>Bienvenue au Crescent Moon Hotel, o\u00f9 chaque service est un geste de bienvenue et o\u00f9 chaque s\u00e9jour donne l&#039;impression de rentrer chez soi.<\/strong><\/p>\t\t\t\t\t\t\t\t<\/div>\n\t\t\t\t\t<\/div>\n\t\t\t\t<\/div>\n\t\t\t\t<section class=\"elementor-section elementor-top-section elementor-element elementor-element-6f4374c4 elementor-section-stretched elementor-section-boxed elementor-section-gap-beside-yes elementor-section-height-default elementor-section-height-default elementor-section-column-vertical-align-stretch\" data-id=\"6f4374c4\" data-element_type=\"section\" data-e-type=\"section\" data-settings=\"{&quot;background_background&quot;:&quot;classic&quot;,&quot;stretch_section&quot;:&quot;section-stretched&quot;}\">\n\t\t\t\t\t\t<div class=\"elementor-container elementor-column-gap-extended\">\n\t\t\t\t\t<div class=\"elementor-column elementor-col-100 elementor-top-column elementor-element elementor-element-4c0e198f\" data-id=\"4c0e198f\" data-element_type=\"column\" data-e-type=\"column\">\n\t\t\t<div class=\"elementor-widget-wrap elementor-element-populated\">\n\t\t\t\t\t\t<div class=\"elementor-element elementor-element-647b2467 elementor-widget elementor-widget-heading\" data-id=\"647b2467\" data-element_type=\"widget\" data-e-type=\"widget\" data-widget_type=\"heading.default\">\n\t\t\t\t\t<h2 class=\"elementor-heading-title elementor-size-default\">Ch\u00e8que disponible <\/h2>\t\t\t\t<\/div>\n\t\t\t\t<div class=\"elementor-element elementor-element-4045c282 elementor-widget elementor-widget-text-editor\" data-id=\"4045c282\" data-element_type=\"widget\" data-e-type=\"widget\" data-widget_type=\"text-editor.default\">\n\t\t\t\t\t\t\t\t\t<iframe border=\"0\" src=\"https:\/\/www.trip.com\/partners\/ad\/S5088477?Allianceid=4590391&#038;SID=253731934&#038;trip_sub1=\" style=\"width:900px;height:200px\" frameborder=\"0\" scrolling=\"no\" id=\"S5088477\"><\/iframe>\t\t\t\t\t\t\t\t<\/div>\n\t\t\t\t\t<\/div>\n\t\t<\/div>\n\t\t\t\t\t<\/div>\n\t\t<\/section>\n\t\t\t\t<\/div>","protected":false},"excerpt":{"rendered":"<p>The Thoughtful Services of Crescent Moon Hotel, Chengdu At Crescent Moon Hotel, nestled in the vibrant Jinniu District at No. 3, Majiahuayuan Road, Chengdu, service is not a checklist\u2014it\u2019s a philosophy. Opened in 2025, this modern 4-star boutique hotel has quickly redefined hospitality in Sichuan by seamlessly blending cutting-edge technology, Sichuan warmth, and attentive personal [&hellip;]<\/p>\n","protected":false},"author":1,"featured_media":0,"parent":0,"menu_order":0,"comment_status":"closed","ping_status":"closed","template":"","meta":{"footnotes":""},"class_list":["post-647","page","type-page","status-publish","hentry","post-no-thumbnail"],"_links":{"self":[{"href":"https:\/\/crescentmoonhotel.com\/fr\/wp-json\/wp\/v2\/pages\/647","targetHints":{"allow":["GET"]}}],"collection":[{"href":"https:\/\/crescentmoonhotel.com\/fr\/wp-json\/wp\/v2\/pages"}],"about":[{"href":"https:\/\/crescentmoonhotel.com\/fr\/wp-json\/wp\/v2\/types\/page"}],"author":[{"embeddable":true,"href":"https:\/\/crescentmoonhotel.com\/fr\/wp-json\/wp\/v2\/users\/1"}],"replies":[{"embeddable":true,"href":"https:\/\/crescentmoonhotel.com\/fr\/wp-json\/wp\/v2\/comments?post=647"}],"version-history":[{"count":0,"href":"https:\/\/crescentmoonhotel.com\/fr\/wp-json\/wp\/v2\/pages\/647\/revisions"}],"wp:attachment":[{"href":"https:\/\/crescentmoonhotel.com\/fr\/wp-json\/wp\/v2\/media?parent=647"}],"curies":[{"name":"wp","href":"https:\/\/api.w.org\/{rel}","templated":true}]}}