{"id":2105,"date":"2021-03-24T07:25:45","date_gmt":"2021-03-24T07:25:45","guid":{"rendered":"http:\/\/localhost\/nuss\/?page_id=235"},"modified":"2025-08-29T13:53:00","modified_gmt":"2025-08-29T13:53:00","slug":"domande-frequenti","status":"publish","type":"page","link":"https:\/\/crescentmoonhotel.com\/it\/domande-frequenti\/","title":{"rendered":"Domande frequenti"},"content":{"rendered":"<div data-elementor-type=\"wp-page\" data-elementor-id=\"2105\" class=\"elementor elementor-2105\">\n\t\t\t\t\t\t<section class=\"elementor-section elementor-top-section elementor-element elementor-element-2a96a73 elementor-section-boxed elementor-section-gap-beside-yes elementor-section-height-default elementor-section-height-default elementor-section-column-vertical-align-stretch\" data-id=\"2a96a73\" data-element_type=\"section\" data-e-type=\"section\">\n\t\t\t\t\t\t<div class=\"elementor-container elementor-column-gap-extended\">\n\t\t\t\t\t<div class=\"elementor-column elementor-col-100 elementor-top-column elementor-element elementor-element-98ef20c\" data-id=\"98ef20c\" data-element_type=\"column\" data-e-type=\"column\">\n\t\t\t<div class=\"elementor-widget-wrap elementor-element-populated\">\n\t\t\t\t\t\t<div class=\"elementor-element elementor-element-97088c0 elementor-widget__width-initial elementor-invisible elementor-widget elementor-widget-text-editor\" data-id=\"97088c0\" data-element_type=\"widget\" data-e-type=\"widget\" data-settings=\"{&quot;_animation&quot;:&quot;nussFadeInUp&quot;}\" data-widget_type=\"text-editor.default\">\n\t\t\t\t\t\t\t\t\t<p>Di seguito troverete un elenco delle domande pi\u00f9 frequenti poste dai nostri ospiti.<\/p>\t\t\t\t\t\t\t\t<\/div>\n\t\t\t\t\t<\/div>\n\t\t<\/div>\n\t\t\t\t\t<\/div>\n\t\t<\/section>\n\t\t\t\t<section class=\"elementor-section elementor-top-section elementor-element elementor-element-b184647 elementor-section-gap-beside-no elementor-section-boxed elementor-section-height-default elementor-section-height-default elementor-section-column-vertical-align-stretch\" data-id=\"b184647\" data-element_type=\"section\" data-e-type=\"section\">\n\t\t\t\t\t\t<div class=\"elementor-container elementor-column-gap-extended\">\n\t\t\t\t\t<div class=\"elementor-column elementor-col-100 elementor-top-column elementor-element elementor-element-1d49749\" data-id=\"1d49749\" data-element_type=\"column\" data-e-type=\"column\">\n\t\t\t<div class=\"elementor-widget-wrap elementor-element-populated\">\n\t\t\t\t\t\t<div class=\"elementor-element elementor-element-b986a9e elementor-invisible elementor-widget elementor-widget-nuss-heading\" data-id=\"b986a9e\" data-element_type=\"widget\" data-e-type=\"widget\" data-settings=\"{&quot;_animation&quot;:&quot;nussFadeInUp&quot;}\" data-widget_type=\"nuss-heading.default\">\n\t\t\t\t<div class=\"elementor-widget-container\">\n\t\t\t\t\t\t\t<div class=\"nuss-modern-heading\">\r\n\t\t\t\r\n\t\t\t\t\t\t<div class=\"heading-primary-wrap\">\r\n\t\t\t\t<h4 class=\"heading-primary elementor-heading-title\">FAQ<\/h4>\t\t\t<\/div>\r\n\t\t\r\n\t\t\t\t\t\t<div class=\"heading-divider-wrap\">\r\n\t\t\t\t<div class=\"heading-divider\" style=\"left: 0px;top: 6px\"><\/div>\r\n\t\t\t<\/div>\r\n\t\r\n\t\t\t\t\t<\/div>\r\n\t\t\t\t\t<\/div>\n\t\t\t\t<\/div>\n\t\t\t\t<div class=\"elementor-element elementor-element-50f0733 elementor-invisible elementor-widget elementor-widget-heading\" data-id=\"50f0733\" data-element_type=\"widget\" data-e-type=\"widget\" data-settings=\"{&quot;_animation&quot;:&quot;nussFadeInUp&quot;}\" data-widget_type=\"heading.default\">\n\t\t\t\t\t<h2 class=\"elementor-heading-title elementor-size-default\">Domande e risposte<\/h2>\t\t\t\t<\/div>\n\t\t\t\t<div class=\"elementor-element elementor-element-77990c1 elementor-widget elementor-widget-text-editor\" data-id=\"77990c1\" data-element_type=\"widget\" data-e-type=\"widget\" data-widget_type=\"text-editor.default\">\n\t\t\t\t\t\t\t\t\t<h3><strong data-spm-anchor-id=\"a2ty_o01.29997173.0.i57.49d6c921Qs43kP\">1. Quali sono gli orari di check-in e check-out al Crescent Moon Hotel?<\/strong><\/h3><p><strong>Check-in:<\/strong> Da <strong>12:00 PM (mezzogiorno)<\/strong><br \/><strong>Guardare:<\/strong> Di <strong>12:00 PM (mezzogiorno)<\/strong><br \/>La reception \u00e8 aperta <strong>24 ore<\/strong>e per maggiore comodit\u00e0 \u00e8 disponibile il check-in con documento d&#039;identit\u00e0 elettronico.<\/p><div class=\"py-2 my-3\"><hr \/><\/div><h3><strong>2. Il Crescent Moon Hotel offre la connessione Wi-Fi gratuita?<\/strong><\/h3><p>S\u00cc, <strong>Wi-Fi gratuito<\/strong> \u00e8 disponibile in tutte le camere e nelle aree pubbliche.<\/p><div class=\"py-2 my-3\"><hr \/><\/div><h3><strong>3. La colazione \u00e8 inclusa al Crescent Moon Hotel?<\/strong><\/h3><p>La colazione \u00e8 <strong>non incluso automaticamente<\/strong> ma possono essere acquistati in loco.<\/p><ul><li><strong>Tipo:<\/strong> Buffet (opzioni cinesi e occidentali)<\/li><li><strong>Prezzo:<\/strong> 48 CNY per adulto, 29 CNY per bambini (1,2\u20131,5 mesi)<\/li><li><strong>Gratuito per i bambini sotto 1,2 m<\/strong><\/li><li><strong>Servito tutti i giorni dalle 7:00 alle 12:00<\/strong><\/li><\/ul><div class=\"py-2 my-3\"><hr \/><\/div><h3><strong>4. L&#039;hotel ha una piscina?<\/strong><\/h3><p>S\u00ec, l&#039;hotel dispone di un <strong>piscina all&#039;aperto gratuita con zuppa<\/strong> e un <strong>piscina per bambini<\/strong>La zona della piscina sul tetto \u00e8 molto apprezzata per il relax e la vista serale.<\/p><div class=\"py-2 my-3\"><hr \/><\/div><h3><strong>5. C&#039;\u00e8 una sorgente termale o una spa?<\/strong><\/h3><p>S\u00ec, gli ospiti possono godere <strong>accesso gratuito alle sorgenti termali<\/strong> e un <strong>bagno pubblico<\/strong> come parte dei servizi benessere.<\/p><div class=\"py-2 my-3\"><hr \/><\/div><h3><strong>6. \u00c8 disponibile un parcheggio presso l&#039;hotel?<\/strong><\/h3><p>S\u00cc, <strong>parcheggio pubblico gratuito<\/strong> \u00e8 disponibile in loco. I posti sono limitati e assegnati in base all&#039;ordine di arrivo. Non \u00e8 richiesta la prenotazione.<\/p><div class=\"py-2 my-3\"><hr \/><\/div><h3><strong>7. Quanto dista l&#039;hotel dalla stazione della metropolitana pi\u00f9 vicina?<\/strong><\/h3><p>L&#039;hotel \u00e8 <strong>890 metri (circa 10-12 minuti di cammino)<\/strong> da <strong>Stazione della metropolitana Huapaifang (linea 5)<\/strong>. <strong>Stazione del ponte Xibei<\/strong> dista circa 1 km.<\/p><div class=\"py-2 my-3\"><hr \/><\/div><h3><strong>8. Quanto \u00e8 vicino il Crescent Moon Hotel all&#039;aeroporto internazionale di Chengdu Shuangliu?<\/strong><\/h3><p>L&#039;hotel \u00e8 <strong>19,6 km (circa 45 minuti in auto)<\/strong> da <strong>Aeroporto internazionale di Chengdu Shuangliu<\/strong>Si consiglia il taxi aeroportuale o il Didi (servizio di trasporto con conducente).<\/p><div class=\"py-2 my-3\"><hr \/><\/div><h3><strong>9. L&#039;hotel offre servizi di trasferimento aeroportuale?<\/strong><\/h3><p>NO, <strong>non sono forniti servizi di navetta aeroportuale o di trasferimento<\/strong> vicino all&#039;hotel. Tuttavia, taxi e Didi sono facilmente reperibili.<\/p><div class=\"py-2 my-3\"><hr \/><\/div><h3><strong>10. Gli animali domestici sono ammessi al Crescent Moon Hotel?<\/strong><\/h3><p>NO, <strong>gli animali non sono ammessi<\/strong>Non sono ammessi animali di servizio.<\/p><div class=\"py-2 my-3\"><hr \/><\/div><h3><strong>11. Posso portare una culla o un letto supplementare per un bambino?<\/strong><\/h3><ul><li><strong>Culle (lettini per bambini):<\/strong> Non disponibile in nessuna tipologia di camera.<\/li><li><strong>Letti aggiuntivi:<\/strong> Le condizioni variano a seconda della camera; si prega di verificare al momento della prenotazione. Non tutte le camere possono ospitare un letto supplementare.<\/li><\/ul><div class=\"py-2 my-3\"><hr \/><\/div><h3><strong>12. Quali servizi per famiglie offre l&#039;hotel?<\/strong><\/h3><p>S\u00ec! L&#039;hotel \u00e8 adatto alle famiglie e offre:<\/p><ul><li><strong>Suite quadrupla a tema Panda in giro<\/strong> (include tenda per bambini e minifrigo)<\/li><li><strong>Piscina per bambini<\/strong><\/li><li>Pantofole per bambini, spazzolini da denti, accappatoi<\/li><li>Libri e video per bambini<\/li><li>Camere familiari con divani letto<\/li><\/ul><div class=\"py-2 my-3\"><hr \/><\/div><h3><strong>13. C&#039;\u00e8 una palestra nell&#039;hotel?<\/strong><\/h3><p>S\u00ec, un <strong>palestra completamente attrezzata disponibile gratuitamente<\/strong> a tutti gli ospiti, aperto 24 ore su 24, 7 giorni su 7.<\/p><div class=\"py-2 my-3\"><hr \/><\/div><h3><strong>14. Ci sono ristoranti o punti ristoro in loco?<\/strong><\/h3><p>S\u00ec, l&#039;hotel dispone di:<\/p><ul><li><strong>Ristorante per la colazione<\/strong> (buffet, 7:00\u201312:00)<\/li><li><strong>Caff\u00e8<\/strong> E <strong>Bar della hall<\/strong><\/li><li><strong>T\u00e8 pomeridiano<\/strong> servizio<\/li><li><strong>Sala da t\u00e8<\/strong> per un tranquillo relax<\/li><\/ul><div class=\"py-2 my-3\"><hr \/><\/div><h3><strong>15. Quali sono le caratteristiche intelligenti o high-tech dell&#039;hotel?<\/strong><\/h3><p>Il Crescent Moon Hotel adotta la tecnologia moderna con:<\/p><ul><li><strong>Robot di servizio<\/strong> che consegnano acqua in bottiglia nelle stanze<\/li><li><strong>Check-in con ID elettronico<\/strong><\/li><li><strong>Servizi di lavanderia intelligenti<\/strong><\/li><li><strong>Sale cinematografiche laser con schermo gigante<\/strong><\/li><li>In camera <strong>frigoriferi<\/strong>, <strong>distributori di acqua calda<\/strong>, E <strong>sistemi multimediali<\/strong><\/li><\/ul><div class=\"py-2 my-3\"><hr \/><\/div><h3><strong>16. C&#039;\u00e8 un business center o una sala riunioni?<\/strong><\/h3><p>S\u00ec, l&#039;hotel offre:<\/p><ul><li><strong>Sala conferenze<\/strong> (disponibile per eventi)<\/li><li><strong>Centro commerciale<\/strong><\/li><li><strong>Spazi multifunzionali e di coworking<\/strong><\/li><li><strong>Servizi di segreteria, fax e fotocopie<\/strong> (gratuito)<\/li><\/ul><div class=\"py-2 my-3\"><hr \/><\/div><h3><strong>17. Quali attrazioni si trovano vicino al Crescent Moon Hotel?<\/strong><\/h3><p>Tra le attrazioni pi\u00f9 popolari nelle vicinanze figurano:<\/p><ul><li><strong>Vicolo Kuanzhai (vicoli larghi e stretti)<\/strong> \u2013 ~3 chilometri<\/li><li><strong>Via Jinli<\/strong> \u2013 ~3,5 km<\/li><li><strong>Monastero di Wenshuyuan<\/strong> \u2013 ~2,8 km<\/li><li><strong>Chunxi Road e Taikoo Li<\/strong> \u2013 ~4 chilometri<\/li><li><strong>Base dei panda di Chengdu<\/strong> \u2013 ~10 chilometri<\/li><li><strong>Parco d&#039;arte di Tianfu e Happy Valley<\/strong> \u2013 ~5 chilometri<\/li><\/ul><div class=\"py-2 my-3\"><hr \/><\/div><h3><strong>18. L&#039;hotel \u00e8 adatto a chi viaggia per lavoro?<\/strong><\/h3><p>Assolutamente. Con <strong>Reception aperta 24 ore su 24, 7 giorni su 7<\/strong>, <strong>palestra gratuita<\/strong>, <strong>spazi di coworking<\/strong>, <strong>Wi-Fi ad alta velocit\u00e0<\/strong>, <strong>centro commerciale<\/strong>, E <strong>servizio assistito da robot<\/strong>\u00c8 ideale per i professionisti. La sua posizione nel distretto di Jinniu offre ottimi collegamenti.<\/p><div class=\"py-2 my-3\"><hr \/><\/div><h3><strong>19. Quali lingue parla il personale?<\/strong><\/h3><p>Il personale della reception parla principalmente <strong>Mandarino<\/strong>Sebbene il servizio in inglese possa essere limitato, molti ospiti segnalano che il personale \u00e8 <strong>app di traduzione amichevoli e utili<\/strong> per assistere i viaggiatori internazionali.<\/p><div class=\"py-2 my-3\"><hr \/><\/div><h3><strong>20. L&#039;hotel \u00e8 stato appena aperto o ristrutturato?<\/strong><\/h3><p>S\u00cc, <strong>Crescent Moon Hotel inaugurato nel 2025<\/strong> ed \u00e8 considerato un <strong>immobile di nuova costruzione e ristrutturato<\/strong>, che si riflette nel suo design moderno, nei sistemi intelligenti e nei punteggi di pulizia costantemente elevati (9,6\/10).<\/p>\t\t\t\t\t\t\t\t<\/div>\n\t\t\t\t\t<\/div>\n\t\t<\/div>\n\t\t\t\t\t<\/div>\n\t\t<\/section>\n\t\t\t\t<section class=\"elementor-section elementor-top-section elementor-element elementor-element-5a7c8cdc elementor-section-stretched elementor-section-boxed elementor-section-gap-beside-yes elementor-section-height-default elementor-section-height-default elementor-section-column-vertical-align-stretch\" data-id=\"5a7c8cdc\" data-element_type=\"section\" data-e-type=\"section\" data-settings=\"{&quot;background_background&quot;:&quot;classic&quot;,&quot;stretch_section&quot;:&quot;section-stretched&quot;}\">\n\t\t\t\t\t\t<div class=\"elementor-container elementor-column-gap-extended\">\n\t\t\t\t\t<div class=\"elementor-column elementor-col-100 elementor-top-column elementor-element elementor-element-62b1ecd9\" data-id=\"62b1ecd9\" data-element_type=\"column\" data-e-type=\"column\">\n\t\t\t<div class=\"elementor-widget-wrap elementor-element-populated\">\n\t\t\t\t\t\t<div class=\"elementor-element elementor-element-2f158672 elementor-widget elementor-widget-heading\" data-id=\"2f158672\" data-element_type=\"widget\" data-e-type=\"widget\" data-widget_type=\"heading.default\">\n\t\t\t\t\t<h2 class=\"elementor-heading-title elementor-size-default\">Controlla disponibile <\/h2>\t\t\t\t<\/div>\n\t\t\t\t<div class=\"elementor-element elementor-element-3ed03c31 elementor-widget elementor-widget-text-editor\" data-id=\"3ed03c31\" data-element_type=\"widget\" data-e-type=\"widget\" data-widget_type=\"text-editor.default\">\n\t\t\t\t\t\t\t\t\t<iframe border=\"0\" src=\"https:\/\/www.trip.com\/partners\/ad\/S5088477?Allianceid=4590391&#038;SID=253731934&#038;trip_sub1=\" style=\"width:900px;height:200px\" frameborder=\"0\" scrolling=\"no\" id=\"S5088477\"><\/iframe>\t\t\t\t\t\t\t\t<\/div>\n\t\t\t\t\t<\/div>\n\t\t<\/div>\n\t\t\t\t\t<\/div>\n\t\t<\/section>\n\t\t\t\t<\/div>","protected":false},"excerpt":{"rendered":"<p>Below, you will find a list of the questions most frequently asked by our guests. FAQ&#8217;S Questions &amp; Answers 1. What are the check-in and check-out times at Crescent Moon Hotel? Check-in: From 12:00 PM (noon)Check-out: By 12:00 PM (noon)The front desk is open 24 hours, and electronic ID check-in is available for convenience. 2. [&hellip;]<\/p>\n","protected":false},"author":1,"featured_media":0,"parent":0,"menu_order":0,"comment_status":"closed","ping_status":"closed","template":"","meta":{"footnotes":""},"class_list":["post-2105","page","type-page","status-publish","hentry","post-no-thumbnail"],"_links":{"self":[{"href":"https:\/\/crescentmoonhotel.com\/it\/wp-json\/wp\/v2\/pages\/2105","targetHints":{"allow":["GET"]}}],"collection":[{"href":"https:\/\/crescentmoonhotel.com\/it\/wp-json\/wp\/v2\/pages"}],"about":[{"href":"https:\/\/crescentmoonhotel.com\/it\/wp-json\/wp\/v2\/types\/page"}],"author":[{"embeddable":true,"href":"https:\/\/crescentmoonhotel.com\/it\/wp-json\/wp\/v2\/users\/1"}],"replies":[{"embeddable":true,"href":"https:\/\/crescentmoonhotel.com\/it\/wp-json\/wp\/v2\/comments?post=2105"}],"version-history":[{"count":0,"href":"https:\/\/crescentmoonhotel.com\/it\/wp-json\/wp\/v2\/pages\/2105\/revisions"}],"wp:attachment":[{"href":"https:\/\/crescentmoonhotel.com\/it\/wp-json\/wp\/v2\/media?parent=2105"}],"curies":[{"name":"parola chiave","href":"https:\/\/api.w.org\/{rel}","templated":true}]}}