{"id":2106,"date":"2021-03-25T04:08:26","date_gmt":"2021-03-25T04:08:26","guid":{"rendered":"http:\/\/localhost\/nuss\/?page_id=298"},"modified":"2025-08-29T12:42:44","modified_gmt":"2025-08-29T12:42:44","slug":"recensioni-sullesperienza-del-cliente","status":"publish","type":"page","link":"https:\/\/crescentmoonhotel.com\/it\/recensioni-sullesperienza-del-cliente\/","title":{"rendered":"Esperienza e recensioni dei clienti"},"content":{"rendered":"<div data-elementor-type=\"wp-page\" data-elementor-id=\"2106\" class=\"elementor elementor-2106\">\n\t\t\t\t\t\t<section class=\"elementor-section elementor-top-section elementor-element elementor-element-1954ffc elementor-section-boxed elementor-section-gap-beside-yes elementor-section-height-default elementor-section-height-default elementor-section-column-vertical-align-stretch\" data-id=\"1954ffc\" data-element_type=\"section\" data-e-type=\"section\">\n\t\t\t\t\t\t<div class=\"elementor-container elementor-column-gap-extended\">\n\t\t\t\t\t<div class=\"elementor-column elementor-col-100 elementor-top-column elementor-element elementor-element-86aebc5\" data-id=\"86aebc5\" data-element_type=\"column\" data-e-type=\"column\">\n\t\t\t<div class=\"elementor-widget-wrap elementor-element-populated\">\n\t\t\t\t\t\t<div class=\"elementor-element elementor-element-11803d1 elementor-widget__width-initial elementor-invisible elementor-widget elementor-widget-text-editor\" data-id=\"11803d1\" data-element_type=\"widget\" data-e-type=\"widget\" data-settings=\"{&quot;_animation&quot;:&quot;nussFadeInUp&quot;}\" data-widget_type=\"text-editor.default\">\n\t\t\t\t\t\t\t\t\t<p><strong data-spm-anchor-id=\"a2ty_o01.29997173.0.i54.49d6c921Qs43kP\">Ospiti veri, elogi veri: scopri perch\u00e9 i viaggiatori amano il Crescent Moon Hotel di Chengdu<\/strong><\/p>\t\t\t\t\t\t\t\t<\/div>\n\t\t\t\t\t<\/div>\n\t\t<\/div>\n\t\t\t\t\t<\/div>\n\t\t<\/section>\n\t\t<div class=\"elementor-element elementor-element-59bc9ab e-flex e-con-boxed e-con e-parent\" data-id=\"59bc9ab\" data-element_type=\"container\" data-e-type=\"container\">\n\t\t\t\t\t<div class=\"e-con-inner\">\n\t\t\t\t<div class=\"elementor-element elementor-element-6174101 elementor-widget elementor-widget-text-editor\" data-id=\"6174101\" data-element_type=\"widget\" data-e-type=\"widget\" data-widget_type=\"text-editor.default\">\n\t\t\t\t\t\t\t\t\t<p>Quando si sceglie un posto dove soggiornare in una citt\u00e0 vivace come <strong>Chengdu<\/strong>, le recensioni dei viaggiatori sono pi\u00f9 di un semplice feedback: sono una finestra sulla vera esperienza dell&#039;ospite. A <strong>Crescent Moon Hotel<\/strong>, situato a <strong>N. 3, Majiahuayuan Road, distretto di Jinniu<\/strong>, il verdetto \u00e8 chiaro: gli ospiti non sono solo impressionati, sono deliziati. Con una stellare <strong>Valutazione degli ospiti 9,6\/10<\/strong> basato su oltre <strong>1.559 recensioni verificate<\/strong> SU <strong>Trip.com<\/strong>e grazie ai feedback entusiasti sulle piattaforme di viaggio online, questo boutique hotel a 4 stelle di recente apertura \u00e8 rapidamente diventato uno dei soggiorni pi\u00f9 chiacchierati della citt\u00e0.<\/p><p>Dal design elegante e moderno ai comfort intelligenti, dal servizio eccezionale all&#039;atmosfera serena, il Crescent Moon Hotel sta ridefinendo il concetto di soggiorno memorabile e confortevole a Chengdu. Che siate viaggiatori di piacere alla scoperta della ricca cultura del Sichuan o viaggiatori d&#039;affari con un programma serrato, le voci dei nostri ospiti raccontano una storia coerente: <strong>questo \u00e8 un hotel che supera le aspettative<\/strong>.<\/p><h3><strong>Cosa dicono gli ospiti: una sinfonia di lodi<\/strong><\/h3><p>SU <strong>Trip.com<\/strong>, una delle principali piattaforme di viaggio della Cina, il Crescent Moon Hotel si distingue per il suo <strong>pulizia eccellente (valutazione 9,6)<\/strong>, <strong>servizio di alto livello (9,7\/10)<\/strong>, E <strong>servizi progettati con cura<\/strong>I viaggiatori sottolineano costantemente il <strong>camere pulitissime<\/strong>, <strong>personale disponibile<\/strong>, E <strong>caratteristiche uniche in camera<\/strong> che rendono il loro soggiorno lussuoso e personalizzato.<\/p><blockquote><p><em>\u201cSiamo stati qui durante il nostro viaggio di nozze, la prima volta a Chengdu. L&#039;hotel \u00e8 stato fantastico e il personale \u00e8 stato fantastico, molto disponibile e gentile. L&#039;hotel era pulitissimo e la camera veniva pulita ogni giorno. Tutto era impeccabile, la colazione era molto varia. Ci tornerei volentieri!!!\u201d<\/em><br \/>\u2014 <strong>Lingyi Sole, 10 agosto 2025<\/strong><\/p><\/blockquote><p>Questo sentimento \u00e8 riecheggiato in numerose recensioni, dove gli ospiti lodano il <strong>pulizie giornaliere<\/strong>, <strong>bagni scintillanti<\/strong>, e il <strong>attenzione ai dettagli<\/strong>-da <strong>Materassi King Koil Rubyluxe<\/strong> A <strong>cuscini a pressione zero<\/strong> che garantiscono un sonno ristoratore.<\/p><p>Un altro ospite, un visitatore abituale di Chengdu, ha raccontato:<\/p><blockquote><p><em>\u201cHotel eccellente con personale eccezionale. Camera ben arredata, confortevole e pulita. I servizi in camera, come il distributore di acqua calda e il minifrigo, erano molto comodi. Le ragazze al check-in sono state particolarmente cordiali e professionali.\u201d<\/em><br \/>\u2014 <strong>Utente ospite, 17 aprile 2025<\/strong><\/p><\/blockquote><h3><strong>Un servizio che brilla: il tocco umano in un hotel intelligente<\/strong><\/h3><p>Mentre il Crescent Moon Hotel abbraccia la tecnologia, con <strong>robot di servizio<\/strong> che consegnano acqua in bottiglia e <strong>check-in con documento d&#039;identit\u00e0 elettronico<\/strong>\u2014\u00e8 il <strong>elemento umano<\/strong> che conquista davvero i cuori. Molti ospiti hanno menzionato i membri dello staff per nome, in particolare <strong>Receptionist Huang<\/strong>, per essere andato oltre ogni limite.<\/p><blockquote><p><em>&quot;Vorremmo ringraziare il receptionist Huang per essersi prodigato: ci ha aiutato tantissimo a ordinare cibo da asporto, a segnalare i ristoranti e a rispondere prontamente a tutte le nostre domande. La sua gentilezza ha reso il nostro viaggio molto pi\u00f9 agevole.&quot;<\/em><br \/>\u2014 <strong>Utente ospite, 28 aprile 2025<\/strong><\/p><\/blockquote><p>Questo livello di <strong>servizio personalizzato e attento<\/strong> \u00e8 un segno distintivo dell&#039;esperienza Crescent Moon. Che si tratti di prenotare un taxi, consigliare ristoranti locali o assistere con cambiamenti dell&#039;ultimo minuto, <strong>Reception e concierge aperti 24 ore su 24<\/strong> sono costantemente elogiati per il loro <strong>professionalit\u00e0, pazienza e calore<\/strong>.<\/p><h3><strong>Un hotel che bilancia innovazione e comfort<\/strong><\/h3><p>Uno degli aspetti pi\u00f9 unici del Crescent Moon Hotel \u00e8 la sua miscela di <strong>tecnologia moderna e ospitalit\u00e0 tradizionale<\/strong>Gli ospiti sono affascinati dal <strong>robot assistenti<\/strong> che scorrono lungo i corridoi, erogando acqua con un&#039;efficienza silenziosa che aggiunge un tocco futuristico al soggiorno.<\/p><blockquote><p><em>&quot;Ci \u00e8 piaciuto il robot che veniva a portarci le bottiglie d&#039;acqua. Anche la palestra era fantastica! Il tetto con i bagni di zuppa e le lucine era un punto forte: ci rilassavamo l\u00ec ogni sera.&quot;<\/em><br \/>\u2014 <strong>Engelhardt, 4 agosto 2025<\/strong><\/p><\/blockquote><p>IL <strong>piscina all&#039;aperto gratuita con zuppa<\/strong> E <strong>sorgenti termali<\/strong> sono spesso menzionati come caratteristiche distintive, offrendo un&#039;esperienza di benessere rara e lussuosa nel cuore della citt\u00e0. Mentre un ospite ha espresso il desiderio che le sorgenti termali fossero pienamente operative, il sentimento generale \u00e8 estremamente positivo, con molti che definiscono l&#039;area sul tetto un <strong>\u201coasi nascosta\u201d<\/strong> perfetto per rilassarsi dopo una giornata trascorsa ad esplorare Chengdu.<\/p><h3><strong>Adatto alle famiglie, alle coppie e ai viaggiatori solitari<\/strong><\/h3><p>L&#039;hotel si adatta magnificamente a tutti i tipi di viaggiatori. Le famiglie adorano l&#039; <strong>Suite quadrupla a tema Panda in giro<\/strong>, completo di un <strong>tenda per bambini e minifrigo<\/strong>, che \u00e8 diventato uno dei preferiti dagli ospiti che viaggiano con bambini.<\/p><blockquote><p><em>&quot;I nostri bambini sono rimasti entusiasti della stanza a tema e della piccola tenda. Il personale ha dato loro pantofole e spazzolini da denti: si sono sentiti davvero speciali. Anche la piscina per bambini \u00e8 stata un tocco di classe.&quot;<\/em><br \/>\u2014 <strong>Chloe Lim LiZh, 10 aprile 2025<\/strong><\/p><\/blockquote><p>Le coppie in fuga romantica apprezzano il <strong>ambiente intimo<\/strong>, <strong>camere moderne<\/strong>, E <strong>vista sui tetti<\/strong>, mentre i viaggiatori singoli e gli ospiti d&#039;affari apprezzano il <strong>biblioteca tranquilla<\/strong>, <strong>palestra aperta 24 ore su 24<\/strong>, E <strong>spazi adatti al coworking<\/strong>.<\/p><h3><strong>Posizione e accessibilit\u00e0: vicino a tutto, ma tranquillo<\/strong><\/h3><p>Situato appena <strong>890 metri dalla stazione della metropolitana Huapaifang<\/strong>, il Crescent Moon Hotel offre <strong>connettivit\u00e0 eccellente<\/strong> alle principali attrazioni di Chengdu. Gli ospiti apprezzano la facilit\u00e0 di accesso a <strong>Vicolo Kuanzhai<\/strong>, <strong>Via Jinli<\/strong>, <strong>Chunxi Road<\/strong>, <strong>Taikoo Li<\/strong>, e il <strong>Base Panda<\/strong>, il tutto raggiungibile con un breve tragitto in metropolitana o con Didi.<\/p><blockquote><p><em>&quot;La posizione era buona, anche se un po&#039; lontana dalla stazione principale della metropolitana, ma Didi \u00e8 economico e comodo. Siamo andati ovunque facilmente.&quot;<\/em><br \/>\u2014 <strong>Utente ospite, 17 aprile 2025<\/strong><\/p><\/blockquote><p>Nonostante il contesto urbano, gli ospiti notano costantemente il <strong>atmosfera pacifica<\/strong> dell&#039;hotel, elogiando il <strong>camere insonorizzate<\/strong> E <strong>tranquillo giardino sul tetto<\/strong> come gradita via di fuga dal caos cittadino.<\/p><h3><strong>Colazione, pranzo e piccole imperfezioni<\/strong><\/h3><p>IL <strong>colazione a buffet giornaliera<\/strong>, servendo entrambi <strong>Opzioni cinesi e occidentali<\/strong> dalle 7:00 alle 12:00, riceve voti alti per <strong>variet\u00e0 e qualit\u00e0<\/strong>.<\/p><blockquote><p><em>&quot;La colazione era buona, il personale era fantastico e molto disponibile! Ottima selezione di dim sum, uova, pasticcini e frutta fresca.&quot;<\/em><br \/>\u2014 <strong>International Omega Man 1911, 17 agosto 2025<\/strong><\/p><\/blockquote><p>Alcuni ospiti hanno menzionato piccole aree di miglioramento, come <strong>ventilazione in alcune stanze<\/strong> O <strong>odori occasionali di sigaretta<\/strong> dalle aree adiacenti: feedback che l&#039;hotel sta probabilmente prendendo in considerazione mentre continua a perfezionare le sue operazioni.<\/p><h3><strong>Perch\u00e9 il Crescent Moon Hotel si distingue sulle piattaforme OTA<\/strong><\/h3><p>SU <strong>Trip.com<\/strong>, il Crescent Moon Hotel si classifica come un <strong>I 18 migliori hotel a 4 stelle selezionati a Chengdu<\/strong>, elogiato per il suo <strong>&quot;di recente apertura&quot;<\/strong> stato, <strong>\u201cpulito e scintillante\u201d<\/strong> ambiente e <strong>&quot;parcheggio gratuito&quot;<\/strong>\u2014un vantaggio raro e prezioso in citt\u00e0. La combinazione di <strong>camere intelligenti<\/strong>, <strong>accesso gratuito alla palestra<\/strong>, <strong>sorgenti termali<\/strong>, E <strong>servizio in stile maggiordomo<\/strong> crea una proposta di valore difficile da battere.<\/p><p>Sebbene l&#039;hotel non sia ancora ampiamente quotato su <strong>TripAdvisor<\/strong>, il suo rapido aumento della soddisfazione degli ospiti e delle prenotazioni ripetute suggerisce che \u00e8 sul punto di diventare un <strong>gemma riconosciuta a livello mondiale<\/strong> nel panorama alberghiero di Chengdu. Man mano che sempre pi\u00f9 viaggiatori internazionali ne scoprono il fascino, le recensioni aumenteranno sicuramente, riecheggiando gli stessi temi di <strong>pulizia, comfort, gentilezza e innovazione<\/strong>.<\/p><div class=\"py-2 my-3\"><hr \/><\/div><h3><strong>Scopri la differenza della Luna Crescente<\/strong><\/h3><p>Pi\u00f9 di un semplice posto dove dormire, <strong>Crescent Moon Hotel<\/strong> \u00e8 diventata una destinazione in s\u00e9, un luogo dove <strong>la tecnologia incontra la tradizione<\/strong>, <strong>il servizio incontra la sincerit\u00e0<\/strong>, E <strong>ogni ospite si sente un VIP<\/strong>.<\/p><p>Supportato da centinaia di <strong>recensioni verificate a cinque stelle<\/strong>e in continuo miglioramento in base al feedback degli ospiti, questo hotel sta stabilendo un nuovo standard per <strong>ospitalit\u00e0 moderna e attenta a Chengdu<\/strong>.<\/p><p>Che siate qui per i panda, per il t\u00e8 o per la zuppa piccante, assicuratevi che il vostro soggiorno sia altrettanto indimenticabile.<br \/><strong>Scegli il Crescent Moon Hotel, dove ogni recensione racconta una storia di comfort, cura e connessione.<\/strong><\/p><p data-spm-anchor-id=\"a2ty_o01.29997173.0.i53.49d6c921Qs43kP\"><em>Prenota oggi stesso il tuo soggiorno e unisciti al crescente numero di viaggiatori che hanno trovato la loro perfetta fuga a Chengdu sotto il dolce chiarore della Luna Crescente.<\/em><\/p>\t\t\t\t\t\t\t\t<\/div>\n\t\t\t\t\t<\/div>\n\t\t\t\t<\/div>\n\t\t\t\t<section class=\"elementor-section elementor-top-section elementor-element elementor-element-6e6713fb elementor-section-stretched elementor-section-boxed elementor-section-gap-beside-yes elementor-section-height-default elementor-section-height-default elementor-section-column-vertical-align-stretch\" data-id=\"6e6713fb\" data-element_type=\"section\" data-e-type=\"section\" data-settings=\"{&quot;background_background&quot;:&quot;classic&quot;,&quot;stretch_section&quot;:&quot;section-stretched&quot;}\">\n\t\t\t\t\t\t<div class=\"elementor-container elementor-column-gap-extended\">\n\t\t\t\t\t<div class=\"elementor-column elementor-col-100 elementor-top-column elementor-element elementor-element-4c1f27df\" data-id=\"4c1f27df\" data-element_type=\"column\" data-e-type=\"column\">\n\t\t\t<div class=\"elementor-widget-wrap elementor-element-populated\">\n\t\t\t\t\t\t<div class=\"elementor-element elementor-element-7ce39c16 elementor-widget elementor-widget-heading\" data-id=\"7ce39c16\" data-element_type=\"widget\" data-e-type=\"widget\" data-widget_type=\"heading.default\">\n\t\t\t\t\t<h2 class=\"elementor-heading-title elementor-size-default\">Controlla disponibile <\/h2>\t\t\t\t<\/div>\n\t\t\t\t<div class=\"elementor-element elementor-element-6176e4be elementor-widget elementor-widget-text-editor\" data-id=\"6176e4be\" data-element_type=\"widget\" data-e-type=\"widget\" data-widget_type=\"text-editor.default\">\n\t\t\t\t\t\t\t\t\t<iframe border=\"0\" src=\"https:\/\/www.trip.com\/partners\/ad\/S5088477?Allianceid=4590391&#038;SID=253731934&#038;trip_sub1=\" style=\"width:900px;height:200px\" frameborder=\"0\" scrolling=\"no\" id=\"S5088477\"><\/iframe>\t\t\t\t\t\t\t\t<\/div>\n\t\t\t\t\t<\/div>\n\t\t<\/div>\n\t\t\t\t\t<\/div>\n\t\t<\/section>\n\t\t\t\t<\/div>","protected":false},"excerpt":{"rendered":"<p>Real Guests, Real Praise: Discover Why Travelers Love Crescent Moon Hotel in Chengdu When choosing a place to stay in a vibrant city like Chengdu, traveler reviews are more than just feedback\u2014they\u2019re a window into the true guest experience. At Crescent Moon Hotel, located at No. 3, Majiahuayuan Road, Jinniu District, the verdict is clear: [&hellip;]<\/p>\n","protected":false},"author":1,"featured_media":0,"parent":0,"menu_order":0,"comment_status":"closed","ping_status":"closed","template":"","meta":{"footnotes":""},"class_list":["post-2106","page","type-page","status-publish","hentry","post-no-thumbnail"],"_links":{"self":[{"href":"https:\/\/crescentmoonhotel.com\/it\/wp-json\/wp\/v2\/pages\/2106","targetHints":{"allow":["GET"]}}],"collection":[{"href":"https:\/\/crescentmoonhotel.com\/it\/wp-json\/wp\/v2\/pages"}],"about":[{"href":"https:\/\/crescentmoonhotel.com\/it\/wp-json\/wp\/v2\/types\/page"}],"author":[{"embeddable":true,"href":"https:\/\/crescentmoonhotel.com\/it\/wp-json\/wp\/v2\/users\/1"}],"replies":[{"embeddable":true,"href":"https:\/\/crescentmoonhotel.com\/it\/wp-json\/wp\/v2\/comments?post=2106"}],"version-history":[{"count":0,"href":"https:\/\/crescentmoonhotel.com\/it\/wp-json\/wp\/v2\/pages\/2106\/revisions"}],"wp:attachment":[{"href":"https:\/\/crescentmoonhotel.com\/it\/wp-json\/wp\/v2\/media?parent=2106"}],"curies":[{"name":"parola chiave","href":"https:\/\/api.w.org\/{rel}","templated":true}]}}