{"id":2109,"date":"2021-03-26T08:35:58","date_gmt":"2021-03-26T08:35:58","guid":{"rendered":"http:\/\/localhost\/nuss\/?page_id=536"},"modified":"2025-08-29T11:43:40","modified_gmt":"2025-08-29T11:43:40","slug":"strutture-aziendali","status":"publish","type":"page","link":"https:\/\/crescentmoonhotel.com\/it\/strutture-aziendali\/","title":{"rendered":"Strutture aziendali"},"content":{"rendered":"<div data-elementor-type=\"wp-page\" data-elementor-id=\"2109\" class=\"elementor elementor-2109\">\n\t\t\t\t\t\t<section class=\"elementor-section elementor-top-section elementor-element elementor-element-bb2901b elementor-section-boxed elementor-section-gap-beside-yes elementor-section-height-default elementor-section-height-default elementor-section-column-vertical-align-stretch\" data-id=\"bb2901b\" data-element_type=\"section\" data-e-type=\"section\">\n\t\t\t\t\t\t<div class=\"elementor-container elementor-column-gap-extended\">\n\t\t\t\t\t<div class=\"elementor-column elementor-col-100 elementor-top-column elementor-element elementor-element-1919db9\" data-id=\"1919db9\" data-element_type=\"column\" data-e-type=\"column\">\n\t\t\t<div class=\"elementor-widget-wrap elementor-element-populated\">\n\t\t\t\t\t\t<div class=\"elementor-element elementor-element-41a7b9c elementor-widget__width-initial elementor-invisible elementor-widget elementor-widget-text-editor\" data-id=\"41a7b9c\" data-element_type=\"widget\" data-e-type=\"widget\" data-settings=\"{&quot;_animation&quot;:&quot;nussFadeInUp&quot;}\" data-widget_type=\"text-editor.default\">\n\t\t\t\t\t\t\t\t\t<p>La sala riunioni del nostro hotel offre uno spazio riservato ed elegante nel cuore di New York per riunioni di gruppo da 8 a 10 persone. Per il vostro comfort e la vostra comodit\u00e0, sono disponibili pacchetti per pause caff\u00e8.<\/p>\t\t\t\t\t\t\t\t<\/div>\n\t\t\t\t\t<\/div>\n\t\t<\/div>\n\t\t\t\t\t<\/div>\n\t\t<\/section>\n\t\t<div class=\"elementor-element elementor-element-cd53bbb e-flex e-con-boxed e-con e-parent\" data-id=\"cd53bbb\" data-element_type=\"container\" data-e-type=\"container\">\n\t\t\t\t\t<div class=\"e-con-inner\">\n\t\t\t\t<div class=\"elementor-element elementor-element-0aec690 elementor-widget elementor-widget-nuss-image-gallery\" data-id=\"0aec690\" data-element_type=\"widget\" data-e-type=\"widget\" data-widget_type=\"nuss-image-gallery.default\">\n\t\t\t\t<div class=\"elementor-widget-container\">\n\t\t\t\t\t\t\t<div class=\"nuss-grid-wrapper\" data-grid=\"{&quot;type&quot;:&quot;grid&quot;,&quot;ratio&quot;:null,&quot;columns&quot;:3,&quot;gutter&quot;:30}\">\r\n\t\t\t<div class=\"nuss-grid lazy-grid\">\r\n\t\t\t\t<div class=\"grid-sizer\"><\/div>\r\n\r\n\t\t\t\t\t\t\t\t\t\t\t\t<div class=\"grid-item\">\r\n\t\t\t\t\t\t<div class=\"nuss-box\">\t\t<div class=\"nuss-image image\">\r\n\t\t\t<img decoding=\"async\"  src=\"https:\/\/crescentmoonhotel.com\/wp-content\/uploads\/2025\/08\/CRESCENT-MOON-HOTEL-57.webp\" alt=\"HOTEL LUNA CRESCENTE (57)\" \/>\t\t<\/div>\r\n\t\t\t\t<\/div>\t\t\t\t\t<\/div>\r\n\t\t\t\t\t\t<div class=\"grid-item\">\r\n\t\t\t\t\t\t<div class=\"nuss-box\">\t\t<div class=\"nuss-image image\">\r\n\t\t\t<img decoding=\"async\"  src=\"https:\/\/crescentmoonhotel.com\/wp-content\/uploads\/2025\/08\/CRESCENT-MOON-HOTEL-56.webp\" alt=\"HOTEL LUNA CRESCENTE (56)\" \/>\t\t<\/div>\r\n\t\t\t\t<\/div>\t\t\t\t\t<\/div>\r\n\t\t\t\t\t\t<div class=\"grid-item\">\r\n\t\t\t\t\t\t<div class=\"nuss-box\">\t\t<div class=\"nuss-image image\">\r\n\t\t\t<img decoding=\"async\"  src=\"https:\/\/crescentmoonhotel.com\/wp-content\/uploads\/2025\/08\/CRESCENT-MOON-HOTEL-55.webp\" alt=\"HOTEL LUNA CRESCENTE (55)\" \/>\t\t<\/div>\r\n\t\t\t\t<\/div>\t\t\t\t\t<\/div>\r\n\t\t\t\t\t\t\t\r\n\t\t\t<\/div>\r\n\t\t<\/div>\r\n\t\t\t\t\t\t<\/div>\n\t\t\t\t<\/div>\n\t\t\t\t\t<\/div>\n\t\t\t\t<\/div>\n\t\t<div class=\"elementor-element elementor-element-3e152a5 e-flex e-con-boxed e-con e-parent\" data-id=\"3e152a5\" data-element_type=\"container\" data-e-type=\"container\">\n\t\t\t\t\t<div class=\"e-con-inner\">\n\t\t\t\t<div class=\"elementor-element elementor-element-cee76f2 elementor-widget elementor-widget-text-editor\" data-id=\"cee76f2\" data-element_type=\"widget\" data-e-type=\"widget\" data-widget_type=\"text-editor.default\">\n\t\t\t\t\t\t\t\t\t<p>A <strong>Crescent Moon Hotel<\/strong>, situato nella dinamica <strong>Distretto di Jinniu<\/strong> di Chengdu a <strong>No. 3, Majiahuayuan Road<\/strong>, il viaggio d&#039;affari \u00e8 reinventato come un mix perfetto di innovazione, comfort ed efficienza. Progettato pensando al professionista moderno, il nostro hotel offre una suite completa di <strong>strutture per riunioni e affari<\/strong> che si rivolgono a imprenditori, team aziendali e lavoratori da remoto che cercano un ambiente produttivo ma stimolante, sia che si tratti di organizzare una riunione importante, preparare una presentazione o semplicemente rimanere in contatto durante un fitto programma di viaggio.<\/p><p>Aperto nel 2025 e gestito da <strong>Chengdu Crescent Selected Hotel Management Co., Ltd.<\/strong>, il Crescent Moon Hotel combina <strong>tecnologia intelligente<\/strong> con funzionalit\u00e0 eleganti per offrire un&#039;esperienza aziendale di prim&#039;ordine nel cuore di uno dei centri tecnologici e culturali pi\u00f9 vivaci della Cina. Con <strong>77 camere progettate con cura<\/strong> e una forte attenzione all&#039;eccellenza del servizio (valutato <strong>9.7\/10 per il servizio<\/strong> dagli ospiti), l&#039;hotel garantisce che ogni esigenza professionale venga soddisfatta con precisione e cura.<\/p><div class=\"my-2\">\u00a0<\/div><h3><strong>Spazi per riunioni e conferenze all&#039;avanguardia<\/strong><\/h3><p>Nostro <strong>sala conferenze multifunzionale<\/strong> E <strong>centro business dedicato<\/strong> sono progettati per soddisfare un&#039;ampia gamma di esigenze professionali, dalle riunioni intime del consiglio di amministrazione e dalle consulenze con i clienti alle riunioni aziendali pi\u00f9 grandi e alle sessioni di formazione. Dotati di <strong>sistemi di visualizzazione multimediale all&#039;avanguardia<\/strong>, proiettori ad alta definizione, capacit\u00e0 di presentazione wireless e <strong>Wi-Fi ad alta velocit\u00e0 in tutta la struttura<\/strong>, questi spazi garantiscono una connettivit\u00e0 impeccabile e una qualit\u00e0 di presentazione impeccabile.<\/p><p>IL <strong>sala conferenze<\/strong> Offre una disposizione flessibile dei posti a sedere, controllo dell&#039;illuminazione ambientale e pareti insonorizzate per mantenere la privacy e la concentrazione. Che tu stia conducendo una riunione locale o connettendoti con team globali tramite videoconferenza, il nostro <strong>servizi di segreteria<\/strong> e supporto tecnico in loco sono disponibili per assistere con l&#039;installazione, la documentazione e il coordinamento in tempo reale.<\/p><p>Per team pi\u00f9 piccoli o brainstorming collaborativi, il <strong>spazi di coworking<\/strong> E <strong>sale polifunzionali<\/strong> Offrono un&#039;atmosfera rilassata ma professionale, perfetta per discussioni improvvisate o sessioni di lavoro mirate. Queste aree sono progettate per stimolare la creativit\u00e0, con luce naturale, arredi ergonomici e accesso a prese di corrente e porte di ricarica USB.<\/p><div class=\"my-2\">\u00a0<\/div><h3><strong>Servizi aziendali intelligenti e supporto 24 ore su 24, 7 giorni su 7<\/strong><\/h3><p>Comprendendo le esigenze del frenetico mondo degli affari di oggi, il Crescent Moon Hotel offre <strong>reception e servizi di portineria 24 ore su 24<\/strong>, garantendoti di poter accedere al supporto in qualsiasi momento. Hai bisogno di stampare un contratto dell&#039;ultimo minuto? Il nostro <strong>servizi gratuiti di fax e fotocopie<\/strong> sono disponibili in loco. Hai bisogno di assistenza con la logistica del viaggio? L&#039;hotel offre <strong>servizi di prenotazione taxi e noleggio auto<\/strong> per aiutarti a navigare a Chengdu con facilit\u00e0.<\/p><p data-spm-anchor-id=\"a2ty_o01.29997173.0.i39.49d6c921Qs43kP\">Gli ospiti beneficiano anche di <strong>check-in con documento d&#039;identit\u00e0 elettronico<\/strong>, check-out veloce e deposito bagagli sicuro, massimizzando l&#039;efficienza e riducendo al minimo i tempi di inattivit\u00e0. Per una maggiore comodit\u00e0, <strong>armadietti<\/strong> e un <strong>cassaforte alla reception<\/strong> sono disponibili per proteggere documenti e dispositivi importanti.<\/p>\t\t\t\t\t\t\t\t<\/div>\n\t\t\t\t\t<\/div>\n\t\t\t\t<\/div>\n\t\t<div class=\"elementor-element elementor-element-85f5857 e-flex e-con-boxed e-con e-parent\" data-id=\"85f5857\" data-element_type=\"container\" data-e-type=\"container\">\n\t\t\t\t\t<div class=\"e-con-inner\">\n\t\t\t\t<div class=\"elementor-element elementor-element-f135a2a elementor-widget elementor-widget-nuss-image-gallery\" data-id=\"f135a2a\" data-element_type=\"widget\" data-e-type=\"widget\" data-widget_type=\"nuss-image-gallery.default\">\n\t\t\t\t<div class=\"elementor-widget-container\">\n\t\t\t\t\t\t\t<div class=\"nuss-grid-wrapper\" data-grid=\"{&quot;type&quot;:&quot;grid&quot;,&quot;ratio&quot;:null,&quot;columns&quot;:3,&quot;gutter&quot;:30}\">\r\n\t\t\t<div class=\"nuss-grid lazy-grid\">\r\n\t\t\t\t<div class=\"grid-sizer\"><\/div>\r\n\r\n\t\t\t\t\t\t\t\t\t\t\t\t<div class=\"grid-item\">\r\n\t\t\t\t\t\t<div class=\"nuss-box\">\t\t<div class=\"nuss-image image\">\r\n\t\t\t<img decoding=\"async\"  src=\"https:\/\/crescentmoonhotel.com\/wp-content\/uploads\/2025\/08\/CRESCENT-MOON-HOTEL-160.webp\" alt=\"HOTEL LUNA CRESCENTE (160)\" \/>\t\t<\/div>\r\n\t\t\t\t<\/div>\t\t\t\t\t<\/div>\r\n\t\t\t\t\t\t<div class=\"grid-item\">\r\n\t\t\t\t\t\t<div class=\"nuss-box\">\t\t<div class=\"nuss-image image\">\r\n\t\t\t<img decoding=\"async\"  src=\"https:\/\/crescentmoonhotel.com\/wp-content\/uploads\/2025\/08\/CRESCENT-MOON-HOTEL-91.webp\" alt=\"HOTEL LUNA CRESCENTE (91)\" \/>\t\t<\/div>\r\n\t\t\t\t<\/div>\t\t\t\t\t<\/div>\r\n\t\t\t\t\t\t<div class=\"grid-item\">\r\n\t\t\t\t\t\t<div class=\"nuss-box\">\t\t<div class=\"nuss-image image\">\r\n\t\t\t<img decoding=\"async\"  src=\"https:\/\/crescentmoonhotel.com\/wp-content\/uploads\/2025\/08\/CRESCENT-MOON-HOTEL-78.webp\" alt=\"HOTEL LUNA CRESCENTE (78)\" \/>\t\t<\/div>\r\n\t\t\t\t<\/div>\t\t\t\t\t<\/div>\r\n\t\t\t\t\t\t\t\r\n\t\t\t<\/div>\r\n\t\t<\/div>\r\n\t\t\t\t\t\t<\/div>\n\t\t\t\t<\/div>\n\t\t\t\t\t<\/div>\n\t\t\t\t<\/div>\n\t\t<div class=\"elementor-element elementor-element-d0cc44b e-flex e-con-boxed e-con e-parent\" data-id=\"d0cc44b\" data-element_type=\"container\" data-e-type=\"container\">\n\t\t\t\t\t<div class=\"e-con-inner\">\n\t\t\t\t<div class=\"elementor-element elementor-element-d16da8a elementor-widget elementor-widget-text-editor\" data-id=\"d16da8a\" data-element_type=\"widget\" data-e-type=\"widget\" data-widget_type=\"text-editor.default\">\n\t\t\t\t\t\t\t\t\t<h3><strong data-spm-anchor-id=\"a2ty_o01.29997173.0.i41.49d6c921Qs43kP\">Servizi che migliorano la produttivit\u00e0<\/strong><\/h3><p data-spm-anchor-id=\"a2ty_o01.29997173.0.i40.49d6c921Qs43kP\">Oltre agli spazi per riunioni formali, l&#039;hotel integra la produttivit\u00e0 in ogni aspetto dell&#039;esperienza degli ospiti. <strong>palestra aperta 24 ore su 24<\/strong>, che \u00e8 <strong>gratuito per tutti gli ospiti<\/strong>, ti permette di mantenere la tua routine di benessere, aumentando l&#039;energia e la chiarezza mentale. Dopo una lunga giornata di riunioni, rilassati nel <strong>piscina all&#039;aperto gratuita con zuppa<\/strong> O <strong>sorgenti termali<\/strong>, noti per le loro propriet\u00e0 rilassanti e ringiovanenti, ideali per ridurre lo stress e migliorare la concentrazione.<\/p><p data-spm-anchor-id=\"a2ty_o01.29997173.0.i38.49d6c921Qs43kP\">Per un lavoro tranquillo o per recuperare le e-mail, il <strong>biblioteca<\/strong> E <strong>sala da t\u00e8<\/strong> Offrono ambienti sereni e privi di distrazioni, con comode sedute e illuminazione soffusa. Questi spazi tranquilli offrono lo sfondo perfetto per leggere, scrivere o intrattenere conversazioni meditative sorseggiando una tazza di pregiato t\u00e8 del Sichuan.<\/p><div class=\"my-2\">\u00a0<\/div><h3><strong>Posizione strategica per affari e networking<\/strong><\/h3><p>Posizione del Crescent Moon Hotel in <strong>Distretto di Jinniu<\/strong> ti consente di raggiungere facilmente i principali centri commerciali, culturali e di trasporto di Chengdu. Solo <strong>890 metri dalla stazione della metropolitana Huapaifang<\/strong>, E <strong>8,8 km dalla stazione ferroviaria di Chengdu Sud<\/strong>, l&#039;hotel offre un&#039;eccellente connettivit\u00e0 in tutta la citt\u00e0. \u00c8 solo un <strong>19,6 km (circa 45 minuti) di auto dall&#039;aeroporto internazionale di Chengdu Shuangliu<\/strong>, rendendolo ideale sia per i viaggiatori d&#039;affari nazionali che internazionali.<\/p><p>Punti di riferimento nelle vicinanze come <strong>Chunxi Road<\/strong>, <strong>Taikoo Li<\/strong>, <strong>Parco d&#039;arte di Tianfu<\/strong>, E <strong>Valle Felice<\/strong> non sono solo attrazioni turistiche, ma anche vivaci centri di commercio, vendita al dettaglio e innovazione, perfetti per incontri con i clienti o per il networking dopo il lavoro. La vicinanza a <strong>Vicolo Kuanzhai<\/strong>, <strong>Monastero di Wenshuyuan<\/strong>, e il <strong>Base Panda<\/strong> consente inoltre esperienze culturali uniche che possono arricchire discussioni di lavoro o attivit\u00e0 di team building.<\/p><div class=\"my-2\">\u00a0<\/div><h3><strong>Tocchi tecnologici all&#039;avanguardia per il professionista moderno<\/strong><\/h3><p>Abbracciando il futuro dell&#039;ospitalit\u00e0, il Crescent Moon Hotel presenta <strong>robot di servizio<\/strong> che consegnano acqua in bottiglia e piccoli articoli direttamente in camera, riducendo al minimo i disagi e dimostrando al contempo l&#039;impegno dell&#039;hotel per l&#039;innovazione. Le caratteristiche delle camere intelligenti, tra cui <strong>mini-frigo in camera<\/strong>, <strong>frigoriferi<\/strong>, E <strong>controlli dell&#039;aria condizionata<\/strong>, garantisci un ambiente di lavoro confortevole, sia che tu stia finalizzando una proposta o ospitando una chiamata virtuale dalla tua stanza.<\/p><p data-spm-anchor-id=\"a2ty_o01.29997173.0.i42.49d6c921Qs43kP\">Per gli ospiti che apprezzano un tocco cinematografico, alcune camere offrono un <strong>esperienza cinematografica laser su schermo gigante<\/strong>, perfetto per rivedere presentazioni o godersi un briefing visivo ad alta risoluzione in privato.<\/p>\t\t\t\t\t\t\t\t<\/div>\n\t\t\t\t\t<\/div>\n\t\t\t\t<\/div>\n\t\t\t\t<section class=\"elementor-section elementor-top-section elementor-element elementor-element-ed1c90a elementor-section-stretched elementor-section-boxed elementor-section-gap-beside-yes elementor-section-height-default elementor-section-height-default elementor-section-column-vertical-align-stretch\" data-id=\"ed1c90a\" data-element_type=\"section\" data-e-type=\"section\" data-settings=\"{&quot;background_background&quot;:&quot;classic&quot;,&quot;stretch_section&quot;:&quot;section-stretched&quot;}\">\n\t\t\t\t\t\t<div class=\"elementor-container elementor-column-gap-extended\">\n\t\t\t\t\t<div class=\"elementor-column elementor-col-100 elementor-top-column elementor-element elementor-element-66eb09ed\" data-id=\"66eb09ed\" data-element_type=\"column\" data-e-type=\"column\">\n\t\t\t<div class=\"elementor-widget-wrap elementor-element-populated\">\n\t\t\t\t\t\t<div class=\"elementor-element elementor-element-689d9934 elementor-widget elementor-widget-heading\" data-id=\"689d9934\" data-element_type=\"widget\" data-e-type=\"widget\" data-widget_type=\"heading.default\">\n\t\t\t\t\t<h2 class=\"elementor-heading-title elementor-size-default\">Controlla disponibile <\/h2>\t\t\t\t<\/div>\n\t\t\t\t<div class=\"elementor-element elementor-element-6068b8ce elementor-widget elementor-widget-text-editor\" data-id=\"6068b8ce\" data-element_type=\"widget\" data-e-type=\"widget\" data-widget_type=\"text-editor.default\">\n\t\t\t\t\t\t\t\t\t<iframe border=\"0\" src=\"https:\/\/www.trip.com\/partners\/ad\/S5088477?Allianceid=4590391&#038;SID=253731934&#038;trip_sub1=\" style=\"width:900px;height:200px\" frameborder=\"0\" scrolling=\"no\" id=\"S5088477\"><\/iframe>\t\t\t\t\t\t\t\t<\/div>\n\t\t\t\t\t<\/div>\n\t\t<\/div>\n\t\t\t\t\t<\/div>\n\t\t<\/section>\n\t\t<div class=\"elementor-element elementor-element-b01fe70 e-flex e-con-boxed e-con e-parent\" data-id=\"b01fe70\" data-element_type=\"container\" data-e-type=\"container\">\n\t\t\t\t\t<div class=\"e-con-inner\">\n\t\t\t\t<div class=\"elementor-element elementor-element-8603dde elementor-widget elementor-widget-text-editor\" data-id=\"8603dde\" data-element_type=\"widget\" data-e-type=\"widget\" data-widget_type=\"text-editor.default\">\n\t\t\t\t\t\t\t\t\t<h3><strong>Un nuovo standard nell&#039;ospitalit\u00e0 aziendale<\/strong><\/h3><p data-spm-anchor-id=\"a2ty_o01.29997173.0.i43.49d6c921Qs43kP\">Al Crescent Moon Hotel, crediamo che viaggiare per lavoro non debba significare rinunciare a comfort, stile o benessere. Le nostre strutture business non sono solo funzionali, ma sono attentamente progettate per supportare il vostro successo, la vostra creativit\u00e0 e la vostra tranquillit\u00e0. Dal momento del vostro arrivo, sperimenterete un nuovo standard di... <strong>ospitalit\u00e0 intelligente, intuitiva e stimolante<\/strong>.<\/p><p>Che tu sia a Chengdu per una riunione di un solo giorno o per un incarico aziendale prolungato, <strong>Crescent Moon Hotel<\/strong> \u00e8 il tuo partner strategico per la produttivit\u00e0, dove ogni dettaglio \u00e8 studiato per aiutarti a dare il massimo.<\/p><p data-spm-anchor-id=\"a2ty_o01.29997173.0.i44.49d6c921Qs43kP\"><strong>Lavora in modo pi\u00f9 intelligente. Rimani pi\u00f9 luminoso. Brilla sotto la Luna Crescente.<\/strong><\/p>\t\t\t\t\t\t\t\t<\/div>\n\t\t\t\t\t<\/div>\n\t\t\t\t<\/div>\n\t\t\t\t<\/div>","protected":false},"excerpt":{"rendered":"<p>Our Hotel board room offers a private, elegant meeting space in the heart of New York for groups of 8 to 10 persons. For your comfort and convenience, coffee break packages are available. At Crescent Moon Hotel, located in the dynamic Jinniu District of Chengdu at No. 3, Majiahuayuan Road, business travel is reimagined as [&hellip;]<\/p>\n","protected":false},"author":1,"featured_media":0,"parent":0,"menu_order":0,"comment_status":"closed","ping_status":"closed","template":"","meta":{"footnotes":""},"class_list":["post-2109","page","type-page","status-publish","hentry","post-no-thumbnail"],"_links":{"self":[{"href":"https:\/\/crescentmoonhotel.com\/it\/wp-json\/wp\/v2\/pages\/2109","targetHints":{"allow":["GET"]}}],"collection":[{"href":"https:\/\/crescentmoonhotel.com\/it\/wp-json\/wp\/v2\/pages"}],"about":[{"href":"https:\/\/crescentmoonhotel.com\/it\/wp-json\/wp\/v2\/types\/page"}],"author":[{"embeddable":true,"href":"https:\/\/crescentmoonhotel.com\/it\/wp-json\/wp\/v2\/users\/1"}],"replies":[{"embeddable":true,"href":"https:\/\/crescentmoonhotel.com\/it\/wp-json\/wp\/v2\/comments?post=2109"}],"version-history":[{"count":0,"href":"https:\/\/crescentmoonhotel.com\/it\/wp-json\/wp\/v2\/pages\/2109\/revisions"}],"wp:attachment":[{"href":"https:\/\/crescentmoonhotel.com\/it\/wp-json\/wp\/v2\/media?parent=2109"}],"curies":[{"name":"parola chiave","href":"https:\/\/api.w.org\/{rel}","templated":true}]}}