{"id":5266,"date":"2021-07-18T08:03:35","date_gmt":"2021-07-18T08:03:35","guid":{"rendered":"https:\/\/nuss.uxper.co\/luxury-resort\/?page_id=5266"},"modified":"2025-08-29T09:17:56","modified_gmt":"2025-08-29T09:17:56","slug":"chi-siamo","status":"publish","type":"page","link":"https:\/\/crescentmoonhotel.com\/it\/chi-siamo\/","title":{"rendered":"Chi siamo"},"content":{"rendered":"<div data-elementor-type=\"wp-page\" data-elementor-id=\"5266\" class=\"elementor elementor-5266\">\n\t\t\t\t\t\t<section class=\"elementor-section elementor-top-section elementor-element elementor-element-10416953 elementor-section-boxed elementor-section-gap-beside-yes elementor-section-height-default elementor-section-height-default elementor-section-column-vertical-align-stretch\" data-id=\"10416953\" data-element_type=\"section\" data-e-type=\"section\">\n\t\t\t\t\t\t<div class=\"elementor-container elementor-column-gap-extended\">\n\t\t\t\t\t<div class=\"elementor-column elementor-col-100 elementor-top-column elementor-element elementor-element-29c6aa8\" data-id=\"29c6aa8\" data-element_type=\"column\" data-e-type=\"column\">\n\t\t\t<div class=\"elementor-widget-wrap elementor-element-populated\">\n\t\t\t\t\t\t<div class=\"elementor-element elementor-element-7be18fe7 elementor-widget__width-initial elementor-invisible elementor-widget elementor-widget-text-editor\" data-id=\"7be18fe7\" data-element_type=\"widget\" data-e-type=\"widget\" data-settings=\"{&quot;_animation&quot;:&quot;nussFadeInUp&quot;}\" data-widget_type=\"text-editor.default\">\n\t\t\t\t\t\t\t\t\t<p><strong data-spm-anchor-id=\"a2ty_o01.29997173.0.i25.49d6c921Qs43kP\">Scopri la serenit\u00e0 nel cuore di Chengdu<\/strong><\/p>\t\t\t\t\t\t\t\t<\/div>\n\t\t\t\t\t<\/div>\n\t\t<\/div>\n\t\t\t\t\t<\/div>\n\t\t<\/section>\n\t\t\t\t<section class=\"elementor-section elementor-top-section elementor-element elementor-element-7d18327f elementor-section-boxed elementor-section-gap-beside-yes elementor-section-height-default elementor-section-height-default elementor-section-column-vertical-align-stretch\" data-id=\"7d18327f\" data-element_type=\"section\" data-e-type=\"section\">\n\t\t\t\t\t\t<div class=\"elementor-container elementor-column-gap-extended\">\n\t\t\t\t\t<div class=\"elementor-column elementor-col-50 elementor-top-column elementor-element elementor-element-56533670\" data-id=\"56533670\" data-element_type=\"column\" data-e-type=\"column\">\n\t\t\t<div class=\"elementor-widget-wrap elementor-element-populated\">\n\t\t\t\t\t\t<div class=\"elementor-element elementor-element-19c3f543 elementor-invisible elementor-widget elementor-widget-text-editor\" data-id=\"19c3f543\" data-element_type=\"widget\" data-e-type=\"widget\" data-settings=\"{&quot;_animation&quot;:&quot;nussFadeInUp&quot;}\" data-widget_type=\"text-editor.default\">\n\t\t\t\t\t\t\t\t\t<p data-spm-anchor-id=\"a2ty_o01.29997173.0.i28.49d6c921Qs43kP\">Immerso nel vivace ma tranquillo distretto Jinniu di Chengdu, <strong>Crescent Moon Hotel<\/strong> offre una fuga raffinata dove il lusso moderno incontra l&#039;autentico fascino del Sichuan. Situato a <strong>No. 3, Majiahuayuan Road<\/strong>Questo boutique hotel a 4 stelle di recente apertura ridefinisce l&#039;ospitalit\u00e0 urbana con il suo design elegante, i comfort intelligenti e un servizio altamente personalizzato, il tutto a pochi minuti dai monumenti culturali pi\u00f9 amati della citt\u00e0.<\/p>\t\t\t\t\t\t\t\t<\/div>\n\t\t\t\t\t<\/div>\n\t\t<\/div>\n\t\t\t\t<div class=\"elementor-column elementor-col-50 elementor-top-column elementor-element elementor-element-30f14127\" data-id=\"30f14127\" data-element_type=\"column\" data-e-type=\"column\">\n\t\t\t<div class=\"elementor-widget-wrap elementor-element-populated\">\n\t\t\t\t\t\t<div class=\"elementor-element elementor-element-9c2f629 elementor-widget elementor-widget-image\" data-id=\"9c2f629\" data-element_type=\"widget\" data-e-type=\"widget\" data-widget_type=\"image.default\">\n\t\t\t\t\t\t\t\t\t\t\t\t\t\t\t<img fetchpriority=\"high\" decoding=\"async\" width=\"1024\" height=\"768\" src=\"https:\/\/crescentmoonhotel.com\/wp-content\/uploads\/2025\/08\/CRESCENT-MOON-HOTEL-108-1024x768.webp\" class=\"attachment-large size-large wp-image-5655\" alt=\"\" srcset=\"https:\/\/crescentmoonhotel.com\/wp-content\/uploads\/2025\/08\/CRESCENT-MOON-HOTEL-108-1024x768.webp 1024w, https:\/\/crescentmoonhotel.com\/wp-content\/uploads\/2025\/08\/CRESCENT-MOON-HOTEL-108-300x225.webp 300w, https:\/\/crescentmoonhotel.com\/wp-content\/uploads\/2025\/08\/CRESCENT-MOON-HOTEL-108-768x576.webp 768w, https:\/\/crescentmoonhotel.com\/wp-content\/uploads\/2025\/08\/CRESCENT-MOON-HOTEL-108.webp 1137w\" sizes=\"(max-width: 1024px) 100vw, 1024px\" \/>\t\t\t\t\t\t\t\t\t\t\t\t\t\t\t<\/div>\n\t\t\t\t\t<\/div>\n\t\t<\/div>\n\t\t\t\t\t<\/div>\n\t\t<\/section>\n\t\t\t\t<section class=\"elementor-section elementor-top-section elementor-element elementor-element-29fb8578 elementor-section-height-min-height elementor-section-stretched elementor-section-full_width elementor-section-items-stretch elementor-section-height-default elementor-section-column-vertical-align-stretch\" data-id=\"29fb8578\" data-element_type=\"section\" data-e-type=\"section\" data-settings=\"{&quot;stretch_section&quot;:&quot;section-stretched&quot;}\">\n\t\t\t\t\t\t<div class=\"elementor-container elementor-column-gap-no\">\n\t\t\t\t\t<div class=\"elementor-column elementor-col-50 elementor-top-column elementor-element elementor-element-40ac270b\" data-id=\"40ac270b\" data-element_type=\"column\" data-e-type=\"column\">\n\t\t\t<div class=\"elementor-widget-wrap elementor-element-populated\">\n\t\t\t\t\t\t<div class=\"elementor-element elementor-element-20872773 elementor-widget__width-initial elementor-widget-mobile__width-inherit elementor-invisible nuss-elementor-loading nuss-slide-in-right elementor-widget elementor-widget-image\" data-id=\"20872773\" data-element_type=\"widget\" data-e-type=\"widget\" data-settings=\"{&quot;_animation&quot;:&quot;nussSlideInRight&quot;}\" data-widget_type=\"image.default\">\n\t\t\t\t\t\t\t\t\t\t\t\t\t\t\t<img decoding=\"async\" width=\"1280\" height=\"853\" src=\"https:\/\/crescentmoonhotel.com\/wp-content\/uploads\/2025\/08\/CRESCENT-MOON-HOTEL-184.webp\" class=\"attachment-full size-full wp-image-5730\" alt=\"\" srcset=\"https:\/\/crescentmoonhotel.com\/wp-content\/uploads\/2025\/08\/CRESCENT-MOON-HOTEL-184.webp 1280w, https:\/\/crescentmoonhotel.com\/wp-content\/uploads\/2025\/08\/CRESCENT-MOON-HOTEL-184-300x200.webp 300w, https:\/\/crescentmoonhotel.com\/wp-content\/uploads\/2025\/08\/CRESCENT-MOON-HOTEL-184-1024x682.webp 1024w, https:\/\/crescentmoonhotel.com\/wp-content\/uploads\/2025\/08\/CRESCENT-MOON-HOTEL-184-768x512.webp 768w\" sizes=\"(max-width: 1280px) 100vw, 1280px\" \/>\t\t\t\t\t\t\t\t\t\t\t\t\t\t\t<\/div>\n\t\t\t\t\t<\/div>\n\t\t<\/div>\n\t\t\t\t<div class=\"elementor-column elementor-col-50 elementor-top-column elementor-element elementor-element-2dac103\" data-id=\"2dac103\" data-element_type=\"column\" data-e-type=\"column\">\n\t\t\t<div class=\"elementor-widget-wrap elementor-element-populated\">\n\t\t\t\t\t\t<div class=\"elementor-element elementor-element-6f1b8966 elementor-invisible elementor-widget elementor-widget-text-editor\" data-id=\"6f1b8966\" data-element_type=\"widget\" data-e-type=\"widget\" data-settings=\"{&quot;_animation&quot;:&quot;nussFadeInUp&quot;}\" data-widget_type=\"text-editor.default\">\n\t\t\t\t\t\t\t\t\t<p>Inaugurato nel 2025 e gestito da Chengdu Crescent Selected Hotel Management Co., Ltd., il Crescent Moon Hotel \u00e8 pi\u00f9 di un semplice luogo in cui soggiornare: \u00e8 un&#039;esperienza accuratamente studiata per i viaggiatori pi\u00f9 esigenti in cerca di comfort, praticit\u00e0 e tranquillit\u00e0. Che siate in viaggio per lavoro, per piacere o per una fuga romantica, il nostro intimo rifugio di 77 camere unisce tecnologie all&#039;avanguardia a dettagli raffinati per garantire che ogni momento del vostro soggiorno sia semplice e memorabile.<\/p><div class=\"my-2\">\u00a0<\/div><p>Fin dal vostro arrivo, sarete accolti da un&#039;architettura elegante e contemporanea e da un&#039;atmosfera accogliente che crea l&#039;atmosfera giusta per il relax. L&#039;hotel offre una gamma di camere e suite dal design elegante, ognuna accuratamente arredata con comfort di prima qualit\u00e0, come <strong>Materassi King Koil Rubyluxe<\/strong>, <strong>cuscini a pressione zero<\/strong>, in camera <strong>mini-frigoriferi<\/strong>, e anche <strong>sale cinematografiche laser con schermo gigante<\/strong> per serate cinema private sotto le stelle, letteralmente, grazie alla vista sul giardino sul tetto.<\/p>\t\t\t\t\t\t\t\t<\/div>\n\t\t\t\t\t<\/div>\n\t\t<\/div>\n\t\t\t\t\t<\/div>\n\t\t<\/section>\n\t\t\t\t<section class=\"elementor-section elementor-top-section elementor-element elementor-element-ebc55ee elementor-section-height-min-height elementor-section-stretched elementor-section-full_width elementor-section-items-stretch elementor-section-height-default elementor-section-column-vertical-align-stretch\" data-id=\"ebc55ee\" data-element_type=\"section\" data-e-type=\"section\" data-settings=\"{&quot;stretch_section&quot;:&quot;section-stretched&quot;}\">\n\t\t\t\t\t\t<div class=\"elementor-container elementor-column-gap-no\">\n\t\t\t\t\t<div class=\"elementor-column elementor-col-50 elementor-top-column elementor-element elementor-element-15b9c66\" data-id=\"15b9c66\" data-element_type=\"column\" data-e-type=\"column\">\n\t\t\t<div class=\"elementor-widget-wrap elementor-element-populated\">\n\t\t\t\t\t\t<div class=\"elementor-element elementor-element-28be336 elementor-invisible elementor-widget elementor-widget-text-editor\" data-id=\"28be336\" data-element_type=\"widget\" data-e-type=\"widget\" data-settings=\"{&quot;_animation&quot;:&quot;nussFadeInUp&quot;}\" data-widget_type=\"text-editor.default\">\n\t\t\t\t\t\t\t\t\t<p data-spm-anchor-id=\"a2ty_o01.29997173.0.i29.49d6c921Qs43kP\">Una delle caratteristiche distintive dell&#039;hotel \u00e8 la sua dedizione al benessere e al ringiovanimento. Gli ospiti possono rilassarsi nella <strong>piscina all&#039;aperto gratuita con zuppa<\/strong>, immergiti nel lenitivo <strong>sorgenti termali<\/strong>, o rilassati nella serenit\u00e0 <strong>zona prendisole<\/strong> sul tetto. Rimani attivo nella palestra completamente attrezzata, <strong data-spm-anchor-id=\"a2ty_o01.29997173.0.i30.49d6c921Qs43kP\">palestra gratuita<\/strong>, o lasciare che la giornata si sciolga con un momento di tranquillit\u00e0 nella pace <strong>biblioteca<\/strong> O <strong>sala da t\u00e8<\/strong>Per le famiglie e gli amanti del divertimento, c&#039;\u00e8 anche un <strong>piscina per bambini<\/strong>, servizi adatti ai bambini e suite a tema come la giocosa <strong>Runaround Panda Quadruple Suite<\/strong>, completo di tenda per bambini e posti letto aggiuntivi.<\/p><p data-spm-anchor-id=\"a2ty_o01.29997173.0.i31.49d6c921Qs43kP\">Il Crescent Moon Hotel si distingue anche per la sua perfetta combinazione di automazione e ospitalit\u00e0 umana. Scoprite la comodit\u00e0 futuristica con <strong>robot di servizio<\/strong> consegna di acqua in bottiglia nella tua stanza, <strong>check-in con documento d&#039;identit\u00e0 elettronico<\/strong>, E <strong>servizi di lavanderia intelligenti<\/strong>, il tutto completato da uno staff cordiale e attento che offre <strong>Assistenza concierge 24 ore su 24<\/strong>, <strong>servizi di maggiordomo<\/strong>e consigli di viaggio locali per aiutarti a esplorare le attrazioni vicine come <strong>Vicolo Kuanzhai<\/strong>, <strong>Monastero di Wenshuyuan<\/strong>, <strong>Via Jinli<\/strong>, <strong>Chunxi Road<\/strong>, <strong>Taikoo Li<\/strong>e il famoso in tutto il mondo <strong>Base di ricerca di Chengdu per l&#039;allevamento del panda gigante<\/strong>.<\/p>\t\t\t\t\t\t\t\t<\/div>\n\t\t\t\t\t<\/div>\n\t\t<\/div>\n\t\t\t\t<div class=\"elementor-column elementor-col-50 elementor-top-column elementor-element elementor-element-7e067af\" data-id=\"7e067af\" data-element_type=\"column\" data-e-type=\"column\">\n\t\t\t<div class=\"elementor-widget-wrap elementor-element-populated\">\n\t\t\t\t\t\t<div class=\"elementor-element elementor-element-1514f3c elementor-widget__width-initial elementor-widget-mobile__width-inherit elementor-invisible nuss-elementor-loading nuss-slide-in-right elementor-widget elementor-widget-image\" data-id=\"1514f3c\" data-element_type=\"widget\" data-e-type=\"widget\" data-settings=\"{&quot;_animation&quot;:&quot;nussSlideInRight&quot;}\" data-widget_type=\"image.default\">\n\t\t\t\t\t\t\t\t\t\t\t\t\t\t\t<img decoding=\"async\" width=\"743\" height=\"786\" src=\"https:\/\/crescentmoonhotel.com\/wp-content\/uploads\/2025\/08\/CRESCENT-MOON-HOTEL-103.webp\" class=\"attachment-full size-full wp-image-5650\" alt=\"\" srcset=\"https:\/\/crescentmoonhotel.com\/wp-content\/uploads\/2025\/08\/CRESCENT-MOON-HOTEL-103.webp 743w, https:\/\/crescentmoonhotel.com\/wp-content\/uploads\/2025\/08\/CRESCENT-MOON-HOTEL-103-284x300.webp 284w\" sizes=\"(max-width: 743px) 100vw, 743px\" \/>\t\t\t\t\t\t\t\t\t\t\t\t\t\t\t<\/div>\n\t\t\t\t\t<\/div>\n\t\t<\/div>\n\t\t\t\t\t<\/div>\n\t\t<\/section>\n\t\t\t\t<section class=\"elementor-section elementor-top-section elementor-element elementor-element-fefa2f6 elementor-section-height-min-height elementor-section-stretched elementor-section-full_width elementor-section-items-stretch elementor-section-height-default elementor-section-column-vertical-align-stretch\" data-id=\"fefa2f6\" data-element_type=\"section\" data-e-type=\"section\" data-settings=\"{&quot;stretch_section&quot;:&quot;section-stretched&quot;}\">\n\t\t\t\t\t\t<div class=\"elementor-container elementor-column-gap-no\">\n\t\t\t\t\t<div class=\"elementor-column elementor-col-50 elementor-top-column elementor-element elementor-element-e39cfdb\" data-id=\"e39cfdb\" data-element_type=\"column\" data-e-type=\"column\">\n\t\t\t<div class=\"elementor-widget-wrap elementor-element-populated\">\n\t\t\t\t\t\t<div class=\"elementor-element elementor-element-5fe9844 elementor-widget__width-initial elementor-widget-mobile__width-inherit elementor-invisible nuss-elementor-loading nuss-slide-in-right elementor-widget elementor-widget-image\" data-id=\"5fe9844\" data-element_type=\"widget\" data-e-type=\"widget\" data-settings=\"{&quot;_animation&quot;:&quot;nussSlideInRight&quot;}\" data-widget_type=\"image.default\">\n\t\t\t\t\t\t\t\t\t\t\t\t\t\t\t<img loading=\"lazy\" decoding=\"async\" width=\"1137\" height=\"853\" src=\"https:\/\/crescentmoonhotel.com\/wp-content\/uploads\/2025\/08\/CRESCENT-MOON-HOTEL-35.webp\" class=\"attachment-full size-full wp-image-5582\" alt=\"\" srcset=\"https:\/\/crescentmoonhotel.com\/wp-content\/uploads\/2025\/08\/CRESCENT-MOON-HOTEL-35.webp 1137w, https:\/\/crescentmoonhotel.com\/wp-content\/uploads\/2025\/08\/CRESCENT-MOON-HOTEL-35-300x225.webp 300w, https:\/\/crescentmoonhotel.com\/wp-content\/uploads\/2025\/08\/CRESCENT-MOON-HOTEL-35-1024x768.webp 1024w, https:\/\/crescentmoonhotel.com\/wp-content\/uploads\/2025\/08\/CRESCENT-MOON-HOTEL-35-768x576.webp 768w\" sizes=\"(max-width: 1137px) 100vw, 1137px\" \/>\t\t\t\t\t\t\t\t\t\t\t\t\t\t\t<\/div>\n\t\t\t\t\t<\/div>\n\t\t<\/div>\n\t\t\t\t<div class=\"elementor-column elementor-col-50 elementor-top-column elementor-element elementor-element-4e8aa99\" data-id=\"4e8aa99\" data-element_type=\"column\" data-e-type=\"column\">\n\t\t\t<div class=\"elementor-widget-wrap elementor-element-populated\">\n\t\t\t\t\t\t<div class=\"elementor-element elementor-element-002236f elementor-invisible elementor-widget elementor-widget-text-editor\" data-id=\"002236f\" data-element_type=\"widget\" data-e-type=\"widget\" data-settings=\"{&quot;_animation&quot;:&quot;nussFadeInUp&quot;}\" data-widget_type=\"text-editor.default\">\n\t\t\t\t\t\t\t\t\t<p data-spm-anchor-id=\"a2ty_o01.29997173.0.i33.49d6c921Qs43kP\">Mangiare \u00e8 una delizia in loco <strong>ristorante per la colazione<\/strong>, dove un ricco buffet presenta sia <strong>Specialit\u00e0 cinesi e occidentali<\/strong>\u2014dai fumanti dim sum e congee ai pasticcini freschi e alle uova preparate al momento. Aperta tutti i giorni dalle 7:00 alle 12:00, la sala colazioni offre uno spazio luminoso e moderno per iniziare la giornata con energia. Gli ospiti hanno anche accesso a un <strong>caff\u00e8<\/strong>, <strong>bar della hall<\/strong>, E <strong>servizio da t\u00e8 pomeridiano<\/strong>, perfetto per riflessioni tranquille o incontri informali.<\/p><div class=\"my-2\">\u00a0<\/div><p data-spm-anchor-id=\"a2ty_o01.29997173.0.i32.49d6c921Qs43kP\">Situato in posizione comoda, a soli <strong>890 metri dalla stazione della metropolitana Huapaifang<\/strong> e facilmente raggiungibile da <strong>Aeroporto internazionale di Chengdu Shuangliu (19,6 km)<\/strong> E <strong>Stazione ferroviaria di Chengdu Sud (8,8 km)<\/strong>, l&#039;hotel offre un&#039;eccellente connettivit\u00e0 senza rinunciare alla tranquillit\u00e0. Gratuito <strong>parcheggio pubblico<\/strong> \u00e8 disponibile in loco, il che lo rende ideale sia per chi viaggia su strada che per chi viaggia per lavoro.<\/p>\t\t\t\t\t\t\t\t<\/div>\n\t\t\t\t\t<\/div>\n\t\t<\/div>\n\t\t\t\t\t<\/div>\n\t\t<\/section>\n\t\t\t\t<section class=\"elementor-section elementor-top-section elementor-element elementor-element-2092b7d0 elementor-section-stretched elementor-section-boxed elementor-section-gap-beside-yes elementor-section-height-default elementor-section-height-default elementor-section-column-vertical-align-stretch\" data-id=\"2092b7d0\" data-element_type=\"section\" data-e-type=\"section\" data-settings=\"{&quot;background_background&quot;:&quot;classic&quot;,&quot;stretch_section&quot;:&quot;section-stretched&quot;}\">\n\t\t\t\t\t\t<div class=\"elementor-container elementor-column-gap-extended\">\n\t\t\t\t\t<div class=\"elementor-column elementor-col-100 elementor-top-column elementor-element elementor-element-be69d75\" data-id=\"be69d75\" data-element_type=\"column\" data-e-type=\"column\">\n\t\t\t<div class=\"elementor-widget-wrap elementor-element-populated\">\n\t\t\t\t\t\t<div class=\"elementor-element elementor-element-68bc219 elementor-widget elementor-widget-heading\" data-id=\"68bc219\" data-element_type=\"widget\" data-e-type=\"widget\" data-widget_type=\"heading.default\">\n\t\t\t\t\t<h2 class=\"elementor-heading-title elementor-size-default\">Controlla disponibile <\/h2>\t\t\t\t<\/div>\n\t\t\t\t<div class=\"elementor-element elementor-element-7743765 elementor-widget elementor-widget-text-editor\" data-id=\"7743765\" data-element_type=\"widget\" data-e-type=\"widget\" data-widget_type=\"text-editor.default\">\n\t\t\t\t\t\t\t\t\t<iframe border=\"0\" src=\"https:\/\/www.trip.com\/partners\/ad\/S5088477?Allianceid=4590391&#038;SID=253731934&#038;trip_sub1=\" style=\"width:900px;height:200px\" frameborder=\"0\" scrolling=\"no\" id=\"S5088477\"><\/iframe>\t\t\t\t\t\t\t\t<\/div>\n\t\t\t\t\t<\/div>\n\t\t<\/div>\n\t\t\t\t\t<\/div>\n\t\t<\/section>\n\t\t<div class=\"elementor-element elementor-element-b13ea8c e-flex e-con-boxed e-con e-parent\" data-id=\"b13ea8c\" data-element_type=\"container\" data-e-type=\"container\">\n\t\t\t\t\t<div class=\"e-con-inner\">\n\t\t\t\t<div class=\"elementor-element elementor-element-17e6ad9 elementor-widget elementor-widget-text-editor\" data-id=\"17e6ad9\" data-element_type=\"widget\" data-e-type=\"widget\" data-widget_type=\"text-editor.default\">\n\t\t\t\t\t\t\t\t\t<p data-spm-anchor-id=\"a2ty_o01.29997173.0.i34.49d6c921Qs43kP\">Al Crescent Moon Hotel, la pulizia, il comfort e la cura vengono prima di tutto, come dimostrano le recensioni entusiastiche degli ospiti che ne elogiano l&#039; <strong>pulizia scintillante<\/strong>, <strong>servizio eccezionale (valutazione 9,7\/10)<\/strong>, E <strong>esperienza con un buon rapporto qualit\u00e0-prezzo<\/strong>Che siate qui per esplorare gli antichi templi di Chengdu, assaporare la sua leggendaria cucina piccante o semplicemente rilassarvi in uno spazio progettato per la tranquillit\u00e0, il Crescent Moon Hotel vi accoglie a braccia aperte e con una promessa silenziosa: <em>il tuo soggiorno perfetto inizia qui.<\/em><\/p><p><strong>Prenota oggi stesso la tua fuga e lascia che il dolce bagliore della Luna crescente guidi il tuo viaggio nel cuore del Sichuan.<\/strong><\/p>\t\t\t\t\t\t\t\t<\/div>\n\t\t\t\t\t<\/div>\n\t\t\t\t<\/div>\n\t\t\t\t<\/div>","protected":false},"excerpt":{"rendered":"<p>Discover Serenity in the Heart of Chengdu Nestled in the vibrant yet tranquil Jinniu District of Chengdu, Crescent Moon Hotel offers a refined escape where modern luxury meets authentic Sichuan charm. Located at No. 3, Majiahuayuan Road, this newly opened 4-star boutique hotel redefines urban hospitality with its elegant design, intelligent amenities, and deeply personalized [&hellip;]<\/p>\n","protected":false},"author":1,"featured_media":0,"parent":0,"menu_order":0,"comment_status":"closed","ping_status":"closed","template":"","meta":{"footnotes":""},"class_list":["post-5266","page","type-page","status-publish","hentry","post-no-thumbnail"],"_links":{"self":[{"href":"https:\/\/crescentmoonhotel.com\/it\/wp-json\/wp\/v2\/pages\/5266","targetHints":{"allow":["GET"]}}],"collection":[{"href":"https:\/\/crescentmoonhotel.com\/it\/wp-json\/wp\/v2\/pages"}],"about":[{"href":"https:\/\/crescentmoonhotel.com\/it\/wp-json\/wp\/v2\/types\/page"}],"author":[{"embeddable":true,"href":"https:\/\/crescentmoonhotel.com\/it\/wp-json\/wp\/v2\/users\/1"}],"replies":[{"embeddable":true,"href":"https:\/\/crescentmoonhotel.com\/it\/wp-json\/wp\/v2\/comments?post=5266"}],"version-history":[{"count":0,"href":"https:\/\/crescentmoonhotel.com\/it\/wp-json\/wp\/v2\/pages\/5266\/revisions"}],"wp:attachment":[{"href":"https:\/\/crescentmoonhotel.com\/it\/wp-json\/wp\/v2\/media?parent=5266"}],"curies":[{"name":"parola chiave","href":"https:\/\/api.w.org\/{rel}","templated":true}]}}