{"id":647,"date":"2021-03-29T02:13:52","date_gmt":"2021-03-29T02:13:52","guid":{"rendered":"http:\/\/localhost\/nuss\/?page_id=647"},"modified":"2025-08-29T14:35:46","modified_gmt":"2025-08-29T14:35:46","slug":"servizi","status":"publish","type":"page","link":"https:\/\/crescentmoonhotel.com\/it\/servizi\/","title":{"rendered":"Servizi"},"content":{"rendered":"<div data-elementor-type=\"wp-page\" data-elementor-id=\"647\" class=\"elementor elementor-647\">\n\t\t\t\t\t\t<section class=\"elementor-section elementor-top-section elementor-element elementor-element-3353bc8 elementor-section-boxed elementor-section-gap-beside-yes elementor-section-height-default elementor-section-height-default elementor-section-column-vertical-align-stretch\" data-id=\"3353bc8\" data-element_type=\"section\" data-e-type=\"section\">\n\t\t\t\t\t\t<div class=\"elementor-container elementor-column-gap-extended\">\n\t\t\t\t\t<div class=\"elementor-column elementor-col-100 elementor-top-column elementor-element elementor-element-0a2bc64\" data-id=\"0a2bc64\" data-element_type=\"column\" data-e-type=\"column\">\n\t\t\t<div class=\"elementor-widget-wrap elementor-element-populated\">\n\t\t\t\t\t\t<div class=\"elementor-element elementor-element-447e3ef elementor-widget__width-initial elementor-invisible elementor-widget elementor-widget-text-editor\" data-id=\"447e3ef\" data-element_type=\"widget\" data-e-type=\"widget\" data-settings=\"{&quot;_animation&quot;:&quot;nussFadeInUp&quot;}\" data-widget_type=\"text-editor.default\">\n\t\t\t\t\t\t\t\t\t<p><strong data-spm-anchor-id=\"a2ty_o01.29997173.0.i77.49d6c921Qs43kP\">I servizi premurosi del Crescent Moon Hotel, Chengdu<\/strong><\/p>\t\t\t\t\t\t\t\t<\/div>\n\t\t\t\t\t<\/div>\n\t\t<\/div>\n\t\t\t\t\t<\/div>\n\t\t<\/section>\n\t\t<div class=\"elementor-element elementor-element-d229abf e-flex e-con-boxed e-con e-parent\" data-id=\"d229abf\" data-element_type=\"container\" data-e-type=\"container\">\n\t\t\t\t\t<div class=\"e-con-inner\">\n\t\t\t\t<div class=\"elementor-element elementor-element-06bc860 elementor-widget elementor-widget-text-editor\" data-id=\"06bc860\" data-element_type=\"widget\" data-e-type=\"widget\" data-widget_type=\"text-editor.default\">\n\t\t\t\t\t\t\t\t\t<p>A <strong>Crescent Moon Hotel<\/strong>, immerso nel vibrante <strong>Distretto di Jinniu<\/strong> A <strong>N. 3, Majiahuayuan Road, Chengdu<\/strong>, il servizio non \u00e8 una lista di controllo, \u00e8 una filosofia. Aperto nel <strong>2025<\/strong>, questo moderno hotel boutique a 4 stelle ha rapidamente ridefinito l&#039;ospitalit\u00e0 nel Sichuan, fondendo perfettamente <strong>tecnologia all&#039;avanguardia<\/strong>, <strong>Il calore del Sichuan<\/strong>, E <strong>attenta cura della persona<\/strong> in un&#039;esperienza per gli ospiti che sia allo stesso tempo innovativa e profondamente umana.<\/p><p data-spm-anchor-id=\"a2ty_o01.29997173.0.i79.49d6c921Qs43kP\">Dal momento in cui arrivi, non sei solo il benvenuto, sei atteso. Che tu faccia il check-in tramite <strong>lettore di identit\u00e0 elettronico<\/strong> per un arrivo rapido e senza contatto, o per essere accolti da un membro dello staff sorridente pronto ad assistervi con i bagagli e a darvi consigli sulla zona, ogni interazione \u00e8 pensata per rendere il vostro soggiorno semplice, intuitivo e memorabile.<\/p><h3><strong>Servizi intelligenti per il viaggiatore moderno<\/strong><\/h3><p>Il Crescent Moon Hotel abbraccia il futuro con <strong>servizi intelligenti e tecnologicamente avanzati<\/strong> che aumentano la praticit\u00e0 senza sacrificare il comfort. Una delle caratteristiche pi\u00f9 discusse \u00e8 la <strong>flotta di robot di servizio<\/strong> che scorre lungo i corridoi, consegnando acqua in bottiglia direttamente in camera. Non \u00e8 solo una novit\u00e0, ma un simbolo dell&#039;impegno dell&#039;hotel verso l&#039;efficienza, la pulizia e l&#039;ospitalit\u00e0 futuristica.<\/p><p>IL <strong>sistema di lavanderia intelligente<\/strong> offerte <strong>servizi di lavanderia gratuiti in loco<\/strong>, completo di detersivo, asciugatrice e vaporiera, perfetto per soggiorni prolungati o per viaggiatori d&#039;affari che necessitano di abiti freschi. Per maggiore sicurezza e comodit\u00e0, <strong>armadietti<\/strong> sono disponibili presso la reception e gli ospiti possono depositare oggetti di valore <strong>cassaforte alla reception<\/strong>.<\/p><p>Il check-in e il check-out sono progettati per essere rapidi e semplici, con <strong>opzioni espresse<\/strong> E <strong>Assistenza alla reception 24 ore su 24<\/strong>. IL <strong>sistema di ventilazione<\/strong> E <strong>Aree pubbliche monitorate da telecamere a circuito chiuso<\/strong> garantire un ambiente sicuro, pulito e confortevole per tutta la durata del soggiorno.<\/p><h3><strong>Benessere e relax: dove corpo e mente si rilassano<\/strong><\/h3><p>Al centro della filosofia del servizio del Crescent Moon Hotel c&#039;\u00e8 <strong>benessere<\/strong>Crediamo che il vero lusso risieda nel ringiovanimento, ed \u00e8 per questo che offriamo una serie di <strong>servizi benessere gratuiti<\/strong> che vanno ben oltre l&#039;ordinario.<\/p><p>Gli ospiti hanno accesso gratuito a un <strong>piscina all&#039;aperto gratuita con zuppa<\/strong> E <strong>sorgenti termali<\/strong>, una caratteristica rara e apprezzata nella citt\u00e0 di Chengdu. Questi bagni ricchi di minerali, ispirati alle tradizionali pratiche di benessere cinesi, sono perfetti per lenire i muscoli stanchi dopo una giornata trascorsa a esplorare i templi e le sale da t\u00e8 della citt\u00e0. L&#039;adiacente <strong>zona prendisole<\/strong> E <strong>giardino<\/strong> offrono uno spazio sereno in cui rilassarsi all&#039;aria aperta.<\/p><p>IL <strong>palestra completamente attrezzata<\/strong> \u00e8 aperto <strong>24 ore su 24, 7 giorni su 7 e gratuito per tutti gli ospiti<\/strong>, dotato di moderne attrezzature cardio e per l&#039;allenamento della forza. Che siate mattinieri o nottambuli, la vostra routine di fitness non subir\u00e0 interruzioni.<\/p><p>Per una tranquilla contemplazione, il <strong>biblioteca<\/strong> E <strong>sala da t\u00e8<\/strong> offrono rifugi tranquilli con libri, musica rilassante e t\u00e8 pregiati del Sichuan, ideali per viaggiatori singoli, lavoratori da remoto o coppie in cerca di un momento di calma.<\/p><h3><strong>Assistenza personalizzata: il tocco umano<\/strong><\/h3><p>Mentre la tecnologia migliora la nostra efficienza, \u00e8 la <strong>elemento umano<\/strong> che definisce il nostro servizio. Il nostro <strong>Concierge e reception 24 ore su 24<\/strong> sono costantemente elogiati nelle recensioni degli ospiti per il loro <strong>professionalit\u00e0, gentilezza e capacit\u00e0 di problem-solving<\/strong>.<\/p><p>Gli ospiti hanno evidenziato in modo particolare <strong>Receptionist Huang<\/strong> per essere andato &quot;oltre&quot;, aiutando con tutto, da <strong>ordinare cibo da asporto locale<\/strong> A <strong>appuntare posizioni sulle mappe<\/strong> e rispondendo prontamente alle domande. Anche le donne al check-in vengono spesso elogiate per la loro <strong>calore e attenzione ai dettagli<\/strong>.<\/p><p>Offriamo <strong>servizi in stile maggiordomo<\/strong>\u2014non come un accessorio di lusso, ma come uno standard di cura. Da <strong>chiamate di sveglia<\/strong> A <strong>deposito bagagli (gratuito)<\/strong>, <strong>prenotazione tour e biglietti<\/strong>, E <strong>accordi per taxi o noleggio auto<\/strong>il nostro team garantisce che le vostre esigenze siano soddisfatte con garbo e precisione.<\/p><h3><strong>Servizi per famiglie e incentrati sui bambini<\/strong><\/h3><p>Il Crescent Moon Hotel \u00e8 uno dei preferiti dalle famiglie, grazie al suo attento servizio <strong>servizi a misura di bambino<\/strong>. IL <strong>Suite quadrupla a tema Panda in giro<\/strong> include un <strong>tenda per bambini<\/strong>, <strong>minifrigo<\/strong>e decorazioni divertenti che delizieranno i pi\u00f9 piccoli.<\/p><p>Noi forniamo <strong>pantofole per bambini, accappatoi, spazzolini da denti<\/strong>, e anche <strong>libri e video<\/strong> per tenere i pi\u00f9 piccoli intrattenuti. Il <strong>piscina per bambini<\/strong> offre giochi in acque sicure e poco profonde, e bambini sotto <strong>1,2 metri<\/strong> Godere <strong>colazione gratuita<\/strong>\u2014un piccolo tocco che fa una grande differenza per le famiglie.<\/p><h3><strong>Servizi aziendali e per meeting per viaggiatori professionisti<\/strong><\/h3><p>Che tu sia a Chengdu per una conferenza, un incontro con un cliente o per lavoro da remoto, il nostro <strong>servizi alle imprese<\/strong> assicurati di rimanere produttivo e connesso.<\/p><p>L&#039;hotel dispone di un <strong>sala multifunzionale<\/strong>, <strong>sala conferenze (disponibile a pagamento)<\/strong>, E <strong>spazi di coworking<\/strong> dotato di <strong>sistemi di visualizzazione multimediali<\/strong>, <strong>sistemi audio<\/strong>, E <strong>Wi-Fi ad alta velocit\u00e0<\/strong>Offriamo anche <strong>servizi di segreteria<\/strong>, <strong>fax e fotocopie (gratuiti)<\/strong>, <strong>servizio postale<\/strong>, E <strong>accesso al centro commerciale<\/strong>.<\/p><p>Per chi organizza eventi o presentazioni, il nostro <strong>Impianto audio e PA<\/strong> E <strong>supporto professionale per l&#039;installazione<\/strong> garantire un&#039;esperienza senza interruzioni.<\/p><h3><strong>Servizi di ristorazione e culinari: un assaggio di Chengdu<\/strong><\/h3><p>Sebbene non offriamo il servizio in camera completo, il nostro <strong>ristorante per la colazione<\/strong> \u00e8 un punto culminante dell&#039;esperienza degli ospiti. Servire un <strong>buffet di piatti cinesi e occidentali<\/strong> da <strong>dalle 7:00 alle 12:00<\/strong>Offre dim sum freschi, congee, uova su ordinazione, pasticcini e frutta di stagione. Adulti e bambini (1,2-1,5 mesi) possono aggiungere la colazione con un piccolo supplemento.<\/p><p>IL <strong>caffetteria e bar della hall<\/strong> offrono un&#039;atmosfera accogliente per un caff\u00e8, un t\u00e8 o un drink serale. Gli ospiti possono anche godere <strong>t\u00e8 pomeridiano<\/strong> nella sala da t\u00e8, un rituale tranquillo che riflette l&#039;eleganza della cultura del t\u00e8 del Sichuan.<\/p><p>Anche se <strong>non sono previsti trasferimenti aeroportuali<\/strong>, il nostro personale pu\u00f2 facilmente organizzare <strong>prenotazioni taxi<\/strong> O <strong>noleggio auto<\/strong>, E <strong>Didi<\/strong> (l&#039;app cinese per il ride-hailing) \u00e8 conveniente e comoda da raggiungere <strong>Stazione della metropolitana Huapaifang (890 m)<\/strong>.<\/p><h3><strong>Sostenibilit\u00e0, sicurezza e accessibilit\u00e0<\/strong><\/h3><p>Diamo priorit\u00e0 <strong>sicurezza e accessibilit\u00e0<\/strong> con <strong>Videosorveglianza nelle aree pubbliche<\/strong>, <strong>allarmi antincendio<\/strong>, <strong>rilevatori di fumo<\/strong>, <strong>personale di sicurezza<\/strong>, E <strong>dispositivi di allarme visivo<\/strong> per gli ospiti con problemi di udito. Il <strong>l&#039;ingresso principale \u00e8 senza scale<\/strong>, E <strong>corrimano<\/strong> e un <strong>rampa per piscina<\/strong> garantire l&#039;accessibilit\u00e0 a tutti.<\/p><p>Nostro <strong>giardino<\/strong>, <strong>Area barbecue (a pagamento)<\/strong>, E <strong>mobili da esterno<\/strong> creare spazi comuni invitanti, mentre il <strong>negozio di souvenir<\/strong> E <strong>accesso all&#039;ascensore<\/strong> contribuiscono al comfort generale.<\/p><div class=\"py-2 my-3\"><hr \/><\/div><h3><strong>Un nuovo standard nell&#039;ospitalit\u00e0 di Chengdu<\/strong><\/h3><p>A <strong>Crescent Moon Hotel<\/strong>, il servizio non riguarda il fare di pi\u00f9, ma <strong>fare meglio<\/strong>\u00c8 nel silenzioso ronzio di un robot che distribuisce l&#039;acqua a mezzanotte, nel calore di un membro dello staff che ricorda il tuo nome e nella quiete di una vasca da bagno sul tetto sotto un cielo stellato.<\/p><p>Con un <strong>Valutazione del servizio 9,7\/10<\/strong> da oltre <strong>1.559 ospiti verificati<\/strong>, abbiamo stabilito un nuovo standard per ci\u00f2 che un hotel a Chengdu pu\u00f2 essere: <strong>intelligente, sereno e pieno di sentimento<\/strong>.<\/p><p>Questo non \u00e8 solo un posto dove soggiornare.<br \/>\u00c8 qui che il tuo viaggio viene accolto con cura, curiosit\u00e0 e silenziosa eccellenza.<\/p><p data-spm-anchor-id=\"a2ty_o01.29997173.0.i81.49d6c921Qs43kP\"><strong>Benvenuti al Crescent Moon Hotel, dove ogni servizio \u00e8 un gesto di benvenuto e ogni soggiorno \u00e8 come tornare a casa.<\/strong><\/p>\t\t\t\t\t\t\t\t<\/div>\n\t\t\t\t\t<\/div>\n\t\t\t\t<\/div>\n\t\t\t\t<section class=\"elementor-section elementor-top-section elementor-element elementor-element-6f4374c4 elementor-section-stretched elementor-section-boxed elementor-section-gap-beside-yes elementor-section-height-default elementor-section-height-default elementor-section-column-vertical-align-stretch\" data-id=\"6f4374c4\" data-element_type=\"section\" data-e-type=\"section\" data-settings=\"{&quot;background_background&quot;:&quot;classic&quot;,&quot;stretch_section&quot;:&quot;section-stretched&quot;}\">\n\t\t\t\t\t\t<div class=\"elementor-container elementor-column-gap-extended\">\n\t\t\t\t\t<div class=\"elementor-column elementor-col-100 elementor-top-column elementor-element elementor-element-4c0e198f\" data-id=\"4c0e198f\" data-element_type=\"column\" data-e-type=\"column\">\n\t\t\t<div class=\"elementor-widget-wrap elementor-element-populated\">\n\t\t\t\t\t\t<div class=\"elementor-element elementor-element-647b2467 elementor-widget elementor-widget-heading\" data-id=\"647b2467\" data-element_type=\"widget\" data-e-type=\"widget\" data-widget_type=\"heading.default\">\n\t\t\t\t\t<h2 class=\"elementor-heading-title elementor-size-default\">Controlla disponibile <\/h2>\t\t\t\t<\/div>\n\t\t\t\t<div class=\"elementor-element elementor-element-4045c282 elementor-widget elementor-widget-text-editor\" data-id=\"4045c282\" data-element_type=\"widget\" data-e-type=\"widget\" data-widget_type=\"text-editor.default\">\n\t\t\t\t\t\t\t\t\t<iframe border=\"0\" src=\"https:\/\/www.trip.com\/partners\/ad\/S5088477?Allianceid=4590391&#038;SID=253731934&#038;trip_sub1=\" style=\"width:900px;height:200px\" frameborder=\"0\" scrolling=\"no\" id=\"S5088477\"><\/iframe>\t\t\t\t\t\t\t\t<\/div>\n\t\t\t\t\t<\/div>\n\t\t<\/div>\n\t\t\t\t\t<\/div>\n\t\t<\/section>\n\t\t\t\t<\/div>","protected":false},"excerpt":{"rendered":"<p>The Thoughtful Services of Crescent Moon Hotel, Chengdu At Crescent Moon Hotel, nestled in the vibrant Jinniu District at No. 3, Majiahuayuan Road, Chengdu, service is not a checklist\u2014it\u2019s a philosophy. Opened in 2025, this modern 4-star boutique hotel has quickly redefined hospitality in Sichuan by seamlessly blending cutting-edge technology, Sichuan warmth, and attentive personal [&hellip;]<\/p>\n","protected":false},"author":1,"featured_media":0,"parent":0,"menu_order":0,"comment_status":"closed","ping_status":"closed","template":"","meta":{"footnotes":""},"class_list":["post-647","page","type-page","status-publish","hentry","post-no-thumbnail"],"_links":{"self":[{"href":"https:\/\/crescentmoonhotel.com\/it\/wp-json\/wp\/v2\/pages\/647","targetHints":{"allow":["GET"]}}],"collection":[{"href":"https:\/\/crescentmoonhotel.com\/it\/wp-json\/wp\/v2\/pages"}],"about":[{"href":"https:\/\/crescentmoonhotel.com\/it\/wp-json\/wp\/v2\/types\/page"}],"author":[{"embeddable":true,"href":"https:\/\/crescentmoonhotel.com\/it\/wp-json\/wp\/v2\/users\/1"}],"replies":[{"embeddable":true,"href":"https:\/\/crescentmoonhotel.com\/it\/wp-json\/wp\/v2\/comments?post=647"}],"version-history":[{"count":0,"href":"https:\/\/crescentmoonhotel.com\/it\/wp-json\/wp\/v2\/pages\/647\/revisions"}],"wp:attachment":[{"href":"https:\/\/crescentmoonhotel.com\/it\/wp-json\/wp\/v2\/media?parent=647"}],"curies":[{"name":"parola chiave","href":"https:\/\/api.w.org\/{rel}","templated":true}]}}